{"id":1158,"date":"2024-10-02T12:45:43","date_gmt":"2024-10-02T10:45:43","guid":{"rendered":"https:\/\/coach4expats.com\/business-coaching-staerkung-des-geschaeftserfolgs\/"},"modified":"2025-04-14T12:18:33","modified_gmt":"2025-04-14T10:18:33","slug":"business-coaching-staerkung-des-geschaeftserfolgs","status":"publish","type":"page","link":"https:\/\/coach4expats.com\/de\/business-coaching-staerkung-des-geschaeftserfolgs\/","title":{"rendered":"Business-Coaching: St\u00e4rkung des Gesch\u00e4ftserfolgs"},"content":{"rendered":"\n<div class=\"wp-block-uagb-container uagb-block-2b5d30df alignfull uagb-is-root-container\">\n<div class=\"wp-block-uagb-container uagb-block-98f35fb6\">\n<div data-aos= \"zoom-in-up\" data-aos-duration=\"400\" data-aos-delay=\"0\" data-aos-easing=\"ease\" data-aos-once=\"true\" class=\"wp-block-uagb-info-box uagb-block-789ca1ae uagb-infobox__content-wrap  uagb-infobox-icon-above-title uagb-infobox-image-valign-top\"><div class=\"uagb-ifb-content\"><div class=\"uagb-ifb-title-wrap\"><h1 class=\"uagb-ifb-title\">Business-Coaching:<br\/>St\u00e4rkung des Gesch\u00e4ftserfolgs<\/h1><\/div><p class=\"uagb-ifb-desc\">Erschlie\u00dfen Sie Ihr Online-Potenzial! <br\/>Verwandeln Sie Ihren digitalen Weg mit unserer fachkundigen Beratung in Digital Marketing und Personal Branding!<\/p><\/div><\/div>\n<\/div>\n\n\n\n<div data-aos= \"zoom-in-up\" data-aos-duration=\"400\" data-aos-delay=\"0\" data-aos-easing=\"ease\" data-aos-once=\"true\" class=\"wp-block-uagb-container uagb-block-27e6153e\"><\/div>\n<\/div>\n\n<div class=\"wp-block-uagb-container uagb-block-5b7b18c7 alignfull uagb-is-root-container\"><div class=\"uagb-container-inner-blocks-wrap\">\n<div data-aos= \"zoom-in-up\" data-aos-duration=\"400\" data-aos-delay=\"0\" data-aos-easing=\"ease\" data-aos-once=\"true\" class=\"wp-block-uagb-container uagb-block-3f7988e4\">\n<p class=\" eplus-wrapper\"><strong>Was wir anbieten:<br\/><\/strong><br\/>\u2705 <strong>Identifizierung von Marktnischen \ud83d\udd0d &#8211; Ermitteln Sie profitable M\u00f6glichkeiten in Ihrer Branche.<\/strong> <br\/>\u2705 <strong>Gesch\u00e4ftsstrategie &amp; Gesch\u00e4ftsentwicklung \ud83d\udcc8<\/strong> &#8211; Entwickeln Sie einen Fahrplan f\u00fcr nachhaltiges Wachstum und Erfolg.<br\/>\u2705 <strong>Digitaler Marketingplan \ud83d\udcf1<\/strong> &#8211; Erstellen Sie eine Strategie, um Ihre Online-Pr\u00e4senz und Ihr Engagement zu steigern.<br\/>\u2705 <strong>Professionelles Branding \ud83c\udfa8<\/strong> &#8211; Schaffen Sie eine einpr\u00e4gsame und wirkungsvolle Markenidentit\u00e4t.<br\/>\u2705 <strong>LinkedIn-Optimierung \ud83d\udcbc<\/strong> &#8211; Erstellen Sie ein aussagekr\u00e4ftiges LinkedIn-Profil, um Chancen zu nutzen.<br\/>\u2705 <strong>Social Media &amp; Content Strategy Design \ud83d\udcdd<\/strong> &#8211; Entwerfen Sie ansprechende Inhalte, die Ihr Publikum ansprechen.<br\/>\u2705 <strong>Lead Generation &amp; Automation \ud83d\udcca<\/strong> &#8211; Optimieren Sie die Prozesse zur Lead-Erfassung und -pflege.<br\/>\u2705 <strong>Website Design \ud83c\udf10<\/strong> &#8211; Erstellen Sie eine professionelle und benutzerfreundliche Website.<br\/>\u2705 <strong>Portfolio-Entwicklung \ud83d\udcc2<\/strong> &#8211; Pr\u00e4sentieren Sie Ihre Arbeit und Ihr Fachwissen effektiv.<br\/>\u2705 <strong>Rechtliche Aspekte &amp; Compliance \u2696\ufe0f<\/strong> &#8211; Stellen Sie sicher, dass Ihr Unternehmen alle rechtlichen Anforderungen erf\u00fcllt.<br\/>\u2705 <strong>Steuerberatung \ud83d\udcb0<\/strong> &#8211; Navigieren Sie durch die Steuervorschriften und optimieren Sie Ihre Finanzen.<br\/>\u2705 <strong>CV &amp; Cover Letters \ud83d\udcc4<\/strong> &#8211; Verfassen Sie \u00fcberzeugende Lebensl\u00e4ufe und Anschreiben, um Ihren Traumjob zu bekommen.<br\/>\u2705 <strong>Freiberufliche &amp; Interim-M\u00f6glichkeiten \ud83d\udd74\ufe0f<\/strong> &#8211; Entdecken Sie flexible und lohnende Arbeitsm\u00f6glichkeiten.<br\/> <br\/>Globale Kompetenz: Wir verf\u00fcgen \u00fcber umfassende Kenntnisse der internationalen M\u00e4rkte in Europa, Nord- und S\u00fcdamerika, Asien, Afrika und Ozeanien.<br\/>Sind Sie bereit, Ihre digitale Pr\u00e4senz zu verbessern?<br\/>Buchen Sie eine Sitzung mit uns:<br\/>Erweitern Sie Ihre Online-Pr\u00e4senz<br\/>Schaffen Sie eine \u00fcberzeugende pers\u00f6nliche Marke<br\/>F\u00f6rderung von gezieltem Verkehr und Konversionen<br\/>Maximieren Sie das Engagement des Publikums<br\/>.<br\/>Lassen Sie uns gemeinsam Ihre Online-Pr\u00e4senz ausbauen!<\/p>\n<\/div>\n\n\n\n<div class=\"wp-block-uagb-container uagb-block-a8cba11f\">\n<div class=\"wp-block-uagb-buttons uagb-buttons__outer-wrap uagb-btn__default-btn uagb-btn-tablet__default-btn uagb-btn-mobile__default-btn uagb-block-b5f167a3\"><div class=\"uagb-buttons__wrap uagb-buttons-layout-wrap \">\n<div data-aos= \"zoom-in-up\" data-aos-duration=\"400\" data-aos-delay=\"0\" data-aos-easing=\"ease\" data-aos-once=\"true\" class=\"wp-block-uagb-buttons-child uagb-buttons__outer-wrap uagb-block-fb9b16ce wp-block-button\"><div class=\"uagb-button__wrapper\"><a class=\"uagb-buttons-repeater wp-block-button__link\" aria-label=\"\" href=\"https:\/\/coach4expats.com\/wp-content\/uploads\/2025\/03\/Coach4Expats-Services-Overview-German.pdf\" rel=\"follow noopener\" target=\"_blank\" role=\"button\"><div class=\"uagb-button__link\">DIENSTLEISTUNGSBROSCH\u00dcRE<\/div><\/a><\/div><\/div>\n\n\n\n<div data-aos= \"zoom-in-up\" data-aos-duration=\"400\" data-aos-delay=\"0\" data-aos-easing=\"ease\" data-aos-once=\"true\" class=\"wp-block-uagb-buttons-child uagb-buttons__outer-wrap uagb-block-c2d9b6d9 wp-block-button\"><div class=\"uagb-button__wrapper\"><a class=\"uagb-buttons-repeater wp-block-button__link\" aria-label=\"\" href=\"https:\/\/coach4expats.com\/wp-content\/uploads\/2025\/03\/Coach4expats-How-we-work-German.pdf\" rel=\"follow noopener\" target=\"_blank\" role=\"button\"><div class=\"uagb-button__link\">ARBEITSMETHODIK<\/div><\/a><\/div><\/div>\n<\/div><\/div>\n<\/div>\n<\/div><\/div>\n\n<div class=\"wp-block-uagb-container uagb-block-f01df71e alignfull uagb-is-root-container\"><div class=\"uagb-container-inner-blocks-wrap\">\n<div class=\"wp-block-uagb-advanced-heading uagb-block-012b1ec3\"><h2 class=\"uagb-heading-text\">Zitat<\/h2><\/div>\n\n\n<p class=\"wpcf7-contact-form-not-found\"><strong>Fehler:<\/strong> Kontaktformular wurde nicht gefunden.<\/p>\n<\/div><\/div>\n","protected":false},"excerpt":{"rendered":"<p>Was wir anbieten:\u2705 Identifizierung von Marktnischen \ud83d\udd0d &#8211; Ermitteln Sie profitable M\u00f6glichkeiten in Ihrer Branche. \u2705 Gesch\u00e4ftsstrategie &amp; Gesch\u00e4ftsentwicklung \ud83d\udcc8 [&hellip;]<\/p>\n","protected":false},"author":3,"featured_media":1152,"parent":0,"menu_order":0,"comment_status":"closed","ping_status":"closed","template":"","meta":{"_uag_custom_page_level_css":"","site-sidebar-layout":"default","site-content-layout":"","ast-site-content-layout":"full-width-container","site-content-style":"default","site-sidebar-style":"default","ast-global-header-display":"","ast-banner-title-visibility":"","ast-main-header-display":"","ast-hfb-above-header-display":"","ast-hfb-below-header-display":"","ast-hfb-mobile-header-display":"","site-post-title":"disabled","ast-breadcrumbs-content":"","ast-featured-img":"disabled","footer-sml-layout":"","ast-disable-related-posts":"","theme-transparent-header-meta":"","adv-header-id-meta":"","stick-header-meta":"","header-above-stick-meta":"","header-main-stick-meta":"","header-below-stick-meta":"","astra-migrate-meta-layouts":"default","ast-page-background-enabled":"default","ast-page-background-meta":{"desktop":{"background-color":"var(--ast-global-color-4)","background-image":"","background-repeat":"repeat","background-position":"center center","background-size":"auto","background-attachment":"scroll","background-type":"","background-media":"","overlay-type":"","overlay-color":"","overlay-opacity":"","overlay-gradient":""},"tablet":{"background-color":"","background-image":"","background-repeat":"repeat","background-position":"center center","background-size":"auto","background-attachment":"scroll","background-type":"","background-media":"","overlay-type":"","overlay-color":"","overlay-opacity":"","overlay-gradient":""},"mobile":{"background-color":"","background-image":"","background-repeat":"repeat","background-position":"center center","background-size":"auto","background-attachment":"scroll","background-type":"","background-media":"","overlay-type":"","overlay-color":"","overlay-opacity":"","overlay-gradient":""}},"ast-content-background-meta":{"desktop":{"background-color":"var(--ast-global-color-5)","background-image":"","background-repeat":"repeat","background-position":"center center","background-size":"auto","background-attachment":"scroll","background-type":"","background-media":"","overlay-type":"","overlay-color":"","overlay-opacity":"","overlay-gradient":""},"tablet":{"background-color":"var(--ast-global-color-5)","background-image":"","background-repeat":"repeat","background-position":"center center","background-size":"auto","background-attachment":"scroll","background-type":"","background-media":"","overlay-type":"","overlay-color":"","overlay-opacity":"","overlay-gradient":""},"mobile":{"background-color":"var(--ast-global-color-5)","background-image":"","background-repeat":"repeat","background-position":"center center","background-size":"auto","background-attachment":"scroll","background-type":"","background-media":"","overlay-type":"","overlay-color":"","overlay-opacity":"","overlay-gradient":""}},"footnotes":""},"class_list":["post-1158","page","type-page","status-publish","has-post-thumbnail","hentry"],"uagb_featured_image_src":{"full":["https:\/\/coach4expats.com\/wp-content\/uploads\/2024\/09\/Working-Together_edited_edited-scaled.jpg",2560,1707,false],"thumbnail":["https:\/\/coach4expats.com\/wp-content\/uploads\/2024\/09\/Working-Together_edited_edited-150x150.jpg",150,150,true],"medium":["https:\/\/coach4expats.com\/wp-content\/uploads\/2024\/09\/Working-Together_edited_edited-300x200.jpg",300,200,true],"medium_large":["https:\/\/coach4expats.com\/wp-content\/uploads\/2024\/09\/Working-Together_edited_edited-768x512.jpg",768,512,true],"large":["https:\/\/coach4expats.com\/wp-content\/uploads\/2024\/09\/Working-Together_edited_edited-1024x683.jpg",800,534,true],"1536x1536":["https:\/\/coach4expats.com\/wp-content\/uploads\/2024\/09\/Working-Together_edited_edited-1536x1024.jpg",1536,1024,true],"2048x2048":["https:\/\/coach4expats.com\/wp-content\/uploads\/2024\/09\/Working-Together_edited_edited-2048x1365.jpg",2048,1365,true],"widget-thumbnail":["https:\/\/coach4expats.com\/wp-content\/uploads\/2024\/09\/Working-Together_edited_edited-75x75.jpg",75,75,true]},"uagb_author_info":{"display_name":"Mariel Schaab","author_link":"https:\/\/coach4expats.com\/de\/author\/mariel\/"},"uagb_comment_info":0,"uagb_excerpt":"Was wir anbieten:\u2705 Identifizierung von Marktnischen \ud83d\udd0d &#8211; Ermitteln Sie profitable M\u00f6glichkeiten in Ihrer Branche. \u2705 Gesch\u00e4ftsstrategie &amp; Gesch\u00e4ftsentwicklung \ud83d\udcc8 [&hellip;]","_links":{"self":[{"href":"https:\/\/coach4expats.com\/de\/wp-json\/wp\/v2\/pages\/1158","targetHints":{"allow":["GET"]}}],"collection":[{"href":"https:\/\/coach4expats.com\/de\/wp-json\/wp\/v2\/pages"}],"about":[{"href":"https:\/\/coach4expats.com\/de\/wp-json\/wp\/v2\/types\/page"}],"author":[{"embeddable":true,"href":"https:\/\/coach4expats.com\/de\/wp-json\/wp\/v2\/users\/3"}],"replies":[{"embeddable":true,"href":"https:\/\/coach4expats.com\/de\/wp-json\/wp\/v2\/comments?post=1158"}],"version-history":[{"count":5,"href":"https:\/\/coach4expats.com\/de\/wp-json\/wp\/v2\/pages\/1158\/revisions"}],"predecessor-version":[{"id":12722,"href":"https:\/\/coach4expats.com\/de\/wp-json\/wp\/v2\/pages\/1158\/revisions\/12722"}],"wp:featuredmedia":[{"embeddable":true,"href":"https:\/\/coach4expats.com\/de\/wp-json\/wp\/v2\/media\/1152"}],"wp:attachment":[{"href":"https:\/\/coach4expats.com\/de\/wp-json\/wp\/v2\/media?parent=1158"}],"curies":[{"name":"wp","href":"https:\/\/api.w.org\/{rel}","templated":true}]}}