{"id":1256,"date":"2024-10-02T02:31:59","date_gmt":"2024-10-02T00:31:59","guid":{"rendered":"https:\/\/coach4expats.com\/cookies\/"},"modified":"2025-04-14T13:33:09","modified_gmt":"2025-04-14T11:33:09","slug":"cookies","status":"publish","type":"page","link":"https:\/\/coach4expats.com\/de\/cookies\/","title":{"rendered":"Cookies"},"content":{"rendered":"\n<div class=\"wp-block-uagb-container uagb-block-ec05ea4f alignfull uagb-is-root-container\"><div class=\"uagb-container-inner-blocks-wrap\">\n<h2 class=\"gb-headline gb-headline-6e3d3a9e gb-headline-text\">Cookies<\/h2>\n\n\n<style>.wp-block-kadence-advancedheading.kt-adv-heading1001_81a6c3-85, .wp-block-kadence-advancedheading.kt-adv-heading1001_81a6c3-85[data-kb-block=\"kb-adv-heading1001_81a6c3-85\"]{font-size:var(--global-kb-font-size-sm, 0.9rem);font-weight:400;font-style:normal;}.wp-block-kadence-advancedheading.kt-adv-heading1001_81a6c3-85 mark.kt-highlight, .wp-block-kadence-advancedheading.kt-adv-heading1001_81a6c3-85[data-kb-block=\"kb-adv-heading1001_81a6c3-85\"] mark.kt-highlight{font-style:normal;color:#f76a0c;-webkit-box-decoration-break:clone;box-decoration-break:clone;padding-top:0px;padding-right:0px;padding-bottom:0px;padding-left:0px;}.wp-block-kadence-advancedheading.kt-adv-heading1001_81a6c3-85 img.kb-inline-image, .wp-block-kadence-advancedheading.kt-adv-heading1001_81a6c3-85[data-kb-block=\"kb-adv-heading1001_81a6c3-85\"] img.kb-inline-image{width:150px;vertical-align:baseline;}<\/style>\n<p class=\"kt-adv-heading1001_81a6c3-85 wp-block-kadence-advancedheading\" data-kb-block=\"kb-adv-heading1001_81a6c3-85\"><strong>1. Einf\u00fchrung<\/strong><br\/>Diese Website verwendet Cookies. Indem Sie diese Website nutzen und unseren Richtlinien zustimmen, erkl\u00e4ren Sie sich mit der Verwendung von Cookies in \u00dcbereinstimmung mit den Bedingungen dieser Richtlinie einverstanden.<br\/> <br\/><strong>2. Was sind Cookies?<\/strong><br\/>Cookies sind kleine Textdateien, die auf Ihrem Ger\u00e4t gespeichert werden, wenn Sie eine Website besuchen. Sie werden h\u00e4ufig verwendet, um Websites funktionsf\u00e4hig zu machen oder effizienter zu gestalten sowie um den Eigent\u00fcmern der Website Informationen zur Verf\u00fcgung zu stellen.<br\/> <br\/><strong>3. Wie verwenden wir Cookies?<\/strong><br\/>Wir verwenden Cookies aus verschiedenen Gr\u00fcnden, unter anderem:<br\/>Zur Verbesserung der Funktionalit\u00e4t und Leistung der Website.<br\/>Um anonyme Analysen und Statistiken zu erstellen.<br\/>Um Ihr Surferlebnis zu personalisieren.<br\/><strong>4. Arten von Cookies, die wir verwenden<\/strong><br\/>Wesentliche Cookies: Erforderlich f\u00fcr den grundlegenden Betrieb der Website.<br\/>Leistungs-Cookies: Helfen uns zu verstehen, wie Sie mit der Website interagieren, indem sie anonyme Informationen analysieren.<br\/>Funktionalit\u00e4ts-Cookies: Werden verwendet, um Ihre Pr\u00e4ferenzen zu speichern und Ihre Benutzererfahrung zu verbessern.<br\/><br\/><strong>5. Cookie-Kontrolle<\/strong><br\/>Sie k\u00f6nnen Cookies nach Ihren W\u00fcnschen kontrollieren und\/oder l\u00f6schen. Konsultieren Sie die Einstellungen Ihres Browsers, um Cookies zu verwalten.<br\/> <br\/><strong>6. \u00c4nderungen an der Cookie-Richtlinie<\/strong><br\/>Wir behalten uns das Recht vor, diese Cookie-Richtlinie jederzeit zu aktualisieren. Alle wesentlichen \u00c4nderungen werden auf der Website bekannt gegeben.<br\/> <br\/><strong>7. Kontakt<\/strong><br\/>Wenn Sie Fragen zu unserer Cookie-Politik haben, z\u00f6gern Sie bitte nicht, uns unter <a href=\"mailto:info@coach4expats.com\"><strong>info@coach4expats.com<\/strong><\/a> zu kontaktieren.<br\/>Datum der letzten Aktualisierung: 01\/01\/2024<\/p>\n<\/div><\/div>\n\n<p><\/p>\n","protected":false},"excerpt":{"rendered":"<p>Cookies 1. Einf\u00fchrungDiese Website verwendet Cookies. Indem Sie diese Website nutzen und unseren Richtlinien zustimmen, erkl\u00e4ren Sie sich mit der [&hellip;]<\/p>\n","protected":false},"author":3,"featured_media":0,"parent":0,"menu_order":0,"comment_status":"closed","ping_status":"open","template":"","meta":{"_uag_custom_page_level_css":"","site-sidebar-layout":"default","site-content-layout":"","ast-site-content-layout":"narrow-width-container","site-content-style":"default","site-sidebar-style":"default","ast-global-header-display":"","ast-banner-title-visibility":"","ast-main-header-display":"","ast-hfb-above-header-display":"","ast-hfb-below-header-display":"","ast-hfb-mobile-header-display":"","site-post-title":"disabled","ast-breadcrumbs-content":"","ast-featured-img":"","footer-sml-layout":"","ast-disable-related-posts":"","theme-transparent-header-meta":"","adv-header-id-meta":"","stick-header-meta":"","header-above-stick-meta":"","header-main-stick-meta":"","header-below-stick-meta":"","astra-migrate-meta-layouts":"default","ast-page-background-enabled":"default","ast-page-background-meta":{"desktop":{"background-color":"var(--ast-global-color-4)","background-image":"","background-repeat":"repeat","background-position":"center center","background-size":"auto","background-attachment":"scroll","background-type":"","background-media":"","overlay-type":"","overlay-color":"","overlay-opacity":"","overlay-gradient":""},"tablet":{"background-color":"","background-image":"","background-repeat":"repeat","background-position":"center center","background-size":"auto","background-attachment":"scroll","background-type":"","background-media":"","overlay-type":"","overlay-color":"","overlay-opacity":"","overlay-gradient":""},"mobile":{"background-color":"","background-image":"","background-repeat":"repeat","background-position":"center center","background-size":"auto","background-attachment":"scroll","background-type":"","background-media":"","overlay-type":"","overlay-color":"","overlay-opacity":"","overlay-gradient":""}},"ast-content-background-meta":{"desktop":{"background-color":"var(--ast-global-color-5)","background-image":"","background-repeat":"repeat","background-position":"center center","background-size":"auto","background-attachment":"scroll","background-type":"","background-media":"","overlay-type":"","overlay-color":"","overlay-opacity":"","overlay-gradient":""},"tablet":{"background-color":"var(--ast-global-color-5)","background-image":"","background-repeat":"repeat","background-position":"center center","background-size":"auto","background-attachment":"scroll","background-type":"","background-media":"","overlay-type":"","overlay-color":"","overlay-opacity":"","overlay-gradient":""},"mobile":{"background-color":"var(--ast-global-color-5)","background-image":"","background-repeat":"repeat","background-position":"center center","background-size":"auto","background-attachment":"scroll","background-type":"","background-media":"","overlay-type":"","overlay-color":"","overlay-opacity":"","overlay-gradient":""}},"footnotes":""},"class_list":["post-1256","page","type-page","status-publish","hentry"],"uagb_featured_image_src":{"full":false,"thumbnail":false,"medium":false,"medium_large":false,"large":false,"1536x1536":false,"2048x2048":false,"widget-thumbnail":false},"uagb_author_info":{"display_name":"Mariel Schaab","author_link":"https:\/\/coach4expats.com\/de\/author\/mariel\/"},"uagb_comment_info":0,"uagb_excerpt":"Cookies 1. Einf\u00fchrungDiese Website verwendet Cookies. Indem Sie diese Website nutzen und unseren Richtlinien zustimmen, erkl\u00e4ren Sie sich mit der [&hellip;]","_links":{"self":[{"href":"https:\/\/coach4expats.com\/de\/wp-json\/wp\/v2\/pages\/1256","targetHints":{"allow":["GET"]}}],"collection":[{"href":"https:\/\/coach4expats.com\/de\/wp-json\/wp\/v2\/pages"}],"about":[{"href":"https:\/\/coach4expats.com\/de\/wp-json\/wp\/v2\/types\/page"}],"author":[{"embeddable":true,"href":"https:\/\/coach4expats.com\/de\/wp-json\/wp\/v2\/users\/3"}],"replies":[{"embeddable":true,"href":"https:\/\/coach4expats.com\/de\/wp-json\/wp\/v2\/comments?post=1256"}],"version-history":[{"count":4,"href":"https:\/\/coach4expats.com\/de\/wp-json\/wp\/v2\/pages\/1256\/revisions"}],"predecessor-version":[{"id":12754,"href":"https:\/\/coach4expats.com\/de\/wp-json\/wp\/v2\/pages\/1256\/revisions\/12754"}],"wp:attachment":[{"href":"https:\/\/coach4expats.com\/de\/wp-json\/wp\/v2\/media?parent=1256"}],"curies":[{"name":"wp","href":"https:\/\/api.w.org\/{rel}","templated":true}]}}