{"id":1266,"date":"2024-09-30T22:05:03","date_gmt":"2024-09-30T20:05:03","guid":{"rendered":"https:\/\/coach4expats.com\/diamond-spezialpaket-fuer-sie\/"},"modified":"2025-03-31T18:58:48","modified_gmt":"2025-03-31T16:58:48","slug":"diamond-spezialpaket-fuer-sie","status":"publish","type":"page","link":"https:\/\/coach4expats.com\/de\/diamond-spezialpaket-fuer-sie\/","title":{"rendered":"DIAMOND: Spezialpaket f\u00fcr Sie!"},"content":{"rendered":"\n<div class=\"wp-block-uagb-container uagb-block-2b5d30df alignfull uagb-is-root-container\">\n<div class=\"wp-block-uagb-container uagb-block-98f35fb6\">\n<div data-aos= \"zoom-in-up\" data-aos-duration=\"400\" data-aos-delay=\"0\" data-aos-easing=\"ease\" data-aos-once=\"true\" class=\"wp-block-uagb-info-box uagb-block-789ca1ae uagb-infobox__content-wrap  uagb-infobox-icon-above-title uagb-infobox-image-valign-top\"><div class=\"uagb-ifb-content\"><div class=\"uagb-ifb-title-wrap\"><h1 class=\"uagb-ifb-title\">DIAMANT:<br\/>Spezialpaket f\u00fcr Sie!<\/h1><\/div><p class=\"uagb-ifb-desc\">Verbessern Sie Ihre Jobsuche mit unserem exklusiven Angebot. <br\/><br\/>Erhalten Sie Zugang zu einer Masterclass zur Stellensuche, Lebenslaufvorlagen und professionellen Bewertungen, um Ihr Profil hervorzuheben. Werden Sie Mitglied unserer exklusiven Community und erhalten Sie pers\u00f6nliche Beratung, Ressourcen f\u00fcr Vorstellungsgespr\u00e4che und Networking. Au\u00dferdem genie\u00dfen Sie Premium-Vorteile wie LinkedIn PRO und Coaching zur beruflichen Neuorientierung.  <\/p><\/div><\/div>\n\n\n\n<div class=\"wp-block-uagb-container uagb-block-d4fcf435\"><style>.wp-block-kadence-advancedheading.kt-adv-heading763_35e66f-ca, .wp-block-kadence-advancedheading.kt-adv-heading763_35e66f-ca[data-kb-block=\"kb-adv-heading763_35e66f-ca\"]{margin-bottom:0px;text-align:center;font-size:var(--global-kb-font-size-md, 1.25rem);font-style:normal;}.wp-block-kadence-advancedheading.kt-adv-heading763_35e66f-ca mark.kt-highlight, .wp-block-kadence-advancedheading.kt-adv-heading763_35e66f-ca[data-kb-block=\"kb-adv-heading763_35e66f-ca\"] mark.kt-highlight{font-style:normal;color:#f76a0c;-webkit-box-decoration-break:clone;box-decoration-break:clone;padding-top:0px;padding-right:0px;padding-bottom:0px;padding-left:0px;}.wp-block-kadence-advancedheading.kt-adv-heading763_35e66f-ca img.kb-inline-image, .wp-block-kadence-advancedheading.kt-adv-heading763_35e66f-ca[data-kb-block=\"kb-adv-heading763_35e66f-ca\"] img.kb-inline-image{width:150px;vertical-align:baseline;}@media all and (max-width: 767px){.wp-block-kadence-advancedheading.kt-adv-heading763_35e66f-ca, .wp-block-kadence-advancedheading.kt-adv-heading763_35e66f-ca[data-kb-block=\"kb-adv-heading763_35e66f-ca\"]{padding-bottom:0px;margin-bottom:0px;}}<\/style>\n<h2 class=\"kt-adv-heading763_35e66f-ca wp-block-kadence-advancedheading has-ast-global-color-3-color has-text-color\" data-kb-block=\"kb-adv-heading763_35e66f-ca\">699,99 \u20ac + MWST.<\/h2>\n<\/div>\n<\/div>\n\n\n\n<div data-aos= \"zoom-in-up\" data-aos-duration=\"400\" data-aos-delay=\"0\" data-aos-easing=\"ease\" data-aos-once=\"true\" class=\"wp-block-uagb-container uagb-block-27e6153e\"><\/div>\n<\/div>\n\n<div class=\"wp-block-uagb-container uagb-block-5b7b18c7 alignfull uagb-is-root-container\"><div class=\"uagb-container-inner-blocks-wrap\">\n<div data-aos= \"zoom-in-up\" data-aos-duration=\"400\" data-aos-delay=\"0\" data-aos-easing=\"ease\" data-aos-once=\"true\" class=\"wp-block-uagb-container uagb-block-3f7988e4\">\n<p class=\" eplus-wrapper\"><strong>Vorteile:<\/strong><br\/><br\/>\ud83d\udcda Zugang zur 140-min\u00fctigen Job Search Masterclass (aufgezeichnet, online).<br\/>\ud83d\udcc4 Lebenslaufvorlagen <br\/>\u2705 Erstellung und \u00dcberarbeitung des Lebenslaufs <br\/>\ud83c\udf10 Zugang zur exklusiven Community f\u00fcr Kunden.<br\/>\ud83d\udcdd Erstellung und \u00dcberarbeitung des Motivationsschreibens. <br\/>\ud83d\udcca Erstellung und \u00dcberarbeitung des Business Case <br\/>\ud83e\udd1d 4 (vier) personalisierte Karriere-Coaching-Sitzungen<br\/>\ud83d\udcbc Vorstellungsgespr\u00e4chs-Coaching-Sitzung und Ressourcen f\u00fcr Vorstellungsgespr\u00e4che.<br\/>\ud83e\udd1d Ressourcen zum Aufbau von Job-Networking und Kontaktnetzwerken<br\/>\ud83d\udd0d LinkedIn PRO: Ihr LinkedIn-Profil wird gl\u00e4nzen!<br\/>\ud83d\udd04 Coaching-Sitzungen zur beruflichen Neuorientierung und Berufsberatung. <br\/>\ud83d\ude80 Premium-VIP-Zugang zur Plattform f\u00fcr die Jobsuche der Zukunft: JOB SEARCH REVOLUTION Service. <br\/><br\/><strong>Der &#8218;Job Search Revolution&#8216; Plan beinhaltet: <\/strong><br\/>\u2705Zugang zu 1 (einer) Stunde Online-Kurs zur Einrichtung der Job Search Revolution.<br\/>\u2705Ablaufvorlagen f\u00fcr die Automatisierung.<br\/>\u27051 (eine) pers\u00f6nliche Job-Coaching-Sitzung zur Einrichtung und Durchf\u00fchrung des Programms.<br\/>\u27051 (ein) Monat Unterst\u00fctzung und Nachbereitung durch das Coach4Expats-Team.<\/p>\n<\/div>\n\n\n\n<div class=\"wp-block-uagb-container uagb-block-a8cba11f\">\n<div class=\"wp-block-uagb-buttons uagb-buttons__outer-wrap uagb-btn__default-btn uagb-btn-tablet__default-btn uagb-btn-mobile__default-btn uagb-block-17c25f61\"><div class=\"uagb-buttons__wrap uagb-buttons-layout-wrap \">\n<div data-aos= \"zoom-in-up\" data-aos-duration=\"400\" data-aos-delay=\"0\" data-aos-easing=\"ease\" data-aos-once=\"true\" class=\"wp-block-uagb-buttons-child uagb-buttons__outer-wrap uagb-block-ffa77910 wp-block-button\"><div class=\"uagb-button__wrapper\"><a class=\"uagb-buttons-repeater wp-block-button__link\" aria-label=\"\" href=\"https:\/\/coach4expats.com\/wp-content\/uploads\/2025\/03\/Coach4Expats-Services-Overview-English.pdf\" rel=\"follow noopener\" target=\"_blank\" role=\"button\"><div class=\"uagb-button__link\">DIENSTLEISTUNGSBROSCH\u00dcRE<\/div><\/a><\/div><\/div>\n\n\n\n<div data-aos= \"zoom-in-up\" data-aos-duration=\"400\" data-aos-delay=\"0\" data-aos-easing=\"ease\" data-aos-once=\"true\" class=\"wp-block-uagb-buttons-child uagb-buttons__outer-wrap uagb-block-ead62866 wp-block-button\"><div class=\"uagb-button__wrapper\"><a class=\"uagb-buttons-repeater wp-block-button__link\" aria-label=\"\" href=\"https:\/\/coach4expats.com\/wp-content\/uploads\/2025\/03\/Coach4expats-How-we-work-English.pdf\" rel=\"follow noopener\" target=\"_blank\" role=\"button\"><div class=\"uagb-button__link\">ARBEITSMETHODIK<\/div><\/a><\/div><\/div>\n<\/div><\/div>\n<\/div>\n<\/div><\/div>\n\n<div class=\"wp-block-uagb-container uagb-block-0b94198b alignfull uagb-is-root-container\"><div class=\"uagb-container-inner-blocks-wrap\">\n<p class=\" has-text-align-center eplus-wrapper\"><strong>WICHTIG: ALLE BUCHUNGEN AUF DIESER WEBSITE BEZIEHEN SICH AUF DIE FOLGENDE ZEITZONE: <br\/>Amsterdam MEZ (UTC +1)<\/strong><\/p>\n\n\n\n<div class=\"wp-block-uagb-container uagb-block-a8bea360 alignwide uagb-is-root-container\">\n<div class=\"wp-block-booknetic-booking\">[booknetic service=&#8220;2&#8243; location=&#8220;2&#8243;]<\/div>\n<\/div>\n<\/div><\/div>\n","protected":false},"excerpt":{"rendered":"<p>699,99 \u20ac + MWST. Vorteile: \ud83d\udcda Zugang zur 140-min\u00fctigen Job Search Masterclass (aufgezeichnet, online).\ud83d\udcc4 Lebenslaufvorlagen \u2705 Erstellung und \u00dcberarbeitung des [&hellip;]<\/p>\n","protected":false},"author":3,"featured_media":1146,"parent":0,"menu_order":0,"comment_status":"closed","ping_status":"closed","template":"","meta":{"_uag_custom_page_level_css":"","site-sidebar-layout":"default","site-content-layout":"","ast-site-content-layout":"full-width-container","site-content-style":"default","site-sidebar-style":"default","ast-global-header-display":"","ast-banner-title-visibility":"","ast-main-header-display":"","ast-hfb-above-header-display":"","ast-hfb-below-header-display":"","ast-hfb-mobile-header-display":"","site-post-title":"disabled","ast-breadcrumbs-content":"","ast-featured-img":"disabled","footer-sml-layout":"","ast-disable-related-posts":"","theme-transparent-header-meta":"","adv-header-id-meta":"","stick-header-meta":"","header-above-stick-meta":"","header-main-stick-meta":"","header-below-stick-meta":"","astra-migrate-meta-layouts":"default","ast-page-background-enabled":"default","ast-page-background-meta":{"desktop":{"background-color":"var(--ast-global-color-4)","background-image":"","background-repeat":"repeat","background-position":"center center","background-size":"auto","background-attachment":"scroll","background-type":"","background-media":"","overlay-type":"","overlay-color":"","overlay-opacity":"","overlay-gradient":""},"tablet":{"background-color":"","background-image":"","background-repeat":"repeat","background-position":"center center","background-size":"auto","background-attachment":"scroll","background-type":"","background-media":"","overlay-type":"","overlay-color":"","overlay-opacity":"","overlay-gradient":""},"mobile":{"background-color":"","background-image":"","background-repeat":"repeat","background-position":"center center","background-size":"auto","background-attachment":"scroll","background-type":"","background-media":"","overlay-type":"","overlay-color":"","overlay-opacity":"","overlay-gradient":""}},"ast-content-background-meta":{"desktop":{"background-color":"var(--ast-global-color-5)","background-image":"","background-repeat":"repeat","background-position":"center center","background-size":"auto","background-attachment":"scroll","background-type":"","background-media":"","overlay-type":"","overlay-color":"","overlay-opacity":"","overlay-gradient":""},"tablet":{"background-color":"var(--ast-global-color-5)","background-image":"","background-repeat":"repeat","background-position":"center center","background-size":"auto","background-attachment":"scroll","background-type":"","background-media":"","overlay-type":"","overlay-color":"","overlay-opacity":"","overlay-gradient":""},"mobile":{"background-color":"var(--ast-global-color-5)","background-image":"","background-repeat":"repeat","background-position":"center center","background-size":"auto","background-attachment":"scroll","background-type":"","background-media":"","overlay-type":"","overlay-color":"","overlay-opacity":"","overlay-gradient":""}},"footnotes":""},"class_list":["post-1266","page","type-page","status-publish","has-post-thumbnail","hentry"],"uagb_featured_image_src":{"full":["https:\/\/coach4expats.com\/wp-content\/uploads\/2024\/09\/20230914-StudioTRIX-Coach4Expats-93_edited.jpg",1024,915,false],"thumbnail":["https:\/\/coach4expats.com\/wp-content\/uploads\/2024\/09\/20230914-StudioTRIX-Coach4Expats-93_edited-150x150.jpg",150,150,true],"medium":["https:\/\/coach4expats.com\/wp-content\/uploads\/2024\/09\/20230914-StudioTRIX-Coach4Expats-93_edited-300x268.jpg",300,268,true],"medium_large":["https:\/\/coach4expats.com\/wp-content\/uploads\/2024\/09\/20230914-StudioTRIX-Coach4Expats-93_edited-768x686.jpg",768,686,true],"large":["https:\/\/coach4expats.com\/wp-content\/uploads\/2024\/09\/20230914-StudioTRIX-Coach4Expats-93_edited.jpg",671,600,false],"1536x1536":["https:\/\/coach4expats.com\/wp-content\/uploads\/2024\/09\/20230914-StudioTRIX-Coach4Expats-93_edited.jpg",1024,915,false],"2048x2048":["https:\/\/coach4expats.com\/wp-content\/uploads\/2024\/09\/20230914-StudioTRIX-Coach4Expats-93_edited.jpg",1024,915,false],"widget-thumbnail":["https:\/\/coach4expats.com\/wp-content\/uploads\/2024\/09\/20230914-StudioTRIX-Coach4Expats-93_edited-75x75.jpg",75,75,true]},"uagb_author_info":{"display_name":"Mariel Schaab","author_link":"https:\/\/coach4expats.com\/de\/author\/mariel\/"},"uagb_comment_info":0,"uagb_excerpt":"699,99 \u20ac + MWST. Vorteile: \ud83d\udcda Zugang zur 140-min\u00fctigen Job Search Masterclass (aufgezeichnet, online).\ud83d\udcc4 Lebenslaufvorlagen \u2705 Erstellung und \u00dcberarbeitung des [&hellip;]","_links":{"self":[{"href":"https:\/\/coach4expats.com\/de\/wp-json\/wp\/v2\/pages\/1266","targetHints":{"allow":["GET"]}}],"collection":[{"href":"https:\/\/coach4expats.com\/de\/wp-json\/wp\/v2\/pages"}],"about":[{"href":"https:\/\/coach4expats.com\/de\/wp-json\/wp\/v2\/types\/page"}],"author":[{"embeddable":true,"href":"https:\/\/coach4expats.com\/de\/wp-json\/wp\/v2\/users\/3"}],"replies":[{"embeddable":true,"href":"https:\/\/coach4expats.com\/de\/wp-json\/wp\/v2\/comments?post=1266"}],"version-history":[{"count":5,"href":"https:\/\/coach4expats.com\/de\/wp-json\/wp\/v2\/pages\/1266\/revisions"}],"predecessor-version":[{"id":12339,"href":"https:\/\/coach4expats.com\/de\/wp-json\/wp\/v2\/pages\/1266\/revisions\/12339"}],"wp:featuredmedia":[{"embeddable":true,"href":"https:\/\/coach4expats.com\/de\/wp-json\/wp\/v2\/media\/1146"}],"wp:attachment":[{"href":"https:\/\/coach4expats.com\/de\/wp-json\/wp\/v2\/media?parent=1266"}],"curies":[{"name":"wp","href":"https:\/\/api.w.org\/{rel}","templated":true}]}}