{"id":1359,"date":"2024-10-02T13:00:56","date_gmt":"2024-10-02T11:00:56","guid":{"rendered":"https:\/\/coach4expats.com\/auf-der-suche-nach-ihrem-ersten-job\/"},"modified":"2025-04-14T15:31:17","modified_gmt":"2025-04-14T13:31:17","slug":"auf-der-suche-nach-ihrem-ersten-job","status":"publish","type":"page","link":"https:\/\/coach4expats.com\/de\/auf-der-suche-nach-ihrem-ersten-job\/","title":{"rendered":"Auf der Suche nach Ihrem ersten Job"},"content":{"rendered":"\n<div class=\"wp-block-uagb-container uagb-block-2b5d30df alignfull uagb-is-root-container\">\n<div class=\"wp-block-uagb-container uagb-block-98f35fb6\">\n<div data-aos= \"zoom-in-up\" data-aos-duration=\"400\" data-aos-delay=\"0\" data-aos-easing=\"ease\" data-aos-once=\"true\" class=\"wp-block-uagb-info-box uagb-block-789ca1ae uagb-infobox__content-wrap  uagb-infobox-icon-above-title uagb-infobox-image-valign-top\"><div class=\"uagb-ifb-content\"><div class=\"uagb-ifb-title-wrap\"><h1 class=\"uagb-ifb-title\">Auf der Suche nach Ihrem ersten Job<\/h1><\/div><p class=\"uagb-ifb-desc\">Sind Sie bereit, den ersten Schritt in Richtung einer erfolgreichen Karriere zu machen? Mit unserem neuen umfassenden Service bieten wir Ihnen die Werkzeuge und die Unterst\u00fctzung, die Sie brauchen, um sich in der wettbewerbsorientierten Arbeitswelt zu behaupten. <\/p><\/div><\/div>\n\n\n\n<div class=\"wp-block-uagb-container uagb-block-d4fcf435\"><style>.wp-block-kadence-advancedheading.kt-adv-heading1078_d877d2-8e, .wp-block-kadence-advancedheading.kt-adv-heading1078_d877d2-8e[data-kb-block=\"kb-adv-heading1078_d877d2-8e\"]{margin-bottom:0px;text-align:center;font-size:var(--global-kb-font-size-md, 1.25rem);font-style:normal;}.wp-block-kadence-advancedheading.kt-adv-heading1078_d877d2-8e mark.kt-highlight, .wp-block-kadence-advancedheading.kt-adv-heading1078_d877d2-8e[data-kb-block=\"kb-adv-heading1078_d877d2-8e\"] mark.kt-highlight{font-style:normal;color:#f76a0c;-webkit-box-decoration-break:clone;box-decoration-break:clone;padding-top:0px;padding-right:0px;padding-bottom:0px;padding-left:0px;}.wp-block-kadence-advancedheading.kt-adv-heading1078_d877d2-8e img.kb-inline-image, .wp-block-kadence-advancedheading.kt-adv-heading1078_d877d2-8e[data-kb-block=\"kb-adv-heading1078_d877d2-8e\"] img.kb-inline-image{width:150px;vertical-align:baseline;}@media all and (max-width: 767px){.wp-block-kadence-advancedheading.kt-adv-heading1078_d877d2-8e, .wp-block-kadence-advancedheading.kt-adv-heading1078_d877d2-8e[data-kb-block=\"kb-adv-heading1078_d877d2-8e\"]{padding-bottom:0px;margin-bottom:0px;}}<\/style>\n<h2 class=\"kt-adv-heading1078_d877d2-8e wp-block-kadence-advancedheading has-ast-global-color-3-color has-text-color\" data-kb-block=\"kb-adv-heading1078_d877d2-8e\">199,99 \u20ac + MWST.<\/h2>\n<\/div>\n<\/div>\n\n\n\n<div data-aos= \"zoom-in-up\" data-aos-duration=\"400\" data-aos-delay=\"0\" data-aos-easing=\"ease\" data-aos-once=\"true\" class=\"wp-block-uagb-container uagb-block-27e6153e\"><\/div>\n<\/div>\n\n<div class=\"wp-block-uagb-container uagb-block-5b7b18c7 alignfull uagb-is-root-container\"><div class=\"uagb-container-inner-blocks-wrap\">\n<div data-aos= \"zoom-in-up\" data-aos-duration=\"400\" data-aos-delay=\"0\" data-aos-easing=\"ease\" data-aos-once=\"true\" class=\"wp-block-uagb-container uagb-block-3f7988e4\">\n<p class=\" eplus-wrapper\"><strong>Vorteile:<\/strong><br\/><br\/>\u2705 Optimierung von Schl\u00fcsseldokumenten: Sie m\u00f6chten, dass sich Ihr Lebenslauf, Ihr Anschreiben und Ihr LinkedIn-Profil von der Masse abheben? Unser Expertenteam hilft Ihnen dabei, jedes Detail zu perfektionieren und Ihre Erfahrungen und F\u00e4higkeiten auf eindrucksvolle Weise zu pr\u00e4sentieren. <br\/><br\/>Meistern Sie die neuesten KI-basierten Tools f\u00fcr die Stellensuche mit unserer Fortbildung.<br\/>Lernen Sie, wie Sie die Technologie zu Ihrem Vorteil nutzen und sich auf dem heutigen Arbeitsmarkt abheben k\u00f6nnen.<br\/><br\/>\ud83c\udfaf Personalisiertes Interview-Coaching: Nerv\u00f6s vor Ihrem n\u00e4chsten Vorstellungsgespr\u00e4ch? Keine Sorge, wir sind hier, um Ihnen zu helfen. Lassen Sie sich von unseren Coaches pers\u00f6nlich beraten, damit Sie bei jeder Begegnung gl\u00e4nzen und einen bleibenden Eindruck hinterlassen.  <br\/><br\/>\ud83d\udcbc Entwicklung von Schl\u00fcsselkompetenzen: St\u00e4rken Sie Ihre Karriere mit F\u00e4higkeiten, die in der heutigen Arbeitswelt unverzichtbar sind. Von Kommunikationsf\u00e4higkeiten bis hin zu F\u00fchrungsqualit\u00e4ten &#8211; wir geben Ihnen die Werkzeuge an die Hand, die Sie brauchen, um in jedem beruflichen Umfeld erfolgreich zu sein. <br\/><br\/>\ud83d\udd04 Beinhaltet 2 Karriere-Coaching-Sitzungen und unsere Masterclass: Jobsuche im Ausland!<br\/><br\/> Wann kommen Sie zu uns, um Ihren Lebenslauf zu optimieren, die neuesten Tools f\u00fcr die Stellensuche zu beherrschen, eine pers\u00f6nliche Anleitung f\u00fcr Vorstellungsgespr\u00e4che zu erhalten und Schl\u00fcsselkompetenzen zu entwickeln? Ihr beruflicher Erfolg beginnt hier! <\/p>\n<\/div>\n\n\n\n<div class=\"wp-block-uagb-container uagb-block-a8cba11f\">\n<div class=\"wp-block-uagb-buttons uagb-buttons__outer-wrap uagb-btn__default-btn uagb-btn-tablet__default-btn uagb-btn-mobile__default-btn uagb-block-17309c3e\"><div class=\"uagb-buttons__wrap uagb-buttons-layout-wrap \">\n<div data-aos= \"zoom-in-up\" data-aos-duration=\"400\" data-aos-delay=\"0\" data-aos-easing=\"ease\" data-aos-once=\"true\" class=\"wp-block-uagb-buttons-child uagb-buttons__outer-wrap uagb-block-97e9bc55 wp-block-button\"><div class=\"uagb-button__wrapper\"><a class=\"uagb-buttons-repeater wp-block-button__link\" aria-label=\"\" href=\"https:\/\/coach4expats.com\/wp-content\/uploads\/2025\/03\/Coach4Expats-Services-Overview-German.pdf\" rel=\"follow noopener\" target=\"_blank\" role=\"button\"><div class=\"uagb-button__link\">DIENSTLEISTUNGSBROSCH\u00dcRE<\/div><\/a><\/div><\/div>\n\n\n\n<div data-aos= \"zoom-in-up\" data-aos-duration=\"400\" data-aos-delay=\"0\" data-aos-easing=\"ease\" data-aos-once=\"true\" class=\"wp-block-uagb-buttons-child uagb-buttons__outer-wrap uagb-block-f0e7de2c wp-block-button\"><div class=\"uagb-button__wrapper\"><a class=\"uagb-buttons-repeater wp-block-button__link\" aria-label=\"\" href=\"https:\/\/coach4expats.com\/wp-content\/uploads\/2025\/03\/Coach4expats-How-we-work-German.pdf\" rel=\"follow noopener\" target=\"_blank\" role=\"button\"><div class=\"uagb-button__link\">ARBEITSMETHODIK<\/div><\/a><\/div><\/div>\n<\/div><\/div>\n<\/div>\n<\/div><\/div>\n\n<div class=\"wp-block-uagb-container uagb-block-0b94198b alignfull uagb-is-root-container\"><div class=\"uagb-container-inner-blocks-wrap\">\n<p class=\" has-text-align-center eplus-wrapper\"><strong>WICHTIG: ALLE BUCHUNGEN AUF DIESER WEBSITE BEZIEHEN SICH AUF DIE FOLGENDE ZEITZONE: <br\/>Amsterdam MEZ (UTC +1)<\/strong><\/p>\n\n\n\n<div class=\"wp-block-uagb-container uagb-block-a8bea360 alignwide uagb-is-root-container\">\n<div class=\"wp-block-booknetic-booking\">[booknetic service=&#8220;10&#8243; location=&#8220;2&#8243;]<\/div>\n<\/div>\n<\/div><\/div>\n","protected":false},"excerpt":{"rendered":"<p>199,99 \u20ac + MWST. Vorteile: \u2705 Optimierung von Schl\u00fcsseldokumenten: Sie m\u00f6chten, dass sich Ihr Lebenslauf, Ihr Anschreiben und Ihr LinkedIn-Profil [&hellip;]<\/p>\n","protected":false},"author":3,"featured_media":1149,"parent":0,"menu_order":0,"comment_status":"closed","ping_status":"closed","template":"","meta":{"_uag_custom_page_level_css":"","site-sidebar-layout":"default","site-content-layout":"","ast-site-content-layout":"full-width-container","site-content-style":"default","site-sidebar-style":"default","ast-global-header-display":"","ast-banner-title-visibility":"","ast-main-header-display":"","ast-hfb-above-header-display":"","ast-hfb-below-header-display":"","ast-hfb-mobile-header-display":"","site-post-title":"disabled","ast-breadcrumbs-content":"","ast-featured-img":"disabled","footer-sml-layout":"","ast-disable-related-posts":"","theme-transparent-header-meta":"","adv-header-id-meta":"","stick-header-meta":"","header-above-stick-meta":"","header-main-stick-meta":"","header-below-stick-meta":"","astra-migrate-meta-layouts":"default","ast-page-background-enabled":"default","ast-page-background-meta":{"desktop":{"background-color":"var(--ast-global-color-4)","background-image":"","background-repeat":"repeat","background-position":"center center","background-size":"auto","background-attachment":"scroll","background-type":"","background-media":"","overlay-type":"","overlay-color":"","overlay-opacity":"","overlay-gradient":""},"tablet":{"background-color":"","background-image":"","background-repeat":"repeat","background-position":"center center","background-size":"auto","background-attachment":"scroll","background-type":"","background-media":"","overlay-type":"","overlay-color":"","overlay-opacity":"","overlay-gradient":""},"mobile":{"background-color":"","background-image":"","background-repeat":"repeat","background-position":"center center","background-size":"auto","background-attachment":"scroll","background-type":"","background-media":"","overlay-type":"","overlay-color":"","overlay-opacity":"","overlay-gradient":""}},"ast-content-background-meta":{"desktop":{"background-color":"var(--ast-global-color-5)","background-image":"","background-repeat":"repeat","background-position":"center center","background-size":"auto","background-attachment":"scroll","background-type":"","background-media":"","overlay-type":"","overlay-color":"","overlay-opacity":"","overlay-gradient":""},"tablet":{"background-color":"var(--ast-global-color-5)","background-image":"","background-repeat":"repeat","background-position":"center center","background-size":"auto","background-attachment":"scroll","background-type":"","background-media":"","overlay-type":"","overlay-color":"","overlay-opacity":"","overlay-gradient":""},"mobile":{"background-color":"var(--ast-global-color-5)","background-image":"","background-repeat":"repeat","background-position":"center center","background-size":"auto","background-attachment":"scroll","background-type":"","background-media":"","overlay-type":"","overlay-color":"","overlay-opacity":"","overlay-gradient":""}},"footnotes":""},"class_list":["post-1359","page","type-page","status-publish","has-post-thumbnail","hentry"],"uagb_featured_image_src":{"full":["https:\/\/coach4expats.com\/wp-content\/uploads\/2024\/09\/mujer-tiro-medio-posando-estudio-1_edited.jpg",2000,1943,false],"thumbnail":["https:\/\/coach4expats.com\/wp-content\/uploads\/2024\/09\/mujer-tiro-medio-posando-estudio-1_edited-150x150.jpg",150,150,true],"medium":["https:\/\/coach4expats.com\/wp-content\/uploads\/2024\/09\/mujer-tiro-medio-posando-estudio-1_edited-300x291.jpg",300,291,true],"medium_large":["https:\/\/coach4expats.com\/wp-content\/uploads\/2024\/09\/mujer-tiro-medio-posando-estudio-1_edited-768x746.jpg",768,746,true],"large":["https:\/\/coach4expats.com\/wp-content\/uploads\/2024\/09\/mujer-tiro-medio-posando-estudio-1_edited-1024x995.jpg",617,600,true],"1536x1536":["https:\/\/coach4expats.com\/wp-content\/uploads\/2024\/09\/mujer-tiro-medio-posando-estudio-1_edited-1536x1492.jpg",1536,1492,true],"2048x2048":["https:\/\/coach4expats.com\/wp-content\/uploads\/2024\/09\/mujer-tiro-medio-posando-estudio-1_edited.jpg",2000,1943,false],"widget-thumbnail":["https:\/\/coach4expats.com\/wp-content\/uploads\/2024\/09\/mujer-tiro-medio-posando-estudio-1_edited-75x75.jpg",75,75,true]},"uagb_author_info":{"display_name":"Mariel Schaab","author_link":"https:\/\/coach4expats.com\/de\/author\/mariel\/"},"uagb_comment_info":0,"uagb_excerpt":"199,99 \u20ac + MWST. Vorteile: \u2705 Optimierung von Schl\u00fcsseldokumenten: Sie m\u00f6chten, dass sich Ihr Lebenslauf, Ihr Anschreiben und Ihr LinkedIn-Profil [&hellip;]","_links":{"self":[{"href":"https:\/\/coach4expats.com\/de\/wp-json\/wp\/v2\/pages\/1359","targetHints":{"allow":["GET"]}}],"collection":[{"href":"https:\/\/coach4expats.com\/de\/wp-json\/wp\/v2\/pages"}],"about":[{"href":"https:\/\/coach4expats.com\/de\/wp-json\/wp\/v2\/types\/page"}],"author":[{"embeddable":true,"href":"https:\/\/coach4expats.com\/de\/wp-json\/wp\/v2\/users\/3"}],"replies":[{"embeddable":true,"href":"https:\/\/coach4expats.com\/de\/wp-json\/wp\/v2\/comments?post=1359"}],"version-history":[{"count":5,"href":"https:\/\/coach4expats.com\/de\/wp-json\/wp\/v2\/pages\/1359\/revisions"}],"predecessor-version":[{"id":12815,"href":"https:\/\/coach4expats.com\/de\/wp-json\/wp\/v2\/pages\/1359\/revisions\/12815"}],"wp:featuredmedia":[{"embeddable":true,"href":"https:\/\/coach4expats.com\/de\/wp-json\/wp\/v2\/media\/1149"}],"wp:attachment":[{"href":"https:\/\/coach4expats.com\/de\/wp-json\/wp\/v2\/media?parent=1359"}],"curies":[{"name":"wp","href":"https:\/\/api.w.org\/{rel}","templated":true}]}}