{"id":1381,"date":"2024-10-02T12:37:44","date_gmt":"2024-10-02T10:37:44","guid":{"rendered":"https:\/\/coach4expats.com\/linkedin-zum-erfolg-fuehren\/"},"modified":"2025-04-14T16:17:59","modified_gmt":"2025-04-14T14:17:59","slug":"linkedin-zum-erfolg-fuehren","status":"publish","type":"page","link":"https:\/\/coach4expats.com\/de\/linkedin-zum-erfolg-fuehren\/","title":{"rendered":"LinkedIn zum Erfolg f\u00fchren!"},"content":{"rendered":"\n<div class=\"wp-block-uagb-container uagb-block-2b5d30df alignfull uagb-is-root-container\">\n<div class=\"wp-block-uagb-container uagb-block-98f35fb6\">\n<div data-aos= \"zoom-in-up\" data-aos-duration=\"400\" data-aos-delay=\"0\" data-aos-easing=\"ease\" data-aos-once=\"true\" class=\"wp-block-uagb-info-box uagb-block-789ca1ae uagb-infobox__content-wrap  uagb-infobox-icon-above-title uagb-infobox-image-valign-top\"><div class=\"uagb-ifb-content\"><div class=\"uagb-ifb-title-wrap\"><h1 class=\"uagb-ifb-title\">LinkedIn zum Erfolg f\u00fchren!<\/h1><\/div><p class=\"uagb-ifb-desc\">Optimieren Sie Ihr <strong>LinkedIn-Profil<\/strong>, um sich von der Masse abzuheben und Ihre Sichtbarkeit f\u00fcr Unternehmen zu erh\u00f6hen.<\/p><\/div><\/div>\n\n\n\n<div class=\"wp-block-uagb-container uagb-block-d4fcf435\"><style>.wp-block-kadence-advancedheading.kt-adv-heading1060_b598fa-56, .wp-block-kadence-advancedheading.kt-adv-heading1060_b598fa-56[data-kb-block=\"kb-adv-heading1060_b598fa-56\"]{margin-bottom:0px;text-align:center;font-size:var(--global-kb-font-size-md, 1.25rem);font-style:normal;}.wp-block-kadence-advancedheading.kt-adv-heading1060_b598fa-56 mark.kt-highlight, .wp-block-kadence-advancedheading.kt-adv-heading1060_b598fa-56[data-kb-block=\"kb-adv-heading1060_b598fa-56\"] mark.kt-highlight{font-style:normal;color:#f76a0c;-webkit-box-decoration-break:clone;box-decoration-break:clone;padding-top:0px;padding-right:0px;padding-bottom:0px;padding-left:0px;}.wp-block-kadence-advancedheading.kt-adv-heading1060_b598fa-56 img.kb-inline-image, .wp-block-kadence-advancedheading.kt-adv-heading1060_b598fa-56[data-kb-block=\"kb-adv-heading1060_b598fa-56\"] img.kb-inline-image{width:150px;vertical-align:baseline;}@media all and (max-width: 767px){.wp-block-kadence-advancedheading.kt-adv-heading1060_b598fa-56, .wp-block-kadence-advancedheading.kt-adv-heading1060_b598fa-56[data-kb-block=\"kb-adv-heading1060_b598fa-56\"]{padding-bottom:0px;margin-bottom:0px;}}<\/style>\n<h2 class=\"kt-adv-heading1060_b598fa-56 wp-block-kadence-advancedheading has-ast-global-color-3-color has-text-color\" data-kb-block=\"kb-adv-heading1060_b598fa-56\">\u20ac159,99 + MWST.<\/h2>\n<\/div>\n<\/div>\n\n\n\n<div data-aos= \"zoom-in-up\" data-aos-duration=\"400\" data-aos-delay=\"0\" data-aos-easing=\"ease\" data-aos-once=\"true\" class=\"wp-block-uagb-container uagb-block-27e6153e\"><\/div>\n<\/div>\n\n<div class=\"wp-block-uagb-container uagb-block-5b7b18c7 alignfull uagb-is-root-container\"><div class=\"uagb-container-inner-blocks-wrap\">\n<div data-aos= \"zoom-in-up\" data-aos-duration=\"400\" data-aos-delay=\"0\" data-aos-easing=\"ease\" data-aos-once=\"true\" class=\"wp-block-uagb-container uagb-block-3f7988e4\">\n<p class=\" eplus-wrapper\"><strong>Vorteile:<\/strong><br\/><br\/>\u2705Ma\u00dfgeschneiderte Strategien, um bei Personalverantwortlichen aufzufallen.<br\/>Erh\u00f6hte Chancen, f\u00fcr neue Stellenangebote kontaktiert zu werden.<br\/>Aufwertung Ihres LinkedIn-Profils als Instrument f\u00fcr beruflichen Erfolg.<br\/>Sie erhalten die Jobangebote, die Sie verdienen.<br\/>Enth\u00e4lt 1 (eine) LInkedIn Professional Sitzung.<br\/><br\/>Sind Sie bereit, Ihr LinkedIn-Profil umzugestalten und T\u00fcren zu neuen Karrierem\u00f6glichkeiten zu \u00f6ffnen? Nehmen Sie jetzt an unserem Service LINKEDIN TO TRIUMPH teil und entdecken Sie, wie Sie sich bei Personalverantwortlichen hervorheben und Ihren beruflichen Erfolg steigern k\u00f6nnen. <\/p>\n<\/div>\n\n\n\n<div class=\"wp-block-uagb-container uagb-block-a8cba11f\">\n<div class=\"wp-block-uagb-buttons uagb-buttons__outer-wrap uagb-btn__default-btn uagb-btn-tablet__default-btn uagb-btn-mobile__default-btn uagb-block-7ed226e6\"><div class=\"uagb-buttons__wrap uagb-buttons-layout-wrap \">\n<div data-aos= \"zoom-in-up\" data-aos-duration=\"400\" data-aos-delay=\"0\" data-aos-easing=\"ease\" data-aos-once=\"true\" class=\"wp-block-uagb-buttons-child uagb-buttons__outer-wrap uagb-block-79cbfca9 wp-block-button\"><div class=\"uagb-button__wrapper\"><a class=\"uagb-buttons-repeater wp-block-button__link\" aria-label=\"\" href=\"https:\/\/coach4expats.com\/wp-content\/uploads\/2025\/03\/Coach4Expats-Services-Overview-German.pdf\" rel=\"follow noopener\" target=\"_blank\" role=\"button\"><div class=\"uagb-button__link\">DIENSTLEISTUNGSBROSCH\u00dcRE<\/div><\/a><\/div><\/div>\n\n\n\n<div data-aos= \"zoom-in-up\" data-aos-duration=\"400\" data-aos-delay=\"0\" data-aos-easing=\"ease\" data-aos-once=\"true\" class=\"wp-block-uagb-buttons-child uagb-buttons__outer-wrap uagb-block-73256ad6 wp-block-button\"><div class=\"uagb-button__wrapper\"><a class=\"uagb-buttons-repeater wp-block-button__link\" aria-label=\"\" href=\"https:\/\/coach4expats.com\/wp-content\/uploads\/2025\/03\/Coach4expats-How-we-work-German.pdf\" rel=\"follow noopener\" target=\"_blank\" role=\"button\"><div class=\"uagb-button__link\">ARBEITSMETHODIK<\/div><\/a><\/div><\/div>\n<\/div><\/div>\n<\/div>\n<\/div><\/div>\n\n<div class=\"wp-block-uagb-container uagb-block-0b94198b alignfull uagb-is-root-container\"><div class=\"uagb-container-inner-blocks-wrap\">\n<p class=\" has-text-align-center eplus-wrapper\"><strong>WICHTIG: ALLE BUCHUNGEN AUF DIESER WEBSITE BEZIEHEN SICH AUF DIE FOLGENDE ZEITZONE: <br\/>Amsterdam MEZ (UTC +1)<\/strong><\/p>\n\n\n\n<div class=\"wp-block-uagb-container uagb-block-a8bea360 alignwide uagb-is-root-container\">\n<div class=\"wp-block-booknetic-booking\">[booknetic service=&#8220;7&#8243; location=&#8220;2&#8243;]<\/div>\n<\/div>\n<\/div><\/div>\n","protected":false},"excerpt":{"rendered":"<p>\u20ac159,99 + MWST. Vorteile: \u2705Ma\u00dfgeschneiderte Strategien, um bei Personalverantwortlichen aufzufallen.Erh\u00f6hte Chancen, f\u00fcr neue Stellenangebote kontaktiert zu werden.Aufwertung Ihres LinkedIn-Profils als [&hellip;]<\/p>\n","protected":false},"author":3,"featured_media":1141,"parent":0,"menu_order":0,"comment_status":"closed","ping_status":"closed","template":"","meta":{"_uag_custom_page_level_css":"","site-sidebar-layout":"default","site-content-layout":"","ast-site-content-layout":"full-width-container","site-content-style":"default","site-sidebar-style":"default","ast-global-header-display":"","ast-banner-title-visibility":"","ast-main-header-display":"","ast-hfb-above-header-display":"","ast-hfb-below-header-display":"","ast-hfb-mobile-header-display":"","site-post-title":"disabled","ast-breadcrumbs-content":"","ast-featured-img":"disabled","footer-sml-layout":"","ast-disable-related-posts":"","theme-transparent-header-meta":"","adv-header-id-meta":"","stick-header-meta":"","header-above-stick-meta":"","header-main-stick-meta":"","header-below-stick-meta":"","astra-migrate-meta-layouts":"default","ast-page-background-enabled":"default","ast-page-background-meta":{"desktop":{"background-color":"var(--ast-global-color-4)","background-image":"","background-repeat":"repeat","background-position":"center center","background-size":"auto","background-attachment":"scroll","background-type":"","background-media":"","overlay-type":"","overlay-color":"","overlay-opacity":"","overlay-gradient":""},"tablet":{"background-color":"","background-image":"","background-repeat":"repeat","background-position":"center center","background-size":"auto","background-attachment":"scroll","background-type":"","background-media":"","overlay-type":"","overlay-color":"","overlay-opacity":"","overlay-gradient":""},"mobile":{"background-color":"","background-image":"","background-repeat":"repeat","background-position":"center center","background-size":"auto","background-attachment":"scroll","background-type":"","background-media":"","overlay-type":"","overlay-color":"","overlay-opacity":"","overlay-gradient":""}},"ast-content-background-meta":{"desktop":{"background-color":"var(--ast-global-color-5)","background-image":"","background-repeat":"repeat","background-position":"center center","background-size":"auto","background-attachment":"scroll","background-type":"","background-media":"","overlay-type":"","overlay-color":"","overlay-opacity":"","overlay-gradient":""},"tablet":{"background-color":"var(--ast-global-color-5)","background-image":"","background-repeat":"repeat","background-position":"center center","background-size":"auto","background-attachment":"scroll","background-type":"","background-media":"","overlay-type":"","overlay-color":"","overlay-opacity":"","overlay-gradient":""},"mobile":{"background-color":"var(--ast-global-color-5)","background-image":"","background-repeat":"repeat","background-position":"center center","background-size":"auto","background-attachment":"scroll","background-type":"","background-media":"","overlay-type":"","overlay-color":"","overlay-opacity":"","overlay-gradient":""}},"footnotes":""},"class_list":["post-1381","page","type-page","status-publish","has-post-thumbnail","hentry"],"uagb_featured_image_src":{"full":["https:\/\/coach4expats.com\/wp-content\/uploads\/2024\/09\/2024-02-12-20.41.12-www.linkedin_edited.jpg",832,534,false],"thumbnail":["https:\/\/coach4expats.com\/wp-content\/uploads\/2024\/09\/2024-02-12-20.41.12-www.linkedin_edited-150x150.jpg",150,150,true],"medium":["https:\/\/coach4expats.com\/wp-content\/uploads\/2024\/09\/2024-02-12-20.41.12-www.linkedin_edited-300x193.jpg",300,193,true],"medium_large":["https:\/\/coach4expats.com\/wp-content\/uploads\/2024\/09\/2024-02-12-20.41.12-www.linkedin_edited-768x493.jpg",768,493,true],"large":["https:\/\/coach4expats.com\/wp-content\/uploads\/2024\/09\/2024-02-12-20.41.12-www.linkedin_edited.jpg",800,513,false],"1536x1536":["https:\/\/coach4expats.com\/wp-content\/uploads\/2024\/09\/2024-02-12-20.41.12-www.linkedin_edited.jpg",832,534,false],"2048x2048":["https:\/\/coach4expats.com\/wp-content\/uploads\/2024\/09\/2024-02-12-20.41.12-www.linkedin_edited.jpg",832,534,false],"widget-thumbnail":["https:\/\/coach4expats.com\/wp-content\/uploads\/2024\/09\/2024-02-12-20.41.12-www.linkedin_edited-75x75.jpg",75,75,true]},"uagb_author_info":{"display_name":"Mariel Schaab","author_link":"https:\/\/coach4expats.com\/de\/author\/mariel\/"},"uagb_comment_info":0,"uagb_excerpt":"\u20ac159,99 + MWST. Vorteile: \u2705Ma\u00dfgeschneiderte Strategien, um bei Personalverantwortlichen aufzufallen.Erh\u00f6hte Chancen, f\u00fcr neue Stellenangebote kontaktiert zu werden.Aufwertung Ihres LinkedIn-Profils als [&hellip;]","_links":{"self":[{"href":"https:\/\/coach4expats.com\/de\/wp-json\/wp\/v2\/pages\/1381","targetHints":{"allow":["GET"]}}],"collection":[{"href":"https:\/\/coach4expats.com\/de\/wp-json\/wp\/v2\/pages"}],"about":[{"href":"https:\/\/coach4expats.com\/de\/wp-json\/wp\/v2\/types\/page"}],"author":[{"embeddable":true,"href":"https:\/\/coach4expats.com\/de\/wp-json\/wp\/v2\/users\/3"}],"replies":[{"embeddable":true,"href":"https:\/\/coach4expats.com\/de\/wp-json\/wp\/v2\/comments?post=1381"}],"version-history":[{"count":5,"href":"https:\/\/coach4expats.com\/de\/wp-json\/wp\/v2\/pages\/1381\/revisions"}],"predecessor-version":[{"id":12838,"href":"https:\/\/coach4expats.com\/de\/wp-json\/wp\/v2\/pages\/1381\/revisions\/12838"}],"wp:featuredmedia":[{"embeddable":true,"href":"https:\/\/coach4expats.com\/de\/wp-json\/wp\/v2\/media\/1141"}],"wp:attachment":[{"href":"https:\/\/coach4expats.com\/de\/wp-json\/wp\/v2\/media?parent=1381"}],"curies":[{"name":"wp","href":"https:\/\/api.w.org\/{rel}","templated":true}]}}