{"id":1390,"date":"2024-10-01T05:02:39","date_gmt":"2024-10-01T03:02:39","guid":{"rendered":"https:\/\/coach4expats.com\/online-schulung\/"},"modified":"2025-04-14T16:07:16","modified_gmt":"2025-04-14T14:07:16","slug":"online-schulung","status":"publish","type":"page","link":"https:\/\/coach4expats.com\/de\/online-schulung\/","title":{"rendered":"Training zur Stellensuche On-Demand"},"content":{"rendered":"\n<div class=\"wp-block-uagb-container uagb-block-65a4a366 alignfull uagb-is-root-container\"><div class=\"uagb-container-inner-blocks-wrap\">\n<div data-aos= \"zoom-in-up\" data-aos-duration=\"400\" data-aos-delay=\"0\" data-aos-easing=\"ease\" data-aos-once=\"true\" class=\"wp-block-uagb-advanced-heading uagb-block-1ecf9500\"><h1 class=\"uagb-heading-text\">Training zur Stellensuche <br\/>On-Demand<\/h1><\/div>\n\n\n\n<div data-aos= \"zoom-in-up\" data-aos-duration=\"400\" data-aos-delay=\"0\" data-aos-easing=\"ease\" data-aos-once=\"true\" class=\"wp-block-uagb-advanced-heading uagb-block-dc56d3e4\"><h6 class=\"uagb-heading-text\">Greifen Sie JETZT auf voraufgezeichnete Online-Kurse zu <br\/>, um auf dem aktuellen Arbeitsmarkt einen neuen Job zu finden.<\/h6><\/div>\n<\/div><\/div>\n\n<div class=\"wp-block-uagb-container uagb-block-8791ebfd alignfull uagb-is-root-container\"><div class=\"uagb-container__shape uagb-container__shape-bottom uagb-container__shape-flip uagb-container__invert\" data-negative=\"false\"><svg xmlns=\"https:\/\/www.w3.org\/2000\/svg\" viewBox=\"0 0 1000 100\" preserveAspectRatio=\"none\"><path class=\"uagb-container__shape-fill\" d=\"M0,6V0h1000v100L0,6z\"><\/path><\/svg><\/div>\n<div data-aos= \"fade-up\" data-aos-duration=\"400\" data-aos-delay=\"0\" data-aos-easing=\"ease\" data-aos-once=\"true\" class=\"wp-block-uagb-container uagb-block-3202b33b\">\n<div class=\"wp-block-uagb-container uagb-block-fff7ef78\">\n<div class=\"wp-block-uagb-info-box uagb-block-8531abd8 uagb-infobox__content-wrap  uagb-infobox_cta-type-all uagb-infobox-icon-above-title uagb-infobox-image-valign-top\"><a href=\"https:\/\/test.thehrchapter.com\/learning-development\/\" class=\"uagb-infobox-link-wrap uagb-infbox__link-to-all\" target=\"_self\" aria-label=\"Infobox Link\" rel=\"noopener noreferrer\" onclick=\"return true;\"><\/a><div class=\"uagb-ifb-content\"><div class=\"uagb-ifb-title-wrap\"><h3 class=\"uagb-ifb-title\">MEISTERKURS: <br\/>JOBSUCHE IM AUSLAND!<\/h3><\/div><p class=\"uagb-ifb-desc\">Sind Sie bereit, Ihre Karriere auf ein neues Niveau zu heben? \ud83c\udf0e<br\/><br\/>Erschlie\u00dfen Sie sich eine Welt voller M\u00f6glichkeiten mit unserem umfassenden Programm, das Ihnen hilft, internationale Arbeitsm\u00f6glichkeiten zu erkunden. Ganz gleich, ob Sie davon tr\u00e4umen, im Ausland zu arbeiten, oder ob Sie die Flexibilit\u00e4t suchen, von \u00fcberall aus zu arbeiten &#8211; unser Kurs bietet Ihnen die Werkzeuge und Erkenntnisse, die Sie f\u00fcr Ihren Erfolg ben\u00f6tigen. <br\/><br\/>Beginnen Sie Ihre Reise noch heute und nehmen Sie Ihren Karriereweg selbst in die Hand, ganz in Ihrem eigenen Tempo! \ud83d\ude80<\/p><div class=\"uagb-ifb-button-wrapper wp-block-button\"><\/div><\/div><\/div>\n<\/div>\n\n\n\n<div class=\"wp-block-uagb-container uagb-block-d4fcf435\">\n<div class=\"wp-block-uagb-buttons uagb-buttons__outer-wrap uagb-btn__large-btn uagb-btn-tablet__default-btn uagb-btn-mobile__default-btn uagb-block-a5ddb82d\"><div class=\"uagb-buttons__wrap uagb-buttons-layout-wrap \">\n<div class=\"wp-block-uagb-buttons-child uagb-buttons__outer-wrap uagb-block-bd5bc86b wp-block-button\"><div class=\"uagb-button__wrapper\"><a class=\"uagb-buttons-repeater wp-block-button__link\" aria-label=\"\" href=\"\/?p=3953\" rel=\"follow noopener\" target=\"_self\" role=\"button\"><span class=\"uagb-button__icon uagb-button__icon-position-before\"><svg xmlns=\"https:\/\/www.w3.org\/2000\/svg\" viewbox=\"0 0 448 512\" aria-hidden=\"true\" focussable=\"false\"><path d=\"M160 32V64H288V32C288 14.33 302.3 0 320 0C337.7 0 352 14.33 352 32V64H400C426.5 64 448 85.49 448 112V160H0V112C0 85.49 21.49 64 48 64H96V32C96 14.33 110.3 0 128 0C145.7 0 160 14.33 160 32zM0 192H448V464C448 490.5 426.5 512 400 512H48C21.49 512 0 490.5 0 464V192zM328.1 304.1C338.3 295.6 338.3 280.4 328.1 271C319.6 261.7 304.4 261.7 295 271L200 366.1L152.1 319C143.6 309.7 128.4 309.7 119 319C109.7 328.4 109.7 343.6 119 352.1L183 416.1C192.4 426.3 207.6 426.3 216.1 416.1L328.1 304.1z\"><\/path><\/svg><\/span><div class=\"uagb-button__link\">HIER KAUFEN<\/div><\/a><\/div><\/div>\n<\/div><\/div>\n\n\n<style>.wp-block-kadence-advancedheading.kt-adv-heading834_fe8ff7-37, .wp-block-kadence-advancedheading.kt-adv-heading834_fe8ff7-37[data-kb-block=\"kb-adv-heading834_fe8ff7-37\"]{margin-bottom:0px;text-align:center;font-size:var(--global-kb-font-size-md, 1.25rem);font-style:normal;}.wp-block-kadence-advancedheading.kt-adv-heading834_fe8ff7-37 mark.kt-highlight, .wp-block-kadence-advancedheading.kt-adv-heading834_fe8ff7-37[data-kb-block=\"kb-adv-heading834_fe8ff7-37\"] mark.kt-highlight{font-style:normal;color:#f76a0c;-webkit-box-decoration-break:clone;box-decoration-break:clone;padding-top:0px;padding-right:0px;padding-bottom:0px;padding-left:0px;}.wp-block-kadence-advancedheading.kt-adv-heading834_fe8ff7-37 img.kb-inline-image, .wp-block-kadence-advancedheading.kt-adv-heading834_fe8ff7-37[data-kb-block=\"kb-adv-heading834_fe8ff7-37\"] img.kb-inline-image{width:150px;vertical-align:baseline;}@media all and (max-width: 767px){.wp-block-kadence-advancedheading.kt-adv-heading834_fe8ff7-37, .wp-block-kadence-advancedheading.kt-adv-heading834_fe8ff7-37[data-kb-block=\"kb-adv-heading834_fe8ff7-37\"]{padding-bottom:0px;margin-bottom:0px;}}<\/style>\n<h2 class=\"kt-adv-heading834_fe8ff7-37 wp-block-kadence-advancedheading has-ast-global-color-2-color has-text-color\" data-kb-block=\"kb-adv-heading834_fe8ff7-37\">83,99 \u20ac + MWST.<\/h2>\n<\/div>\n<\/div>\n\n\n\n<div data-aos= \"fade-up\" data-aos-duration=\"400\" data-aos-delay=\"0\" data-aos-easing=\"ease\" data-aos-once=\"true\" class=\"wp-block-uagb-container uagb-block-ffd0cb5c\">\n<div class=\"wp-block-uagb-container uagb-block-d6e51c18\"><\/div>\n<\/div>\n<\/div>\n\n<div class=\"wp-block-uagb-container uagb-block-aeb73a6e alignfull uagb-is-root-container\"><div class=\"uagb-container__shape uagb-container__shape-bottom uagb-container__shape-flip uagb-container__invert\" data-negative=\"false\"><svg xmlns=\"https:\/\/www.w3.org\/2000\/svg\" viewBox=\"0 0 1000 100\" preserveAspectRatio=\"none\"><path class=\"uagb-container__shape-fill\" d=\"M0,6V0h1000v100L0,6z\"><\/path><\/svg><\/div>\n<div data-aos= \"fade-up\" data-aos-duration=\"400\" data-aos-delay=\"0\" data-aos-easing=\"ease\" data-aos-once=\"true\" class=\"wp-block-uagb-container uagb-block-14395148\">\n<div class=\"wp-block-uagb-container uagb-block-57a065be\">\n<div class=\"wp-block-uagb-info-box uagb-block-f3b02e80 uagb-infobox__content-wrap  uagb-infobox_cta-type-all uagb-infobox-icon-above-title uagb-infobox-image-valign-top\"><a href=\"https:\/\/test.thehrchapter.com\/learning-development\/\" class=\"uagb-infobox-link-wrap uagb-infbox__link-to-all\" target=\"_self\" aria-label=\"Infobox Link\" rel=\"noopener noreferrer\" onclick=\"return true;\"><\/a><div class=\"uagb-ifb-content\"><div class=\"uagb-ifb-title-wrap\"><h3 class=\"uagb-ifb-title\">VIP-SERVICE:<br\/>REVOLUTION DER ARBEITSSUCHE<\/h3><\/div><p class=\"uagb-ifb-desc\">Wir stellen Ihnen unser neues Programm vor: Job Search Revolution VIP!<br\/><br\/>Erschlie\u00dfen Sie sich neue M\u00f6glichkeiten und nehmen Sie Ihre Karriere mit unserem On-Demand-Kurs selbst in die Hand. Ganz gleich, ob Sie im Ausland oder bequem von zu Hause aus arbeiten m\u00f6chten, unser umfassendes Programm bietet Ihnen die Werkzeuge und Erkenntnisse, die Sie f\u00fcr Ihren Erfolg ben\u00f6tigen. <br\/><br\/>Beginnen Sie Ihre Reise noch heute und revolutionieren Sie Ihre Jobsuche! \ud83d\ude80<\/p><div class=\"uagb-ifb-button-wrapper wp-block-button\"><\/div><\/div><\/div>\n<\/div>\n\n\n\n<div class=\"wp-block-uagb-container uagb-block-d54d16aa\">\n<div class=\"wp-block-uagb-buttons uagb-buttons__outer-wrap uagb-btn__large-btn uagb-btn-tablet__default-btn uagb-btn-mobile__default-btn uagb-block-59348a5e\"><div class=\"uagb-buttons__wrap uagb-buttons-layout-wrap \">\n<div class=\"wp-block-uagb-buttons-child uagb-buttons__outer-wrap uagb-block-4748b890 wp-block-button\"><div class=\"uagb-button__wrapper\"><a class=\"uagb-buttons-repeater wp-block-button__link\" aria-label=\"\" href=\"\/?p=3891\" rel=\"follow noopener\" target=\"_self\" role=\"button\"><span class=\"uagb-button__icon uagb-button__icon-position-before\"><svg xmlns=\"https:\/\/www.w3.org\/2000\/svg\" viewbox=\"0 0 448 512\" aria-hidden=\"true\" focussable=\"false\"><path d=\"M160 32V64H288V32C288 14.33 302.3 0 320 0C337.7 0 352 14.33 352 32V64H400C426.5 64 448 85.49 448 112V160H0V112C0 85.49 21.49 64 48 64H96V32C96 14.33 110.3 0 128 0C145.7 0 160 14.33 160 32zM0 192H448V464C448 490.5 426.5 512 400 512H48C21.49 512 0 490.5 0 464V192zM328.1 304.1C338.3 295.6 338.3 280.4 328.1 271C319.6 261.7 304.4 261.7 295 271L200 366.1L152.1 319C143.6 309.7 128.4 309.7 119 319C109.7 328.4 109.7 343.6 119 352.1L183 416.1C192.4 426.3 207.6 426.3 216.1 416.1L328.1 304.1z\"><\/path><\/svg><\/span><div class=\"uagb-button__link\">HIER KAUFEN<\/div><\/a><\/div><\/div>\n<\/div><\/div>\n\n\n<style>.wp-block-kadence-advancedheading.kt-adv-heading834_4ea28f-19, .wp-block-kadence-advancedheading.kt-adv-heading834_4ea28f-19[data-kb-block=\"kb-adv-heading834_4ea28f-19\"]{margin-bottom:0px;text-align:center;font-size:var(--global-kb-font-size-md, 1.25rem);font-style:normal;}.wp-block-kadence-advancedheading.kt-adv-heading834_4ea28f-19 mark.kt-highlight, .wp-block-kadence-advancedheading.kt-adv-heading834_4ea28f-19[data-kb-block=\"kb-adv-heading834_4ea28f-19\"] mark.kt-highlight{font-style:normal;color:#f76a0c;-webkit-box-decoration-break:clone;box-decoration-break:clone;padding-top:0px;padding-right:0px;padding-bottom:0px;padding-left:0px;}.wp-block-kadence-advancedheading.kt-adv-heading834_4ea28f-19 img.kb-inline-image, .wp-block-kadence-advancedheading.kt-adv-heading834_4ea28f-19[data-kb-block=\"kb-adv-heading834_4ea28f-19\"] img.kb-inline-image{width:150px;vertical-align:baseline;}@media all and (max-width: 767px){.wp-block-kadence-advancedheading.kt-adv-heading834_4ea28f-19, .wp-block-kadence-advancedheading.kt-adv-heading834_4ea28f-19[data-kb-block=\"kb-adv-heading834_4ea28f-19\"]{padding-bottom:0px;margin-bottom:0px;}}<\/style>\n<h2 class=\"kt-adv-heading834_4ea28f-19 wp-block-kadence-advancedheading has-ast-global-color-5-color has-text-color\" data-kb-block=\"kb-adv-heading834_4ea28f-19\">\u20ac299,99 + MWST.<\/h2>\n<\/div>\n<\/div>\n\n\n\n<div data-aos= \"fade-up\" data-aos-duration=\"400\" data-aos-delay=\"0\" data-aos-easing=\"ease\" data-aos-once=\"true\" class=\"wp-block-uagb-container uagb-block-2f2de39f\">\n<div class=\"wp-block-uagb-container uagb-block-5bdb661a\"><\/div>\n<\/div>\n<\/div>\n\n<p class=\" eplus-wrapper\"><\/p>\n","protected":false},"excerpt":{"rendered":"<p>Training zur Stellensuche On-Demand Greifen Sie JETZT auf voraufgezeichnete Online-Kurse zu , um auf dem aktuellen Arbeitsmarkt einen neuen Job [&hellip;]<\/p>\n","protected":false},"author":3,"featured_media":2945,"parent":0,"menu_order":0,"comment_status":"closed","ping_status":"closed","template":"","meta":{"_uag_custom_page_level_css":"","site-sidebar-layout":"default","site-content-layout":"","ast-site-content-layout":"","site-content-style":"default","site-sidebar-style":"default","ast-global-header-display":"","ast-banner-title-visibility":"","ast-main-header-display":"","ast-hfb-above-header-display":"","ast-hfb-below-header-display":"","ast-hfb-mobile-header-display":"","site-post-title":"disabled","ast-breadcrumbs-content":"","ast-featured-img":"disabled","footer-sml-layout":"","ast-disable-related-posts":"","theme-transparent-header-meta":"","adv-header-id-meta":"","stick-header-meta":"","header-above-stick-meta":"","header-main-stick-meta":"","header-below-stick-meta":"","astra-migrate-meta-layouts":"default","ast-page-background-enabled":"default","ast-page-background-meta":{"desktop":{"background-color":"var(--ast-global-color-4)","background-image":"","background-repeat":"repeat","background-position":"center center","background-size":"auto","background-attachment":"scroll","background-type":"","background-media":"","overlay-type":"","overlay-color":"","overlay-opacity":"","overlay-gradient":""},"tablet":{"background-color":"","background-image":"","background-repeat":"repeat","background-position":"center center","background-size":"auto","background-attachment":"scroll","background-type":"","background-media":"","overlay-type":"","overlay-color":"","overlay-opacity":"","overlay-gradient":""},"mobile":{"background-color":"","background-image":"","background-repeat":"repeat","background-position":"center center","background-size":"auto","background-attachment":"scroll","background-type":"","background-media":"","overlay-type":"","overlay-color":"","overlay-opacity":"","overlay-gradient":""}},"ast-content-background-meta":{"desktop":{"background-color":"var(--ast-global-color-5)","background-image":"","background-repeat":"repeat","background-position":"center center","background-size":"auto","background-attachment":"scroll","background-type":"","background-media":"","overlay-type":"","overlay-color":"","overlay-opacity":"","overlay-gradient":""},"tablet":{"background-color":"var(--ast-global-color-5)","background-image":"","background-repeat":"repeat","background-position":"center center","background-size":"auto","background-attachment":"scroll","background-type":"","background-media":"","overlay-type":"","overlay-color":"","overlay-opacity":"","overlay-gradient":""},"mobile":{"background-color":"var(--ast-global-color-5)","background-image":"","background-repeat":"repeat","background-position":"center center","background-size":"auto","background-attachment":"scroll","background-type":"","background-media":"","overlay-type":"","overlay-color":"","overlay-opacity":"","overlay-gradient":""}},"footnotes":""},"class_list":["post-1390","page","type-page","status-publish","has-post-thumbnail","hentry"],"uagb_featured_image_src":{"full":["https:\/\/coach4expats.com\/wp-content\/uploads\/2024\/10\/3b43e5_2a1728ea318842bc812e2d6c319784bemv2.jpg",674,934,false],"thumbnail":["https:\/\/coach4expats.com\/wp-content\/uploads\/2024\/10\/3b43e5_2a1728ea318842bc812e2d6c319784bemv2-150x150.jpg",150,150,true],"medium":["https:\/\/coach4expats.com\/wp-content\/uploads\/2024\/10\/3b43e5_2a1728ea318842bc812e2d6c319784bemv2-216x300.jpg",216,300,true],"medium_large":["https:\/\/coach4expats.com\/wp-content\/uploads\/2024\/10\/3b43e5_2a1728ea318842bc812e2d6c319784bemv2.jpg",674,934,false],"large":["https:\/\/coach4expats.com\/wp-content\/uploads\/2024\/10\/3b43e5_2a1728ea318842bc812e2d6c319784bemv2.jpg",433,600,false],"1536x1536":["https:\/\/coach4expats.com\/wp-content\/uploads\/2024\/10\/3b43e5_2a1728ea318842bc812e2d6c319784bemv2.jpg",674,934,false],"2048x2048":["https:\/\/coach4expats.com\/wp-content\/uploads\/2024\/10\/3b43e5_2a1728ea318842bc812e2d6c319784bemv2.jpg",674,934,false],"widget-thumbnail":["https:\/\/coach4expats.com\/wp-content\/uploads\/2024\/10\/3b43e5_2a1728ea318842bc812e2d6c319784bemv2-75x75.jpg",75,75,true]},"uagb_author_info":{"display_name":"Mariel Schaab","author_link":"https:\/\/coach4expats.com\/de\/author\/mariel\/"},"uagb_comment_info":0,"uagb_excerpt":"Training zur Stellensuche On-Demand Greifen Sie JETZT auf voraufgezeichnete Online-Kurse zu , um auf dem aktuellen Arbeitsmarkt einen neuen Job [&hellip;]","_links":{"self":[{"href":"https:\/\/coach4expats.com\/de\/wp-json\/wp\/v2\/pages\/1390","targetHints":{"allow":["GET"]}}],"collection":[{"href":"https:\/\/coach4expats.com\/de\/wp-json\/wp\/v2\/pages"}],"about":[{"href":"https:\/\/coach4expats.com\/de\/wp-json\/wp\/v2\/types\/page"}],"author":[{"embeddable":true,"href":"https:\/\/coach4expats.com\/de\/wp-json\/wp\/v2\/users\/3"}],"replies":[{"embeddable":true,"href":"https:\/\/coach4expats.com\/de\/wp-json\/wp\/v2\/comments?post=1390"}],"version-history":[{"count":5,"href":"https:\/\/coach4expats.com\/de\/wp-json\/wp\/v2\/pages\/1390\/revisions"}],"predecessor-version":[{"id":12829,"href":"https:\/\/coach4expats.com\/de\/wp-json\/wp\/v2\/pages\/1390\/revisions\/12829"}],"wp:featuredmedia":[{"embeddable":true,"href":"https:\/\/coach4expats.com\/de\/wp-json\/wp\/v2\/media\/2945"}],"wp:attachment":[{"href":"https:\/\/coach4expats.com\/de\/wp-json\/wp\/v2\/media?parent=1390"}],"curies":[{"name":"wp","href":"https:\/\/api.w.org\/{rel}","templated":true}]}}