{"id":1409,"date":"2024-09-27T19:35:26","date_gmt":"2024-09-27T17:35:26","guid":{"rendered":"https:\/\/coach4expats.com\/datenschutz\/"},"modified":"2026-01-15T22:14:51","modified_gmt":"2026-01-15T21:14:51","slug":"datenschutz","status":"publish","type":"page","link":"https:\/\/coach4expats.com\/de\/datenschutz\/","title":{"rendered":"Datenschutz"},"content":{"rendered":"\n<div class=\"wp-block-uagb-container uagb-block-ec05ea4f alignfull uagb-is-root-container\"><div class=\"uagb-container-inner-blocks-wrap\">\n<h2 class=\"gb-headline gb-headline-6e3d3a9e gb-headline-text\">Datenschutz<\/h2>\n\n\n<style>.wp-block-kadence-advancedheading.kt-adv-heading3_d51940-11, .wp-block-kadence-advancedheading.kt-adv-heading3_d51940-11[data-kb-block=\"kb-adv-heading3_d51940-11\"]{font-size:var(--global-kb-font-size-sm, 0.9rem);font-weight:400;font-style:normal;}.wp-block-kadence-advancedheading.kt-adv-heading3_d51940-11 mark.kt-highlight, .wp-block-kadence-advancedheading.kt-adv-heading3_d51940-11[data-kb-block=\"kb-adv-heading3_d51940-11\"] mark.kt-highlight{font-style:normal;color:#f76a0c;-webkit-box-decoration-break:clone;box-decoration-break:clone;padding-top:0px;padding-right:0px;padding-bottom:0px;padding-left:0px;}.wp-block-kadence-advancedheading.kt-adv-heading3_d51940-11 img.kb-inline-image, .wp-block-kadence-advancedheading.kt-adv-heading3_d51940-11[data-kb-block=\"kb-adv-heading3_d51940-11\"] img.kb-inline-image{width:150px;vertical-align:baseline;}<\/style>\n<p class=\"kt-adv-heading3_d51940-11 wp-block-kadence-advancedheading\" data-kb-block=\"kb-adv-heading3_d51940-11\">Diese Datenschutzerkl\u00e4rung sagt dir, wie Coach4expats deine pers\u00f6nlichen Daten sammelt, nutzt und sch\u00fctzt. Die ganze Datenverarbeitung l\u00e4uft nach der Datenschutz-Grundverordnung (DSGVO) der Europ\u00e4ischen Union.  <\/p>\n\n\n\n<p>Coach4expats mit Sitz in den Niederlanden ist der Verantwortliche f\u00fcr Ihre personenbezogenen Daten.<br\/>\u200b<br\/><strong>1. Verpflichtung zum Datenschutz<\/strong><br\/>Coach4expats verpflichtet sich, Ihre Privatsph\u00e4re zu sch\u00fctzen. Ihre pers\u00f6nlichen Daten werden mit gr\u00f6\u00dftem Respekt behandelt und nur f\u00fcr die Zwecke verwendet, f\u00fcr die sie erhoben wurden, und zwar gem\u00e4\u00df den in dieser Datenschutzrichtlinie dargelegten Richtlinien.<br\/> <br\/><strong>2. \u00c4nderungen der Richtlinie<\/strong><br\/>Coach4expats kann diese Richtlinie aktualisieren, und alle \u00c4nderungen werden auf unserer Website ver\u00f6ffentlicht. Sie werden auch \u00fcber wesentliche \u00c4nderungen informiert.<br\/> <br\/><strong>3. Wie wir Informationen sammeln<\/strong><br\/>Wenn Sie unsere Website nutzen, k\u00f6nnen wir analytische Cookies verwenden, um Informationen \u00fcber Ihre Interaktionen zu sammeln.<br\/><br\/><strong>4. Was wir sammeln<\/strong><br\/>Wenn Sie unsere Website besuchen, bitten wir Sie um Ihr Einverst\u00e4ndnis, Informationen \u00fcber Ihr Ger\u00e4t, Ihren Browser und die Navigation auf der Website zu sammeln.<br\/><br\/><strong>5. Verwendung der Daten<\/strong><br\/>Diese Informationen werden verwendet, um Trends zu analysieren, die Website zu verwalten und demografische Daten zu sammeln, um Ihre Erfahrung auf der Website zu verbessern.<br\/><br\/><strong>6. Weitergabe von Informationen<\/strong><br\/>Ihre Daten k\u00f6nnen mit Drittanbietern geteilt werden, um unsere Website zu verbessern. Wir stellen die Einhaltung der Datenschutzgesetze durch Verarbeitungsvertr\u00e4ge sicher.<br\/> <br\/><strong>7. Cookie-Verwaltung<\/strong><br\/>Sie k\u00f6nnen Cookies \u00fcber Ihre Browsereinstellungen verwalten und l\u00f6schen. Unser System reagiert m\u00f6glicherweise nicht auf Do Not Track-Anfragen.<br\/> <br\/><strong>8. Wie wir Informationen sammeln<\/strong><br\/>Informationen werden gesammelt, wenn Sie Formulare auf unserer Website ausf\u00fcllen, freiwillig Angaben machen oder sich \u00fcber externe Quellen als potenzieller Bewerber identifizieren.<br\/><br\/><strong>9. Was wir sammeln<\/strong><br\/>Wir erheben Daten, die f\u00fcr den Einstellungsprozess wichtig sind, wie z. B. Angaben zur Person, Ausbildung, Berufserfahrung und F\u00e4higkeiten.<br\/><br\/><strong>10. Verwendung der Daten<\/strong><br\/>Diese Informationen werden verwendet, um Ihre Eignung f\u00fcr eine Stelle zu beurteilen, Referenzen einzuholen und Ihnen Dienstleistungen anzubieten. Mit Ihrer Zustimmung k\u00f6nnen wir Ihre Daten auch f\u00fcr Marketingzwecke verwenden.<br\/> <br\/><strong>11. Weitergabe von Informationen<\/strong><br\/>Ihre personenbezogenen Daten werden innerhalb der EU verarbeitet und k\u00f6nnen im Rahmen von Datenverarbeitungsvertr\u00e4gen an externe Kunden und Dienstleister weitergegeben werden.<br\/><br\/><strong>12. Aufbewahrung von Daten<\/strong><br\/>Die Daten werden f\u00fcr einen bestimmten Zeitraum aufbewahrt und Sie werden kontaktiert, um Ihre Zustimmung zu erneuern.<br\/><br\/><strong>13. Zugang und Kontrolle<\/strong><br\/>Sie haben das Recht, auf Ihre pers\u00f6nlichen Daten zuzugreifen, sie zu korrigieren, zu l\u00f6schen oder ihre Verarbeitung einzuschr\u00e4nken. Sie haben die M\u00f6glichkeit, sich von Marketingmitteilungen abzumelden.<br\/> <br\/><strong>14. Sicherheit<\/strong><br\/>Coach4expats gew\u00e4hrleistet die Sicherheit Ihrer Daten durch geeignete technische und organisatorische Ma\u00dfnahmen.<br\/><br\/><strong>15. Kontakt<\/strong><br\/>Wenn Sie Fragen oder Bedenken in Bezug auf den Datenschutz haben, wenden Sie sich bitte an uns unter info@coach4expats.com.<\/p>\n<\/div><\/div>\n\n<p><\/p>\n","protected":false},"excerpt":{"rendered":"<p>Datenschutz Diese Datenschutzerkl\u00e4rung sagt dir, wie Coach4expats deine pers\u00f6nlichen Daten sammelt, nutzt und sch\u00fctzt. Die ganze Datenverarbeitung l\u00e4uft nach der [&hellip;]<\/p>\n","protected":false},"author":3,"featured_media":0,"parent":0,"menu_order":0,"comment_status":"closed","ping_status":"open","template":"","meta":{"_uag_custom_page_level_css":"","site-sidebar-layout":"default","site-content-layout":"","ast-site-content-layout":"narrow-width-container","site-content-style":"default","site-sidebar-style":"default","ast-global-header-display":"","ast-banner-title-visibility":"","ast-main-header-display":"","ast-hfb-above-header-display":"","ast-hfb-below-header-display":"","ast-hfb-mobile-header-display":"","site-post-title":"disabled","ast-breadcrumbs-content":"","ast-featured-img":"","footer-sml-layout":"","ast-disable-related-posts":"","theme-transparent-header-meta":"","adv-header-id-meta":"","stick-header-meta":"","header-above-stick-meta":"","header-main-stick-meta":"","header-below-stick-meta":"","astra-migrate-meta-layouts":"default","ast-page-background-enabled":"default","ast-page-background-meta":{"desktop":{"background-color":"var(--ast-global-color-4)","background-image":"","background-repeat":"repeat","background-position":"center center","background-size":"auto","background-attachment":"scroll","background-type":"","background-media":"","overlay-type":"","overlay-color":"","overlay-opacity":"","overlay-gradient":""},"tablet":{"background-color":"","background-image":"","background-repeat":"repeat","background-position":"center center","background-size":"auto","background-attachment":"scroll","background-type":"","background-media":"","overlay-type":"","overlay-color":"","overlay-opacity":"","overlay-gradient":""},"mobile":{"background-color":"","background-image":"","background-repeat":"repeat","background-position":"center center","background-size":"auto","background-attachment":"scroll","background-type":"","background-media":"","overlay-type":"","overlay-color":"","overlay-opacity":"","overlay-gradient":""}},"ast-content-background-meta":{"desktop":{"background-color":"var(--ast-global-color-5)","background-image":"","background-repeat":"repeat","background-position":"center center","background-size":"auto","background-attachment":"scroll","background-type":"","background-media":"","overlay-type":"","overlay-color":"","overlay-opacity":"","overlay-gradient":""},"tablet":{"background-color":"var(--ast-global-color-5)","background-image":"","background-repeat":"repeat","background-position":"center center","background-size":"auto","background-attachment":"scroll","background-type":"","background-media":"","overlay-type":"","overlay-color":"","overlay-opacity":"","overlay-gradient":""},"mobile":{"background-color":"var(--ast-global-color-5)","background-image":"","background-repeat":"repeat","background-position":"center center","background-size":"auto","background-attachment":"scroll","background-type":"","background-media":"","overlay-type":"","overlay-color":"","overlay-opacity":"","overlay-gradient":""}},"footnotes":""},"class_list":["post-1409","page","type-page","status-publish","hentry"],"uagb_featured_image_src":{"full":false,"thumbnail":false,"medium":false,"medium_large":false,"large":false,"1536x1536":false,"2048x2048":false,"widget-thumbnail":false},"uagb_author_info":{"display_name":"Mariel Schaab","author_link":"https:\/\/coach4expats.com\/de\/author\/mariel\/"},"uagb_comment_info":0,"uagb_excerpt":"Datenschutz Diese Datenschutzerkl\u00e4rung sagt dir, wie Coach4expats deine pers\u00f6nlichen Daten sammelt, nutzt und sch\u00fctzt. Die ganze Datenverarbeitung l\u00e4uft nach der [&hellip;]","_links":{"self":[{"href":"https:\/\/coach4expats.com\/de\/wp-json\/wp\/v2\/pages\/1409","targetHints":{"allow":["GET"]}}],"collection":[{"href":"https:\/\/coach4expats.com\/de\/wp-json\/wp\/v2\/pages"}],"about":[{"href":"https:\/\/coach4expats.com\/de\/wp-json\/wp\/v2\/types\/page"}],"author":[{"embeddable":true,"href":"https:\/\/coach4expats.com\/de\/wp-json\/wp\/v2\/users\/3"}],"replies":[{"embeddable":true,"href":"https:\/\/coach4expats.com\/de\/wp-json\/wp\/v2\/comments?post=1409"}],"version-history":[{"count":5,"href":"https:\/\/coach4expats.com\/de\/wp-json\/wp\/v2\/pages\/1409\/revisions"}],"predecessor-version":[{"id":17530,"href":"https:\/\/coach4expats.com\/de\/wp-json\/wp\/v2\/pages\/1409\/revisions\/17530"}],"wp:attachment":[{"href":"https:\/\/coach4expats.com\/de\/wp-json\/wp\/v2\/media?parent=1409"}],"curies":[{"name":"wp","href":"https:\/\/api.w.org\/{rel}","templated":true}]}}