{"id":1419,"date":"2024-10-02T02:39:04","date_gmt":"2024-10-02T00:39:04","guid":{"rendered":"https:\/\/coach4expats.com\/erstattung\/"},"modified":"2025-04-14T16:40:15","modified_gmt":"2025-04-14T14:40:15","slug":"erstattung","status":"publish","type":"page","link":"https:\/\/coach4expats.com\/de\/erstattung\/","title":{"rendered":"Erstattung"},"content":{"rendered":"\n<div class=\"wp-block-uagb-container uagb-block-ec05ea4f alignfull uagb-is-root-container\"><div class=\"uagb-container-inner-blocks-wrap\">\n<h2 class=\"gb-headline gb-headline-6e3d3a9e gb-headline-text\">Erstattung<\/h2>\n\n\n<style>.wp-block-kadence-advancedheading.kt-adv-heading1000_8ee076-23, .wp-block-kadence-advancedheading.kt-adv-heading1000_8ee076-23[data-kb-block=\"kb-adv-heading1000_8ee076-23\"]{font-size:var(--global-kb-font-size-sm, 0.9rem);font-weight:400;font-style:normal;}.wp-block-kadence-advancedheading.kt-adv-heading1000_8ee076-23 mark.kt-highlight, .wp-block-kadence-advancedheading.kt-adv-heading1000_8ee076-23[data-kb-block=\"kb-adv-heading1000_8ee076-23\"] mark.kt-highlight{font-style:normal;color:#f76a0c;-webkit-box-decoration-break:clone;box-decoration-break:clone;padding-top:0px;padding-right:0px;padding-bottom:0px;padding-left:0px;}.wp-block-kadence-advancedheading.kt-adv-heading1000_8ee076-23 img.kb-inline-image, .wp-block-kadence-advancedheading.kt-adv-heading1000_8ee076-23[data-kb-block=\"kb-adv-heading1000_8ee076-23\"] img.kb-inline-image{width:150px;vertical-align:baseline;}<\/style>\n<p class=\"kt-adv-heading1000_8ee076-23 wp-block-kadence-advancedheading\" data-kb-block=\"kb-adv-heading1000_8ee076-23\">Alle R\u00fcckgaben m\u00fcssen innerhalb von 14 Tagen nach dem Online-Kaufdatum erfolgen. Wenn Sie einen in unserem Online-Shop gekauften Artikel zur\u00fcckgeben m\u00f6chten, senden Sie bitte eine E-Mail an den Kundendienst unter info@coach4expats.com, um eine RMA-Nummer (Return Merchandise Authorization) zu erhalten. Sobald Sie eine RMA-Nummer erhalten haben, senden Sie bitte den Kaufbeleg an die angegebene E-Mail-Adresse. Die Bearbeitung Ihrer R\u00fccksendung dauert mindestens 6 Tage ab Erhalt des Artikels. Je nach Kreditkartenunternehmen kann es 1 bis 2 Abrechnungszyklen dauern, bis die R\u00fcckerstattung auf Ihrer Kreditkartenabrechnung erscheint. Wir werden Sie per E-Mail benachrichtigen, wenn Ihre R\u00fccksendung bearbeitet wurde.<br\/><br\/> Wenn Sie Fragen zu unserem R\u00fcckgaberecht f\u00fcr Online-K\u00e4ufe haben, kontaktieren Sie uns bitte unter: +31 6 1463 0463 oder <strong><a href=\"mailto:info@coach4expats.com\">info@coach4expats.com<\/a><\/strong>.     <\/p>\n<\/div><\/div>\n\n<p><\/p>\n","protected":false},"excerpt":{"rendered":"<p>Erstattung Alle R\u00fcckgaben m\u00fcssen innerhalb von 14 Tagen nach dem Online-Kaufdatum erfolgen. Wenn Sie einen in unserem Online-Shop gekauften Artikel [&hellip;]<\/p>\n","protected":false},"author":3,"featured_media":0,"parent":0,"menu_order":0,"comment_status":"closed","ping_status":"open","template":"","meta":{"_uag_custom_page_level_css":"","site-sidebar-layout":"default","site-content-layout":"","ast-site-content-layout":"normal-width-container","site-content-style":"default","site-sidebar-style":"default","ast-global-header-display":"","ast-banner-title-visibility":"","ast-main-header-display":"","ast-hfb-above-header-display":"","ast-hfb-below-header-display":"","ast-hfb-mobile-header-display":"","site-post-title":"disabled","ast-breadcrumbs-content":"","ast-featured-img":"","footer-sml-layout":"","ast-disable-related-posts":"","theme-transparent-header-meta":"","adv-header-id-meta":"","stick-header-meta":"","header-above-stick-meta":"","header-main-stick-meta":"","header-below-stick-meta":"","astra-migrate-meta-layouts":"default","ast-page-background-enabled":"default","ast-page-background-meta":{"desktop":{"background-color":"var(--ast-global-color-4)","background-image":"","background-repeat":"repeat","background-position":"center center","background-size":"auto","background-attachment":"scroll","background-type":"","background-media":"","overlay-type":"","overlay-color":"","overlay-opacity":"","overlay-gradient":""},"tablet":{"background-color":"","background-image":"","background-repeat":"repeat","background-position":"center center","background-size":"auto","background-attachment":"scroll","background-type":"","background-media":"","overlay-type":"","overlay-color":"","overlay-opacity":"","overlay-gradient":""},"mobile":{"background-color":"","background-image":"","background-repeat":"repeat","background-position":"center center","background-size":"auto","background-attachment":"scroll","background-type":"","background-media":"","overlay-type":"","overlay-color":"","overlay-opacity":"","overlay-gradient":""}},"ast-content-background-meta":{"desktop":{"background-color":"var(--ast-global-color-5)","background-image":"","background-repeat":"repeat","background-position":"center center","background-size":"auto","background-attachment":"scroll","background-type":"","background-media":"","overlay-type":"","overlay-color":"","overlay-opacity":"","overlay-gradient":""},"tablet":{"background-color":"var(--ast-global-color-5)","background-image":"","background-repeat":"repeat","background-position":"center center","background-size":"auto","background-attachment":"scroll","background-type":"","background-media":"","overlay-type":"","overlay-color":"","overlay-opacity":"","overlay-gradient":""},"mobile":{"background-color":"var(--ast-global-color-5)","background-image":"","background-repeat":"repeat","background-position":"center center","background-size":"auto","background-attachment":"scroll","background-type":"","background-media":"","overlay-type":"","overlay-color":"","overlay-opacity":"","overlay-gradient":""}},"footnotes":""},"class_list":["post-1419","page","type-page","status-publish","hentry"],"uagb_featured_image_src":{"full":false,"thumbnail":false,"medium":false,"medium_large":false,"large":false,"1536x1536":false,"2048x2048":false,"widget-thumbnail":false},"uagb_author_info":{"display_name":"Mariel Schaab","author_link":"https:\/\/coach4expats.com\/de\/author\/mariel\/"},"uagb_comment_info":0,"uagb_excerpt":"Erstattung Alle R\u00fcckgaben m\u00fcssen innerhalb von 14 Tagen nach dem Online-Kaufdatum erfolgen. Wenn Sie einen in unserem Online-Shop gekauften Artikel [&hellip;]","_links":{"self":[{"href":"https:\/\/coach4expats.com\/de\/wp-json\/wp\/v2\/pages\/1419","targetHints":{"allow":["GET"]}}],"collection":[{"href":"https:\/\/coach4expats.com\/de\/wp-json\/wp\/v2\/pages"}],"about":[{"href":"https:\/\/coach4expats.com\/de\/wp-json\/wp\/v2\/types\/page"}],"author":[{"embeddable":true,"href":"https:\/\/coach4expats.com\/de\/wp-json\/wp\/v2\/users\/3"}],"replies":[{"embeddable":true,"href":"https:\/\/coach4expats.com\/de\/wp-json\/wp\/v2\/comments?post=1419"}],"version-history":[{"count":4,"href":"https:\/\/coach4expats.com\/de\/wp-json\/wp\/v2\/pages\/1419\/revisions"}],"predecessor-version":[{"id":12855,"href":"https:\/\/coach4expats.com\/de\/wp-json\/wp\/v2\/pages\/1419\/revisions\/12855"}],"wp:attachment":[{"href":"https:\/\/coach4expats.com\/de\/wp-json\/wp\/v2\/media?parent=1419"}],"curies":[{"name":"wp","href":"https:\/\/api.w.org\/{rel}","templated":true}]}}