{"id":1439,"date":"2024-10-02T12:32:12","date_gmt":"2024-10-02T10:32:12","guid":{"rendered":"https:\/\/coach4expats.com\/erfolgreiche-interviews-mit-expatriates\/"},"modified":"2025-04-14T17:13:40","modified_gmt":"2025-04-14T15:13:40","slug":"erfolgreiche-interviews-mit-expatriates","status":"publish","type":"page","link":"https:\/\/coach4expats.com\/de\/erfolgreiche-interviews-mit-expatriates\/","title":{"rendered":"Erfolgreiche Interviews mit Expatriates"},"content":{"rendered":"\n<div class=\"wp-block-uagb-container uagb-block-2b5d30df alignfull uagb-is-root-container\">\n<div class=\"wp-block-uagb-container uagb-block-98f35fb6\">\n<div data-aos= \"zoom-in-up\" data-aos-duration=\"400\" data-aos-delay=\"0\" data-aos-easing=\"ease\" data-aos-once=\"true\" class=\"wp-block-uagb-info-box uagb-block-789ca1ae uagb-infobox__content-wrap  uagb-infobox-icon-above-title uagb-infobox-image-valign-top\"><div class=\"uagb-ifb-content\"><div class=\"uagb-ifb-title-wrap\"><h1 class=\"uagb-ifb-title\">Erfolgreiche Interviews mit Expatriates<\/h1><\/div><p class=\"uagb-ifb-desc\">Bereiten Sie sich selbstbewusst und kompetent auf Vorstellungsgespr\u00e4che in mehreren Sprachen vor, indem Sie unsere speziellen Schulungen und Ressourcen nutzen.<\/p><\/div><\/div>\n\n\n\n<div class=\"wp-block-uagb-container uagb-block-d4fcf435\"><style>.wp-block-kadence-advancedheading.kt-adv-heading1057_f9f5d9-74, .wp-block-kadence-advancedheading.kt-adv-heading1057_f9f5d9-74[data-kb-block=\"kb-adv-heading1057_f9f5d9-74\"]{margin-bottom:0px;text-align:center;font-size:var(--global-kb-font-size-md, 1.25rem);font-style:normal;}.wp-block-kadence-advancedheading.kt-adv-heading1057_f9f5d9-74 mark.kt-highlight, .wp-block-kadence-advancedheading.kt-adv-heading1057_f9f5d9-74[data-kb-block=\"kb-adv-heading1057_f9f5d9-74\"] mark.kt-highlight{font-style:normal;color:#f76a0c;-webkit-box-decoration-break:clone;box-decoration-break:clone;padding-top:0px;padding-right:0px;padding-bottom:0px;padding-left:0px;}.wp-block-kadence-advancedheading.kt-adv-heading1057_f9f5d9-74 img.kb-inline-image, .wp-block-kadence-advancedheading.kt-adv-heading1057_f9f5d9-74[data-kb-block=\"kb-adv-heading1057_f9f5d9-74\"] img.kb-inline-image{width:150px;vertical-align:baseline;}@media all and (max-width: 767px){.wp-block-kadence-advancedheading.kt-adv-heading1057_f9f5d9-74, .wp-block-kadence-advancedheading.kt-adv-heading1057_f9f5d9-74[data-kb-block=\"kb-adv-heading1057_f9f5d9-74\"]{padding-bottom:0px;margin-bottom:0px;}}<\/style>\n<h2 class=\"kt-adv-heading1057_f9f5d9-74 wp-block-kadence-advancedheading has-ast-global-color-3-color has-text-color\" data-kb-block=\"kb-adv-heading1057_f9f5d9-74\">\u20ac159,99 + MWST.<\/h2>\n<\/div>\n<\/div>\n\n\n\n<div data-aos= \"zoom-in-up\" data-aos-duration=\"400\" data-aos-delay=\"0\" data-aos-easing=\"ease\" data-aos-once=\"true\" class=\"wp-block-uagb-container uagb-block-27e6153e\"><\/div>\n<\/div>\n\n<div class=\"wp-block-uagb-container uagb-block-5b7b18c7 alignfull uagb-is-root-container\"><div class=\"uagb-container-inner-blocks-wrap\">\n<div data-aos= \"zoom-in-up\" data-aos-duration=\"400\" data-aos-delay=\"0\" data-aos-easing=\"ease\" data-aos-once=\"true\" class=\"wp-block-uagb-container uagb-block-3f7988e4\">\n<p class=\" eplus-wrapper\"><strong>Vorteile:<\/strong><br\/><br\/>Vorbereitung von effektiven Antworten.<br\/>Beherrschung eines spezifischen Wortschatzes.<br\/>Zugang zu speziellen Werkzeugen, die es Ihnen erm\u00f6glichen, in verschiedenen Situationen zu brillieren und effektiv zu kommunizieren.<br\/>Zugang zu Ressourcen, um in einem Vorstellungsgespr\u00e4ch zu gl\u00e4nzen.<br\/>\u2b06\ufe0f Sichern Sie sich den Erfolg bei Ihrer internationalen Arbeitssuche.<br\/>Beinhaltet 1 (eine) personalisierte Coaching-Sitzung.<br\/><br\/>Sind Sie bereit, in Ihren internationalen Vorstellungsgespr\u00e4chen zu gl\u00e4nzen und Ihren beruflichen Erfolg zu sichern? Nehmen Sie jetzt an unserem Service ERFOLGREICHE VORSTELLUNGEN F\u00dcR EXPATRIATEN teil und stellen Sie sich jeder Herausforderung mit Zuversicht! <\/p>\n<\/div>\n\n\n\n<div class=\"wp-block-uagb-container uagb-block-a8cba11f\">\n<div class=\"wp-block-uagb-buttons uagb-buttons__outer-wrap uagb-btn__default-btn uagb-btn-tablet__default-btn uagb-btn-mobile__default-btn uagb-block-95671405\"><div class=\"uagb-buttons__wrap uagb-buttons-layout-wrap \">\n<div data-aos= \"zoom-in-up\" data-aos-duration=\"400\" data-aos-delay=\"0\" data-aos-easing=\"ease\" data-aos-once=\"true\" class=\"wp-block-uagb-buttons-child uagb-buttons__outer-wrap uagb-block-fe27e861 wp-block-button\"><div class=\"uagb-button__wrapper\"><a class=\"uagb-buttons-repeater wp-block-button__link\" aria-label=\"\" href=\"https:\/\/coach4expats.com\/wp-content\/uploads\/2025\/03\/Coach4Expats-Services-Overview-German.pdf\" rel=\"follow noopener\" target=\"_blank\" role=\"button\"><div class=\"uagb-button__link\">DIENSTLEISTUNGSBROSCH\u00dcRE<\/div><\/a><\/div><\/div>\n\n\n\n<div data-aos= \"zoom-in-up\" data-aos-duration=\"400\" data-aos-delay=\"0\" data-aos-easing=\"ease\" data-aos-once=\"true\" class=\"wp-block-uagb-buttons-child uagb-buttons__outer-wrap uagb-block-4cbb13ac wp-block-button\"><div class=\"uagb-button__wrapper\"><a class=\"uagb-buttons-repeater wp-block-button__link\" aria-label=\"\" href=\"https:\/\/coach4expats.com\/wp-content\/uploads\/2025\/03\/Coach4expats-How-we-work-German.pdf\" rel=\"follow noopener\" target=\"_blank\" role=\"button\"><div class=\"uagb-button__link\">ARBEITSMETHODIK<\/div><\/a><\/div><\/div>\n<\/div><\/div>\n<\/div>\n<\/div><\/div>\n\n<div class=\"wp-block-uagb-container uagb-block-0b94198b alignfull uagb-is-root-container\"><div class=\"uagb-container-inner-blocks-wrap\">\n<p class=\" has-text-align-center eplus-wrapper\"><strong>WICHTIG: ALLE BUCHUNGEN AUF DIESER WEBSITE BEZIEHEN SICH AUF DIE FOLGENDE ZEITZONE: <br\/>Amsterdam MEZ (UTC +1)<\/strong><\/p>\n\n\n\n<div class=\"wp-block-uagb-container uagb-block-a8bea360 alignwide uagb-is-root-container\">\n<div class=\"wp-block-booknetic-booking\">[booknetic service=&#8220;6&#8243; location=&#8220;2&#8243;]<\/div>\n<\/div>\n<\/div><\/div>\n","protected":false},"excerpt":{"rendered":"<p>\u20ac159,99 + MWST. Vorteile: Vorbereitung von effektiven Antworten.Beherrschung eines spezifischen Wortschatzes.Zugang zu speziellen Werkzeugen, die es Ihnen erm\u00f6glichen, in verschiedenen [&hellip;]<\/p>\n","protected":false},"author":3,"featured_media":3213,"parent":0,"menu_order":0,"comment_status":"closed","ping_status":"closed","template":"","meta":{"_uag_custom_page_level_css":"","site-sidebar-layout":"default","site-content-layout":"","ast-site-content-layout":"full-width-container","site-content-style":"default","site-sidebar-style":"default","ast-global-header-display":"","ast-banner-title-visibility":"","ast-main-header-display":"","ast-hfb-above-header-display":"","ast-hfb-below-header-display":"","ast-hfb-mobile-header-display":"","site-post-title":"disabled","ast-breadcrumbs-content":"","ast-featured-img":"disabled","footer-sml-layout":"","ast-disable-related-posts":"","theme-transparent-header-meta":"","adv-header-id-meta":"","stick-header-meta":"","header-above-stick-meta":"","header-main-stick-meta":"","header-below-stick-meta":"","astra-migrate-meta-layouts":"default","ast-page-background-enabled":"default","ast-page-background-meta":{"desktop":{"background-color":"var(--ast-global-color-4)","background-image":"","background-repeat":"repeat","background-position":"center center","background-size":"auto","background-attachment":"scroll","background-type":"","background-media":"","overlay-type":"","overlay-color":"","overlay-opacity":"","overlay-gradient":""},"tablet":{"background-color":"","background-image":"","background-repeat":"repeat","background-position":"center center","background-size":"auto","background-attachment":"scroll","background-type":"","background-media":"","overlay-type":"","overlay-color":"","overlay-opacity":"","overlay-gradient":""},"mobile":{"background-color":"","background-image":"","background-repeat":"repeat","background-position":"center center","background-size":"auto","background-attachment":"scroll","background-type":"","background-media":"","overlay-type":"","overlay-color":"","overlay-opacity":"","overlay-gradient":""}},"ast-content-background-meta":{"desktop":{"background-color":"var(--ast-global-color-5)","background-image":"","background-repeat":"repeat","background-position":"center center","background-size":"auto","background-attachment":"scroll","background-type":"","background-media":"","overlay-type":"","overlay-color":"","overlay-opacity":"","overlay-gradient":""},"tablet":{"background-color":"var(--ast-global-color-5)","background-image":"","background-repeat":"repeat","background-position":"center center","background-size":"auto","background-attachment":"scroll","background-type":"","background-media":"","overlay-type":"","overlay-color":"","overlay-opacity":"","overlay-gradient":""},"mobile":{"background-color":"var(--ast-global-color-5)","background-image":"","background-repeat":"repeat","background-position":"center center","background-size":"auto","background-attachment":"scroll","background-type":"","background-media":"","overlay-type":"","overlay-color":"","overlay-opacity":"","overlay-gradient":""}},"footnotes":""},"class_list":["post-1439","page","type-page","status-publish","has-post-thumbnail","hentry"],"uagb_featured_image_src":{"full":["https:\/\/coach4expats.com\/wp-content\/uploads\/2024\/11\/a-diverse-group-of-coworkers-in-a-modern-office-engaged-in-teamwork-using-technology.-3182826-scaled.jpg",2560,1707,false],"thumbnail":["https:\/\/coach4expats.com\/wp-content\/uploads\/2024\/11\/a-diverse-group-of-coworkers-in-a-modern-office-engaged-in-teamwork-using-technology.-3182826-150x150.jpg",150,150,true],"medium":["https:\/\/coach4expats.com\/wp-content\/uploads\/2024\/11\/a-diverse-group-of-coworkers-in-a-modern-office-engaged-in-teamwork-using-technology.-3182826-300x200.jpg",300,200,true],"medium_large":["https:\/\/coach4expats.com\/wp-content\/uploads\/2024\/11\/a-diverse-group-of-coworkers-in-a-modern-office-engaged-in-teamwork-using-technology.-3182826-768x512.jpg",768,512,true],"large":["https:\/\/coach4expats.com\/wp-content\/uploads\/2024\/11\/a-diverse-group-of-coworkers-in-a-modern-office-engaged-in-teamwork-using-technology.-3182826-1024x683.jpg",800,534,true],"1536x1536":["https:\/\/coach4expats.com\/wp-content\/uploads\/2024\/11\/a-diverse-group-of-coworkers-in-a-modern-office-engaged-in-teamwork-using-technology.-3182826-1536x1024.jpg",1536,1024,true],"2048x2048":["https:\/\/coach4expats.com\/wp-content\/uploads\/2024\/11\/a-diverse-group-of-coworkers-in-a-modern-office-engaged-in-teamwork-using-technology.-3182826-2048x1365.jpg",2048,1365,true],"widget-thumbnail":["https:\/\/coach4expats.com\/wp-content\/uploads\/2024\/11\/a-diverse-group-of-coworkers-in-a-modern-office-engaged-in-teamwork-using-technology.-3182826-75x75.jpg",75,75,true]},"uagb_author_info":{"display_name":"Mariel Schaab","author_link":"https:\/\/coach4expats.com\/de\/author\/mariel\/"},"uagb_comment_info":0,"uagb_excerpt":"\u20ac159,99 + MWST. Vorteile: Vorbereitung von effektiven Antworten.Beherrschung eines spezifischen Wortschatzes.Zugang zu speziellen Werkzeugen, die es Ihnen erm\u00f6glichen, in verschiedenen [&hellip;]","_links":{"self":[{"href":"https:\/\/coach4expats.com\/de\/wp-json\/wp\/v2\/pages\/1439","targetHints":{"allow":["GET"]}}],"collection":[{"href":"https:\/\/coach4expats.com\/de\/wp-json\/wp\/v2\/pages"}],"about":[{"href":"https:\/\/coach4expats.com\/de\/wp-json\/wp\/v2\/types\/page"}],"author":[{"embeddable":true,"href":"https:\/\/coach4expats.com\/de\/wp-json\/wp\/v2\/users\/3"}],"replies":[{"embeddable":true,"href":"https:\/\/coach4expats.com\/de\/wp-json\/wp\/v2\/comments?post=1439"}],"version-history":[{"count":5,"href":"https:\/\/coach4expats.com\/de\/wp-json\/wp\/v2\/pages\/1439\/revisions"}],"predecessor-version":[{"id":12881,"href":"https:\/\/coach4expats.com\/de\/wp-json\/wp\/v2\/pages\/1439\/revisions\/12881"}],"wp:featuredmedia":[{"embeddable":true,"href":"https:\/\/coach4expats.com\/de\/wp-json\/wp\/v2\/media\/3213"}],"wp:attachment":[{"href":"https:\/\/coach4expats.com\/de\/wp-json\/wp\/v2\/media?parent=1439"}],"curies":[{"name":"wp","href":"https:\/\/api.w.org\/{rel}","templated":true}]}}