{"id":5602,"date":"2025-01-04T07:00:52","date_gmt":"2025-01-04T06:00:52","guid":{"rendered":"https:\/\/coach4expats.com\/unterstuetzung-bei-der-stellensuche-durch-partner-dual-career\/"},"modified":"2025-04-14T16:23:15","modified_gmt":"2025-04-14T14:23:15","slug":"unterstuetzung-bei-der-stellensuche-durch-partner-dual-career","status":"publish","type":"page","link":"https:\/\/coach4expats.com\/de\/unterstuetzung-bei-der-stellensuche-durch-partner-dual-career\/","title":{"rendered":"Unterst\u00fctzung bei der Stellensuche durch Partner (Dual Career)"},"content":{"rendered":"\n<div class=\"wp-block-uagb-container uagb-block-2b5d30df alignfull uagb-is-root-container\"><div class=\"uagb-container-inner-blocks-wrap\">\n<div class=\"wp-block-uagb-container uagb-block-98f35fb6\">\n<div data-aos= \"fade-up\" data-aos-duration=\"400\" data-aos-delay=\"0\" data-aos-easing=\"ease\" data-aos-once=\"true\" class=\"wp-block-uagb-info-box uagb-block-789ca1ae uagb-infobox__content-wrap  uagb-infobox-icon-above-title uagb-infobox-image-valign-top\"><div class=\"uagb-ifb-content\"><div class=\"uagb-ifb-title-wrap\"><h1 class=\"uagb-ifb-title\">Partner Unterst\u00fctzung bei der Stellensuche <br\/>(Dual Career)<\/h1><\/div><p class=\"uagb-ifb-desc\">Ziehen Sie in ein neues Land, weil Ihr Partner (Ehemann oder Ehefrau) einen neuen Job im Ausland bekommen hat?<br\/><br\/>Wir helfen Ihnen bei der Suche nach einem neuen Job und bereiten Sie auf den neuen Arbeitsmarkt vor.<\/p><\/div><\/div>\n\n\n\n<div class=\"wp-block-uagb-container uagb-block-d4fcf435\"><style>.wp-block-kadence-advancedheading.kt-adv-heading5591_0f12a1-b8, .wp-block-kadence-advancedheading.kt-adv-heading5591_0f12a1-b8[data-kb-block=\"kb-adv-heading5591_0f12a1-b8\"]{margin-bottom:0px;text-align:center;font-size:var(--global-kb-font-size-md, 1.25rem);font-style:normal;}.wp-block-kadence-advancedheading.kt-adv-heading5591_0f12a1-b8 mark.kt-highlight, .wp-block-kadence-advancedheading.kt-adv-heading5591_0f12a1-b8[data-kb-block=\"kb-adv-heading5591_0f12a1-b8\"] mark.kt-highlight{font-style:normal;color:#f76a0c;-webkit-box-decoration-break:clone;box-decoration-break:clone;padding-top:0px;padding-right:0px;padding-bottom:0px;padding-left:0px;}.wp-block-kadence-advancedheading.kt-adv-heading5591_0f12a1-b8 img.kb-inline-image, .wp-block-kadence-advancedheading.kt-adv-heading5591_0f12a1-b8[data-kb-block=\"kb-adv-heading5591_0f12a1-b8\"] img.kb-inline-image{width:150px;vertical-align:baseline;}@media all and (max-width: 767px){.wp-block-kadence-advancedheading.kt-adv-heading5591_0f12a1-b8, .wp-block-kadence-advancedheading.kt-adv-heading5591_0f12a1-b8[data-kb-block=\"kb-adv-heading5591_0f12a1-b8\"]{padding-bottom:0px;margin-bottom:0px;}}<\/style>\n<h2 class=\"kt-adv-heading5591_0f12a1-b8 wp-block-kadence-advancedheading has-ast-global-color-3-color has-text-color\" data-kb-block=\"kb-adv-heading5591_0f12a1-b8\">699,99 \u20ac + MWST.<\/h2>\n<\/div>\n<\/div>\n\n\n\n<div data-aos= \"fade-up\" data-aos-duration=\"400\" data-aos-delay=\"0\" data-aos-easing=\"ease\" data-aos-once=\"true\" class=\"wp-block-uagb-container uagb-block-27e6153e\"><\/div>\n<\/div><\/div>\n\n<div class=\"wp-block-uagb-container uagb-block-5b7b18c7 alignfull uagb-is-root-container\"><div class=\"uagb-container-inner-blocks-wrap\">\n<div data-aos= \"zoom-in-up\" data-aos-duration=\"400\" data-aos-delay=\"0\" data-aos-easing=\"ease\" data-aos-once=\"true\" class=\"wp-block-uagb-container uagb-block-3f7988e4\">\n<p class=\" eplus-wrapper\">\ud83d\ude80 Erhalten Sie Zugang zu einem 3-monatigen Programm, das Folgendes beinhaltet: Masterclass zur Jobsuche, eine exklusive Expats-Community, Lebenslaufvorlagen und professionelle Bewertungen, um Ihr Profil hervorzuheben. Werden Sie Mitglied unserer exklusiven Community und erhalten Sie pers\u00f6nliche Beratung, Ressourcen f\u00fcr Vorstellungsgespr\u00e4che und Networking. Au\u00dferdem genie\u00dfen Sie Premium-Vorteile wie LinkedIn PRO und Coaching zur beruflichen Neuorientierung.  <\/p>\n\n\n\n<p class=\" eplus-wrapper\"><strong>Vorteile:<\/strong><br\/>\ud83d\udcda Zugang zur 140-min\u00fctigen Job Search Masterclass (aufgezeichnet, online).<br\/>\ud83e\uddd1\u200d\ud83e\uddd1\u200d\ud83e\uddd2 Zugang zur weltweit gr\u00f6\u00dften Expat-Gemeinschaft<br\/>\ud83e\udd1d 3-monatiges \u00dcbergangs- und Unterst\u00fctzungsprogramm<br\/>\ud83d\udcc4 Lebenslaufvorlagen <br\/>\u2705 Erstellung und \u00dcberarbeitung von Lebensl\u00e4ufen | Unterst\u00fctzung beim Schreiben von Lebensl\u00e4ufen<br\/>\ud83c\udf10 Zugang zur exklusiven Gemeinschaft f\u00fcr Kunden.<br\/>Erstellung und \u00dcberarbeitung von Motivationsschreiben. <br\/>\ud83d\udcca Erstellung und \u00dcberarbeitung des Business Case <br\/>\ud83d\udcbc Interview Coaching Session und Ressourcen f\u00fcr Vorstellungsgespr\u00e4che.<br\/>Ressourcen zum Aufbau von Jobnetzwerken und Kontaktnetzwerken<br\/> LinkedIn PRO: Ihr LinkedIn-Profil wird gl\u00e4nzen!<br\/>Coaching f\u00fcr berufliche Neuorientierung und Berufsberatung. <br\/>Premium-VIP-Zugang zur Jobsuchplattform der Zukunft: JOB SEARCH REVOLUTION Service. <\/p>\n\n\n\n<p class=\" eplus-wrapper\"><strong>Der Plan &#8218;Job Search Revolution&#8216; beinhaltet: <\/strong><br\/>\u2705 Zugang zu 1 (einer) Stunde Online-Kurs zur Einrichtung von Job Search Revolution.<br\/>\u2705 Sequenzvorlagen f\u00fcr die Automatisierung.<br\/>\u2705 1 (eine) personalisierte Job-Coaching-Sitzung f\u00fcr die Einrichtung und Durchf\u00fchrung des Programms.<br\/>\u2705 1 (ein) Monat Unterst\u00fctzung und Nachbereitung durch das Coach4Expats-Team.<\/p>\n\n\n\n<p class=\" eplus-wrapper\">Sind Sie bereit, Ihre Stellensuche zu ver\u00e4ndern und mit unserem exklusiven Dual Career Programm f\u00fcr Expat-Ehepartner neue berufliche H\u00f6hen zu erreichen? Stellen Sie jetzt ein und starten Sie in Ihre berufliche Zukunft! <\/p>\n<\/div>\n\n\n\n<div class=\"wp-block-uagb-container uagb-block-a8cba11f\">\n<div class=\"wp-block-uagb-buttons uagb-buttons__outer-wrap uagb-btn__default-btn uagb-btn-tablet__default-btn uagb-btn-mobile__default-btn uagb-block-9b7f2fac\"><div class=\"uagb-buttons__wrap uagb-buttons-layout-wrap \">\n<div data-aos= \"zoom-in-up\" data-aos-duration=\"400\" data-aos-delay=\"0\" data-aos-easing=\"ease\" data-aos-once=\"true\" class=\"wp-block-uagb-buttons-child uagb-buttons__outer-wrap uagb-block-9b6df595 wp-block-button\"><div class=\"uagb-button__wrapper\"><a class=\"uagb-buttons-repeater wp-block-button__link\" aria-label=\"\" href=\"https:\/\/coach4expats.com\/wp-content\/uploads\/2025\/03\/Coach4Expats-Services-Overview-German.pdf\" rel=\"follow noopener\" target=\"_blank\" role=\"button\"><div class=\"uagb-button__link\">DIENSTLEISTUNGSBROSCH\u00dcRE<\/div><\/a><\/div><\/div>\n\n\n\n<div data-aos= \"zoom-in-up\" data-aos-duration=\"400\" data-aos-delay=\"0\" data-aos-easing=\"ease\" data-aos-once=\"true\" class=\"wp-block-uagb-buttons-child uagb-buttons__outer-wrap uagb-block-e3bac896 wp-block-button\"><div class=\"uagb-button__wrapper\"><a class=\"uagb-buttons-repeater wp-block-button__link\" aria-label=\"\" href=\"https:\/\/coach4expats.com\/wp-content\/uploads\/2025\/03\/Coach4expats-How-we-work-German.pdf\" rel=\"follow noopener\" target=\"_blank\" role=\"button\"><div class=\"uagb-button__link\">ARBEITSMETHODIK<\/div><\/a><\/div><\/div>\n<\/div><\/div>\n<\/div>\n<\/div><\/div>\n\n<div class=\"wp-block-uagb-container uagb-block-f26e91e5 alignfull uagb-is-root-container\">\n<div class=\"wp-block-uagb-container uagb-block-f02df754\">\n<div class=\"wp-block-uagb-advanced-heading uagb-block-04ac5cb8\"><h2 class=\"uagb-heading-text\"><strong>Dual Career Programm: <\/strong><br\/><strong>Unterst\u00fctzung bei der Jobsuche f\u00fcr den Partner\/Ehegatten im Ausland <\/strong><br\/><strong>w\u00e4hrend des Umzugs in ein neues Land<\/strong><\/h2><\/div>\n\n\n\n<p class=\" eplus-wrapper\">Wir bieten Ihnen weitere Unterst\u00fctzung f\u00fcr die Reise Ihres Ehepartners\/Partners w\u00e4hrend des Umzugsprozesses.<br\/><br\/>Bitte f\u00fcllen Sie dieses Formular aus, um Ihre Situation zu beurteilen. Wir werden Sie innerhalb der n\u00e4chsten 48 Arbeitsstunden kontaktieren.<\/p>\n\n\n<p class=\"wpcf7-contact-form-not-found\"><strong>Fehler:<\/strong> Kontaktformular wurde nicht gefunden.<\/p>\n<\/div>\n<\/div>\n\n<div class=\"wp-block-uagb-container uagb-block-0b94198b alignfull uagb-is-root-container\"><div class=\"uagb-container-inner-blocks-wrap\">\n<p class=\" has-text-align-center eplus-wrapper\"><strong>WICHTIG: ALLE BUCHUNGEN AUF DIESER WEBSITE BEZIEHEN SICH AUF DIE FOLGENDE ZEITZONE: <br\/>Amsterdam MEZ (UTC +1)<\/strong><\/p>\n\n\n\n<div class=\"wp-block-uagb-container uagb-block-a8bea360 alignwide uagb-is-root-container\">\n<div class=\"wp-block-booknetic-booking\">[booknetic service=&#8220;12&#8243; location=&#8220;2&#8243;]<\/div>\n<\/div>\n<\/div><\/div>\n","protected":false},"excerpt":{"rendered":"<p>699,99 \u20ac + MWST. \ud83d\ude80 Erhalten Sie Zugang zu einem 3-monatigen Programm, das Folgendes beinhaltet: Masterclass zur Jobsuche, eine exklusive [&hellip;]<\/p>\n","protected":false},"author":3,"featured_media":5564,"parent":0,"menu_order":0,"comment_status":"closed","ping_status":"closed","template":"","meta":{"_uag_custom_page_level_css":"","site-sidebar-layout":"default","site-content-layout":"","ast-site-content-layout":"full-width-container","site-content-style":"default","site-sidebar-style":"default","ast-global-header-display":"","ast-banner-title-visibility":"","ast-main-header-display":"","ast-hfb-above-header-display":"","ast-hfb-below-header-display":"","ast-hfb-mobile-header-display":"","site-post-title":"disabled","ast-breadcrumbs-content":"","ast-featured-img":"disabled","footer-sml-layout":"","ast-disable-related-posts":"","theme-transparent-header-meta":"","adv-header-id-meta":"","stick-header-meta":"","header-above-stick-meta":"","header-main-stick-meta":"","header-below-stick-meta":"","astra-migrate-meta-layouts":"default","ast-page-background-enabled":"default","ast-page-background-meta":{"desktop":{"background-color":"var(--ast-global-color-4)","background-image":"","background-repeat":"repeat","background-position":"center center","background-size":"auto","background-attachment":"scroll","background-type":"","background-media":"","overlay-type":"","overlay-color":"","overlay-opacity":"","overlay-gradient":""},"tablet":{"background-color":"","background-image":"","background-repeat":"repeat","background-position":"center center","background-size":"auto","background-attachment":"scroll","background-type":"","background-media":"","overlay-type":"","overlay-color":"","overlay-opacity":"","overlay-gradient":""},"mobile":{"background-color":"","background-image":"","background-repeat":"repeat","background-position":"center center","background-size":"auto","background-attachment":"scroll","background-type":"","background-media":"","overlay-type":"","overlay-color":"","overlay-opacity":"","overlay-gradient":""}},"ast-content-background-meta":{"desktop":{"background-color":"var(--ast-global-color-5)","background-image":"","background-repeat":"repeat","background-position":"center center","background-size":"auto","background-attachment":"scroll","background-type":"","background-media":"","overlay-type":"","overlay-color":"","overlay-opacity":"","overlay-gradient":""},"tablet":{"background-color":"var(--ast-global-color-5)","background-image":"","background-repeat":"repeat","background-position":"center center","background-size":"auto","background-attachment":"scroll","background-type":"","background-media":"","overlay-type":"","overlay-color":"","overlay-opacity":"","overlay-gradient":""},"mobile":{"background-color":"var(--ast-global-color-5)","background-image":"","background-repeat":"repeat","background-position":"center center","background-size":"auto","background-attachment":"scroll","background-type":"","background-media":"","overlay-type":"","overlay-color":"","overlay-opacity":"","overlay-gradient":""}},"footnotes":""},"class_list":["post-5602","page","type-page","status-publish","has-post-thumbnail","hentry"],"uagb_featured_image_src":{"full":["https:\/\/coach4expats.com\/wp-content\/uploads\/2025\/01\/young-professional-with-curly-hair-collaborating-over-a-laptop-in-a-modern-workspace.-8837467-scaled.jpg",1707,2560,false],"thumbnail":["https:\/\/coach4expats.com\/wp-content\/uploads\/2025\/01\/young-professional-with-curly-hair-collaborating-over-a-laptop-in-a-modern-workspace.-8837467-150x150.jpg",150,150,true],"medium":["https:\/\/coach4expats.com\/wp-content\/uploads\/2025\/01\/young-professional-with-curly-hair-collaborating-over-a-laptop-in-a-modern-workspace.-8837467-200x300.jpg",200,300,true],"medium_large":["https:\/\/coach4expats.com\/wp-content\/uploads\/2025\/01\/young-professional-with-curly-hair-collaborating-over-a-laptop-in-a-modern-workspace.-8837467-768x1152.jpg",768,1152,true],"large":["https:\/\/coach4expats.com\/wp-content\/uploads\/2025\/01\/young-professional-with-curly-hair-collaborating-over-a-laptop-in-a-modern-workspace.-8837467-683x1024.jpg",400,600,true],"1536x1536":["https:\/\/coach4expats.com\/wp-content\/uploads\/2025\/01\/young-professional-with-curly-hair-collaborating-over-a-laptop-in-a-modern-workspace.-8837467-1024x1536.jpg",1024,1536,true],"2048x2048":["https:\/\/coach4expats.com\/wp-content\/uploads\/2025\/01\/young-professional-with-curly-hair-collaborating-over-a-laptop-in-a-modern-workspace.-8837467-1365x2048.jpg",1365,2048,true],"widget-thumbnail":["https:\/\/coach4expats.com\/wp-content\/uploads\/2025\/01\/young-professional-with-curly-hair-collaborating-over-a-laptop-in-a-modern-workspace.-8837467-75x75.jpg",75,75,true]},"uagb_author_info":{"display_name":"Mariel Schaab","author_link":"https:\/\/coach4expats.com\/de\/author\/mariel\/"},"uagb_comment_info":0,"uagb_excerpt":"699,99 \u20ac + MWST. \ud83d\ude80 Erhalten Sie Zugang zu einem 3-monatigen Programm, das Folgendes beinhaltet: Masterclass zur Jobsuche, eine exklusive [&hellip;]","_links":{"self":[{"href":"https:\/\/coach4expats.com\/de\/wp-json\/wp\/v2\/pages\/5602","targetHints":{"allow":["GET"]}}],"collection":[{"href":"https:\/\/coach4expats.com\/de\/wp-json\/wp\/v2\/pages"}],"about":[{"href":"https:\/\/coach4expats.com\/de\/wp-json\/wp\/v2\/types\/page"}],"author":[{"embeddable":true,"href":"https:\/\/coach4expats.com\/de\/wp-json\/wp\/v2\/users\/3"}],"replies":[{"embeddable":true,"href":"https:\/\/coach4expats.com\/de\/wp-json\/wp\/v2\/comments?post=5602"}],"version-history":[{"count":5,"href":"https:\/\/coach4expats.com\/de\/wp-json\/wp\/v2\/pages\/5602\/revisions"}],"predecessor-version":[{"id":12841,"href":"https:\/\/coach4expats.com\/de\/wp-json\/wp\/v2\/pages\/5602\/revisions\/12841"}],"wp:featuredmedia":[{"embeddable":true,"href":"https:\/\/coach4expats.com\/de\/wp-json\/wp\/v2\/media\/5564"}],"wp:attachment":[{"href":"https:\/\/coach4expats.com\/de\/wp-json\/wp\/v2\/media?parent=5602"}],"curies":[{"name":"wp","href":"https:\/\/api.w.org\/{rel}","templated":true}]}}