{"id":1098,"date":"2024-10-02T12:45:43","date_gmt":"2024-10-02T10:45:43","guid":{"rendered":"https:\/\/coach4expats.com\/coaching-empresarial-potenciar-el-exito-empresarial\/"},"modified":"2025-04-04T10:18:40","modified_gmt":"2025-04-04T08:18:40","slug":"coaching-empresarial-potenciar-el-exito-empresarial","status":"publish","type":"page","link":"https:\/\/coach4expats.com\/es\/coaching-empresarial-potenciar-el-exito-empresarial\/","title":{"rendered":"Coaching Empresarial: Potenciar el \u00c9xito Empresarial"},"content":{"rendered":"\n<div class=\"wp-block-uagb-container uagb-block-2b5d30df alignfull uagb-is-root-container\">\n<div class=\"wp-block-uagb-container uagb-block-98f35fb6\">\n<div data-aos= \"zoom-in-up\" data-aos-duration=\"400\" data-aos-delay=\"0\" data-aos-easing=\"ease\" data-aos-once=\"true\" class=\"wp-block-uagb-info-box uagb-block-789ca1ae uagb-infobox__content-wrap  uagb-infobox-icon-above-title uagb-infobox-image-valign-top\"><div class=\"uagb-ifb-content\"><div class=\"uagb-ifb-title-wrap\"><h1 class=\"uagb-ifb-title\">Coaching Empresarial: <br\/>Potenciar el \u00c9xito Empresarial<\/h1><\/div><p class=\"uagb-ifb-desc\">\u00a1Libera tu potencial en l\u00ednea! <br\/>\u00a1Transforma tu viaje digital con nuestros servicios de asesoramiento experto en Marketing Digital y Marca Personal!<\/p><\/div><\/div>\n<\/div>\n\n\n\n<div data-aos= \"zoom-in-up\" data-aos-duration=\"400\" data-aos-delay=\"0\" data-aos-easing=\"ease\" data-aos-once=\"true\" class=\"wp-block-uagb-container uagb-block-27e6153e\"><\/div>\n<\/div>\n\n<div class=\"wp-block-uagb-container uagb-block-5b7b18c7 alignfull uagb-is-root-container\"><div class=\"uagb-container-inner-blocks-wrap\">\n<div data-aos= \"zoom-in-up\" data-aos-duration=\"400\" data-aos-delay=\"0\" data-aos-easing=\"ease\" data-aos-once=\"true\" class=\"wp-block-uagb-container uagb-block-3f7988e4\">\n<p class=\" eplus-wrapper\"><strong>Lo que ofrecemos:<br\/><\/strong><br\/>\u2705 <strong>Identificaci\u00f3n de nichos de mercado \ud83d\udd0d &#8211; Localiza oportunidades rentables en tu sector.<\/strong> <br\/>\u2705 <strong>Estrategia empresarial y desarrollo de negocio \ud83d\udcc8<\/strong> &#8211; Desarrolla una hoja de ruta para el crecimiento sostenible y el \u00e9xito.<br\/>\u2705 <strong>Plan de Marketing Digital \ud83d\udcf1<\/strong> &#8211; Elabora una estrategia para impulsar tu presencia y participaci\u00f3n en Internet.<br\/>\u2705 <strong>Branding profesional \ud83c\udfa8<\/strong> &#8211; Crea una identidad de marca memorable e impactante.<br\/>\u2705 <strong>Optimizaci\u00f3n de LinkedIn \ud83d\udcbc<\/strong> &#8211; Construye un perfil de LinkedIn potente para atraer oportunidades.<br\/>\u2705 <strong>Social Media &amp; Content Strategy Design \ud83d\udcdd<\/strong> &#8211; Dise\u00f1a contenidos atractivos que conecten con tu audiencia.<br\/>\u2705 <strong>Generaci\u00f3n y automatizaci\u00f3n de prospectos \ud83d\udcca<\/strong> &#8211; Agiliza los procesos de captaci\u00f3n y nutrici\u00f3n de prospectos.<br\/>\u2705 <strong>Dise\u00f1o web \ud83c\udf10<\/strong> &#8211; Construye un sitio web profesional y f\u00e1cil de usar.<br\/>\u2705 <strong>Desarrollo de la cartera \ud83d\udcc2<\/strong> &#8211; Muestra tu trabajo y experiencia de forma eficaz.<br\/>\u2705 <strong>Aspectos legales y cumplimiento \u2696\ufe0f<\/strong> &#8211; Aseg\u00farate de que tu empresa cumple todos los requisitos legales.<br\/>\u2705 <strong>Orientaci\u00f3n fiscal \ud83d\udcb0<\/strong> &#8211; Navega por la normativa fiscal y optimiza tus finanzas.<br\/>\u2705 <strong>CV y cartas de presentaci\u00f3n \ud83d\udcc4<\/strong> &#8211; Elabora curr\u00edculos y cartas de presentaci\u00f3n convincentes para conseguir el trabajo de tus sue\u00f1os.<br\/>\u2705 <strong>Oportunidades de trabajo aut\u00f3nomo e interino \ud83d\udd74\ufe0f<\/strong> &#8211; Explora opciones de trabajo flexibles y gratificantes.<br\/> <br\/>Experiencia global: Aportamos conocimientos profundos de los mercados internacionales de Europa, Am\u00e9rica, Asia, \u00c1frica y Ocean\u00eda.<br\/>\u00bfEst\u00e1 listo para impulsar su presencia digital?<br\/>Reserve una sesi\u00f3n con nosotros para:<br\/>Ampl\u00eda tu presencia en Internet<br\/>Crear una marca personal convincente.<br\/>Dirigir el tr\u00e1fico y las conversiones<br\/>Maximizar la participaci\u00f3n de la audiencia<br\/>.<br\/>\u00a1Hagamos crecer juntos su presencia en l\u00ednea!<\/p>\n<\/div>\n\n\n\n<div class=\"wp-block-uagb-container uagb-block-a8cba11f\">\n<div class=\"wp-block-uagb-buttons uagb-buttons__outer-wrap uagb-btn__default-btn uagb-btn-tablet__default-btn uagb-btn-mobile__default-btn uagb-block-b5f167a3\"><div class=\"uagb-buttons__wrap uagb-buttons-layout-wrap \">\n<div data-aos= \"zoom-in-up\" data-aos-duration=\"400\" data-aos-delay=\"0\" data-aos-easing=\"ease\" data-aos-once=\"true\" class=\"wp-block-uagb-buttons-child uagb-buttons__outer-wrap uagb-block-fb9b16ce wp-block-button\"><div class=\"uagb-button__wrapper\"><a class=\"uagb-buttons-repeater wp-block-button__link\" aria-label=\"\" href=\"https:\/\/coach4expats.com\/wp-content\/uploads\/2025\/03\/Coach4Expats-Services-Overview-Spanish.pdf\" rel=\"follow noopener\" target=\"_blank\" role=\"button\"><div class=\"uagb-button__link\">FOLLETO DE SERVICIOS<\/div><\/a><\/div><\/div>\n\n\n\n<div data-aos= \"zoom-in-up\" data-aos-duration=\"400\" data-aos-delay=\"0\" data-aos-easing=\"ease\" data-aos-once=\"true\" class=\"wp-block-uagb-buttons-child uagb-buttons__outer-wrap uagb-block-c2d9b6d9 wp-block-button\"><div class=\"uagb-button__wrapper\"><a class=\"uagb-buttons-repeater wp-block-button__link\" aria-label=\"\" href=\"https:\/\/coach4expats.com\/wp-content\/uploads\/2025\/03\/Coach4expats-How-we-work-Spanish.pdf\" rel=\"follow noopener\" target=\"_blank\" role=\"button\"><div class=\"uagb-button__link\">METODOLOG\u00cdA DE TRABAJO<\/div><\/a><\/div><\/div>\n<\/div><\/div>\n<\/div>\n<\/div><\/div>\n\n<div class=\"wp-block-uagb-container uagb-block-f01df71e alignfull uagb-is-root-container\"><div class=\"uagb-container-inner-blocks-wrap\">\n<div class=\"wp-block-uagb-advanced-heading uagb-block-012b1ec3\"><h2 class=\"uagb-heading-text\">Presupuesto<\/h2><\/div>\n\n\n<p class=\"wpcf7-contact-form-not-found\"><strong>Error:<\/strong> Formulario de contacto no encontrado.<\/p>\n<\/div><\/div>\n","protected":false},"excerpt":{"rendered":"<p>Lo que ofrecemos:\u2705 Identificaci\u00f3n de nichos de mercado \ud83d\udd0d &#8211; Localiza oportunidades rentables en tu sector. \u2705 Estrategia empresarial y [&hellip;]<\/p>\n","protected":false},"author":3,"featured_media":660,"parent":0,"menu_order":0,"comment_status":"closed","ping_status":"closed","template":"","meta":{"_uag_custom_page_level_css":"","site-sidebar-layout":"default","site-content-layout":"","ast-site-content-layout":"full-width-container","site-content-style":"default","site-sidebar-style":"default","ast-global-header-display":"","ast-banner-title-visibility":"","ast-main-header-display":"","ast-hfb-above-header-display":"","ast-hfb-below-header-display":"","ast-hfb-mobile-header-display":"","site-post-title":"disabled","ast-breadcrumbs-content":"","ast-featured-img":"disabled","footer-sml-layout":"","ast-disable-related-posts":"","theme-transparent-header-meta":"","adv-header-id-meta":"","stick-header-meta":"","header-above-stick-meta":"","header-main-stick-meta":"","header-below-stick-meta":"","astra-migrate-meta-layouts":"default","ast-page-background-enabled":"default","ast-page-background-meta":{"desktop":{"background-color":"var(--ast-global-color-4)","background-image":"","background-repeat":"repeat","background-position":"center center","background-size":"auto","background-attachment":"scroll","background-type":"","background-media":"","overlay-type":"","overlay-color":"","overlay-opacity":"","overlay-gradient":""},"tablet":{"background-color":"","background-image":"","background-repeat":"repeat","background-position":"center center","background-size":"auto","background-attachment":"scroll","background-type":"","background-media":"","overlay-type":"","overlay-color":"","overlay-opacity":"","overlay-gradient":""},"mobile":{"background-color":"","background-image":"","background-repeat":"repeat","background-position":"center center","background-size":"auto","background-attachment":"scroll","background-type":"","background-media":"","overlay-type":"","overlay-color":"","overlay-opacity":"","overlay-gradient":""}},"ast-content-background-meta":{"desktop":{"background-color":"var(--ast-global-color-5)","background-image":"","background-repeat":"repeat","background-position":"center center","background-size":"auto","background-attachment":"scroll","background-type":"","background-media":"","overlay-type":"","overlay-color":"","overlay-opacity":"","overlay-gradient":""},"tablet":{"background-color":"var(--ast-global-color-5)","background-image":"","background-repeat":"repeat","background-position":"center center","background-size":"auto","background-attachment":"scroll","background-type":"","background-media":"","overlay-type":"","overlay-color":"","overlay-opacity":"","overlay-gradient":""},"mobile":{"background-color":"var(--ast-global-color-5)","background-image":"","background-repeat":"repeat","background-position":"center center","background-size":"auto","background-attachment":"scroll","background-type":"","background-media":"","overlay-type":"","overlay-color":"","overlay-opacity":"","overlay-gradient":""}},"footnotes":""},"class_list":["post-1098","page","type-page","status-publish","has-post-thumbnail","hentry"],"uagb_featured_image_src":{"full":["https:\/\/coach4expats.com\/wp-content\/uploads\/2024\/09\/Working-Together_edited_edited-scaled.jpg",2560,1707,false],"thumbnail":["https:\/\/coach4expats.com\/wp-content\/uploads\/2024\/09\/Working-Together_edited_edited-150x150.jpg",150,150,true],"medium":["https:\/\/coach4expats.com\/wp-content\/uploads\/2024\/09\/Working-Together_edited_edited-300x200.jpg",300,200,true],"medium_large":["https:\/\/coach4expats.com\/wp-content\/uploads\/2024\/09\/Working-Together_edited_edited-768x512.jpg",768,512,true],"large":["https:\/\/coach4expats.com\/wp-content\/uploads\/2024\/09\/Working-Together_edited_edited-1024x683.jpg",800,534,true],"1536x1536":["https:\/\/coach4expats.com\/wp-content\/uploads\/2024\/09\/Working-Together_edited_edited-1536x1024.jpg",1536,1024,true],"2048x2048":["https:\/\/coach4expats.com\/wp-content\/uploads\/2024\/09\/Working-Together_edited_edited-2048x1365.jpg",2048,1365,true],"widget-thumbnail":["https:\/\/coach4expats.com\/wp-content\/uploads\/2024\/09\/Working-Together_edited_edited-75x75.jpg",75,75,true]},"uagb_author_info":{"display_name":"Mariel Schaab","author_link":"https:\/\/coach4expats.com\/es\/author\/mariel\/"},"uagb_comment_info":0,"uagb_excerpt":"Lo que ofrecemos:\u2705 Identificaci\u00f3n de nichos de mercado \ud83d\udd0d &#8211; Localiza oportunidades rentables en tu sector. \u2705 Estrategia empresarial y [&hellip;]","_links":{"self":[{"href":"https:\/\/coach4expats.com\/es\/wp-json\/wp\/v2\/pages\/1098","targetHints":{"allow":["GET"]}}],"collection":[{"href":"https:\/\/coach4expats.com\/es\/wp-json\/wp\/v2\/pages"}],"about":[{"href":"https:\/\/coach4expats.com\/es\/wp-json\/wp\/v2\/types\/page"}],"author":[{"embeddable":true,"href":"https:\/\/coach4expats.com\/es\/wp-json\/wp\/v2\/users\/3"}],"replies":[{"embeddable":true,"href":"https:\/\/coach4expats.com\/es\/wp-json\/wp\/v2\/comments?post=1098"}],"version-history":[{"count":5,"href":"https:\/\/coach4expats.com\/es\/wp-json\/wp\/v2\/pages\/1098\/revisions"}],"predecessor-version":[{"id":12534,"href":"https:\/\/coach4expats.com\/es\/wp-json\/wp\/v2\/pages\/1098\/revisions\/12534"}],"wp:featuredmedia":[{"embeddable":true,"href":"https:\/\/coach4expats.com\/es\/wp-json\/wp\/v2\/media\/660"}],"wp:attachment":[{"href":"https:\/\/coach4expats.com\/es\/wp-json\/wp\/v2\/media?parent=1098"}],"curies":[{"name":"wp","href":"https:\/\/api.w.org\/{rel}","templated":true}]}}