{"id":1252,"date":"2024-10-02T02:31:59","date_gmt":"2024-10-02T00:31:59","guid":{"rendered":"https:\/\/coach4expats.com\/cookies\/"},"modified":"2025-04-14T13:25:17","modified_gmt":"2025-04-14T11:25:17","slug":"cookies","status":"publish","type":"page","link":"https:\/\/coach4expats.com\/es\/cookies\/","title":{"rendered":"Cookies"},"content":{"rendered":"\n<div class=\"wp-block-uagb-container uagb-block-ec05ea4f alignfull uagb-is-root-container\"><div class=\"uagb-container-inner-blocks-wrap\">\n<h2 class=\"gb-headline gb-headline-6e3d3a9e gb-headline-text\">Cookies<\/h2>\n\n\n<style>.wp-block-kadence-advancedheading.kt-adv-heading1001_81a6c3-85, .wp-block-kadence-advancedheading.kt-adv-heading1001_81a6c3-85[data-kb-block=\"kb-adv-heading1001_81a6c3-85\"]{font-size:var(--global-kb-font-size-sm, 0.9rem);font-weight:400;font-style:normal;}.wp-block-kadence-advancedheading.kt-adv-heading1001_81a6c3-85 mark.kt-highlight, .wp-block-kadence-advancedheading.kt-adv-heading1001_81a6c3-85[data-kb-block=\"kb-adv-heading1001_81a6c3-85\"] mark.kt-highlight{font-style:normal;color:#f76a0c;-webkit-box-decoration-break:clone;box-decoration-break:clone;padding-top:0px;padding-right:0px;padding-bottom:0px;padding-left:0px;}.wp-block-kadence-advancedheading.kt-adv-heading1001_81a6c3-85 img.kb-inline-image, .wp-block-kadence-advancedheading.kt-adv-heading1001_81a6c3-85[data-kb-block=\"kb-adv-heading1001_81a6c3-85\"] img.kb-inline-image{width:150px;vertical-align:baseline;}<\/style>\n<p class=\"kt-adv-heading1001_81a6c3-85 wp-block-kadence-advancedheading\" data-kb-block=\"kb-adv-heading1001_81a6c3-85\"><strong>1. Introducci\u00f3n<\/strong><br\/>Este sitio web utiliza cookies. Al utilizar este sitio web y aceptar nuestras pol\u00edticas, est\u00e1s consintiendo el uso de cookies de acuerdo con los t\u00e9rminos de esta pol\u00edtica.<br\/> <br\/><strong>2. \u00bfQu\u00e9 son las cookies?<\/strong><br\/>Las cookies son peque\u00f1os archivos de texto que se almacenan en tu dispositivo cuando visitas un sitio web. Se utilizan ampliamente para hacer que los sitios web funcionen o lo hagan de forma m\u00e1s eficiente, as\u00ed como para proporcionar informaci\u00f3n a los propietarios del sitio.<br\/> <br\/><strong>3. \u00bfC\u00f3mo utilizamos las cookies?<\/strong><br\/>Utilizamos cookies por diversas razones, entre ellas:<br\/>Mejorar la funcionalidad y el rendimiento del sitio web.<br\/>Proporcionar an\u00e1lisis y estad\u00edsticas an\u00f3nimas.<br\/>Personalizar su experiencia de navegaci\u00f3n.<br\/><strong>4. Tipos de cookies que utilizamos<\/strong><br\/>Cookies esenciales: Necesarias para el funcionamiento b\u00e1sico del sitio web.<br\/>Cookies de rendimiento: Nos ayudan a comprender c\u00f3mo interact\u00faa con el sitio web mediante el an\u00e1lisis de informaci\u00f3n an\u00f3nima.<br\/>Cookies de funcionalidad: Utilizadas para recordar sus preferencias y mejorar su experiencia de usuario.<br\/><strong>5. Control de cookies<\/strong><br\/>Puedes controlar y\/o eliminar las cookies seg\u00fan tus preferencias. Consulta la configuraci\u00f3n de tu navegador para gestionar las cookies.<br\/> <br\/><strong>6. Cambios en la pol\u00edtica de cookies<\/strong><br\/>Nos reservamos el derecho de actualizar esta pol\u00edtica de cookies en cualquier momento. Cualquier cambio significativo ser\u00e1 notificado a trav\u00e9s del sitio web.<br\/> <br\/><strong>7. Contacto<\/strong><br\/>Si tiene alguna pregunta sobre nuestra pol\u00edtica de cookies, no dude en ponerse en contacto con nosotros en <strong><a href=\"mailto:info@coach4expats.com\">info@coach4expats.com<\/a>.<\/strong><br\/>Fecha de la \u00faltima actualizaci\u00f3n: 01\/01\/2024<\/p>\n<\/div><\/div>\n\n<p><\/p>\n","protected":false},"excerpt":{"rendered":"<p>Cookies 1. Introducci\u00f3nEste sitio web utiliza cookies. Al utilizar este sitio web y aceptar nuestras pol\u00edticas, est\u00e1s consintiendo el uso [&hellip;]<\/p>\n","protected":false},"author":3,"featured_media":0,"parent":0,"menu_order":0,"comment_status":"closed","ping_status":"open","template":"","meta":{"_uag_custom_page_level_css":"","site-sidebar-layout":"default","site-content-layout":"","ast-site-content-layout":"narrow-width-container","site-content-style":"default","site-sidebar-style":"default","ast-global-header-display":"","ast-banner-title-visibility":"","ast-main-header-display":"","ast-hfb-above-header-display":"","ast-hfb-below-header-display":"","ast-hfb-mobile-header-display":"","site-post-title":"disabled","ast-breadcrumbs-content":"","ast-featured-img":"","footer-sml-layout":"","ast-disable-related-posts":"","theme-transparent-header-meta":"","adv-header-id-meta":"","stick-header-meta":"","header-above-stick-meta":"","header-main-stick-meta":"","header-below-stick-meta":"","astra-migrate-meta-layouts":"default","ast-page-background-enabled":"default","ast-page-background-meta":{"desktop":{"background-color":"var(--ast-global-color-4)","background-image":"","background-repeat":"repeat","background-position":"center center","background-size":"auto","background-attachment":"scroll","background-type":"","background-media":"","overlay-type":"","overlay-color":"","overlay-opacity":"","overlay-gradient":""},"tablet":{"background-color":"","background-image":"","background-repeat":"repeat","background-position":"center center","background-size":"auto","background-attachment":"scroll","background-type":"","background-media":"","overlay-type":"","overlay-color":"","overlay-opacity":"","overlay-gradient":""},"mobile":{"background-color":"","background-image":"","background-repeat":"repeat","background-position":"center center","background-size":"auto","background-attachment":"scroll","background-type":"","background-media":"","overlay-type":"","overlay-color":"","overlay-opacity":"","overlay-gradient":""}},"ast-content-background-meta":{"desktop":{"background-color":"var(--ast-global-color-5)","background-image":"","background-repeat":"repeat","background-position":"center center","background-size":"auto","background-attachment":"scroll","background-type":"","background-media":"","overlay-type":"","overlay-color":"","overlay-opacity":"","overlay-gradient":""},"tablet":{"background-color":"var(--ast-global-color-5)","background-image":"","background-repeat":"repeat","background-position":"center center","background-size":"auto","background-attachment":"scroll","background-type":"","background-media":"","overlay-type":"","overlay-color":"","overlay-opacity":"","overlay-gradient":""},"mobile":{"background-color":"var(--ast-global-color-5)","background-image":"","background-repeat":"repeat","background-position":"center center","background-size":"auto","background-attachment":"scroll","background-type":"","background-media":"","overlay-type":"","overlay-color":"","overlay-opacity":"","overlay-gradient":""}},"footnotes":""},"class_list":["post-1252","page","type-page","status-publish","hentry"],"uagb_featured_image_src":{"full":false,"thumbnail":false,"medium":false,"medium_large":false,"large":false,"1536x1536":false,"2048x2048":false,"widget-thumbnail":false},"uagb_author_info":{"display_name":"Mariel Schaab","author_link":"https:\/\/coach4expats.com\/es\/author\/mariel\/"},"uagb_comment_info":0,"uagb_excerpt":"Cookies 1. Introducci\u00f3nEste sitio web utiliza cookies. Al utilizar este sitio web y aceptar nuestras pol\u00edticas, est\u00e1s consintiendo el uso [&hellip;]","_links":{"self":[{"href":"https:\/\/coach4expats.com\/es\/wp-json\/wp\/v2\/pages\/1252","targetHints":{"allow":["GET"]}}],"collection":[{"href":"https:\/\/coach4expats.com\/es\/wp-json\/wp\/v2\/pages"}],"about":[{"href":"https:\/\/coach4expats.com\/es\/wp-json\/wp\/v2\/types\/page"}],"author":[{"embeddable":true,"href":"https:\/\/coach4expats.com\/es\/wp-json\/wp\/v2\/users\/3"}],"replies":[{"embeddable":true,"href":"https:\/\/coach4expats.com\/es\/wp-json\/wp\/v2\/comments?post=1252"}],"version-history":[{"count":4,"href":"https:\/\/coach4expats.com\/es\/wp-json\/wp\/v2\/pages\/1252\/revisions"}],"predecessor-version":[{"id":12749,"href":"https:\/\/coach4expats.com\/es\/wp-json\/wp\/v2\/pages\/1252\/revisions\/12749"}],"wp:attachment":[{"href":"https:\/\/coach4expats.com\/es\/wp-json\/wp\/v2\/media?parent=1252"}],"curies":[{"name":"wp","href":"https:\/\/api.w.org\/{rel}","templated":true}]}}