{"id":1317,"date":"2024-10-02T13:00:56","date_gmt":"2024-10-02T11:00:56","guid":{"rendered":"https:\/\/coach4expats.com\/en-busca-de-su-primer-empleo\/"},"modified":"2025-04-14T15:28:10","modified_gmt":"2025-04-14T13:28:10","slug":"en-busca-de-su-primer-empleo","status":"publish","type":"page","link":"https:\/\/coach4expats.com\/es\/en-busca-de-su-primer-empleo\/","title":{"rendered":"En busca de su primer empleo"},"content":{"rendered":"\n<div class=\"wp-block-uagb-container uagb-block-2b5d30df alignfull uagb-is-root-container\">\n<div class=\"wp-block-uagb-container uagb-block-98f35fb6\">\n<div data-aos= \"zoom-in-up\" data-aos-duration=\"400\" data-aos-delay=\"0\" data-aos-easing=\"ease\" data-aos-once=\"true\" class=\"wp-block-uagb-info-box uagb-block-789ca1ae uagb-infobox__content-wrap  uagb-infobox-icon-above-title uagb-infobox-image-valign-top\"><div class=\"uagb-ifb-content\"><div class=\"uagb-ifb-title-wrap\"><h1 class=\"uagb-ifb-title\">En busca de su primer empleo<\/h1><\/div><p class=\"uagb-ifb-desc\">\u00bfListo para dar el primer paso hacia una carrera profesional de \u00e9xito? Con nuestro nuevo servicio integral, te proporcionamos las herramientas y el apoyo que necesitas para destacar en el competitivo mundo laboral. <\/p><\/div><\/div>\n\n\n\n<div class=\"wp-block-uagb-container uagb-block-d4fcf435\"><style>.wp-block-kadence-advancedheading.kt-adv-heading1078_d877d2-8e, .wp-block-kadence-advancedheading.kt-adv-heading1078_d877d2-8e[data-kb-block=\"kb-adv-heading1078_d877d2-8e\"]{margin-bottom:0px;text-align:center;font-size:var(--global-kb-font-size-md, 1.25rem);font-style:normal;}.wp-block-kadence-advancedheading.kt-adv-heading1078_d877d2-8e mark.kt-highlight, .wp-block-kadence-advancedheading.kt-adv-heading1078_d877d2-8e[data-kb-block=\"kb-adv-heading1078_d877d2-8e\"] mark.kt-highlight{font-style:normal;color:#f76a0c;-webkit-box-decoration-break:clone;box-decoration-break:clone;padding-top:0px;padding-right:0px;padding-bottom:0px;padding-left:0px;}.wp-block-kadence-advancedheading.kt-adv-heading1078_d877d2-8e img.kb-inline-image, .wp-block-kadence-advancedheading.kt-adv-heading1078_d877d2-8e[data-kb-block=\"kb-adv-heading1078_d877d2-8e\"] img.kb-inline-image{width:150px;vertical-align:baseline;}@media all and (max-width: 767px){.wp-block-kadence-advancedheading.kt-adv-heading1078_d877d2-8e, .wp-block-kadence-advancedheading.kt-adv-heading1078_d877d2-8e[data-kb-block=\"kb-adv-heading1078_d877d2-8e\"]{padding-bottom:0px;margin-bottom:0px;}}<\/style>\n<h2 class=\"kt-adv-heading1078_d877d2-8e wp-block-kadence-advancedheading has-ast-global-color-3-color has-text-color\" data-kb-block=\"kb-adv-heading1078_d877d2-8e\">199,99 EUROS + IVA<\/h2>\n<\/div>\n<\/div>\n\n\n\n<div data-aos= \"zoom-in-up\" data-aos-duration=\"400\" data-aos-delay=\"0\" data-aos-easing=\"ease\" data-aos-once=\"true\" class=\"wp-block-uagb-container uagb-block-27e6153e\"><\/div>\n<\/div>\n\n<div class=\"wp-block-uagb-container uagb-block-5b7b18c7 alignfull uagb-is-root-container\"><div class=\"uagb-container-inner-blocks-wrap\">\n<div data-aos= \"zoom-in-up\" data-aos-duration=\"400\" data-aos-delay=\"0\" data-aos-easing=\"ease\" data-aos-once=\"true\" class=\"wp-block-uagb-container uagb-block-3f7988e4\">\n<p class=\" eplus-wrapper\"><strong>Ventajas:<\/strong><br\/><br\/>\u2705 Optimizaci\u00f3n de documentos clave: \u00bfQuieres que tu CV, carta de presentaci\u00f3n y perfil de LinkedIn destaquen entre la multitud? Nuestro equipo de expertos te ayudar\u00e1 a perfeccionar cada detalle, presentando tu experiencia y habilidades de forma impactante. <br\/><br\/>Domina las \u00faltimas herramientas de b\u00fasqueda de empleo basadas en IA con nuestra formaci\u00f3n avanzada.<br\/><br\/>Aprende a utilizar la tecnolog\u00eda a tu favor y destaca en el mercado laboral actual.<br\/><br\/>\ud83c\udfaf Coaching personalizado para entrevistas: \u00bfNervioso ante tu pr\u00f3xima entrevista? No te preocupes, estamos aqu\u00ed para ayudarte. Recibe orientaci\u00f3n personalizada de nuestros coaches para brillar en cada encuentro y dejar una impresi\u00f3n duradera.  <br\/><br\/>\ud83d\udcbc Desarrollo de competencias clave: Potencia tu carrera con habilidades que son indispensables en el lugar de trabajo actual. Desde habilidades de comunicaci\u00f3n hasta liderazgo, te proporcionaremos las herramientas que necesitas para triunfar en cualquier entorno profesional. <br\/><br\/>\ud83d\udd04 Incluye 2 Sesiones de Coaching de Carrera y nuestra Masterclass: B\u00fasqueda de empleo en el extranjero!<br\/><br\/> \u00bfCu\u00e1ndo te unir\u00e1s a nosotros para optimizar tu CV, dominar las \u00faltimas herramientas de b\u00fasqueda de empleo, recibir orientaci\u00f3n personalizada para entrevistas y desarrollar competencias clave? \u00a1Tu \u00e9xito profesional empieza aqu\u00ed! <\/p>\n<\/div>\n\n\n\n<div class=\"wp-block-uagb-container uagb-block-a8cba11f\">\n<div class=\"wp-block-uagb-buttons uagb-buttons__outer-wrap uagb-btn__default-btn uagb-btn-tablet__default-btn uagb-btn-mobile__default-btn uagb-block-17309c3e\"><div class=\"uagb-buttons__wrap uagb-buttons-layout-wrap \">\n<div data-aos= \"zoom-in-up\" data-aos-duration=\"400\" data-aos-delay=\"0\" data-aos-easing=\"ease\" data-aos-once=\"true\" class=\"wp-block-uagb-buttons-child uagb-buttons__outer-wrap uagb-block-97e9bc55 wp-block-button\"><div class=\"uagb-button__wrapper\"><a class=\"uagb-buttons-repeater wp-block-button__link\" aria-label=\"\" href=\"https:\/\/coach4expats.com\/wp-content\/uploads\/2025\/03\/Coach4Expats-Services-Overview-Spanish.pdf\" rel=\"follow noopener\" target=\"_blank\" role=\"button\"><div class=\"uagb-button__link\">FOLLETO DE SERVICIOS<\/div><\/a><\/div><\/div>\n\n\n\n<div data-aos= \"zoom-in-up\" data-aos-duration=\"400\" data-aos-delay=\"0\" data-aos-easing=\"ease\" data-aos-once=\"true\" class=\"wp-block-uagb-buttons-child uagb-buttons__outer-wrap uagb-block-f0e7de2c wp-block-button\"><div class=\"uagb-button__wrapper\"><a class=\"uagb-buttons-repeater wp-block-button__link\" aria-label=\"\" href=\"https:\/\/coach4expats.com\/wp-content\/uploads\/2025\/03\/Coach4expats-How-we-work-Spanish.pdf\" rel=\"follow noopener\" target=\"_blank\" role=\"button\"><div class=\"uagb-button__link\">METODOLOG\u00cdA DE TRABAJO<\/div><\/a><\/div><\/div>\n<\/div><\/div>\n<\/div>\n<\/div><\/div>\n\n<div class=\"wp-block-uagb-container uagb-block-0b94198b alignfull uagb-is-root-container\"><div class=\"uagb-container-inner-blocks-wrap\">\n<p class=\" has-text-align-center eplus-wrapper\"><strong>IMPORTANTE: TODAS LAS RESERVAS EN ESTE SITIO WEB SE REALIZAN EN LA SIGUIENTE ZONA HORARIA <br\/>Amsterdam CET (UTC +1)<\/strong><\/p>\n\n\n\n<div class=\"wp-block-uagb-container uagb-block-a8bea360 alignwide uagb-is-root-container\">\n<div class=\"wp-block-booknetic-booking\">[booknetic service=\u00bb10&#8243; location=\u00bb2&#8243;]<\/div>\n<\/div>\n<\/div><\/div>\n","protected":false},"excerpt":{"rendered":"<p>199,99 EUROS + IVA Ventajas: \u2705 Optimizaci\u00f3n de documentos clave: \u00bfQuieres que tu CV, carta de presentaci\u00f3n y perfil de [&hellip;]<\/p>\n","protected":false},"author":3,"featured_media":648,"parent":0,"menu_order":0,"comment_status":"closed","ping_status":"closed","template":"","meta":{"_uag_custom_page_level_css":"","site-sidebar-layout":"default","site-content-layout":"","ast-site-content-layout":"full-width-container","site-content-style":"default","site-sidebar-style":"default","ast-global-header-display":"","ast-banner-title-visibility":"","ast-main-header-display":"","ast-hfb-above-header-display":"","ast-hfb-below-header-display":"","ast-hfb-mobile-header-display":"","site-post-title":"disabled","ast-breadcrumbs-content":"","ast-featured-img":"disabled","footer-sml-layout":"","ast-disable-related-posts":"","theme-transparent-header-meta":"","adv-header-id-meta":"","stick-header-meta":"","header-above-stick-meta":"","header-main-stick-meta":"","header-below-stick-meta":"","astra-migrate-meta-layouts":"default","ast-page-background-enabled":"default","ast-page-background-meta":{"desktop":{"background-color":"var(--ast-global-color-4)","background-image":"","background-repeat":"repeat","background-position":"center center","background-size":"auto","background-attachment":"scroll","background-type":"","background-media":"","overlay-type":"","overlay-color":"","overlay-opacity":"","overlay-gradient":""},"tablet":{"background-color":"","background-image":"","background-repeat":"repeat","background-position":"center center","background-size":"auto","background-attachment":"scroll","background-type":"","background-media":"","overlay-type":"","overlay-color":"","overlay-opacity":"","overlay-gradient":""},"mobile":{"background-color":"","background-image":"","background-repeat":"repeat","background-position":"center center","background-size":"auto","background-attachment":"scroll","background-type":"","background-media":"","overlay-type":"","overlay-color":"","overlay-opacity":"","overlay-gradient":""}},"ast-content-background-meta":{"desktop":{"background-color":"var(--ast-global-color-5)","background-image":"","background-repeat":"repeat","background-position":"center center","background-size":"auto","background-attachment":"scroll","background-type":"","background-media":"","overlay-type":"","overlay-color":"","overlay-opacity":"","overlay-gradient":""},"tablet":{"background-color":"var(--ast-global-color-5)","background-image":"","background-repeat":"repeat","background-position":"center center","background-size":"auto","background-attachment":"scroll","background-type":"","background-media":"","overlay-type":"","overlay-color":"","overlay-opacity":"","overlay-gradient":""},"mobile":{"background-color":"var(--ast-global-color-5)","background-image":"","background-repeat":"repeat","background-position":"center center","background-size":"auto","background-attachment":"scroll","background-type":"","background-media":"","overlay-type":"","overlay-color":"","overlay-opacity":"","overlay-gradient":""}},"footnotes":""},"class_list":["post-1317","page","type-page","status-publish","has-post-thumbnail","hentry"],"uagb_featured_image_src":{"full":["https:\/\/coach4expats.com\/wp-content\/uploads\/2024\/09\/mujer-tiro-medio-posando-estudio-1_edited.jpg",2000,1943,false],"thumbnail":["https:\/\/coach4expats.com\/wp-content\/uploads\/2024\/09\/mujer-tiro-medio-posando-estudio-1_edited-150x150.jpg",150,150,true],"medium":["https:\/\/coach4expats.com\/wp-content\/uploads\/2024\/09\/mujer-tiro-medio-posando-estudio-1_edited-300x291.jpg",300,291,true],"medium_large":["https:\/\/coach4expats.com\/wp-content\/uploads\/2024\/09\/mujer-tiro-medio-posando-estudio-1_edited-768x746.jpg",768,746,true],"large":["https:\/\/coach4expats.com\/wp-content\/uploads\/2024\/09\/mujer-tiro-medio-posando-estudio-1_edited-1024x995.jpg",617,600,true],"1536x1536":["https:\/\/coach4expats.com\/wp-content\/uploads\/2024\/09\/mujer-tiro-medio-posando-estudio-1_edited-1536x1492.jpg",1536,1492,true],"2048x2048":["https:\/\/coach4expats.com\/wp-content\/uploads\/2024\/09\/mujer-tiro-medio-posando-estudio-1_edited.jpg",2000,1943,false],"widget-thumbnail":["https:\/\/coach4expats.com\/wp-content\/uploads\/2024\/09\/mujer-tiro-medio-posando-estudio-1_edited-75x75.jpg",75,75,true]},"uagb_author_info":{"display_name":"Mariel Schaab","author_link":"https:\/\/coach4expats.com\/es\/author\/mariel\/"},"uagb_comment_info":0,"uagb_excerpt":"199,99 EUROS + IVA Ventajas: \u2705 Optimizaci\u00f3n de documentos clave: \u00bfQuieres que tu CV, carta de presentaci\u00f3n y perfil de [&hellip;]","_links":{"self":[{"href":"https:\/\/coach4expats.com\/es\/wp-json\/wp\/v2\/pages\/1317","targetHints":{"allow":["GET"]}}],"collection":[{"href":"https:\/\/coach4expats.com\/es\/wp-json\/wp\/v2\/pages"}],"about":[{"href":"https:\/\/coach4expats.com\/es\/wp-json\/wp\/v2\/types\/page"}],"author":[{"embeddable":true,"href":"https:\/\/coach4expats.com\/es\/wp-json\/wp\/v2\/users\/3"}],"replies":[{"embeddable":true,"href":"https:\/\/coach4expats.com\/es\/wp-json\/wp\/v2\/comments?post=1317"}],"version-history":[{"count":5,"href":"https:\/\/coach4expats.com\/es\/wp-json\/wp\/v2\/pages\/1317\/revisions"}],"predecessor-version":[{"id":12813,"href":"https:\/\/coach4expats.com\/es\/wp-json\/wp\/v2\/pages\/1317\/revisions\/12813"}],"wp:featuredmedia":[{"embeddable":true,"href":"https:\/\/coach4expats.com\/es\/wp-json\/wp\/v2\/media\/648"}],"wp:attachment":[{"href":"https:\/\/coach4expats.com\/es\/wp-json\/wp\/v2\/media?parent=1317"}],"curies":[{"name":"wp","href":"https:\/\/api.w.org\/{rel}","templated":true}]}}