{"id":1393,"date":"2024-10-02T12:26:13","date_gmt":"2024-10-02T10:26:13","guid":{"rendered":"https:\/\/coach4expats.com\/platinum-el-trabajo-de-tus-suenos\/"},"modified":"2025-04-14T16:28:40","modified_gmt":"2025-04-14T14:28:40","slug":"platinum-el-trabajo-de-tus-suenos","status":"publish","type":"page","link":"https:\/\/coach4expats.com\/es\/platinum-el-trabajo-de-tus-suenos\/","title":{"rendered":"PLATINUM: \u00a1El trabajo de tus sue\u00f1os!"},"content":{"rendered":"\n<div class=\"wp-block-uagb-container uagb-block-2b5d30df alignfull uagb-is-root-container\">\n<div class=\"wp-block-uagb-container uagb-block-98f35fb6\">\n<div data-aos= \"zoom-in-up\" data-aos-duration=\"400\" data-aos-delay=\"0\" data-aos-easing=\"ease\" data-aos-once=\"true\" class=\"wp-block-uagb-info-box uagb-block-789ca1ae uagb-infobox__content-wrap  uagb-infobox-icon-above-title uagb-infobox-image-valign-top\"><div class=\"uagb-ifb-content\"><div class=\"uagb-ifb-title-wrap\"><h1 class=\"uagb-ifb-title\">PLATINUM: <br\/>\u00a1El trabajo de tus sue\u00f1os!<\/h1><\/div><p class=\"uagb-ifb-desc\">\ud83d\ude80 \u00a1Impulsa tu b\u00fasqueda de empleo con nuestra oferta exclusiva! <br\/><br\/> Accede a una Masterclass de B\u00fasqueda de Empleo (pregrabada), plantillas de CV y revistas profesionales para mejorar tu perfil. \u00danete a nuestra exclusiva comunidad de clientes y recibe asesoramiento personalizado, recursos para entrevistas y una red de contactos. Adem\u00e1s, disfruta de ventajas premium como LinkedIn PRO y sesiones de coaching para el cambio de carrera.    <\/p><\/div><\/div>\n\n\n\n<div class=\"wp-block-uagb-container uagb-block-d4fcf435\"><style>.wp-block-kadence-advancedheading.kt-adv-heading1050_771931-64, .wp-block-kadence-advancedheading.kt-adv-heading1050_771931-64[data-kb-block=\"kb-adv-heading1050_771931-64\"]{margin-bottom:0px;text-align:center;font-size:var(--global-kb-font-size-md, 1.25rem);font-style:normal;}.wp-block-kadence-advancedheading.kt-adv-heading1050_771931-64 mark.kt-highlight, .wp-block-kadence-advancedheading.kt-adv-heading1050_771931-64[data-kb-block=\"kb-adv-heading1050_771931-64\"] mark.kt-highlight{font-style:normal;color:#f76a0c;-webkit-box-decoration-break:clone;box-decoration-break:clone;padding-top:0px;padding-right:0px;padding-bottom:0px;padding-left:0px;}.wp-block-kadence-advancedheading.kt-adv-heading1050_771931-64 img.kb-inline-image, .wp-block-kadence-advancedheading.kt-adv-heading1050_771931-64[data-kb-block=\"kb-adv-heading1050_771931-64\"] img.kb-inline-image{width:150px;vertical-align:baseline;}@media all and (max-width: 767px){.wp-block-kadence-advancedheading.kt-adv-heading1050_771931-64, .wp-block-kadence-advancedheading.kt-adv-heading1050_771931-64[data-kb-block=\"kb-adv-heading1050_771931-64\"]{padding-bottom:0px;margin-bottom:0px;}}<\/style>\n<h2 class=\"kt-adv-heading1050_771931-64 wp-block-kadence-advancedheading has-ast-global-color-3-color has-text-color\" data-kb-block=\"kb-adv-heading1050_771931-64\">419,99 EUROS + IVA<\/h2>\n<\/div>\n<\/div>\n\n\n\n<div data-aos= \"zoom-in-up\" data-aos-duration=\"400\" data-aos-delay=\"0\" data-aos-easing=\"ease\" data-aos-once=\"true\" class=\"wp-block-uagb-container uagb-block-27e6153e\"><\/div>\n<\/div>\n\n<div class=\"wp-block-uagb-container uagb-block-5b7b18c7 alignfull uagb-is-root-container\"><div class=\"uagb-container-inner-blocks-wrap\">\n<div data-aos= \"zoom-in-up\" data-aos-duration=\"400\" data-aos-delay=\"0\" data-aos-easing=\"ease\" data-aos-once=\"true\" class=\"wp-block-uagb-container uagb-block-3f7988e4\">\n<p class=\" eplus-wrapper\"><strong>Ventajas:<\/strong><br\/><br\/>\ud83d\udcda Acceso a la Masterclass de B\u00fasqueda de Empleo de 140 minutos (pregrabada, en l\u00ednea).<br\/>\ud83d\udcc4 Plantillas de CV profesionales y revisiones personalizadas para mejorar tu perfil.<br\/>\ud83d\udd0d Obt\u00e9n ventajas premium como LinkedIn PRO.<br\/>\ud83d\udd04 3 (tres) sesiones de coaching para la reorientaci\u00f3n profesional.<br\/>\ud83c\udf10 \u00danete a nuestra exclusiva comunidad de clientes y recibe coaching personalizado.<br\/>\ud83d\udcbc Herramientas y t\u00e9cnicas para prepararte para las entrevistas de trabajo.<br\/>\ud83e\udd1d Consejos para construir y mantener una red profesional s\u00f3lida.<br\/><br\/> \u00bfListo para poner en marcha tu b\u00fasqueda de empleo y dar un salto adelante en tu carrera? \u00danete ahora a nuestra oferta exclusiva y accede a una Masterclass de B\u00fasqueda de Empleo, plantillas de CV, revistas profesionales y \u00a1mucho m\u00e1s! \u00bfTe atreves a dar el siguiente paso hacia el \u00e9xito profesional? \ud83d\ude80\u2728   <\/p>\n<\/div>\n\n\n\n<div class=\"wp-block-uagb-container uagb-block-a8cba11f\">\n<div class=\"wp-block-uagb-buttons uagb-buttons__outer-wrap uagb-btn__default-btn uagb-btn-tablet__default-btn uagb-btn-mobile__default-btn uagb-block-e0b46d84\"><div class=\"uagb-buttons__wrap uagb-buttons-layout-wrap \">\n<div data-aos= \"zoom-in-up\" data-aos-duration=\"400\" data-aos-delay=\"0\" data-aos-easing=\"ease\" data-aos-once=\"true\" class=\"wp-block-uagb-buttons-child uagb-buttons__outer-wrap uagb-block-1493f1cd wp-block-button\"><div class=\"uagb-button__wrapper\"><a class=\"uagb-buttons-repeater wp-block-button__link\" aria-label=\"\" href=\"https:\/\/coach4expats.com\/wp-content\/uploads\/2025\/03\/Coach4Expats-Services-Overview-Spanish.pdf\" rel=\"follow noopener\" target=\"_blank\" role=\"button\"><div class=\"uagb-button__link\">FOLLETO DE SERVICIOS<\/div><\/a><\/div><\/div>\n\n\n\n<div data-aos= \"zoom-in-up\" data-aos-duration=\"400\" data-aos-delay=\"0\" data-aos-easing=\"ease\" data-aos-once=\"true\" class=\"wp-block-uagb-buttons-child uagb-buttons__outer-wrap uagb-block-af82cbbc wp-block-button\"><div class=\"uagb-button__wrapper\"><a class=\"uagb-buttons-repeater wp-block-button__link\" aria-label=\"\" href=\"https:\/\/coach4expats.com\/wp-content\/uploads\/2025\/03\/Coach4expats-How-we-work-Spanish.pdf\" rel=\"follow noopener\" target=\"_blank\" role=\"button\"><div class=\"uagb-button__link\">METODOLOG\u00cdA DE TRABAJO<\/div><\/a><\/div><\/div>\n<\/div><\/div>\n<\/div>\n<\/div><\/div>\n\n<div class=\"wp-block-uagb-container uagb-block-0b94198b alignfull uagb-is-root-container\"><div class=\"uagb-container-inner-blocks-wrap\">\n<p class=\" has-text-align-center eplus-wrapper\"><strong>IMPORTANTE: TODAS LAS RESERVAS EN ESTE SITIO WEB SE REALIZAN EN LA SIGUIENTE ZONA HORARIA <\/strong><br\/><strong>Amsterdam CET (UTC +1)<\/strong><\/p>\n\n\n\n<div class=\"wp-block-uagb-container uagb-block-a8bea360 alignwide uagb-is-root-container\">\n<div class=\"wp-block-booknetic-booking\">[booknetic service=\u00bb3&#8243; location=\u00bb2&#8243;]<\/div>\n<\/div>\n<\/div><\/div>\n","protected":false},"excerpt":{"rendered":"<p>419,99 EUROS + IVA Ventajas: \ud83d\udcda Acceso a la Masterclass de B\u00fasqueda de Empleo de 140 minutos (pregrabada, en l\u00ednea).\ud83d\udcc4 [&hellip;]<\/p>\n","protected":false},"author":3,"featured_media":652,"parent":0,"menu_order":0,"comment_status":"closed","ping_status":"closed","template":"","meta":{"_uag_custom_page_level_css":"","site-sidebar-layout":"default","site-content-layout":"","ast-site-content-layout":"full-width-container","site-content-style":"default","site-sidebar-style":"default","ast-global-header-display":"","ast-banner-title-visibility":"","ast-main-header-display":"","ast-hfb-above-header-display":"","ast-hfb-below-header-display":"","ast-hfb-mobile-header-display":"","site-post-title":"disabled","ast-breadcrumbs-content":"","ast-featured-img":"disabled","footer-sml-layout":"","ast-disable-related-posts":"","theme-transparent-header-meta":"","adv-header-id-meta":"","stick-header-meta":"","header-above-stick-meta":"","header-main-stick-meta":"","header-below-stick-meta":"","astra-migrate-meta-layouts":"default","ast-page-background-enabled":"default","ast-page-background-meta":{"desktop":{"background-color":"var(--ast-global-color-4)","background-image":"","background-repeat":"repeat","background-position":"center center","background-size":"auto","background-attachment":"scroll","background-type":"","background-media":"","overlay-type":"","overlay-color":"","overlay-opacity":"","overlay-gradient":""},"tablet":{"background-color":"","background-image":"","background-repeat":"repeat","background-position":"center center","background-size":"auto","background-attachment":"scroll","background-type":"","background-media":"","overlay-type":"","overlay-color":"","overlay-opacity":"","overlay-gradient":""},"mobile":{"background-color":"","background-image":"","background-repeat":"repeat","background-position":"center center","background-size":"auto","background-attachment":"scroll","background-type":"","background-media":"","overlay-type":"","overlay-color":"","overlay-opacity":"","overlay-gradient":""}},"ast-content-background-meta":{"desktop":{"background-color":"var(--ast-global-color-5)","background-image":"","background-repeat":"repeat","background-position":"center center","background-size":"auto","background-attachment":"scroll","background-type":"","background-media":"","overlay-type":"","overlay-color":"","overlay-opacity":"","overlay-gradient":""},"tablet":{"background-color":"var(--ast-global-color-5)","background-image":"","background-repeat":"repeat","background-position":"center center","background-size":"auto","background-attachment":"scroll","background-type":"","background-media":"","overlay-type":"","overlay-color":"","overlay-opacity":"","overlay-gradient":""},"mobile":{"background-color":"var(--ast-global-color-5)","background-image":"","background-repeat":"repeat","background-position":"center center","background-size":"auto","background-attachment":"scroll","background-type":"","background-media":"","overlay-type":"","overlay-color":"","overlay-opacity":"","overlay-gradient":""}},"footnotes":""},"class_list":["post-1393","page","type-page","status-publish","has-post-thumbnail","hentry"],"uagb_featured_image_src":{"full":["https:\/\/coach4expats.com\/wp-content\/uploads\/2024\/09\/Work-Colleagues_edited_edited-scaled.jpg",2560,1707,false],"thumbnail":["https:\/\/coach4expats.com\/wp-content\/uploads\/2024\/09\/Work-Colleagues_edited_edited-150x150.jpg",150,150,true],"medium":["https:\/\/coach4expats.com\/wp-content\/uploads\/2024\/09\/Work-Colleagues_edited_edited-300x200.jpg",300,200,true],"medium_large":["https:\/\/coach4expats.com\/wp-content\/uploads\/2024\/09\/Work-Colleagues_edited_edited-768x512.jpg",768,512,true],"large":["https:\/\/coach4expats.com\/wp-content\/uploads\/2024\/09\/Work-Colleagues_edited_edited-1024x683.jpg",800,534,true],"1536x1536":["https:\/\/coach4expats.com\/wp-content\/uploads\/2024\/09\/Work-Colleagues_edited_edited-1536x1024.jpg",1536,1024,true],"2048x2048":["https:\/\/coach4expats.com\/wp-content\/uploads\/2024\/09\/Work-Colleagues_edited_edited-2048x1365.jpg",2048,1365,true],"widget-thumbnail":["https:\/\/coach4expats.com\/wp-content\/uploads\/2024\/09\/Work-Colleagues_edited_edited-75x75.jpg",75,75,true]},"uagb_author_info":{"display_name":"Mariel Schaab","author_link":"https:\/\/coach4expats.com\/es\/author\/mariel\/"},"uagb_comment_info":0,"uagb_excerpt":"419,99 EUROS + IVA Ventajas: \ud83d\udcda Acceso a la Masterclass de B\u00fasqueda de Empleo de 140 minutos (pregrabada, en l\u00ednea).\ud83d\udcc4 [&hellip;]","_links":{"self":[{"href":"https:\/\/coach4expats.com\/es\/wp-json\/wp\/v2\/pages\/1393","targetHints":{"allow":["GET"]}}],"collection":[{"href":"https:\/\/coach4expats.com\/es\/wp-json\/wp\/v2\/pages"}],"about":[{"href":"https:\/\/coach4expats.com\/es\/wp-json\/wp\/v2\/types\/page"}],"author":[{"embeddable":true,"href":"https:\/\/coach4expats.com\/es\/wp-json\/wp\/v2\/users\/3"}],"replies":[{"embeddable":true,"href":"https:\/\/coach4expats.com\/es\/wp-json\/wp\/v2\/comments?post=1393"}],"version-history":[{"count":5,"href":"https:\/\/coach4expats.com\/es\/wp-json\/wp\/v2\/pages\/1393\/revisions"}],"predecessor-version":[{"id":12847,"href":"https:\/\/coach4expats.com\/es\/wp-json\/wp\/v2\/pages\/1393\/revisions\/12847"}],"wp:featuredmedia":[{"embeddable":true,"href":"https:\/\/coach4expats.com\/es\/wp-json\/wp\/v2\/media\/652"}],"wp:attachment":[{"href":"https:\/\/coach4expats.com\/es\/wp-json\/wp\/v2\/media?parent=1393"}],"curies":[{"name":"wp","href":"https:\/\/api.w.org\/{rel}","templated":true}]}}