{"id":1405,"date":"2024-09-27T19:35:26","date_gmt":"2024-09-27T17:35:26","guid":{"rendered":"https:\/\/coach4expats.com\/privacidad\/"},"modified":"2026-01-12T16:53:04","modified_gmt":"2026-01-12T15:53:04","slug":"privacidad","status":"publish","type":"page","link":"https:\/\/coach4expats.com\/es\/privacidad\/","title":{"rendered":"Pol\u00edtica de privacidad"},"content":{"rendered":"\n<div class=\"wp-block-uagb-container uagb-block-ec05ea4f alignfull uagb-is-root-container\"><div class=\"uagb-container-inner-blocks-wrap\">\n<h2 class=\"gb-headline gb-headline-6e3d3a9e gb-headline-text\">Pol\u00edtica de privacidad<\/h2>\n\n\n<style>.wp-block-kadence-advancedheading.kt-adv-heading3_d51940-11, .wp-block-kadence-advancedheading.kt-adv-heading3_d51940-11[data-kb-block=\"kb-adv-heading3_d51940-11\"]{font-size:var(--global-kb-font-size-sm, 0.9rem);font-weight:400;font-style:normal;}.wp-block-kadence-advancedheading.kt-adv-heading3_d51940-11 mark.kt-highlight, .wp-block-kadence-advancedheading.kt-adv-heading3_d51940-11[data-kb-block=\"kb-adv-heading3_d51940-11\"] mark.kt-highlight{font-style:normal;color:#f76a0c;-webkit-box-decoration-break:clone;box-decoration-break:clone;padding-top:0px;padding-right:0px;padding-bottom:0px;padding-left:0px;}.wp-block-kadence-advancedheading.kt-adv-heading3_d51940-11 img.kb-inline-image, .wp-block-kadence-advancedheading.kt-adv-heading3_d51940-11[data-kb-block=\"kb-adv-heading3_d51940-11\"] img.kb-inline-image{width:150px;vertical-align:baseline;}<\/style>\n<p class=\"kt-adv-heading3_d51940-11 wp-block-kadence-advancedheading\" data-kb-block=\"kb-adv-heading3_d51940-11\">Esta Pol\u00edtica de privacidad describe c\u00f3mo Coach4expats recopila, utiliza y protege tus datos personales. Todo el tratamiento de datos cumple con el Reglamento General de Protecci\u00f3n de Datos (RGPD) de la Uni\u00f3n Europea.  <\/p>\n\n\n\n<p>Coach4expats, con sede en los Pa\u00edses Bajos, es el responsable del tratamiento de sus datos personales.<br\/>\u200b<br\/><strong>1. Compromiso con la privacidad<\/strong><br\/>Coach4expats se compromete a proteger tu privacidad. Tus datos personales ser\u00e1n tratados con el m\u00e1ximo respeto y utilizados \u00fanicamente para los fines para los que fueron recogidos, siguiendo las directrices establecidas en esta pol\u00edtica de privacidad.<br\/> <br\/><strong>2. Cambios en la Pol\u00edtica<\/strong><br\/>Coach4expats puede actualizar esta pol\u00edtica, y cualquier cambio ser\u00e1 publicado en nuestro sitio web. Tambi\u00e9n se te notificar\u00e1n los cambios significativos.<br\/> <br\/><strong>3. C\u00f3mo recopilamos la informaci\u00f3n<\/strong><br\/>A trav\u00e9s de su uso de nuestro sitio web, podemos utilizar cookies anal\u00edticas para recopilar informaci\u00f3n sobre sus interacciones.<br\/><br\/><strong>4. Qu\u00e9 recopilamos<\/strong><br\/>Cuando visita nuestro sitio web, le pedimos su consentimiento para recopilar informaci\u00f3n relacionada con su dispositivo, navegador y navegaci\u00f3n por el sitio web.<br\/><br\/><strong>5. Uso de los datos<\/strong><br\/>Esta informaci\u00f3n se utiliza para analizar tendencias, gestionar el sitio y recopilar datos demogr\u00e1ficos, mejorando su experiencia en el sitio web.<br\/><br\/><strong>6. Intercambio de informaci\u00f3n<\/strong><br\/>Tus datos pueden ser compartidos con terceros proveedores de servicios para mejorar nuestro sitio web. Garantizamos el cumplimiento de las leyes de protecci\u00f3n de datos mediante acuerdos de procesamiento.<br\/> <br\/><strong>7. Gesti\u00f3n de cookies<\/strong><br\/>Puedes gestionar y eliminar cookies a trav\u00e9s de la configuraci\u00f3n de tu navegador. Es posible que nuestro sistema no responda a las solicitudes Do Not Track.<br\/> <br\/><strong>8. C\u00f3mo recopilamos la informaci\u00f3n<\/strong><br\/>La informaci\u00f3n se recopila cuando usted rellena formularios en nuestro sitio web, env\u00eda voluntariamente datos o se identifica como candidato potencial a trav\u00e9s de fuentes externas.<br\/><br\/><strong>9. Lo que recopilamos<\/strong><br\/>Recopilamos datos esenciales para el proceso de contrataci\u00f3n, como datos personales, educaci\u00f3n, historial laboral y aptitudes.<br\/><br\/><strong>10. Uso de los datos<\/strong><br\/>Esta informaci\u00f3n se utiliza para evaluar tu idoneidad para un puesto de trabajo, obtener referencias y prestarte servicios. Con tu consentimiento, tambi\u00e9n podemos utilizar tus datos con fines de marketing.<br\/> <br\/><strong>11. Intercambio de informaci\u00f3n<\/strong><br\/>Sus datos personales se procesan dentro de la UE y pueden compartirse con clientes externos y proveedores de servicios en virtud de acuerdos de procesamiento de datos.<br\/><br\/><strong>12. Conservaci\u00f3n de datos<\/strong><br\/>La informaci\u00f3n se conserva durante un periodo determinado y nos pondremos en contacto con usted para renovar su consentimiento.<br\/><br\/><strong>13. Acceso y control<\/strong><br\/>Tienes derecho a acceder, rectificar, suprimir o restringir el tratamiento de tus datos personales. Se proporcionan opciones para darse de baja de las comunicaciones de marketing.<br\/> <br\/><strong>14. Seguridad<\/strong><br\/>Coach4expats garantiza la seguridad de su informaci\u00f3n a trav\u00e9s de medidas t\u00e9cnicas y organizativas apropiadas.<br\/><br\/><strong>15. Contacto<\/strong><br\/>Para consultas o dudas relacionadas con la privacidad, p\u00f3ngase en contacto con nosotros en info@coach4expats.com.<\/p>\n<\/div><\/div>\n\n<p><\/p>\n","protected":false},"excerpt":{"rendered":"<p>Pol\u00edtica de privacidad Esta Pol\u00edtica de privacidad describe c\u00f3mo Coach4expats recopila, utiliza y protege tus datos personales. Todo el tratamiento [&hellip;]<\/p>\n","protected":false},"author":3,"featured_media":0,"parent":0,"menu_order":0,"comment_status":"closed","ping_status":"open","template":"","meta":{"_uag_custom_page_level_css":"","site-sidebar-layout":"default","site-content-layout":"","ast-site-content-layout":"narrow-width-container","site-content-style":"default","site-sidebar-style":"default","ast-global-header-display":"","ast-banner-title-visibility":"","ast-main-header-display":"","ast-hfb-above-header-display":"","ast-hfb-below-header-display":"","ast-hfb-mobile-header-display":"","site-post-title":"disabled","ast-breadcrumbs-content":"","ast-featured-img":"","footer-sml-layout":"","ast-disable-related-posts":"","theme-transparent-header-meta":"","adv-header-id-meta":"","stick-header-meta":"","header-above-stick-meta":"","header-main-stick-meta":"","header-below-stick-meta":"","astra-migrate-meta-layouts":"default","ast-page-background-enabled":"default","ast-page-background-meta":{"desktop":{"background-color":"var(--ast-global-color-4)","background-image":"","background-repeat":"repeat","background-position":"center center","background-size":"auto","background-attachment":"scroll","background-type":"","background-media":"","overlay-type":"","overlay-color":"","overlay-opacity":"","overlay-gradient":""},"tablet":{"background-color":"","background-image":"","background-repeat":"repeat","background-position":"center center","background-size":"auto","background-attachment":"scroll","background-type":"","background-media":"","overlay-type":"","overlay-color":"","overlay-opacity":"","overlay-gradient":""},"mobile":{"background-color":"","background-image":"","background-repeat":"repeat","background-position":"center center","background-size":"auto","background-attachment":"scroll","background-type":"","background-media":"","overlay-type":"","overlay-color":"","overlay-opacity":"","overlay-gradient":""}},"ast-content-background-meta":{"desktop":{"background-color":"var(--ast-global-color-5)","background-image":"","background-repeat":"repeat","background-position":"center center","background-size":"auto","background-attachment":"scroll","background-type":"","background-media":"","overlay-type":"","overlay-color":"","overlay-opacity":"","overlay-gradient":""},"tablet":{"background-color":"var(--ast-global-color-5)","background-image":"","background-repeat":"repeat","background-position":"center center","background-size":"auto","background-attachment":"scroll","background-type":"","background-media":"","overlay-type":"","overlay-color":"","overlay-opacity":"","overlay-gradient":""},"mobile":{"background-color":"var(--ast-global-color-5)","background-image":"","background-repeat":"repeat","background-position":"center center","background-size":"auto","background-attachment":"scroll","background-type":"","background-media":"","overlay-type":"","overlay-color":"","overlay-opacity":"","overlay-gradient":""}},"footnotes":""},"class_list":["post-1405","page","type-page","status-publish","hentry"],"uagb_featured_image_src":{"full":false,"thumbnail":false,"medium":false,"medium_large":false,"large":false,"1536x1536":false,"2048x2048":false,"widget-thumbnail":false},"uagb_author_info":{"display_name":"Mariel Schaab","author_link":"https:\/\/coach4expats.com\/es\/author\/mariel\/"},"uagb_comment_info":0,"uagb_excerpt":"Pol\u00edtica de privacidad Esta Pol\u00edtica de privacidad describe c\u00f3mo Coach4expats recopila, utiliza y protege tus datos personales. Todo el tratamiento [&hellip;]","_links":{"self":[{"href":"https:\/\/coach4expats.com\/es\/wp-json\/wp\/v2\/pages\/1405","targetHints":{"allow":["GET"]}}],"collection":[{"href":"https:\/\/coach4expats.com\/es\/wp-json\/wp\/v2\/pages"}],"about":[{"href":"https:\/\/coach4expats.com\/es\/wp-json\/wp\/v2\/types\/page"}],"author":[{"embeddable":true,"href":"https:\/\/coach4expats.com\/es\/wp-json\/wp\/v2\/users\/3"}],"replies":[{"embeddable":true,"href":"https:\/\/coach4expats.com\/es\/wp-json\/wp\/v2\/comments?post=1405"}],"version-history":[{"count":7,"href":"https:\/\/coach4expats.com\/es\/wp-json\/wp\/v2\/pages\/1405\/revisions"}],"predecessor-version":[{"id":17502,"href":"https:\/\/coach4expats.com\/es\/wp-json\/wp\/v2\/pages\/1405\/revisions\/17502"}],"wp:attachment":[{"href":"https:\/\/coach4expats.com\/es\/wp-json\/wp\/v2\/media?parent=1405"}],"curies":[{"name":"wp","href":"https:\/\/api.w.org\/{rel}","templated":true}]}}