{"id":1415,"date":"2024-10-02T02:39:04","date_gmt":"2024-10-02T00:39:04","guid":{"rendered":"https:\/\/coach4expats.com\/reembolso\/"},"modified":"2025-04-14T16:36:12","modified_gmt":"2025-04-14T14:36:12","slug":"reembolso","status":"publish","type":"page","link":"https:\/\/coach4expats.com\/es\/reembolso\/","title":{"rendered":"Reembolso"},"content":{"rendered":"\n<div class=\"wp-block-uagb-container uagb-block-ec05ea4f alignfull uagb-is-root-container\"><div class=\"uagb-container-inner-blocks-wrap\">\n<h2 class=\"gb-headline gb-headline-6e3d3a9e gb-headline-text\">Reembolso<\/h2>\n\n\n<style>.wp-block-kadence-advancedheading.kt-adv-heading1000_8ee076-23, .wp-block-kadence-advancedheading.kt-adv-heading1000_8ee076-23[data-kb-block=\"kb-adv-heading1000_8ee076-23\"]{font-size:var(--global-kb-font-size-sm, 0.9rem);font-weight:400;font-style:normal;}.wp-block-kadence-advancedheading.kt-adv-heading1000_8ee076-23 mark.kt-highlight, .wp-block-kadence-advancedheading.kt-adv-heading1000_8ee076-23[data-kb-block=\"kb-adv-heading1000_8ee076-23\"] mark.kt-highlight{font-style:normal;color:#f76a0c;-webkit-box-decoration-break:clone;box-decoration-break:clone;padding-top:0px;padding-right:0px;padding-bottom:0px;padding-left:0px;}.wp-block-kadence-advancedheading.kt-adv-heading1000_8ee076-23 img.kb-inline-image, .wp-block-kadence-advancedheading.kt-adv-heading1000_8ee076-23[data-kb-block=\"kb-adv-heading1000_8ee076-23\"] img.kb-inline-image{width:150px;vertical-align:baseline;}<\/style>\n<p class=\"kt-adv-heading1000_8ee076-23 wp-block-kadence-advancedheading\" data-kb-block=\"kb-adv-heading1000_8ee076-23\">Todas las devoluciones deben realizarse en un plazo de 14 d\u00edas a partir de la fecha de compra en l\u00ednea. Para devolver un art\u00edculo comprado en nuestra tienda online, env\u00eda un correo electr\u00f3nico al servicio de atenci\u00f3n al cliente a info@coach4expats.com para obtener un n\u00famero de autorizaci\u00f3n de devoluci\u00f3n de mercanc\u00eda (RMA). Una vez que recibas el n\u00famero RMA, env\u00eda el comprobante de compra al correo electr\u00f3nico indicado. Te rogamos que esperes al menos 6 d\u00edas desde la recepci\u00f3n del art\u00edculo para procesar la devoluci\u00f3n. Los reembolsos pueden tardar de 1 a 2 ciclos de facturaci\u00f3n en aparecer en el extracto de tu tarjeta de cr\u00e9dito, dependiendo de la compa\u00f1\u00eda de la tarjeta. Te notificaremos por correo electr\u00f3nico cuando se haya procesado tu devoluci\u00f3n.<br\/><br\/> Si tienes alguna pregunta sobre nuestra pol\u00edtica de devoluciones para compras en l\u00ednea, ponte en contacto con nosotros en el tel\u00e9fono +31 6 1463 0463 o <strong><a href=\"mailto:info@coach4expats.com\">info@coach4expats.com<\/a><\/strong>.     <\/p>\n<\/div><\/div>\n\n<p><\/p>\n","protected":false},"excerpt":{"rendered":"<p>Reembolso Todas las devoluciones deben realizarse en un plazo de 14 d\u00edas a partir de la fecha de compra en [&hellip;]<\/p>\n","protected":false},"author":3,"featured_media":0,"parent":0,"menu_order":0,"comment_status":"closed","ping_status":"open","template":"","meta":{"_uag_custom_page_level_css":"","site-sidebar-layout":"default","site-content-layout":"","ast-site-content-layout":"normal-width-container","site-content-style":"default","site-sidebar-style":"default","ast-global-header-display":"","ast-banner-title-visibility":"","ast-main-header-display":"","ast-hfb-above-header-display":"","ast-hfb-below-header-display":"","ast-hfb-mobile-header-display":"","site-post-title":"disabled","ast-breadcrumbs-content":"","ast-featured-img":"","footer-sml-layout":"","ast-disable-related-posts":"","theme-transparent-header-meta":"","adv-header-id-meta":"","stick-header-meta":"","header-above-stick-meta":"","header-main-stick-meta":"","header-below-stick-meta":"","astra-migrate-meta-layouts":"default","ast-page-background-enabled":"default","ast-page-background-meta":{"desktop":{"background-color":"var(--ast-global-color-4)","background-image":"","background-repeat":"repeat","background-position":"center center","background-size":"auto","background-attachment":"scroll","background-type":"","background-media":"","overlay-type":"","overlay-color":"","overlay-opacity":"","overlay-gradient":""},"tablet":{"background-color":"","background-image":"","background-repeat":"repeat","background-position":"center center","background-size":"auto","background-attachment":"scroll","background-type":"","background-media":"","overlay-type":"","overlay-color":"","overlay-opacity":"","overlay-gradient":""},"mobile":{"background-color":"","background-image":"","background-repeat":"repeat","background-position":"center center","background-size":"auto","background-attachment":"scroll","background-type":"","background-media":"","overlay-type":"","overlay-color":"","overlay-opacity":"","overlay-gradient":""}},"ast-content-background-meta":{"desktop":{"background-color":"var(--ast-global-color-5)","background-image":"","background-repeat":"repeat","background-position":"center center","background-size":"auto","background-attachment":"scroll","background-type":"","background-media":"","overlay-type":"","overlay-color":"","overlay-opacity":"","overlay-gradient":""},"tablet":{"background-color":"var(--ast-global-color-5)","background-image":"","background-repeat":"repeat","background-position":"center center","background-size":"auto","background-attachment":"scroll","background-type":"","background-media":"","overlay-type":"","overlay-color":"","overlay-opacity":"","overlay-gradient":""},"mobile":{"background-color":"var(--ast-global-color-5)","background-image":"","background-repeat":"repeat","background-position":"center center","background-size":"auto","background-attachment":"scroll","background-type":"","background-media":"","overlay-type":"","overlay-color":"","overlay-opacity":"","overlay-gradient":""}},"footnotes":""},"class_list":["post-1415","page","type-page","status-publish","hentry"],"uagb_featured_image_src":{"full":false,"thumbnail":false,"medium":false,"medium_large":false,"large":false,"1536x1536":false,"2048x2048":false,"widget-thumbnail":false},"uagb_author_info":{"display_name":"Mariel Schaab","author_link":"https:\/\/coach4expats.com\/es\/author\/mariel\/"},"uagb_comment_info":0,"uagb_excerpt":"Reembolso Todas las devoluciones deben realizarse en un plazo de 14 d\u00edas a partir de la fecha de compra en [&hellip;]","_links":{"self":[{"href":"https:\/\/coach4expats.com\/es\/wp-json\/wp\/v2\/pages\/1415","targetHints":{"allow":["GET"]}}],"collection":[{"href":"https:\/\/coach4expats.com\/es\/wp-json\/wp\/v2\/pages"}],"about":[{"href":"https:\/\/coach4expats.com\/es\/wp-json\/wp\/v2\/types\/page"}],"author":[{"embeddable":true,"href":"https:\/\/coach4expats.com\/es\/wp-json\/wp\/v2\/users\/3"}],"replies":[{"embeddable":true,"href":"https:\/\/coach4expats.com\/es\/wp-json\/wp\/v2\/comments?post=1415"}],"version-history":[{"count":4,"href":"https:\/\/coach4expats.com\/es\/wp-json\/wp\/v2\/pages\/1415\/revisions"}],"predecessor-version":[{"id":12849,"href":"https:\/\/coach4expats.com\/es\/wp-json\/wp\/v2\/pages\/1415\/revisions\/12849"}],"wp:attachment":[{"href":"https:\/\/coach4expats.com\/es\/wp-json\/wp\/v2\/media?parent=1415"}],"curies":[{"name":"wp","href":"https:\/\/api.w.org\/{rel}","templated":true}]}}