{"id":4263,"date":"2024-11-20T03:44:30","date_gmt":"2024-11-20T02:44:30","guid":{"rendered":"https:\/\/coach4expats.com\/plantillas-de-cv-para-expatriados\/"},"modified":"2025-04-14T13:46:59","modified_gmt":"2025-04-14T11:46:59","slug":"plantillas-de-cv-para-expatriados","status":"publish","type":"page","link":"https:\/\/coach4expats.com\/es\/plantillas-de-cv-para-expatriados\/","title":{"rendered":"Plantillas de CV para expatriados"},"content":{"rendered":"\n<div class=\"wp-block-uagb-container uagb-block-43506c73 alignfull uagb-is-root-container\"><div class=\"uagb-container-inner-blocks-wrap\">\n<div class=\"wp-block-uagb-advanced-heading uagb-block-1a45344a\"><h1 class=\"uagb-heading-text\">Plantillas de CV para expatriados<\/h1><\/div>\n\n\n\n<div class=\"wp-block-uagb-advanced-heading uagb-block-1d7921d3\"><h5 class=\"uagb-heading-text\">Plantillas de CV elaboradas profesionalmente que acortan las distancias culturales y ponen de relieve tu experiencia global. Cada plantilla est\u00e1 optimizada para los est\u00e1ndares internacionales de contrataci\u00f3n, ayud\u00e1ndote a conseguir el trabajo de tus sue\u00f1os en cualquier parte del mundo. <\/h5><\/div>\n<\/div><\/div>\n\n<div class=\"wp-block-uagb-container uagb-block-5e97ba55 alignfull uagb-is-root-container\"><div class=\"uagb-container-inner-blocks-wrap\">\n<div class=\"wp-block-uagb-container uagb-block-6fb72621\">\n<div class=\"wp-block-uagb-container uagb-block-26612482\">\n<div class=\"wp-block-uagb-advanced-heading uagb-block-bc58699c\"><h2 class=\"uagb-heading-text\">PLANTILLAS DE CV EN WORD<\/h2><\/div>\n\n\n<style>.wp-block-kadence-advancedbtn.kb-btns3797_734a9f-71{gap:var(--global-kb-gap-xs, 0.5rem );justify-content:center;align-items:center;}.kt-btns3797_734a9f-71 .kt-button{font-weight:normal;font-style:normal;}.kt-btns3797_734a9f-71 .kt-btn-wrap-0{margin-right:5px;}.wp-block-kadence-advancedbtn.kt-btns3797_734a9f-71 .kt-btn-wrap-0 .kt-button{color:#555555;border-color:#555555;}.wp-block-kadence-advancedbtn.kt-btns3797_734a9f-71 .kt-btn-wrap-0 .kt-button:hover, .wp-block-kadence-advancedbtn.kt-btns3797_734a9f-71 .kt-btn-wrap-0 .kt-button:focus{color:#ffffff;border-color:#444444;}.wp-block-kadence-advancedbtn.kt-btns3797_734a9f-71 .kt-btn-wrap-0 .kt-button::before{display:none;}.wp-block-kadence-advancedbtn.kt-btns3797_734a9f-71 .kt-btn-wrap-0 .kt-button:hover, .wp-block-kadence-advancedbtn.kt-btns3797_734a9f-71 .kt-btn-wrap-0 .kt-button:focus{background:#444444;}<\/style>\n<div class=\"wp-block-kadence-advancedbtn kb-buttons-wrap kb-btns3797_734a9f-71\"><style>ul.menu .wp-block-kadence-advancedbtn .kb-btn3797_b108a0-e8.kb-button{width:initial;}.wp-block-kadence-advancedbtn .kb-btn3797_b108a0-e8.kb-button{color:var(--ast-global-color-3);background:var(--ast-global-color-5);border-top-left-radius:10px;border-top-right-radius:10px;border-bottom-right-radius:10px;border-bottom-left-radius:10px;}<\/style><a class=\"kb-button kt-button button kb-btn3797_b108a0-e8 kt-btn-size-standard kt-btn-width-type-auto kb-btn-global-inherit  kt-btn-has-text-true kt-btn-has-svg-false  wp-block-button__link wp-block-kadence-singlebtn\" href=\"https:\/\/coach4expats.com\/wp-content\/uploads\/2025\/01\/CV-Templates-Coach4expats-2.docx\" target=\"_blank\" rel=\"noreferrer noopener\"><span class=\"kt-btn-inner-text\"><strong>DESCARGA<\/strong><\/span><\/a><\/div>\n<\/div>\n<\/div>\n\n\n\n<div class=\"wp-block-uagb-container uagb-block-b289f9f3\">\n<div class=\"wp-block-uagb-container uagb-block-6375c11d\">\n<div class=\"wp-block-uagb-advanced-heading uagb-block-be02eca4\"><h2 class=\"uagb-heading-text\">PLANTILLAS DE CV EN CANVA<\/h2><\/div>\n\n\n<style>.wp-block-kadence-advancedbtn.kb-btns3797_36c58e-59{gap:var(--global-kb-gap-xs, 0.5rem );justify-content:center;align-items:center;}.kt-btns3797_36c58e-59 .kt-button{font-weight:normal;font-style:normal;}.kt-btns3797_36c58e-59 .kt-btn-wrap-0{margin-right:5px;}.wp-block-kadence-advancedbtn.kt-btns3797_36c58e-59 .kt-btn-wrap-0 .kt-button{color:#555555;border-color:#555555;}.wp-block-kadence-advancedbtn.kt-btns3797_36c58e-59 .kt-btn-wrap-0 .kt-button:hover, .wp-block-kadence-advancedbtn.kt-btns3797_36c58e-59 .kt-btn-wrap-0 .kt-button:focus{color:#ffffff;border-color:#444444;}.wp-block-kadence-advancedbtn.kt-btns3797_36c58e-59 .kt-btn-wrap-0 .kt-button::before{display:none;}.wp-block-kadence-advancedbtn.kt-btns3797_36c58e-59 .kt-btn-wrap-0 .kt-button:hover, .wp-block-kadence-advancedbtn.kt-btns3797_36c58e-59 .kt-btn-wrap-0 .kt-button:focus{background:#444444;}<\/style>\n<div class=\"wp-block-kadence-advancedbtn kb-buttons-wrap kb-btns3797_36c58e-59\"><style>ul.menu .wp-block-kadence-advancedbtn .kb-btn3797_4efa54-0c.kb-button{width:initial;}.wp-block-kadence-advancedbtn .kb-btn3797_4efa54-0c.kb-button{color:var(--ast-global-color-3);background:var(--ast-global-color-5);border-top-left-radius:10px;border-top-right-radius:10px;border-bottom-right-radius:10px;border-bottom-left-radius:10px;}<\/style><a class=\"kb-button kt-button button kb-btn3797_4efa54-0c kt-btn-size-standard kt-btn-width-type-auto kb-btn-global-inherit  kt-btn-has-text-true kt-btn-has-svg-false  wp-block-button__link wp-block-kadence-singlebtn\" href=\"https:\/\/www.canva.com\/design\/DAFJgHDOO38\/lkBy1NNi8t5LTbWvqVv9LQ\/view?utm_content=DAFJgHDOO38&#038;utm_campaign=designshare&#038;utm_medium=link&#038;utm_source=publishsharelink&#038;mode=preview\" target=\"_blank\" rel=\"noreferrer noopener\"><span class=\"kt-btn-inner-text\"><strong>DESCARGA<\/strong><\/span><\/a><\/div>\n<\/div>\n<\/div>\n<\/div><\/div>\n\n<div class=\"wp-block-uagb-container uagb-block-984eeae7 alignfull uagb-is-root-container\"><div class=\"uagb-container-inner-blocks-wrap\">\n<h2 class=\"gb-headline gb-headline-7a99a522 gb-headline-text\">Lecturas relacionadas: Echa un vistazo a estos otros art\u00edculos<\/h2>\n\n\n<\/div><\/div>\n","protected":false},"excerpt":{"rendered":"<p>Plantillas de CV para expatriados Plantillas de CV elaboradas profesionalmente que acortan las distancias culturales y ponen de relieve tu [&hellip;]<\/p>\n","protected":false},"author":3,"featured_media":2455,"parent":0,"menu_order":0,"comment_status":"closed","ping_status":"closed","template":"","meta":{"_uag_custom_page_level_css":"","site-sidebar-layout":"default","site-content-layout":"","ast-site-content-layout":"","site-content-style":"default","site-sidebar-style":"default","ast-global-header-display":"","ast-banner-title-visibility":"","ast-main-header-display":"","ast-hfb-above-header-display":"","ast-hfb-below-header-display":"","ast-hfb-mobile-header-display":"","site-post-title":"disabled","ast-breadcrumbs-content":"","ast-featured-img":"disabled","footer-sml-layout":"","ast-disable-related-posts":"","theme-transparent-header-meta":"","adv-header-id-meta":"","stick-header-meta":"","header-above-stick-meta":"","header-main-stick-meta":"","header-below-stick-meta":"","astra-migrate-meta-layouts":"default","ast-page-background-enabled":"default","ast-page-background-meta":{"desktop":{"background-color":"var(--ast-global-color-4)","background-image":"","background-repeat":"repeat","background-position":"center center","background-size":"auto","background-attachment":"scroll","background-type":"","background-media":"","overlay-type":"","overlay-color":"","overlay-opacity":"","overlay-gradient":""},"tablet":{"background-color":"","background-image":"","background-repeat":"repeat","background-position":"center center","background-size":"auto","background-attachment":"scroll","background-type":"","background-media":"","overlay-type":"","overlay-color":"","overlay-opacity":"","overlay-gradient":""},"mobile":{"background-color":"","background-image":"","background-repeat":"repeat","background-position":"center center","background-size":"auto","background-attachment":"scroll","background-type":"","background-media":"","overlay-type":"","overlay-color":"","overlay-opacity":"","overlay-gradient":""}},"ast-content-background-meta":{"desktop":{"background-color":"var(--ast-global-color-5)","background-image":"","background-repeat":"repeat","background-position":"center center","background-size":"auto","background-attachment":"scroll","background-type":"","background-media":"","overlay-type":"","overlay-color":"","overlay-opacity":"","overlay-gradient":""},"tablet":{"background-color":"var(--ast-global-color-5)","background-image":"","background-repeat":"repeat","background-position":"center center","background-size":"auto","background-attachment":"scroll","background-type":"","background-media":"","overlay-type":"","overlay-color":"","overlay-opacity":"","overlay-gradient":""},"mobile":{"background-color":"var(--ast-global-color-5)","background-image":"","background-repeat":"repeat","background-position":"center center","background-size":"auto","background-attachment":"scroll","background-type":"","background-media":"","overlay-type":"","overlay-color":"","overlay-opacity":"","overlay-gradient":""}},"footnotes":""},"class_list":["post-4263","page","type-page","status-publish","has-post-thumbnail","hentry"],"uagb_featured_image_src":{"full":["https:\/\/coach4expats.com\/wp-content\/uploads\/2024\/10\/11062b_e05acc7c03f14ea78356b79b829b757cmv2-scaled.jpg",2560,1701,false],"thumbnail":["https:\/\/coach4expats.com\/wp-content\/uploads\/2024\/10\/11062b_e05acc7c03f14ea78356b79b829b757cmv2-150x150.jpg",150,150,true],"medium":["https:\/\/coach4expats.com\/wp-content\/uploads\/2024\/10\/11062b_e05acc7c03f14ea78356b79b829b757cmv2-300x199.jpg",300,199,true],"medium_large":["https:\/\/coach4expats.com\/wp-content\/uploads\/2024\/10\/11062b_e05acc7c03f14ea78356b79b829b757cmv2-768x510.jpg",768,510,true],"large":["https:\/\/coach4expats.com\/wp-content\/uploads\/2024\/10\/11062b_e05acc7c03f14ea78356b79b829b757cmv2-1024x680.jpg",800,531,true],"1536x1536":["https:\/\/coach4expats.com\/wp-content\/uploads\/2024\/10\/11062b_e05acc7c03f14ea78356b79b829b757cmv2-1536x1020.jpg",1536,1020,true],"2048x2048":["https:\/\/coach4expats.com\/wp-content\/uploads\/2024\/10\/11062b_e05acc7c03f14ea78356b79b829b757cmv2-2048x1361.jpg",2048,1361,true],"widget-thumbnail":["https:\/\/coach4expats.com\/wp-content\/uploads\/2024\/10\/11062b_e05acc7c03f14ea78356b79b829b757cmv2-75x75.jpg",75,75,true]},"uagb_author_info":{"display_name":"Mariel Schaab","author_link":"https:\/\/coach4expats.com\/es\/author\/mariel\/"},"uagb_comment_info":0,"uagb_excerpt":"Plantillas de CV para expatriados Plantillas de CV elaboradas profesionalmente que acortan las distancias culturales y ponen de relieve tu [&hellip;]","_links":{"self":[{"href":"https:\/\/coach4expats.com\/es\/wp-json\/wp\/v2\/pages\/4263","targetHints":{"allow":["GET"]}}],"collection":[{"href":"https:\/\/coach4expats.com\/es\/wp-json\/wp\/v2\/pages"}],"about":[{"href":"https:\/\/coach4expats.com\/es\/wp-json\/wp\/v2\/types\/page"}],"author":[{"embeddable":true,"href":"https:\/\/coach4expats.com\/es\/wp-json\/wp\/v2\/users\/3"}],"replies":[{"embeddable":true,"href":"https:\/\/coach4expats.com\/es\/wp-json\/wp\/v2\/comments?post=4263"}],"version-history":[{"count":5,"href":"https:\/\/coach4expats.com\/es\/wp-json\/wp\/v2\/pages\/4263\/revisions"}],"predecessor-version":[{"id":8668,"href":"https:\/\/coach4expats.com\/es\/wp-json\/wp\/v2\/pages\/4263\/revisions\/8668"}],"wp:featuredmedia":[{"embeddable":true,"href":"https:\/\/coach4expats.com\/es\/wp-json\/wp\/v2\/media\/2455"}],"wp:attachment":[{"href":"https:\/\/coach4expats.com\/es\/wp-json\/wp\/v2\/media?parent=4263"}],"curies":[{"name":"wp","href":"https:\/\/api.w.org\/{rel}","templated":true}]}}