{"id":5594,"date":"2025-01-04T07:00:52","date_gmt":"2025-01-04T06:00:52","guid":{"rendered":"https:\/\/coach4expats.com\/apoyo-a-la-busqueda-de-empleo-para-socios-doble-carrera\/"},"modified":"2025-04-14T16:22:40","modified_gmt":"2025-04-14T14:22:40","slug":"apoyo-a-la-busqueda-de-empleo-para-socios-doble-carrera","status":"publish","type":"page","link":"https:\/\/coach4expats.com\/es\/apoyo-a-la-busqueda-de-empleo-para-socios-doble-carrera\/","title":{"rendered":"Apoyo a la b\u00fasqueda de empleo para socios (Doble carrera)"},"content":{"rendered":"\n<div class=\"wp-block-uagb-container uagb-block-2b5d30df alignfull uagb-is-root-container\"><div class=\"uagb-container-inner-blocks-wrap\">\n<div class=\"wp-block-uagb-container uagb-block-98f35fb6\">\n<div data-aos= \"fade-up\" data-aos-duration=\"400\" data-aos-delay=\"0\" data-aos-easing=\"ease\" data-aos-once=\"true\" class=\"wp-block-uagb-info-box uagb-block-789ca1ae uagb-infobox__content-wrap  uagb-infobox-icon-above-title uagb-infobox-image-valign-top\"><div class=\"uagb-ifb-content\"><div class=\"uagb-ifb-title-wrap\"><h1 class=\"uagb-ifb-title\">Apoyo a la b\u00fasqueda de empleo para socios <br\/>(Doble carrera)<\/h1><\/div><p class=\"uagb-ifb-desc\">\u00bfTe trasladas a otro pa\u00eds porque tu pareja (marido o mujer) ha conseguido un nuevo trabajo en el extranjero?<br\/><br\/>Te ayudamos en la transici\u00f3n para que consigas un nuevo trabajo y te prepares para el nuevo mercado laboral.<\/p><\/div><\/div>\n\n\n\n<div class=\"wp-block-uagb-container uagb-block-d4fcf435\"><style>.wp-block-kadence-advancedheading.kt-adv-heading5591_0f12a1-b8, .wp-block-kadence-advancedheading.kt-adv-heading5591_0f12a1-b8[data-kb-block=\"kb-adv-heading5591_0f12a1-b8\"]{margin-bottom:0px;text-align:center;font-size:var(--global-kb-font-size-md, 1.25rem);font-style:normal;}.wp-block-kadence-advancedheading.kt-adv-heading5591_0f12a1-b8 mark.kt-highlight, .wp-block-kadence-advancedheading.kt-adv-heading5591_0f12a1-b8[data-kb-block=\"kb-adv-heading5591_0f12a1-b8\"] mark.kt-highlight{font-style:normal;color:#f76a0c;-webkit-box-decoration-break:clone;box-decoration-break:clone;padding-top:0px;padding-right:0px;padding-bottom:0px;padding-left:0px;}.wp-block-kadence-advancedheading.kt-adv-heading5591_0f12a1-b8 img.kb-inline-image, .wp-block-kadence-advancedheading.kt-adv-heading5591_0f12a1-b8[data-kb-block=\"kb-adv-heading5591_0f12a1-b8\"] img.kb-inline-image{width:150px;vertical-align:baseline;}@media all and (max-width: 767px){.wp-block-kadence-advancedheading.kt-adv-heading5591_0f12a1-b8, .wp-block-kadence-advancedheading.kt-adv-heading5591_0f12a1-b8[data-kb-block=\"kb-adv-heading5591_0f12a1-b8\"]{padding-bottom:0px;margin-bottom:0px;}}<\/style>\n<h2 class=\"kt-adv-heading5591_0f12a1-b8 wp-block-kadence-advancedheading has-ast-global-color-3-color has-text-color\" data-kb-block=\"kb-adv-heading5591_0f12a1-b8\">699,99 EUROS + IVA<\/h2>\n<\/div>\n<\/div>\n\n\n\n<div data-aos= \"fade-up\" data-aos-duration=\"400\" data-aos-delay=\"0\" data-aos-easing=\"ease\" data-aos-once=\"true\" class=\"wp-block-uagb-container uagb-block-27e6153e\"><\/div>\n<\/div><\/div>\n\n<div class=\"wp-block-uagb-container uagb-block-5b7b18c7 alignfull uagb-is-root-container\"><div class=\"uagb-container-inner-blocks-wrap\">\n<div data-aos= \"zoom-in-up\" data-aos-duration=\"400\" data-aos-delay=\"0\" data-aos-easing=\"ease\" data-aos-once=\"true\" class=\"wp-block-uagb-container uagb-block-3f7988e4\">\n<p class=\" eplus-wrapper\">\ud83d\ude80 Accede a un programa de 3 meses que incluye Masterclass de b\u00fasqueda de empleo, una comunidad exclusiva para expatriados, plantillas de CV y rese\u00f1as profesionales para destacar tu perfil. \u00danete a nuestra exclusiva comunidad y recibe asesoramiento personalizado, recursos para entrevistas y networking. Adem\u00e1s, disfruta de ventajas premium como LinkedIn PRO y coaching de reorientaci\u00f3n profesional.  <\/p>\n\n\n\n<p class=\" eplus-wrapper\"><strong>Ventajas:<\/strong><br\/>\ud83d\udcda Acceso a una Masterclass de b\u00fasqueda de empleo de 140 minutos (pregrabada, en l\u00ednea).<br\/>\ud83e\uddd1\u200d\ud83e\uddd1\u200d\ud83e\uddd2 Accede a la mayor comunidad de expatriados del mundo<br\/>\ud83e\udd1d Programa de transici\u00f3n y apoyo de 3 meses<br\/>\ud83d\udcc4 Plantillas de CV <br\/>\u2705 Creaci\u00f3n y revisi\u00f3n de CV | Apoyo en la redacci\u00f3n de CV<br\/>\ud83c\udf10 Acceso a la comunidad exclusiva para clientes.<br\/>Creaci\u00f3n y revisiones de cartas motivacionales. <br\/>\ud83d\udcca Creaci\u00f3n y revisiones del Caso Empresarial <br\/>\ud83d\udcbc Sesi\u00f3n de coaching para entrevistas y recursos para entrevistas de trabajo.<br\/>Recursos para generar networking laboral y redes de contactos<br\/>LinkedIn PRO: \u00a1Tu perfil de LinkedIn va a brillar!<br\/>Sesiones de coaching de reorientaci\u00f3n profesional y coaching vocacional. <br\/>Acceso VIP Premium a la Plataforma de B\u00fasqueda de Empleo del futuro: Servicio JOB SEARCH REVOLUTION. <\/p>\n\n\n\n<p class=\" eplus-wrapper\"><strong>El plan \u00abRevoluci\u00f3n en la B\u00fasqueda de Empleo\u00bb incluye <\/strong><br\/>\u2705 Acceso a 1 (una) hora de Curso online de Configuraci\u00f3n de la Revoluci\u00f3n de la B\u00fasqueda de Empleo.<br\/>\u2705 Plantillas de secuencias para la automatizaci\u00f3n.<br\/>\u2705 1 (una) sesi\u00f3n personalizada de coaching laboral para la configuraci\u00f3n y ejecuci\u00f3n del programa.<br\/>\u2705 1 (un) mes de apoyo y seguimiento por parte del equipo Coach4Expats.<\/p>\n\n\n\n<p class=\" eplus-wrapper\">\u00bfEst\u00e1s preparado para transformar tu b\u00fasqueda de empleo y alcanzar nuevas cotas profesionales con nuestro exclusivo programa de Doble Carrera para c\u00f3nyuges expatriados? \u00a1Contrata ahora y despega hacia tu futuro profesional! <\/p>\n<\/div>\n\n\n\n<div class=\"wp-block-uagb-container uagb-block-a8cba11f\">\n<div class=\"wp-block-uagb-buttons uagb-buttons__outer-wrap uagb-btn__default-btn uagb-btn-tablet__default-btn uagb-btn-mobile__default-btn uagb-block-9b7f2fac\"><div class=\"uagb-buttons__wrap uagb-buttons-layout-wrap \">\n<div data-aos= \"zoom-in-up\" data-aos-duration=\"400\" data-aos-delay=\"0\" data-aos-easing=\"ease\" data-aos-once=\"true\" class=\"wp-block-uagb-buttons-child uagb-buttons__outer-wrap uagb-block-9b6df595 wp-block-button\"><div class=\"uagb-button__wrapper\"><a class=\"uagb-buttons-repeater wp-block-button__link\" aria-label=\"\" href=\"https:\/\/coach4expats.com\/wp-content\/uploads\/2025\/03\/Coach4Expats-Services-Overview-Spanish.pdf\" rel=\"follow noopener\" target=\"_blank\" role=\"button\"><div class=\"uagb-button__link\">FOLLETO DE SERVICIOS<\/div><\/a><\/div><\/div>\n\n\n\n<div data-aos= \"zoom-in-up\" data-aos-duration=\"400\" data-aos-delay=\"0\" data-aos-easing=\"ease\" data-aos-once=\"true\" class=\"wp-block-uagb-buttons-child uagb-buttons__outer-wrap uagb-block-e3bac896 wp-block-button\"><div class=\"uagb-button__wrapper\"><a class=\"uagb-buttons-repeater wp-block-button__link\" aria-label=\"\" href=\"https:\/\/coach4expats.com\/wp-content\/uploads\/2025\/03\/Coach4expats-How-we-work-Spanish.pdf\" rel=\"follow noopener\" target=\"_blank\" role=\"button\"><div class=\"uagb-button__link\">METODOLOG\u00cdA DE TRABAJO<\/div><\/a><\/div><\/div>\n<\/div><\/div>\n<\/div>\n<\/div><\/div>\n\n<div class=\"wp-block-uagb-container uagb-block-f26e91e5 alignfull uagb-is-root-container\">\n<div class=\"wp-block-uagb-container uagb-block-f02df754\">\n<div class=\"wp-block-uagb-advanced-heading uagb-block-04ac5cb8\"><h2 class=\"uagb-heading-text\"><strong>Programa Doble Carrera: <\/strong><br\/><strong>Apoyo en la b\u00fasqueda de empleo para el c\u00f3nyuge\/pareja expatriado <\/strong><br\/><strong>durante el traslado a un nuevo pa\u00eds<\/strong><\/h2><\/div>\n\n\n\n<p class=\" eplus-wrapper\">Te ofreceremos m\u00e1s apoyo en el viaje de tu c\u00f3nyuge\/pareja durante el proceso de traslado.<br\/><br\/>Rellena este formulario para evaluar tu situaci\u00f3n. Nos pondremos en contacto contigo en las pr\u00f3ximas 48 horas laborables.<\/p>\n\n\n<p class=\"wpcf7-contact-form-not-found\"><strong>Error:<\/strong> Formulario de contacto no encontrado.<\/p>\n<\/div>\n<\/div>\n\n<div class=\"wp-block-uagb-container uagb-block-0b94198b alignfull uagb-is-root-container\"><div class=\"uagb-container-inner-blocks-wrap\">\n<p class=\" has-text-align-center eplus-wrapper\"><strong>IMPORTANTE: TODAS LAS RESERVAS EN ESTE SITIO WEB SE REALIZAN EN LA SIGUIENTE ZONA HORARIA <br\/>Amsterdam CET (UTC +1)<\/strong><\/p>\n\n\n\n<div class=\"wp-block-uagb-container uagb-block-a8bea360 alignwide uagb-is-root-container\">\n<div class=\"wp-block-booknetic-booking\">[booknetic service=\u00bb12&#8243; location=\u00bb2&#8243;]<\/div>\n<\/div>\n<\/div><\/div>\n","protected":false},"excerpt":{"rendered":"<p>699,99 EUROS + IVA \ud83d\ude80 Accede a un programa de 3 meses que incluye Masterclass de b\u00fasqueda de empleo, una [&hellip;]<\/p>\n","protected":false},"author":3,"featured_media":5566,"parent":0,"menu_order":0,"comment_status":"closed","ping_status":"closed","template":"","meta":{"_uag_custom_page_level_css":"","site-sidebar-layout":"default","site-content-layout":"","ast-site-content-layout":"full-width-container","site-content-style":"default","site-sidebar-style":"default","ast-global-header-display":"","ast-banner-title-visibility":"","ast-main-header-display":"","ast-hfb-above-header-display":"","ast-hfb-below-header-display":"","ast-hfb-mobile-header-display":"","site-post-title":"disabled","ast-breadcrumbs-content":"","ast-featured-img":"disabled","footer-sml-layout":"","ast-disable-related-posts":"","theme-transparent-header-meta":"","adv-header-id-meta":"","stick-header-meta":"","header-above-stick-meta":"","header-main-stick-meta":"","header-below-stick-meta":"","astra-migrate-meta-layouts":"default","ast-page-background-enabled":"default","ast-page-background-meta":{"desktop":{"background-color":"var(--ast-global-color-4)","background-image":"","background-repeat":"repeat","background-position":"center center","background-size":"auto","background-attachment":"scroll","background-type":"","background-media":"","overlay-type":"","overlay-color":"","overlay-opacity":"","overlay-gradient":""},"tablet":{"background-color":"","background-image":"","background-repeat":"repeat","background-position":"center center","background-size":"auto","background-attachment":"scroll","background-type":"","background-media":"","overlay-type":"","overlay-color":"","overlay-opacity":"","overlay-gradient":""},"mobile":{"background-color":"","background-image":"","background-repeat":"repeat","background-position":"center center","background-size":"auto","background-attachment":"scroll","background-type":"","background-media":"","overlay-type":"","overlay-color":"","overlay-opacity":"","overlay-gradient":""}},"ast-content-background-meta":{"desktop":{"background-color":"var(--ast-global-color-5)","background-image":"","background-repeat":"repeat","background-position":"center center","background-size":"auto","background-attachment":"scroll","background-type":"","background-media":"","overlay-type":"","overlay-color":"","overlay-opacity":"","overlay-gradient":""},"tablet":{"background-color":"var(--ast-global-color-5)","background-image":"","background-repeat":"repeat","background-position":"center center","background-size":"auto","background-attachment":"scroll","background-type":"","background-media":"","overlay-type":"","overlay-color":"","overlay-opacity":"","overlay-gradient":""},"mobile":{"background-color":"var(--ast-global-color-5)","background-image":"","background-repeat":"repeat","background-position":"center center","background-size":"auto","background-attachment":"scroll","background-type":"","background-media":"","overlay-type":"","overlay-color":"","overlay-opacity":"","overlay-gradient":""}},"footnotes":""},"class_list":["post-5594","page","type-page","status-publish","has-post-thumbnail","hentry"],"uagb_featured_image_src":{"full":["https:\/\/coach4expats.com\/wp-content\/uploads\/2025\/01\/young-professional-with-curly-hair-collaborating-over-a-laptop-in-a-modern-workspace.-8837467-scaled.jpg",1707,2560,false],"thumbnail":["https:\/\/coach4expats.com\/wp-content\/uploads\/2025\/01\/young-professional-with-curly-hair-collaborating-over-a-laptop-in-a-modern-workspace.-8837467-150x150.jpg",150,150,true],"medium":["https:\/\/coach4expats.com\/wp-content\/uploads\/2025\/01\/young-professional-with-curly-hair-collaborating-over-a-laptop-in-a-modern-workspace.-8837467-200x300.jpg",200,300,true],"medium_large":["https:\/\/coach4expats.com\/wp-content\/uploads\/2025\/01\/young-professional-with-curly-hair-collaborating-over-a-laptop-in-a-modern-workspace.-8837467-768x1152.jpg",768,1152,true],"large":["https:\/\/coach4expats.com\/wp-content\/uploads\/2025\/01\/young-professional-with-curly-hair-collaborating-over-a-laptop-in-a-modern-workspace.-8837467-683x1024.jpg",400,600,true],"1536x1536":["https:\/\/coach4expats.com\/wp-content\/uploads\/2025\/01\/young-professional-with-curly-hair-collaborating-over-a-laptop-in-a-modern-workspace.-8837467-1024x1536.jpg",1024,1536,true],"2048x2048":["https:\/\/coach4expats.com\/wp-content\/uploads\/2025\/01\/young-professional-with-curly-hair-collaborating-over-a-laptop-in-a-modern-workspace.-8837467-1365x2048.jpg",1365,2048,true],"widget-thumbnail":["https:\/\/coach4expats.com\/wp-content\/uploads\/2025\/01\/young-professional-with-curly-hair-collaborating-over-a-laptop-in-a-modern-workspace.-8837467-75x75.jpg",75,75,true]},"uagb_author_info":{"display_name":"Mariel Schaab","author_link":"https:\/\/coach4expats.com\/es\/author\/mariel\/"},"uagb_comment_info":0,"uagb_excerpt":"699,99 EUROS + IVA \ud83d\ude80 Accede a un programa de 3 meses que incluye Masterclass de b\u00fasqueda de empleo, una [&hellip;]","_links":{"self":[{"href":"https:\/\/coach4expats.com\/es\/wp-json\/wp\/v2\/pages\/5594","targetHints":{"allow":["GET"]}}],"collection":[{"href":"https:\/\/coach4expats.com\/es\/wp-json\/wp\/v2\/pages"}],"about":[{"href":"https:\/\/coach4expats.com\/es\/wp-json\/wp\/v2\/types\/page"}],"author":[{"embeddable":true,"href":"https:\/\/coach4expats.com\/es\/wp-json\/wp\/v2\/users\/3"}],"replies":[{"embeddable":true,"href":"https:\/\/coach4expats.com\/es\/wp-json\/wp\/v2\/comments?post=5594"}],"version-history":[{"count":5,"href":"https:\/\/coach4expats.com\/es\/wp-json\/wp\/v2\/pages\/5594\/revisions"}],"predecessor-version":[{"id":12840,"href":"https:\/\/coach4expats.com\/es\/wp-json\/wp\/v2\/pages\/5594\/revisions\/12840"}],"wp:featuredmedia":[{"embeddable":true,"href":"https:\/\/coach4expats.com\/es\/wp-json\/wp\/v2\/media\/5566"}],"wp:attachment":[{"href":"https:\/\/coach4expats.com\/es\/wp-json\/wp\/v2\/media?parent=5594"}],"curies":[{"name":"wp","href":"https:\/\/api.w.org\/{rel}","templated":true}]}}