{"id":922,"date":"2024-09-30T22:05:03","date_gmt":"2024-09-30T20:05:03","guid":{"rendered":"https:\/\/coach4expats.com\/servicio-vip-revolucion-en-la-busqueda-de-empleo\/"},"modified":"2025-04-14T13:57:18","modified_gmt":"2025-04-14T11:57:18","slug":"diamond-pack-especial-para-ti","status":"publish","type":"page","link":"https:\/\/coach4expats.com\/es\/diamond-pack-especial-para-ti\/","title":{"rendered":"DIAMOND: \u00a1Pack especial para ti!"},"content":{"rendered":"\n<div class=\"wp-block-uagb-container uagb-block-2b5d30df alignfull uagb-is-root-container\">\n<div class=\"wp-block-uagb-container uagb-block-98f35fb6\">\n<div data-aos= \"zoom-in-up\" data-aos-duration=\"400\" data-aos-delay=\"0\" data-aos-easing=\"ease\" data-aos-once=\"true\" class=\"wp-block-uagb-info-box uagb-block-789ca1ae uagb-infobox__content-wrap  uagb-infobox-icon-above-title uagb-infobox-image-valign-top\"><div class=\"uagb-ifb-content\"><div class=\"uagb-ifb-title-wrap\"><h1 class=\"uagb-ifb-title\">DIAMANTE:<br\/>\u00a1Pack especial para ti!<\/h1><\/div><p class=\"uagb-ifb-desc\">Impulsa tu b\u00fasqueda de empleo con nuestra oferta exclusiva. <br\/><br\/>Accede a una Masterclass de B\u00fasqueda de Empleo, plantillas de CV y revisiones profesionales para destacar tu perfil. \u00danete a nuestra exclusiva comunidad y recibe asesoramiento personalizado, recursos para entrevistas y networking. Adem\u00e1s, disfruta de ventajas premium como LinkedIn PRO y coaching de reorientaci\u00f3n profesional.  <\/p><\/div><\/div>\n\n\n\n<div class=\"wp-block-uagb-container uagb-block-d4fcf435\"><style>.wp-block-kadence-advancedheading.kt-adv-heading763_35e66f-ca, .wp-block-kadence-advancedheading.kt-adv-heading763_35e66f-ca[data-kb-block=\"kb-adv-heading763_35e66f-ca\"]{margin-bottom:0px;text-align:center;font-size:var(--global-kb-font-size-md, 1.25rem);font-style:normal;}.wp-block-kadence-advancedheading.kt-adv-heading763_35e66f-ca mark.kt-highlight, .wp-block-kadence-advancedheading.kt-adv-heading763_35e66f-ca[data-kb-block=\"kb-adv-heading763_35e66f-ca\"] mark.kt-highlight{font-style:normal;color:#f76a0c;-webkit-box-decoration-break:clone;box-decoration-break:clone;padding-top:0px;padding-right:0px;padding-bottom:0px;padding-left:0px;}.wp-block-kadence-advancedheading.kt-adv-heading763_35e66f-ca img.kb-inline-image, .wp-block-kadence-advancedheading.kt-adv-heading763_35e66f-ca[data-kb-block=\"kb-adv-heading763_35e66f-ca\"] img.kb-inline-image{width:150px;vertical-align:baseline;}@media all and (max-width: 767px){.wp-block-kadence-advancedheading.kt-adv-heading763_35e66f-ca, .wp-block-kadence-advancedheading.kt-adv-heading763_35e66f-ca[data-kb-block=\"kb-adv-heading763_35e66f-ca\"]{padding-bottom:0px;margin-bottom:0px;}}<\/style>\n<h2 class=\"kt-adv-heading763_35e66f-ca wp-block-kadence-advancedheading has-ast-global-color-3-color has-text-color\" data-kb-block=\"kb-adv-heading763_35e66f-ca\">699,99 EUROS + IVA<\/h2>\n<\/div>\n<\/div>\n\n\n\n<div data-aos= \"zoom-in-up\" data-aos-duration=\"400\" data-aos-delay=\"0\" data-aos-easing=\"ease\" data-aos-once=\"true\" class=\"wp-block-uagb-container uagb-block-27e6153e\"><\/div>\n<\/div>\n\n<div class=\"wp-block-uagb-container uagb-block-5b7b18c7 alignfull uagb-is-root-container\"><div class=\"uagb-container-inner-blocks-wrap\">\n<div data-aos= \"zoom-in-up\" data-aos-duration=\"400\" data-aos-delay=\"0\" data-aos-easing=\"ease\" data-aos-once=\"true\" class=\"wp-block-uagb-container uagb-block-3f7988e4\">\n<p class=\" eplus-wrapper\"><strong>Ventajas:<\/strong><br\/><br\/>\ud83d\udcda Acceso a la Masterclass de B\u00fasqueda de Empleo de 140 minutos (pregrabada, online).<br\/>\ud83d\udcc4 Plantillas de CV <br\/>\u2705 Creaci\u00f3n y revisiones del CV <br\/>\ud83c\udf10 Acceso a la comunidad exclusiva para clientes.<br\/>\ud83d\udcdd Creaci\u00f3n y revisiones de la Carta Motivacional. <br\/>\ud83d\udcca Creaci\u00f3n y revisiones de Business Case <br\/>\ud83e\udd1d 4 (cuatro) sesiones personalizadas de coaching de carrera<br\/>\ud83d\udcbc Sesi\u00f3n de coaching para entrevistas y recursos para entrevistas de trabajo.<br\/>\ud83e\udd1d Recursos para generar redes de contactos y networking<br\/>\ud83d\udd0d LinkedIn PRO: \u00a1Tu perfil de LinkedIn va a brillar!<br\/>\ud83d\udd04 Sesiones de coaching de reorientaci\u00f3n profesional y coaching vocacional. <br\/>\ud83d\ude80 Acceso VIP Premium a la Plataforma de B\u00fasqueda de Empleo del futuro: Servicio JOB SEARCH REVOLUTION. <br\/><br\/><strong>El plan \u00abRevoluci\u00f3n en la B\u00fasqueda de Empleo\u00bb incluye: <\/strong><br\/>\u2705Acceso a 1 (una) hora de Curso online de Configuraci\u00f3n de la Revoluci\u00f3n de la B\u00fasqueda de Empleo.<br\/>\u2705Plantillas de secuencias para la automatizaci\u00f3n.<br\/>\u27051 (una) sesi\u00f3n personalizada de coaching laboral para la configuraci\u00f3n y ejecuci\u00f3n del programa.<br\/>\u27051 (un) mes de apoyo y seguimiento por parte del equipo de Coach4Expats.<\/p>\n<\/div>\n\n\n\n<div class=\"wp-block-uagb-container uagb-block-a8cba11f\">\n<div class=\"wp-block-uagb-buttons uagb-buttons__outer-wrap uagb-btn__default-btn uagb-btn-tablet__default-btn uagb-btn-mobile__default-btn uagb-block-17c25f61\"><div class=\"uagb-buttons__wrap uagb-buttons-layout-wrap \">\n<div data-aos= \"zoom-in-up\" data-aos-duration=\"400\" data-aos-delay=\"0\" data-aos-easing=\"ease\" data-aos-once=\"true\" class=\"wp-block-uagb-buttons-child uagb-buttons__outer-wrap uagb-block-ffa77910 wp-block-button\"><div class=\"uagb-button__wrapper\"><a class=\"uagb-buttons-repeater wp-block-button__link\" aria-label=\"\" href=\"https:\/\/coach4expats.com\/wp-content\/uploads\/2025\/03\/Coach4Expats-Services-Overview-Spanish.pdf\" rel=\"follow noopener\" target=\"_blank\" role=\"button\"><div class=\"uagb-button__link\">FOLLETO DE SERVICIOS<\/div><\/a><\/div><\/div>\n\n\n\n<div data-aos= \"zoom-in-up\" data-aos-duration=\"400\" data-aos-delay=\"0\" data-aos-easing=\"ease\" data-aos-once=\"true\" class=\"wp-block-uagb-buttons-child uagb-buttons__outer-wrap uagb-block-ead62866 wp-block-button\"><div class=\"uagb-button__wrapper\"><a class=\"uagb-buttons-repeater wp-block-button__link\" aria-label=\"\" href=\"https:\/\/coach4expats.com\/wp-content\/uploads\/2025\/03\/Coach4expats-How-we-work-Spanish.pdf\" rel=\"follow noopener\" target=\"_blank\" role=\"button\"><div class=\"uagb-button__link\">METODOLOG\u00cdA DE TRABAJO<\/div><\/a><\/div><\/div>\n<\/div><\/div>\n<\/div>\n<\/div><\/div>\n\n<div class=\"wp-block-uagb-container uagb-block-0b94198b alignfull uagb-is-root-container\"><div class=\"uagb-container-inner-blocks-wrap\">\n<p class=\" has-text-align-center eplus-wrapper\"><strong>IMPORTANTE: TODAS LAS RESERVAS EN ESTE SITIO WEB SE REALIZAN EN LA SIGUIENTE ZONA HORARIA <br\/>Amsterdam CET (UTC +1)<\/strong><\/p>\n\n\n\n<div class=\"wp-block-uagb-container uagb-block-a8bea360 alignwide uagb-is-root-container\">\n<div class=\"wp-block-booknetic-booking\">[booknetic service=\u00bb2&#8243; location=\u00bb2&#8243;]<\/div>\n<\/div>\n<\/div><\/div>\n","protected":false},"excerpt":{"rendered":"<p>699,99 EUROS + IVA Ventajas: \ud83d\udcda Acceso a la Masterclass de B\u00fasqueda de Empleo de 140 minutos (pregrabada, online).\ud83d\udcc4 Plantillas [&hellip;]<\/p>\n","protected":false},"author":3,"featured_media":636,"parent":0,"menu_order":0,"comment_status":"closed","ping_status":"closed","template":"","meta":{"_uag_custom_page_level_css":"","site-sidebar-layout":"default","site-content-layout":"","ast-site-content-layout":"full-width-container","site-content-style":"default","site-sidebar-style":"default","ast-global-header-display":"","ast-banner-title-visibility":"","ast-main-header-display":"","ast-hfb-above-header-display":"","ast-hfb-below-header-display":"","ast-hfb-mobile-header-display":"","site-post-title":"disabled","ast-breadcrumbs-content":"","ast-featured-img":"disabled","footer-sml-layout":"","ast-disable-related-posts":"","theme-transparent-header-meta":"","adv-header-id-meta":"","stick-header-meta":"","header-above-stick-meta":"","header-main-stick-meta":"","header-below-stick-meta":"","astra-migrate-meta-layouts":"default","ast-page-background-enabled":"default","ast-page-background-meta":{"desktop":{"background-color":"var(--ast-global-color-4)","background-image":"","background-repeat":"repeat","background-position":"center center","background-size":"auto","background-attachment":"scroll","background-type":"","background-media":"","overlay-type":"","overlay-color":"","overlay-opacity":"","overlay-gradient":""},"tablet":{"background-color":"","background-image":"","background-repeat":"repeat","background-position":"center center","background-size":"auto","background-attachment":"scroll","background-type":"","background-media":"","overlay-type":"","overlay-color":"","overlay-opacity":"","overlay-gradient":""},"mobile":{"background-color":"","background-image":"","background-repeat":"repeat","background-position":"center center","background-size":"auto","background-attachment":"scroll","background-type":"","background-media":"","overlay-type":"","overlay-color":"","overlay-opacity":"","overlay-gradient":""}},"ast-content-background-meta":{"desktop":{"background-color":"var(--ast-global-color-5)","background-image":"","background-repeat":"repeat","background-position":"center center","background-size":"auto","background-attachment":"scroll","background-type":"","background-media":"","overlay-type":"","overlay-color":"","overlay-opacity":"","overlay-gradient":""},"tablet":{"background-color":"var(--ast-global-color-5)","background-image":"","background-repeat":"repeat","background-position":"center center","background-size":"auto","background-attachment":"scroll","background-type":"","background-media":"","overlay-type":"","overlay-color":"","overlay-opacity":"","overlay-gradient":""},"mobile":{"background-color":"var(--ast-global-color-5)","background-image":"","background-repeat":"repeat","background-position":"center center","background-size":"auto","background-attachment":"scroll","background-type":"","background-media":"","overlay-type":"","overlay-color":"","overlay-opacity":"","overlay-gradient":""}},"footnotes":""},"class_list":["post-922","page","type-page","status-publish","has-post-thumbnail","hentry"],"uagb_featured_image_src":{"full":["https:\/\/coach4expats.com\/wp-content\/uploads\/2024\/09\/20230914-StudioTRIX-Coach4Expats-93_edited.jpg",1024,915,false],"thumbnail":["https:\/\/coach4expats.com\/wp-content\/uploads\/2024\/09\/20230914-StudioTRIX-Coach4Expats-93_edited-150x150.jpg",150,150,true],"medium":["https:\/\/coach4expats.com\/wp-content\/uploads\/2024\/09\/20230914-StudioTRIX-Coach4Expats-93_edited-300x268.jpg",300,268,true],"medium_large":["https:\/\/coach4expats.com\/wp-content\/uploads\/2024\/09\/20230914-StudioTRIX-Coach4Expats-93_edited-768x686.jpg",768,686,true],"large":["https:\/\/coach4expats.com\/wp-content\/uploads\/2024\/09\/20230914-StudioTRIX-Coach4Expats-93_edited.jpg",671,600,false],"1536x1536":["https:\/\/coach4expats.com\/wp-content\/uploads\/2024\/09\/20230914-StudioTRIX-Coach4Expats-93_edited.jpg",1024,915,false],"2048x2048":["https:\/\/coach4expats.com\/wp-content\/uploads\/2024\/09\/20230914-StudioTRIX-Coach4Expats-93_edited.jpg",1024,915,false],"widget-thumbnail":["https:\/\/coach4expats.com\/wp-content\/uploads\/2024\/09\/20230914-StudioTRIX-Coach4Expats-93_edited-75x75.jpg",75,75,true]},"uagb_author_info":{"display_name":"Mariel Schaab","author_link":"https:\/\/coach4expats.com\/es\/author\/mariel\/"},"uagb_comment_info":0,"uagb_excerpt":"699,99 EUROS + IVA Ventajas: \ud83d\udcda Acceso a la Masterclass de B\u00fasqueda de Empleo de 140 minutos (pregrabada, online).\ud83d\udcc4 Plantillas [&hellip;]","_links":{"self":[{"href":"https:\/\/coach4expats.com\/es\/wp-json\/wp\/v2\/pages\/922","targetHints":{"allow":["GET"]}}],"collection":[{"href":"https:\/\/coach4expats.com\/es\/wp-json\/wp\/v2\/pages"}],"about":[{"href":"https:\/\/coach4expats.com\/es\/wp-json\/wp\/v2\/types\/page"}],"author":[{"embeddable":true,"href":"https:\/\/coach4expats.com\/es\/wp-json\/wp\/v2\/users\/3"}],"replies":[{"embeddable":true,"href":"https:\/\/coach4expats.com\/es\/wp-json\/wp\/v2\/comments?post=922"}],"version-history":[{"count":5,"href":"https:\/\/coach4expats.com\/es\/wp-json\/wp\/v2\/pages\/922\/revisions"}],"predecessor-version":[{"id":12758,"href":"https:\/\/coach4expats.com\/es\/wp-json\/wp\/v2\/pages\/922\/revisions\/12758"}],"wp:featuredmedia":[{"embeddable":true,"href":"https:\/\/coach4expats.com\/es\/wp-json\/wp\/v2\/media\/636"}],"wp:attachment":[{"href":"https:\/\/coach4expats.com\/es\/wp-json\/wp\/v2\/media?parent=922"}],"curies":[{"name":"wp","href":"https:\/\/api.w.org\/{rel}","templated":true}]}}