{"id":1100,"date":"2024-10-02T12:45:43","date_gmt":"2024-10-02T10:45:43","guid":{"rendered":"https:\/\/coach4expats.com\/coaching-dentreprise-favoriser-la-reussite-de-lentreprise\/"},"modified":"2025-04-09T21:59:58","modified_gmt":"2025-04-09T19:59:58","slug":"coaching-dentreprise-favoriser-la-reussite-de-lentreprise","status":"publish","type":"page","link":"https:\/\/coach4expats.com\/fr\/coaching-dentreprise-favoriser-la-reussite-de-lentreprise\/","title":{"rendered":"Coaching d&rsquo;Entreprise : Favoriser la R\u00e9ussite de L&rsquo;Entreprise"},"content":{"rendered":"\n<div class=\"wp-block-uagb-container uagb-block-2b5d30df alignfull uagb-is-root-container\">\n<div class=\"wp-block-uagb-container uagb-block-98f35fb6\">\n<div data-aos= \"zoom-in-up\" data-aos-duration=\"400\" data-aos-delay=\"0\" data-aos-easing=\"ease\" data-aos-once=\"true\" class=\"wp-block-uagb-info-box uagb-block-789ca1ae uagb-infobox__content-wrap  uagb-infobox-icon-above-title uagb-infobox-image-valign-top\"><div class=\"uagb-ifb-content\"><div class=\"uagb-ifb-title-wrap\"><h1 class=\"uagb-ifb-title\">Coaching d&rsquo;Entreprise : <br\/>Favoriser la R\u00e9ussite de L&rsquo;Entreprise<\/h1><\/div><p class=\"uagb-ifb-desc\">Lib\u00e9rez votre potentiel en ligne ! <br\/>Transformez votre parcours num\u00e9rique gr\u00e2ce \u00e0 nos services de conseil experts en marketing num\u00e9rique et en personal branding !<\/p><\/div><\/div>\n<\/div>\n\n\n\n<div data-aos= \"zoom-in-up\" data-aos-duration=\"400\" data-aos-delay=\"0\" data-aos-easing=\"ease\" data-aos-once=\"true\" class=\"wp-block-uagb-container uagb-block-27e6153e\"><\/div>\n<\/div>\n\n<div class=\"wp-block-uagb-container uagb-block-5b7b18c7 alignfull uagb-is-root-container\"><div class=\"uagb-container-inner-blocks-wrap\">\n<div data-aos= \"zoom-in-up\" data-aos-duration=\"400\" data-aos-delay=\"0\" data-aos-easing=\"ease\" data-aos-once=\"true\" class=\"wp-block-uagb-container uagb-block-3f7988e4\">\n<p class=\" eplus-wrapper\"><strong>Ce que nous offrons :<br\/><\/strong><br\/>\u2705 <strong>Identification des niches de march\u00e9 \ud83d\udd0d &#8211; Identifiez les opportunit\u00e9s rentables dans votre secteur d&rsquo;activit\u00e9.<\/strong> <br\/>\u2705 <strong>Strat\u00e9gie commerciale et d\u00e9veloppement des affaires \ud83d\udcc8<\/strong> &#8211; \u00c9laborer une feuille de route pour une croissance et une r\u00e9ussite durables.<br\/>\u2705 <strong>Plan de marketing num\u00e9rique \ud83d\udcf1<\/strong> &#8211; \u00c9laborez une strat\u00e9gie pour stimuler votre pr\u00e9sence et votre engagement en ligne.<br\/>\u2705 <strong>Marque professionnelle \ud83c\udfa8<\/strong> &#8211; Cr\u00e9ez une identit\u00e9 de marque m\u00e9morable et percutante.<br\/>\u2705 <strong>Optimisation de LinkedIn \ud83d\udcbc<\/strong> &#8211; Cr\u00e9ez un profil LinkedIn puissant pour attirer les opportunit\u00e9s.<br\/>\u2705 <strong>M\u00e9dias sociaux et strat\u00e9gie de contenu Conception \ud83d\udcdd<\/strong> &#8211; Concevez un contenu attrayant qui touche votre public.<br\/>\u2705 <strong>G\u00e9n\u00e9ration de leads et automatisation \ud83d\udcca<\/strong> &#8211; Rationalisez les processus de capture et d&rsquo;alimentation des leads.<br\/>\u2705 <strong>Conception de sites web \ud83c\udf10<\/strong> &#8211; Cr\u00e9ez un site web professionnel et convivial.<br\/>\u2705 <strong>D\u00e9veloppement du portfolio \ud83d\udcc2<\/strong> &#8211; Pr\u00e9sentez votre travail et votre expertise de mani\u00e8re efficace.<br\/>\u2705 <strong>Aspects juridiques et conformit\u00e9 \u2696\ufe0f<\/strong> &#8211; Veillez \u00e0 ce que votre entreprise respecte toutes les exigences l\u00e9gales.<br\/>\u2705 <strong>Conseils fiscaux \ud83d\udcb0<\/strong> &#8211; Naviguez dans la r\u00e9glementation fiscale et optimisez vos finances.<br\/>\u2705 <strong>CV et lettres de motivation \ud83d\udcc4<\/strong> &#8211; R\u00e9digez des CV et des lettres de motivation convaincants pour d\u00e9crocher l&#8217;emploi de vos r\u00eaves.<br\/>\u2705 <strong>Opportunit\u00e9s pour les freelances et les int\u00e9rimaires \ud83d\udd74\ufe0f<\/strong> &#8211; Explorez des options de travail flexibles et gratifiantes.<br\/> <br\/>Expertise mondiale : Nous apportons une connaissance approfondie des march\u00e9s internationaux \u00e0 travers l&rsquo;Europe, les Am\u00e9riques, l&rsquo;Asie, l&rsquo;Afrique et l&rsquo;Oc\u00e9anie.<br\/>Pr\u00eat \u00e0 renforcer votre pr\u00e9sence num\u00e9rique ?<br\/>R\u00e9servez une session avec nous pour :<br\/>D\u00e9veloppez votre pr\u00e9sence en ligne<br\/>Cr\u00e9er une marque personnelle convaincante<br\/>G\u00e9n\u00e9rer du trafic cibl\u00e9 et des conversions<br\/>Maximiser l&rsquo;engagement du public<br\/>.<br\/>D\u00e9veloppons ensemble votre pr\u00e9sence en ligne !<\/p>\n<\/div>\n\n\n\n<div class=\"wp-block-uagb-container uagb-block-a8cba11f\">\n<div class=\"wp-block-uagb-buttons uagb-buttons__outer-wrap uagb-btn__default-btn uagb-btn-tablet__default-btn uagb-btn-mobile__default-btn uagb-block-b5f167a3\"><div class=\"uagb-buttons__wrap uagb-buttons-layout-wrap \">\n<div data-aos= \"zoom-in-up\" data-aos-duration=\"400\" data-aos-delay=\"0\" data-aos-easing=\"ease\" data-aos-once=\"true\" class=\"wp-block-uagb-buttons-child uagb-buttons__outer-wrap uagb-block-fb9b16ce wp-block-button\"><div class=\"uagb-button__wrapper\"><a class=\"uagb-buttons-repeater wp-block-button__link\" aria-label=\"\" href=\"https:\/\/coach4expats.com\/wp-content\/uploads\/2025\/03\/Coach4Expats-Services-Overview-French.pdf\" rel=\"follow noopener\" target=\"_blank\" role=\"button\"><div class=\"uagb-button__link\">BROCHURE SUR LES SERVICES<\/div><\/a><\/div><\/div>\n\n\n\n<div data-aos= \"zoom-in-up\" data-aos-duration=\"400\" data-aos-delay=\"0\" data-aos-easing=\"ease\" data-aos-once=\"true\" class=\"wp-block-uagb-buttons-child uagb-buttons__outer-wrap uagb-block-c2d9b6d9 wp-block-button\"><div class=\"uagb-button__wrapper\"><a class=\"uagb-buttons-repeater wp-block-button__link\" aria-label=\"\" href=\"https:\/\/coach4expats.com\/wp-content\/uploads\/2025\/03\/Coach4expats-How-we-work-French.pdf\" rel=\"follow noopener\" target=\"_blank\" role=\"button\"><div class=\"uagb-button__link\">M\u00c9THODOLOGIE DE TRAVAIL<\/div><\/a><\/div><\/div>\n<\/div><\/div>\n<\/div>\n<\/div><\/div>\n\n<div class=\"wp-block-uagb-container uagb-block-f01df71e alignfull uagb-is-root-container\"><div class=\"uagb-container-inner-blocks-wrap\">\n<div class=\"wp-block-uagb-advanced-heading uagb-block-012b1ec3\"><h2 class=\"uagb-heading-text\">Citation<\/h2><\/div>\n\n\n<p class=\"wpcf7-contact-form-not-found\"><strong>Erreur\u00a0:<\/strong> Formulaire de contact non trouv\u00e9\u00a0!<\/p>\n<\/div><\/div>\n","protected":false},"excerpt":{"rendered":"<p>Ce que nous offrons :\u2705 Identification des niches de march\u00e9 \ud83d\udd0d &#8211; Identifiez les opportunit\u00e9s rentables dans votre secteur d&rsquo;activit\u00e9. [&hellip;]<\/p>\n","protected":false},"author":3,"featured_media":659,"parent":0,"menu_order":0,"comment_status":"closed","ping_status":"closed","template":"","meta":{"_uag_custom_page_level_css":"","site-sidebar-layout":"default","site-content-layout":"","ast-site-content-layout":"full-width-container","site-content-style":"default","site-sidebar-style":"default","ast-global-header-display":"","ast-banner-title-visibility":"","ast-main-header-display":"","ast-hfb-above-header-display":"","ast-hfb-below-header-display":"","ast-hfb-mobile-header-display":"","site-post-title":"disabled","ast-breadcrumbs-content":"","ast-featured-img":"disabled","footer-sml-layout":"","ast-disable-related-posts":"","theme-transparent-header-meta":"","adv-header-id-meta":"","stick-header-meta":"","header-above-stick-meta":"","header-main-stick-meta":"","header-below-stick-meta":"","astra-migrate-meta-layouts":"default","ast-page-background-enabled":"default","ast-page-background-meta":{"desktop":{"background-color":"var(--ast-global-color-4)","background-image":"","background-repeat":"repeat","background-position":"center center","background-size":"auto","background-attachment":"scroll","background-type":"","background-media":"","overlay-type":"","overlay-color":"","overlay-opacity":"","overlay-gradient":""},"tablet":{"background-color":"","background-image":"","background-repeat":"repeat","background-position":"center center","background-size":"auto","background-attachment":"scroll","background-type":"","background-media":"","overlay-type":"","overlay-color":"","overlay-opacity":"","overlay-gradient":""},"mobile":{"background-color":"","background-image":"","background-repeat":"repeat","background-position":"center center","background-size":"auto","background-attachment":"scroll","background-type":"","background-media":"","overlay-type":"","overlay-color":"","overlay-opacity":"","overlay-gradient":""}},"ast-content-background-meta":{"desktop":{"background-color":"var(--ast-global-color-5)","background-image":"","background-repeat":"repeat","background-position":"center center","background-size":"auto","background-attachment":"scroll","background-type":"","background-media":"","overlay-type":"","overlay-color":"","overlay-opacity":"","overlay-gradient":""},"tablet":{"background-color":"var(--ast-global-color-5)","background-image":"","background-repeat":"repeat","background-position":"center center","background-size":"auto","background-attachment":"scroll","background-type":"","background-media":"","overlay-type":"","overlay-color":"","overlay-opacity":"","overlay-gradient":""},"mobile":{"background-color":"var(--ast-global-color-5)","background-image":"","background-repeat":"repeat","background-position":"center center","background-size":"auto","background-attachment":"scroll","background-type":"","background-media":"","overlay-type":"","overlay-color":"","overlay-opacity":"","overlay-gradient":""}},"footnotes":""},"class_list":["post-1100","page","type-page","status-publish","has-post-thumbnail","hentry"],"uagb_featured_image_src":{"full":["https:\/\/coach4expats.com\/wp-content\/uploads\/2024\/09\/Working-Together_edited_edited-scaled.jpg",2560,1707,false],"thumbnail":["https:\/\/coach4expats.com\/wp-content\/uploads\/2024\/09\/Working-Together_edited_edited-150x150.jpg",150,150,true],"medium":["https:\/\/coach4expats.com\/wp-content\/uploads\/2024\/09\/Working-Together_edited_edited-300x200.jpg",300,200,true],"medium_large":["https:\/\/coach4expats.com\/wp-content\/uploads\/2024\/09\/Working-Together_edited_edited-768x512.jpg",768,512,true],"large":["https:\/\/coach4expats.com\/wp-content\/uploads\/2024\/09\/Working-Together_edited_edited-1024x683.jpg",800,534,true],"1536x1536":["https:\/\/coach4expats.com\/wp-content\/uploads\/2024\/09\/Working-Together_edited_edited-1536x1024.jpg",1536,1024,true],"2048x2048":["https:\/\/coach4expats.com\/wp-content\/uploads\/2024\/09\/Working-Together_edited_edited-2048x1365.jpg",2048,1365,true],"widget-thumbnail":["https:\/\/coach4expats.com\/wp-content\/uploads\/2024\/09\/Working-Together_edited_edited-75x75.jpg",75,75,true]},"uagb_author_info":{"display_name":"Mariel Schaab","author_link":"https:\/\/coach4expats.com\/fr\/author\/mariel\/"},"uagb_comment_info":0,"uagb_excerpt":"Ce que nous offrons :\u2705 Identification des niches de march\u00e9 \ud83d\udd0d &#8211; Identifiez les opportunit\u00e9s rentables dans votre secteur d&rsquo;activit\u00e9. [&hellip;]","_links":{"self":[{"href":"https:\/\/coach4expats.com\/fr\/wp-json\/wp\/v2\/pages\/1100","targetHints":{"allow":["GET"]}}],"collection":[{"href":"https:\/\/coach4expats.com\/fr\/wp-json\/wp\/v2\/pages"}],"about":[{"href":"https:\/\/coach4expats.com\/fr\/wp-json\/wp\/v2\/types\/page"}],"author":[{"embeddable":true,"href":"https:\/\/coach4expats.com\/fr\/wp-json\/wp\/v2\/users\/3"}],"replies":[{"embeddable":true,"href":"https:\/\/coach4expats.com\/fr\/wp-json\/wp\/v2\/comments?post=1100"}],"version-history":[{"count":5,"href":"https:\/\/coach4expats.com\/fr\/wp-json\/wp\/v2\/pages\/1100\/revisions"}],"predecessor-version":[{"id":12555,"href":"https:\/\/coach4expats.com\/fr\/wp-json\/wp\/v2\/pages\/1100\/revisions\/12555"}],"wp:featuredmedia":[{"embeddable":true,"href":"https:\/\/coach4expats.com\/fr\/wp-json\/wp\/v2\/media\/659"}],"wp:attachment":[{"href":"https:\/\/coach4expats.com\/fr\/wp-json\/wp\/v2\/media?parent=1100"}],"curies":[{"name":"wp","href":"https:\/\/api.w.org\/{rel}","templated":true}]}}