{"id":1168,"date":"2024-10-02T12:41:54","date_gmt":"2024-10-02T10:41:54","guid":{"rendered":"https:\/\/coach4expats.com\/coaching-de-carriere\/"},"modified":"2025-04-14T12:21:43","modified_gmt":"2025-04-14T10:21:43","slug":"coaching-de-carriere","status":"publish","type":"page","link":"https:\/\/coach4expats.com\/fr\/coaching-de-carriere\/","title":{"rendered":"Coaching de Carri\u00e8re"},"content":{"rendered":"\n<div class=\"wp-block-uagb-container uagb-block-2b5d30df alignfull uagb-is-root-container\">\n<div class=\"wp-block-uagb-container uagb-block-98f35fb6\">\n<div data-aos= \"zoom-in-up\" data-aos-duration=\"400\" data-aos-delay=\"0\" data-aos-easing=\"ease\" data-aos-once=\"true\" class=\"wp-block-uagb-info-box uagb-block-789ca1ae uagb-infobox__content-wrap  uagb-infobox-icon-above-title uagb-infobox-image-valign-top\"><div class=\"uagb-ifb-content\"><div class=\"uagb-ifb-title-wrap\"><h1 class=\"uagb-ifb-title\">Coaching de Carri\u00e8re<\/h1><\/div><p class=\"uagb-ifb-desc\">D\u00e9couvrez comment le coaching professionnel peut vous fournir des indications pr\u00e9cieuses ( <br\/>) pour identifier et d\u00e9velopper votre parcours professionnel.  <\/p><\/div><\/div>\n\n\n\n<div class=\"wp-block-uagb-container uagb-block-d4fcf435\"><style>.wp-block-kadence-advancedheading.kt-adv-heading1064_df9b3a-aa, .wp-block-kadence-advancedheading.kt-adv-heading1064_df9b3a-aa[data-kb-block=\"kb-adv-heading1064_df9b3a-aa\"]{margin-bottom:0px;text-align:center;font-size:var(--global-kb-font-size-md, 1.25rem);font-style:normal;}.wp-block-kadence-advancedheading.kt-adv-heading1064_df9b3a-aa mark.kt-highlight, .wp-block-kadence-advancedheading.kt-adv-heading1064_df9b3a-aa[data-kb-block=\"kb-adv-heading1064_df9b3a-aa\"] mark.kt-highlight{font-style:normal;color:#f76a0c;-webkit-box-decoration-break:clone;box-decoration-break:clone;padding-top:0px;padding-right:0px;padding-bottom:0px;padding-left:0px;}.wp-block-kadence-advancedheading.kt-adv-heading1064_df9b3a-aa img.kb-inline-image, .wp-block-kadence-advancedheading.kt-adv-heading1064_df9b3a-aa[data-kb-block=\"kb-adv-heading1064_df9b3a-aa\"] img.kb-inline-image{width:150px;vertical-align:baseline;}@media all and (max-width: 767px){.wp-block-kadence-advancedheading.kt-adv-heading1064_df9b3a-aa, .wp-block-kadence-advancedheading.kt-adv-heading1064_df9b3a-aa[data-kb-block=\"kb-adv-heading1064_df9b3a-aa\"]{padding-bottom:0px;margin-bottom:0px;}}<\/style>\n<h2 class=\"kt-adv-heading1064_df9b3a-aa wp-block-kadence-advancedheading has-ast-global-color-3-color has-text-color\" data-kb-block=\"kb-adv-heading1064_df9b3a-aa\">99,99 \u20ac + TVA<\/h2>\n<\/div>\n<\/div>\n\n\n\n<div data-aos= \"zoom-in-up\" data-aos-duration=\"400\" data-aos-delay=\"0\" data-aos-easing=\"ease\" data-aos-once=\"true\" class=\"wp-block-uagb-container uagb-block-27e6153e\"><\/div>\n<\/div>\n\n<div class=\"wp-block-uagb-container uagb-block-5b7b18c7 alignfull uagb-is-root-container\"><div class=\"uagb-container-inner-blocks-wrap\">\n<div data-aos= \"zoom-in-up\" data-aos-duration=\"400\" data-aos-delay=\"0\" data-aos-easing=\"ease\" data-aos-once=\"true\" class=\"wp-block-uagb-container uagb-block-3f7988e4\"><style>.wp-block-kadence-advancedheading.kt-adv-heading1064_8b2709-e0, .wp-block-kadence-advancedheading.kt-adv-heading1064_8b2709-e0[data-kb-block=\"kb-adv-heading1064_8b2709-e0\"]{font-size:var(--global-kb-font-size-sm, 0.9rem);font-weight:400;font-style:normal;}.wp-block-kadence-advancedheading.kt-adv-heading1064_8b2709-e0 mark.kt-highlight, .wp-block-kadence-advancedheading.kt-adv-heading1064_8b2709-e0[data-kb-block=\"kb-adv-heading1064_8b2709-e0\"] mark.kt-highlight{font-style:normal;color:#f76a0c;-webkit-box-decoration-break:clone;box-decoration-break:clone;padding-top:0px;padding-right:0px;padding-bottom:0px;padding-left:0px;}.wp-block-kadence-advancedheading.kt-adv-heading1064_8b2709-e0 img.kb-inline-image, .wp-block-kadence-advancedheading.kt-adv-heading1064_8b2709-e0[data-kb-block=\"kb-adv-heading1064_8b2709-e0\"] img.kb-inline-image{width:150px;vertical-align:baseline;}<\/style>\n<h2 class=\"kt-adv-heading1064_8b2709-e0 wp-block-kadence-advancedheading\" data-kb-block=\"kb-adv-heading1064_8b2709-e0\"><strong>Avantages :<\/strong><br\/><br\/>\ud83d\udd04Soutien d&rsquo;un expert lors d&rsquo;une s\u00e9ance de coaching pour explorer les comp\u00e9tences, les int\u00e9r\u00eats et les objectifs.<br\/>\ud83d\udcddGuidance vers un parcours professionnel en ad\u00e9quation avec les aspirations et le potentiel.<br\/>\ud83d\udd0eOpportunit\u00e9 de clarifier et d&rsquo;orienter sa carri\u00e8re.<br\/>\ud83c\udd99Atteindre de nouveaux niveaux de r\u00e9ussite et de satisfaction professionnelle.<br\/>\ud83c\udfafAcc\u00e9der \u00e0 des tests de coaching professionnel pour vous aider \u00e0 d\u00e9couvrir et \u00e0 valoriser vos comp\u00e9tences et vos atouts professionnels.<br\/><br\/>Participez \u00e0 notre service de coaching de r\u00e9orientation professionnelle, qui comprend deux s\u00e9ances individuelles avec des experts en la mati\u00e8re. Quand commencerons-nous \u00e0 explorer ensemble vos comp\u00e9tences, vos int\u00e9r\u00eats et vos objectifs pour propulser votre carri\u00e8re au niveau sup\u00e9rieur ? <\/h2>\n<\/div>\n\n\n\n<div class=\"wp-block-uagb-container uagb-block-a8cba11f\">\n<div class=\"wp-block-uagb-buttons uagb-buttons__outer-wrap uagb-btn__default-btn uagb-btn-tablet__default-btn uagb-btn-mobile__default-btn uagb-block-3b2a21a6\"><div class=\"uagb-buttons__wrap uagb-buttons-layout-wrap \">\n<div data-aos= \"zoom-in-up\" data-aos-duration=\"400\" data-aos-delay=\"0\" data-aos-easing=\"ease\" data-aos-once=\"true\" class=\"wp-block-uagb-buttons-child uagb-buttons__outer-wrap uagb-block-e2793d3c wp-block-button\"><div class=\"uagb-button__wrapper\"><a class=\"uagb-buttons-repeater wp-block-button__link\" aria-label=\"\" href=\"https:\/\/coach4expats.com\/wp-content\/uploads\/2025\/03\/Coach4Expats-Services-Overview-French.pdf\" rel=\"follow noopener\" target=\"_blank\" role=\"button\"><div class=\"uagb-button__link\">BROCHURE SUR LES SERVICES<\/div><\/a><\/div><\/div>\n\n\n\n<div data-aos= \"zoom-in-up\" data-aos-duration=\"400\" data-aos-delay=\"0\" data-aos-easing=\"ease\" data-aos-once=\"true\" class=\"wp-block-uagb-buttons-child uagb-buttons__outer-wrap uagb-block-91c3d2b5 wp-block-button\"><div class=\"uagb-button__wrapper\"><a class=\"uagb-buttons-repeater wp-block-button__link\" aria-label=\"\" href=\"https:\/\/coach4expats.com\/wp-content\/uploads\/2025\/03\/Coach4expats-How-we-work-French.pdf\" rel=\"follow noopener\" target=\"_blank\" role=\"button\"><div class=\"uagb-button__link\">M\u00c9THODOLOGIE DE TRAVAIL<\/div><\/a><\/div><\/div>\n<\/div><\/div>\n<\/div>\n<\/div><\/div>\n\n<div class=\"wp-block-uagb-container uagb-block-0b94198b alignfull uagb-is-root-container\"><div class=\"uagb-container-inner-blocks-wrap\">\n<p class=\" has-text-align-center eplus-wrapper\"><strong>IMPORTANT : TOUTES LES R\u00c9SERVATIONS SUR CE SITE SONT EFFECTU\u00c9ES SUR LE FUSEAU HORAIRE SUIVANT : <br\/>Amsterdam CET (UTC +1)<\/strong><\/p>\n\n\n\n<div class=\"wp-block-uagb-container uagb-block-a8bea360 alignwide uagb-is-root-container\">\n<div class=\"wp-block-booknetic-booking\">[booknetic service=\u00a0\u00bb9&Prime; location=\u00a0\u00bb2&Prime;]<\/div>\n<\/div>\n<\/div><\/div>\n","protected":false},"excerpt":{"rendered":"<p>99,99 \u20ac + TVA Avantages : \ud83d\udd04Soutien d&rsquo;un expert lors d&rsquo;une s\u00e9ance de coaching pour explorer les comp\u00e9tences, les int\u00e9r\u00eats [&hellip;]<\/p>\n","protected":false},"author":3,"featured_media":671,"parent":0,"menu_order":0,"comment_status":"closed","ping_status":"closed","template":"","meta":{"_uag_custom_page_level_css":"","site-sidebar-layout":"default","site-content-layout":"","ast-site-content-layout":"full-width-container","site-content-style":"default","site-sidebar-style":"default","ast-global-header-display":"","ast-banner-title-visibility":"","ast-main-header-display":"","ast-hfb-above-header-display":"","ast-hfb-below-header-display":"","ast-hfb-mobile-header-display":"","site-post-title":"disabled","ast-breadcrumbs-content":"","ast-featured-img":"disabled","footer-sml-layout":"","ast-disable-related-posts":"","theme-transparent-header-meta":"","adv-header-id-meta":"","stick-header-meta":"","header-above-stick-meta":"","header-main-stick-meta":"","header-below-stick-meta":"","astra-migrate-meta-layouts":"default","ast-page-background-enabled":"default","ast-page-background-meta":{"desktop":{"background-color":"var(--ast-global-color-4)","background-image":"","background-repeat":"repeat","background-position":"center center","background-size":"auto","background-attachment":"scroll","background-type":"","background-media":"","overlay-type":"","overlay-color":"","overlay-opacity":"","overlay-gradient":""},"tablet":{"background-color":"","background-image":"","background-repeat":"repeat","background-position":"center center","background-size":"auto","background-attachment":"scroll","background-type":"","background-media":"","overlay-type":"","overlay-color":"","overlay-opacity":"","overlay-gradient":""},"mobile":{"background-color":"","background-image":"","background-repeat":"repeat","background-position":"center center","background-size":"auto","background-attachment":"scroll","background-type":"","background-media":"","overlay-type":"","overlay-color":"","overlay-opacity":"","overlay-gradient":""}},"ast-content-background-meta":{"desktop":{"background-color":"var(--ast-global-color-5)","background-image":"","background-repeat":"repeat","background-position":"center center","background-size":"auto","background-attachment":"scroll","background-type":"","background-media":"","overlay-type":"","overlay-color":"","overlay-opacity":"","overlay-gradient":""},"tablet":{"background-color":"var(--ast-global-color-5)","background-image":"","background-repeat":"repeat","background-position":"center center","background-size":"auto","background-attachment":"scroll","background-type":"","background-media":"","overlay-type":"","overlay-color":"","overlay-opacity":"","overlay-gradient":""},"mobile":{"background-color":"var(--ast-global-color-5)","background-image":"","background-repeat":"repeat","background-position":"center center","background-size":"auto","background-attachment":"scroll","background-type":"","background-media":"","overlay-type":"","overlay-color":"","overlay-opacity":"","overlay-gradient":""}},"footnotes":""},"class_list":["post-1168","page","type-page","status-publish","has-post-thumbnail","hentry"],"uagb_featured_image_src":{"full":["https:\/\/coach4expats.com\/wp-content\/uploads\/2024\/09\/man-holding-mug-in-front-of-laptop-842548-scaled.jpg",2560,1707,false],"thumbnail":["https:\/\/coach4expats.com\/wp-content\/uploads\/2024\/09\/man-holding-mug-in-front-of-laptop-842548-150x150.jpg",150,150,true],"medium":["https:\/\/coach4expats.com\/wp-content\/uploads\/2024\/09\/man-holding-mug-in-front-of-laptop-842548-300x200.jpg",300,200,true],"medium_large":["https:\/\/coach4expats.com\/wp-content\/uploads\/2024\/09\/man-holding-mug-in-front-of-laptop-842548-768x512.jpg",768,512,true],"large":["https:\/\/coach4expats.com\/wp-content\/uploads\/2024\/09\/man-holding-mug-in-front-of-laptop-842548-1024x683.jpg",800,534,true],"1536x1536":["https:\/\/coach4expats.com\/wp-content\/uploads\/2024\/09\/man-holding-mug-in-front-of-laptop-842548-1536x1024.jpg",1536,1024,true],"2048x2048":["https:\/\/coach4expats.com\/wp-content\/uploads\/2024\/09\/man-holding-mug-in-front-of-laptop-842548-2048x1365.jpg",2048,1365,true],"widget-thumbnail":["https:\/\/coach4expats.com\/wp-content\/uploads\/2024\/09\/man-holding-mug-in-front-of-laptop-842548-75x75.jpg",75,75,true]},"uagb_author_info":{"display_name":"Mariel Schaab","author_link":"https:\/\/coach4expats.com\/fr\/author\/mariel\/"},"uagb_comment_info":0,"uagb_excerpt":"99,99 \u20ac + TVA Avantages : \ud83d\udd04Soutien d&rsquo;un expert lors d&rsquo;une s\u00e9ance de coaching pour explorer les comp\u00e9tences, les int\u00e9r\u00eats [&hellip;]","_links":{"self":[{"href":"https:\/\/coach4expats.com\/fr\/wp-json\/wp\/v2\/pages\/1168","targetHints":{"allow":["GET"]}}],"collection":[{"href":"https:\/\/coach4expats.com\/fr\/wp-json\/wp\/v2\/pages"}],"about":[{"href":"https:\/\/coach4expats.com\/fr\/wp-json\/wp\/v2\/types\/page"}],"author":[{"embeddable":true,"href":"https:\/\/coach4expats.com\/fr\/wp-json\/wp\/v2\/users\/3"}],"replies":[{"embeddable":true,"href":"https:\/\/coach4expats.com\/fr\/wp-json\/wp\/v2\/comments?post=1168"}],"version-history":[{"count":5,"href":"https:\/\/coach4expats.com\/fr\/wp-json\/wp\/v2\/pages\/1168\/revisions"}],"predecessor-version":[{"id":12726,"href":"https:\/\/coach4expats.com\/fr\/wp-json\/wp\/v2\/pages\/1168\/revisions\/12726"}],"wp:featuredmedia":[{"embeddable":true,"href":"https:\/\/coach4expats.com\/fr\/wp-json\/wp\/v2\/media\/671"}],"wp:attachment":[{"href":"https:\/\/coach4expats.com\/fr\/wp-json\/wp\/v2\/media?parent=1168"}],"curies":[{"name":"wp","href":"https:\/\/api.w.org\/{rel}","templated":true}]}}