{"id":1258,"date":"2024-10-02T02:31:59","date_gmt":"2024-10-02T00:31:59","guid":{"rendered":"https:\/\/coach4expats.com\/cookies\/"},"modified":"2025-04-14T13:33:09","modified_gmt":"2025-04-14T11:33:09","slug":"cookies","status":"publish","type":"page","link":"https:\/\/coach4expats.com\/fr\/cookies\/","title":{"rendered":"Cookies"},"content":{"rendered":"\n<div class=\"wp-block-uagb-container uagb-block-ec05ea4f alignfull uagb-is-root-container\"><div class=\"uagb-container-inner-blocks-wrap\">\n<h2 class=\"gb-headline gb-headline-6e3d3a9e gb-headline-text\">Cookies<\/h2>\n\n\n<style>.wp-block-kadence-advancedheading.kt-adv-heading1001_81a6c3-85, .wp-block-kadence-advancedheading.kt-adv-heading1001_81a6c3-85[data-kb-block=\"kb-adv-heading1001_81a6c3-85\"]{font-size:var(--global-kb-font-size-sm, 0.9rem);font-weight:400;font-style:normal;}.wp-block-kadence-advancedheading.kt-adv-heading1001_81a6c3-85 mark.kt-highlight, .wp-block-kadence-advancedheading.kt-adv-heading1001_81a6c3-85[data-kb-block=\"kb-adv-heading1001_81a6c3-85\"] mark.kt-highlight{font-style:normal;color:#f76a0c;-webkit-box-decoration-break:clone;box-decoration-break:clone;padding-top:0px;padding-right:0px;padding-bottom:0px;padding-left:0px;}.wp-block-kadence-advancedheading.kt-adv-heading1001_81a6c3-85 img.kb-inline-image, .wp-block-kadence-advancedheading.kt-adv-heading1001_81a6c3-85[data-kb-block=\"kb-adv-heading1001_81a6c3-85\"] img.kb-inline-image{width:150px;vertical-align:baseline;}<\/style>\n<p class=\"kt-adv-heading1001_81a6c3-85 wp-block-kadence-advancedheading\" data-kb-block=\"kb-adv-heading1001_81a6c3-85\"><strong>1. Introduction<\/strong><br\/>Ce site web utilise des cookies. En utilisant ce site et en acceptant nos politiques, vous consentez \u00e0 l&rsquo;utilisation de cookies conform\u00e9ment aux termes de cette politique.<br\/> <br\/><strong>2. What are cookies?<\/strong><br\/>Les cookies sont de petits fichiers texte qui sont stock\u00e9s sur votre appareil lorsque vous visitez un site web. Ils sont largement utilis\u00e9s pour faire fonctionner les sites web ou les rendre plus efficaces, ainsi que pour fournir des informations aux propri\u00e9taires du site.<br\/> <br\/><strong>3. Comment utilisons-nous les cookies ?<\/strong><br\/>Nous utilisons des cookies pour diverses raisons, notamment pour<br\/>Am\u00e9liorer la fonctionnalit\u00e9 et les performances du site web.<br\/>Fournir des analyses et des statistiques anonymes.<br\/>Personnaliser votre exp\u00e9rience de navigation.<br\/><br\/><strong>4. Types de cookies que nous utilisons<\/strong><br\/>Cookies essentiels : N\u00e9cessaires au fonctionnement de base du site web.<br\/>Cookies de performance : Nous aident \u00e0 comprendre comment vous interagissez avec le site web en analysant des informations anonymes.<br\/>Cookies de fonctionnalit\u00e9 : Utilis\u00e9s pour m\u00e9moriser vos pr\u00e9f\u00e9rences et am\u00e9liorer votre exp\u00e9rience utilisateur.<br\/><br\/><strong>5. Contr\u00f4le des cookies<\/strong><br\/>Vous pouvez contr\u00f4ler et\/ou supprimer les cookies selon vos pr\u00e9f\u00e9rences. Consultez les param\u00e8tres de votre navigateur pour g\u00e9rer les cookies.<br\/> <br\/><strong>6. Modifications de la politique en mati\u00e8re de cookies<\/strong><br\/>Nous nous r\u00e9servons le droit de mettre \u00e0 jour cette politique en mati\u00e8re de cookies \u00e0 tout moment. Toute modification importante sera notifi\u00e9e sur le site web.<br\/> <br\/><strong>7. Contact<\/strong><br\/>Si vous avez des questions concernant notre politique en mati\u00e8re de cookies, n&rsquo;h\u00e9sitez pas \u00e0 nous contacter \u00e0 l&rsquo;adresse <strong><a href=\"mailto:info@coach4expats.com\">info@coach4expats.com<\/a><\/strong>.<br\/><br\/>Date de la derni\u00e8re mise \u00e0 jour : 01\/01\/2024<\/p>\n<\/div><\/div>\n\n<p><\/p>\n","protected":false},"excerpt":{"rendered":"<p>Cookies 1. IntroductionCe site web utilise des cookies. En utilisant ce site et en acceptant nos politiques, vous consentez \u00e0 [&hellip;]<\/p>\n","protected":false},"author":3,"featured_media":0,"parent":0,"menu_order":0,"comment_status":"closed","ping_status":"open","template":"","meta":{"_uag_custom_page_level_css":"","site-sidebar-layout":"default","site-content-layout":"","ast-site-content-layout":"narrow-width-container","site-content-style":"default","site-sidebar-style":"default","ast-global-header-display":"","ast-banner-title-visibility":"","ast-main-header-display":"","ast-hfb-above-header-display":"","ast-hfb-below-header-display":"","ast-hfb-mobile-header-display":"","site-post-title":"disabled","ast-breadcrumbs-content":"","ast-featured-img":"","footer-sml-layout":"","ast-disable-related-posts":"","theme-transparent-header-meta":"","adv-header-id-meta":"","stick-header-meta":"","header-above-stick-meta":"","header-main-stick-meta":"","header-below-stick-meta":"","astra-migrate-meta-layouts":"default","ast-page-background-enabled":"default","ast-page-background-meta":{"desktop":{"background-color":"var(--ast-global-color-4)","background-image":"","background-repeat":"repeat","background-position":"center center","background-size":"auto","background-attachment":"scroll","background-type":"","background-media":"","overlay-type":"","overlay-color":"","overlay-opacity":"","overlay-gradient":""},"tablet":{"background-color":"","background-image":"","background-repeat":"repeat","background-position":"center center","background-size":"auto","background-attachment":"scroll","background-type":"","background-media":"","overlay-type":"","overlay-color":"","overlay-opacity":"","overlay-gradient":""},"mobile":{"background-color":"","background-image":"","background-repeat":"repeat","background-position":"center center","background-size":"auto","background-attachment":"scroll","background-type":"","background-media":"","overlay-type":"","overlay-color":"","overlay-opacity":"","overlay-gradient":""}},"ast-content-background-meta":{"desktop":{"background-color":"var(--ast-global-color-5)","background-image":"","background-repeat":"repeat","background-position":"center center","background-size":"auto","background-attachment":"scroll","background-type":"","background-media":"","overlay-type":"","overlay-color":"","overlay-opacity":"","overlay-gradient":""},"tablet":{"background-color":"var(--ast-global-color-5)","background-image":"","background-repeat":"repeat","background-position":"center center","background-size":"auto","background-attachment":"scroll","background-type":"","background-media":"","overlay-type":"","overlay-color":"","overlay-opacity":"","overlay-gradient":""},"mobile":{"background-color":"var(--ast-global-color-5)","background-image":"","background-repeat":"repeat","background-position":"center center","background-size":"auto","background-attachment":"scroll","background-type":"","background-media":"","overlay-type":"","overlay-color":"","overlay-opacity":"","overlay-gradient":""}},"footnotes":""},"class_list":["post-1258","page","type-page","status-publish","hentry"],"uagb_featured_image_src":{"full":false,"thumbnail":false,"medium":false,"medium_large":false,"large":false,"1536x1536":false,"2048x2048":false,"widget-thumbnail":false},"uagb_author_info":{"display_name":"Mariel Schaab","author_link":"https:\/\/coach4expats.com\/fr\/author\/mariel\/"},"uagb_comment_info":0,"uagb_excerpt":"Cookies 1. IntroductionCe site web utilise des cookies. En utilisant ce site et en acceptant nos politiques, vous consentez \u00e0 [&hellip;]","_links":{"self":[{"href":"https:\/\/coach4expats.com\/fr\/wp-json\/wp\/v2\/pages\/1258","targetHints":{"allow":["GET"]}}],"collection":[{"href":"https:\/\/coach4expats.com\/fr\/wp-json\/wp\/v2\/pages"}],"about":[{"href":"https:\/\/coach4expats.com\/fr\/wp-json\/wp\/v2\/types\/page"}],"author":[{"embeddable":true,"href":"https:\/\/coach4expats.com\/fr\/wp-json\/wp\/v2\/users\/3"}],"replies":[{"embeddable":true,"href":"https:\/\/coach4expats.com\/fr\/wp-json\/wp\/v2\/comments?post=1258"}],"version-history":[{"count":4,"href":"https:\/\/coach4expats.com\/fr\/wp-json\/wp\/v2\/pages\/1258\/revisions"}],"predecessor-version":[{"id":12753,"href":"https:\/\/coach4expats.com\/fr\/wp-json\/wp\/v2\/pages\/1258\/revisions\/12753"}],"wp:attachment":[{"href":"https:\/\/coach4expats.com\/fr\/wp-json\/wp\/v2\/media?parent=1258"}],"curies":[{"name":"wp","href":"https:\/\/api.w.org\/{rel}","templated":true}]}}