{"id":1288,"date":"2024-10-02T12:28:35","date_gmt":"2024-10-02T10:28:35","guid":{"rendered":"https:\/\/coach4expats.com\/gold-boostez-votre-carriere\/"},"modified":"2025-04-14T14:22:41","modified_gmt":"2025-04-14T12:22:41","slug":"gold-boostez-votre-carriere","status":"publish","type":"page","link":"https:\/\/coach4expats.com\/fr\/gold-boostez-votre-carriere\/","title":{"rendered":"GOLD : Boostez votre carri\u00e8re !"},"content":{"rendered":"\n<div class=\"wp-block-uagb-container uagb-block-2b5d30df alignfull uagb-is-root-container\">\n<div class=\"wp-block-uagb-container uagb-block-98f35fb6\">\n<div data-aos= \"zoom-in-up\" data-aos-duration=\"400\" data-aos-delay=\"0\" data-aos-easing=\"ease\" data-aos-once=\"true\" class=\"wp-block-uagb-info-box uagb-block-789ca1ae uagb-infobox__content-wrap  uagb-infobox-icon-above-title uagb-infobox-image-valign-top\"><div class=\"uagb-ifb-content\"><div class=\"uagb-ifb-title-wrap\"><h1 class=\"uagb-ifb-title\"><a href=\"GOLD:%20Boost%20your%20career!\">OR : <\/a><br\/>Boostez votre carri\u00e8re !<\/h1><\/div><p class=\"uagb-ifb-desc\">Acc\u00e9l\u00e9rez votre recherche d&#8217;emploi avec notre offre exclusive !<br\/><br\/>Acc\u00e9dez \u00e0 une Masterclass sur la recherche d&#8217;emploi (pr\u00e9enregistr\u00e9e), \u00e0 des mod\u00e8les de CV et \u00e0 des \u00e9valuations professionnelles pour mettre en valeur votre profil. Rejoignez notre communaut\u00e9 exclusive de clients et recevez des conseils personnalis\u00e9s, des avis d&rsquo;experts et un acc\u00e8s \u00e0 des ressources sp\u00e9cialis\u00e9es. De plus, participez \u00e0 des s\u00e9ances personnalis\u00e9es de coaching professionnel et acc\u00e9dez \u00e0 des ressources pr\u00e9cieuses pour vous pr\u00e9parer aux entretiens et cr\u00e9er des r\u00e9seaux.   <\/p><\/div><\/div>\n\n\n\n<div class=\"wp-block-uagb-container uagb-block-d4fcf435\"><style>.wp-block-kadence-advancedheading.kt-adv-heading1051_0518de-a7, .wp-block-kadence-advancedheading.kt-adv-heading1051_0518de-a7[data-kb-block=\"kb-adv-heading1051_0518de-a7\"]{margin-bottom:0px;text-align:center;font-size:var(--global-kb-font-size-md, 1.25rem);font-style:normal;}.wp-block-kadence-advancedheading.kt-adv-heading1051_0518de-a7 mark.kt-highlight, .wp-block-kadence-advancedheading.kt-adv-heading1051_0518de-a7[data-kb-block=\"kb-adv-heading1051_0518de-a7\"] mark.kt-highlight{font-style:normal;color:#f76a0c;-webkit-box-decoration-break:clone;box-decoration-break:clone;padding-top:0px;padding-right:0px;padding-bottom:0px;padding-left:0px;}.wp-block-kadence-advancedheading.kt-adv-heading1051_0518de-a7 img.kb-inline-image, .wp-block-kadence-advancedheading.kt-adv-heading1051_0518de-a7[data-kb-block=\"kb-adv-heading1051_0518de-a7\"] img.kb-inline-image{width:150px;vertical-align:baseline;}@media all and (max-width: 767px){.wp-block-kadence-advancedheading.kt-adv-heading1051_0518de-a7, .wp-block-kadence-advancedheading.kt-adv-heading1051_0518de-a7[data-kb-block=\"kb-adv-heading1051_0518de-a7\"]{padding-bottom:0px;margin-bottom:0px;}}<\/style>\n<h2 class=\"kt-adv-heading1051_0518de-a7 wp-block-kadence-advancedheading has-ast-global-color-3-color has-text-color\" data-kb-block=\"kb-adv-heading1051_0518de-a7\">289,99 \u20ac + TVA<\/h2>\n<\/div>\n<\/div>\n\n\n\n<div data-aos= \"zoom-in-up\" data-aos-duration=\"400\" data-aos-delay=\"0\" data-aos-easing=\"ease\" data-aos-once=\"true\" class=\"wp-block-uagb-container uagb-block-27e6153e\"><\/div>\n<\/div>\n\n<div class=\"wp-block-uagb-container uagb-block-5b7b18c7 alignfull uagb-is-root-container\"><div class=\"uagb-container-inner-blocks-wrap\">\n<div data-aos= \"zoom-in-up\" data-aos-duration=\"400\" data-aos-delay=\"0\" data-aos-easing=\"ease\" data-aos-once=\"true\" class=\"wp-block-uagb-container uagb-block-3f7988e4\">\n<p class=\" eplus-wrapper\"><strong>Avantages :<\/strong><br\/><br\/>Acc\u00e8s \u00e0 la Masterclass sur la recherche d&#8217;emploi de 140 minutes (pr\u00e9enregistr\u00e9e, en ligne).<br\/>Mod\u00e8les de CV et commentaires d&rsquo;experts pour mettre en valeur votre profil.<br\/>Participer \u00e0 2 (deux) s\u00e9ances de coaching personnalis\u00e9.<br\/>Acc\u00e9der \u00e0 des ressources pr\u00e9cieuses pour les entretiens et le r\u00e9seautage.<br\/>Joindre notre communaut\u00e9 exclusive de clients et recevoir des conseils personnalis\u00e9s.<br\/>Des ressources sp\u00e9cifiques et des outils suppl\u00e9mentaires adapt\u00e9s \u00e0 vos besoins professionnels.<br\/><br\/>Ne manquez pas l&rsquo;occasion de rejoindre notre communaut\u00e9 exclusive et de recevoir des conseils personnalis\u00e9s ainsi que des outils adapt\u00e9s \u00e0 vos besoins professionnels ! Vous osez franchir une nouvelle \u00e9tape dans votre carri\u00e8re ? <\/p>\n<\/div>\n\n\n\n<div class=\"wp-block-uagb-container uagb-block-a8cba11f\">\n<div class=\"wp-block-uagb-buttons uagb-buttons__outer-wrap uagb-btn__default-btn uagb-btn-tablet__default-btn uagb-btn-mobile__default-btn uagb-block-8021155c\"><div class=\"uagb-buttons__wrap uagb-buttons-layout-wrap \">\n<div data-aos= \"zoom-in-up\" data-aos-duration=\"400\" data-aos-delay=\"0\" data-aos-easing=\"ease\" data-aos-once=\"true\" class=\"wp-block-uagb-buttons-child uagb-buttons__outer-wrap uagb-block-518bc486 wp-block-button\"><div class=\"uagb-button__wrapper\"><a class=\"uagb-buttons-repeater wp-block-button__link\" aria-label=\"\" href=\"https:\/\/coach4expats.com\/wp-content\/uploads\/2025\/03\/Coach4Expats-Services-Overview-French.pdf\" rel=\"follow noopener\" target=\"_blank\" role=\"button\"><div class=\"uagb-button__link\">BROCHURE SUR LES SERVICES<\/div><\/a><\/div><\/div>\n\n\n\n<div data-aos= \"zoom-in-up\" data-aos-duration=\"400\" data-aos-delay=\"0\" data-aos-easing=\"ease\" data-aos-once=\"true\" class=\"wp-block-uagb-buttons-child uagb-buttons__outer-wrap uagb-block-d3b6eb1c wp-block-button\"><div class=\"uagb-button__wrapper\"><a class=\"uagb-buttons-repeater wp-block-button__link\" aria-label=\"\" href=\"https:\/\/coach4expats.com\/wp-content\/uploads\/2025\/03\/Coach4expats-How-we-work-French.pdf\" rel=\"follow noopener\" target=\"_blank\" role=\"button\"><div class=\"uagb-button__link\">M\u00c9THODOLOGIE DE TRAVAIL<\/div><\/a><\/div><\/div>\n<\/div><\/div>\n<\/div>\n<\/div><\/div>\n\n<div class=\"wp-block-uagb-container uagb-block-0b94198b alignfull uagb-is-root-container\"><div class=\"uagb-container-inner-blocks-wrap\">\n<p class=\" has-text-align-center eplus-wrapper\"><strong>IMPORTANT : TOUTES LES R\u00c9SERVATIONS SUR CE SITE SONT EFFECTU\u00c9ES SUR LE FUSEAU HORAIRE SUIVANT : <\/strong><br\/><strong>Amsterdam CET (UTC +1)<\/strong><\/p>\n\n\n\n<div class=\"wp-block-uagb-container uagb-block-a8bea360 alignwide uagb-is-root-container\">\n<div class=\"wp-block-booknetic-booking\">[booknetic service=\u00a0\u00bb4&Prime; location=\u00a0\u00bb2&Prime;]<\/div>\n<\/div>\n<\/div><\/div>\n","protected":false},"excerpt":{"rendered":"<p>289,99 \u20ac + TVA Avantages : Acc\u00e8s \u00e0 la Masterclass sur la recherche d&#8217;emploi de 140 minutes (pr\u00e9enregistr\u00e9e, en ligne).Mod\u00e8les [&hellip;]<\/p>\n","protected":false},"author":3,"featured_media":619,"parent":0,"menu_order":0,"comment_status":"closed","ping_status":"closed","template":"","meta":{"_uag_custom_page_level_css":"","site-sidebar-layout":"default","site-content-layout":"","ast-site-content-layout":"full-width-container","site-content-style":"default","site-sidebar-style":"default","ast-global-header-display":"","ast-banner-title-visibility":"","ast-main-header-display":"","ast-hfb-above-header-display":"","ast-hfb-below-header-display":"","ast-hfb-mobile-header-display":"","site-post-title":"disabled","ast-breadcrumbs-content":"","ast-featured-img":"disabled","footer-sml-layout":"","ast-disable-related-posts":"","theme-transparent-header-meta":"","adv-header-id-meta":"","stick-header-meta":"","header-above-stick-meta":"","header-main-stick-meta":"","header-below-stick-meta":"","astra-migrate-meta-layouts":"default","ast-page-background-enabled":"default","ast-page-background-meta":{"desktop":{"background-color":"var(--ast-global-color-4)","background-image":"","background-repeat":"repeat","background-position":"center center","background-size":"auto","background-attachment":"scroll","background-type":"","background-media":"","overlay-type":"","overlay-color":"","overlay-opacity":"","overlay-gradient":""},"tablet":{"background-color":"","background-image":"","background-repeat":"repeat","background-position":"center center","background-size":"auto","background-attachment":"scroll","background-type":"","background-media":"","overlay-type":"","overlay-color":"","overlay-opacity":"","overlay-gradient":""},"mobile":{"background-color":"","background-image":"","background-repeat":"repeat","background-position":"center center","background-size":"auto","background-attachment":"scroll","background-type":"","background-media":"","overlay-type":"","overlay-color":"","overlay-opacity":"","overlay-gradient":""}},"ast-content-background-meta":{"desktop":{"background-color":"var(--ast-global-color-5)","background-image":"","background-repeat":"repeat","background-position":"center center","background-size":"auto","background-attachment":"scroll","background-type":"","background-media":"","overlay-type":"","overlay-color":"","overlay-opacity":"","overlay-gradient":""},"tablet":{"background-color":"var(--ast-global-color-5)","background-image":"","background-repeat":"repeat","background-position":"center center","background-size":"auto","background-attachment":"scroll","background-type":"","background-media":"","overlay-type":"","overlay-color":"","overlay-opacity":"","overlay-gradient":""},"mobile":{"background-color":"var(--ast-global-color-5)","background-image":"","background-repeat":"repeat","background-position":"center center","background-size":"auto","background-attachment":"scroll","background-type":"","background-media":"","overlay-type":"","overlay-color":"","overlay-opacity":"","overlay-gradient":""}},"footnotes":""},"class_list":["post-1288","page","type-page","status-publish","has-post-thumbnail","hentry"],"uagb_featured_image_src":{"full":["https:\/\/coach4expats.com\/wp-content\/uploads\/2024\/09\/20230914-StudioTRIX-Coach4Expats-3_edited.jpg",1024,683,false],"thumbnail":["https:\/\/coach4expats.com\/wp-content\/uploads\/2024\/09\/20230914-StudioTRIX-Coach4Expats-3_edited-150x150.jpg",150,150,true],"medium":["https:\/\/coach4expats.com\/wp-content\/uploads\/2024\/09\/20230914-StudioTRIX-Coach4Expats-3_edited-300x200.jpg",300,200,true],"medium_large":["https:\/\/coach4expats.com\/wp-content\/uploads\/2024\/09\/20230914-StudioTRIX-Coach4Expats-3_edited-768x512.jpg",768,512,true],"large":["https:\/\/coach4expats.com\/wp-content\/uploads\/2024\/09\/20230914-StudioTRIX-Coach4Expats-3_edited.jpg",800,534,false],"1536x1536":["https:\/\/coach4expats.com\/wp-content\/uploads\/2024\/09\/20230914-StudioTRIX-Coach4Expats-3_edited.jpg",1024,683,false],"2048x2048":["https:\/\/coach4expats.com\/wp-content\/uploads\/2024\/09\/20230914-StudioTRIX-Coach4Expats-3_edited.jpg",1024,683,false],"widget-thumbnail":["https:\/\/coach4expats.com\/wp-content\/uploads\/2024\/09\/20230914-StudioTRIX-Coach4Expats-3_edited-75x75.jpg",75,75,true]},"uagb_author_info":{"display_name":"Mariel Schaab","author_link":"https:\/\/coach4expats.com\/fr\/author\/mariel\/"},"uagb_comment_info":0,"uagb_excerpt":"289,99 \u20ac + TVA Avantages : Acc\u00e8s \u00e0 la Masterclass sur la recherche d&#8217;emploi de 140 minutes (pr\u00e9enregistr\u00e9e, en ligne).Mod\u00e8les [&hellip;]","_links":{"self":[{"href":"https:\/\/coach4expats.com\/fr\/wp-json\/wp\/v2\/pages\/1288","targetHints":{"allow":["GET"]}}],"collection":[{"href":"https:\/\/coach4expats.com\/fr\/wp-json\/wp\/v2\/pages"}],"about":[{"href":"https:\/\/coach4expats.com\/fr\/wp-json\/wp\/v2\/types\/page"}],"author":[{"embeddable":true,"href":"https:\/\/coach4expats.com\/fr\/wp-json\/wp\/v2\/users\/3"}],"replies":[{"embeddable":true,"href":"https:\/\/coach4expats.com\/fr\/wp-json\/wp\/v2\/comments?post=1288"}],"version-history":[{"count":5,"href":"https:\/\/coach4expats.com\/fr\/wp-json\/wp\/v2\/pages\/1288\/revisions"}],"predecessor-version":[{"id":12764,"href":"https:\/\/coach4expats.com\/fr\/wp-json\/wp\/v2\/pages\/1288\/revisions\/12764"}],"wp:featuredmedia":[{"embeddable":true,"href":"https:\/\/coach4expats.com\/fr\/wp-json\/wp\/v2\/media\/619"}],"wp:attachment":[{"href":"https:\/\/coach4expats.com\/fr\/wp-json\/wp\/v2\/media?parent=1288"}],"curies":[{"name":"wp","href":"https:\/\/api.w.org\/{rel}","templated":true}]}}