{"id":1361,"date":"2024-10-02T13:00:56","date_gmt":"2024-10-02T11:00:56","guid":{"rendered":"https:\/\/coach4expats.com\/a-la-recherche-de-votre-premier-emploi\/"},"modified":"2025-04-14T15:37:51","modified_gmt":"2025-04-14T13:37:51","slug":"a-la-recherche-de-votre-premier-emploi","status":"publish","type":"page","link":"https:\/\/coach4expats.com\/fr\/a-la-recherche-de-votre-premier-emploi\/","title":{"rendered":"\u00c0 la recherche de votre premier emploi"},"content":{"rendered":"\n<div class=\"wp-block-uagb-container uagb-block-2b5d30df alignfull uagb-is-root-container\">\n<div class=\"wp-block-uagb-container uagb-block-98f35fb6\">\n<div data-aos= \"zoom-in-up\" data-aos-duration=\"400\" data-aos-delay=\"0\" data-aos-easing=\"ease\" data-aos-once=\"true\" class=\"wp-block-uagb-info-box uagb-block-789ca1ae uagb-infobox__content-wrap  uagb-infobox-icon-above-title uagb-infobox-image-valign-top\"><div class=\"uagb-ifb-content\"><div class=\"uagb-ifb-title-wrap\"><h1 class=\"uagb-ifb-title\">\u00c0 la recherche de votre premier emploi<\/h1><\/div><p class=\"uagb-ifb-desc\">Pr\u00eat \u00e0 faire le premier pas vers une carri\u00e8re r\u00e9ussie ? Avec notre nouveau service complet, nous vous fournissons les outils et le soutien dont vous avez besoin pour vous d\u00e9marquer dans le monde comp\u00e9titif du travail. <\/p><\/div><\/div>\n\n\n\n<div class=\"wp-block-uagb-container uagb-block-d4fcf435\"><style>.wp-block-kadence-advancedheading.kt-adv-heading1078_d877d2-8e, .wp-block-kadence-advancedheading.kt-adv-heading1078_d877d2-8e[data-kb-block=\"kb-adv-heading1078_d877d2-8e\"]{margin-bottom:0px;text-align:center;font-size:var(--global-kb-font-size-md, 1.25rem);font-style:normal;}.wp-block-kadence-advancedheading.kt-adv-heading1078_d877d2-8e mark.kt-highlight, .wp-block-kadence-advancedheading.kt-adv-heading1078_d877d2-8e[data-kb-block=\"kb-adv-heading1078_d877d2-8e\"] mark.kt-highlight{font-style:normal;color:#f76a0c;-webkit-box-decoration-break:clone;box-decoration-break:clone;padding-top:0px;padding-right:0px;padding-bottom:0px;padding-left:0px;}.wp-block-kadence-advancedheading.kt-adv-heading1078_d877d2-8e img.kb-inline-image, .wp-block-kadence-advancedheading.kt-adv-heading1078_d877d2-8e[data-kb-block=\"kb-adv-heading1078_d877d2-8e\"] img.kb-inline-image{width:150px;vertical-align:baseline;}@media all and (max-width: 767px){.wp-block-kadence-advancedheading.kt-adv-heading1078_d877d2-8e, .wp-block-kadence-advancedheading.kt-adv-heading1078_d877d2-8e[data-kb-block=\"kb-adv-heading1078_d877d2-8e\"]{padding-bottom:0px;margin-bottom:0px;}}<\/style>\n<h2 class=\"kt-adv-heading1078_d877d2-8e wp-block-kadence-advancedheading has-ast-global-color-3-color has-text-color\" data-kb-block=\"kb-adv-heading1078_d877d2-8e\">199,99 \u20ac + TVA<\/h2>\n<\/div>\n<\/div>\n\n\n\n<div data-aos= \"zoom-in-up\" data-aos-duration=\"400\" data-aos-delay=\"0\" data-aos-easing=\"ease\" data-aos-once=\"true\" class=\"wp-block-uagb-container uagb-block-27e6153e\"><\/div>\n<\/div>\n\n<div class=\"wp-block-uagb-container uagb-block-5b7b18c7 alignfull uagb-is-root-container\"><div class=\"uagb-container-inner-blocks-wrap\">\n<div data-aos= \"zoom-in-up\" data-aos-duration=\"400\" data-aos-delay=\"0\" data-aos-easing=\"ease\" data-aos-once=\"true\" class=\"wp-block-uagb-container uagb-block-3f7988e4\">\n<p class=\" eplus-wrapper\"><strong>Avantages :<\/strong><br\/><br\/>\u2705 Optimisation des documents cl\u00e9s : Vous voulez que votre CV, votre lettre de motivation et votre profil LinkedIn sortent du lot ? Notre \u00e9quipe d&rsquo;experts vous aidera \u00e0 parfaire chaque d\u00e9tail, en pr\u00e9sentant votre exp\u00e9rience et vos comp\u00e9tences de mani\u00e8re percutante. <br\/><br\/>Ma\u00eetrisez les derniers outils de recherche d&#8217;emploi bas\u00e9s sur l&rsquo;IA gr\u00e2ce \u00e0 notre formation avanc\u00e9e.<br\/>Apprenez \u00e0 utiliser la technologie \u00e0 votre avantage et \u00e0 vous d\u00e9marquer sur le march\u00e9 du travail actuel.<br\/><br\/>\ud83c\udfaf Coaching d&rsquo;entretien personnalis\u00e9 : Vous \u00eates nerveux \u00e0 l&rsquo;id\u00e9e de passer votre prochain entretien ? Ne vous inqui\u00e9tez pas, nous sommes l\u00e0 pour vous aider. Recevez des conseils personnalis\u00e9s de nos coachs pour briller \u00e0 chaque rencontre et laisser une impression durable.  <br\/><br\/>\ud83d\udcbc D\u00e9veloppement des comp\u00e9tences cl\u00e9s : Renforcez votre carri\u00e8re en acqu\u00e9rant des comp\u00e9tences indispensables sur le lieu de travail d&rsquo;aujourd&rsquo;hui. Des comp\u00e9tences en communication au leadership, nous vous fournirons les outils dont vous avez besoin pour r\u00e9ussir dans n&rsquo;importe quel environnement professionnel. <br\/><br\/>\ud83d\udd04 Comprend 2 sessions de coaching professionnel et notre Masterclass : Recherche d&#8217;emploi \u00e0 l&rsquo;\u00e9tranger !<br\/><br\/> Quand nous rejoindrez-vous pour optimiser votre CV, ma\u00eetriser les derniers outils de recherche d&#8217;emploi, recevoir des conseils personnalis\u00e9s pour les entretiens et d\u00e9velopper des comp\u00e9tences cl\u00e9s ? Votre r\u00e9ussite professionnelle commence ici ! <\/p>\n<\/div>\n\n\n\n<div class=\"wp-block-uagb-container uagb-block-a8cba11f\">\n<div class=\"wp-block-uagb-buttons uagb-buttons__outer-wrap uagb-btn__default-btn uagb-btn-tablet__default-btn uagb-btn-mobile__default-btn uagb-block-17309c3e\"><div class=\"uagb-buttons__wrap uagb-buttons-layout-wrap \">\n<div data-aos= \"zoom-in-up\" data-aos-duration=\"400\" data-aos-delay=\"0\" data-aos-easing=\"ease\" data-aos-once=\"true\" class=\"wp-block-uagb-buttons-child uagb-buttons__outer-wrap uagb-block-97e9bc55 wp-block-button\"><div class=\"uagb-button__wrapper\"><a class=\"uagb-buttons-repeater wp-block-button__link\" aria-label=\"\" href=\"https:\/\/coach4expats.com\/wp-content\/uploads\/2025\/03\/Coach4Expats-Services-Overview-French.pdf\" rel=\"follow noopener\" target=\"_blank\" role=\"button\"><div class=\"uagb-button__link\">BROCHURE SUR LES SERVICES<\/div><\/a><\/div><\/div>\n\n\n\n<div data-aos= \"zoom-in-up\" data-aos-duration=\"400\" data-aos-delay=\"0\" data-aos-easing=\"ease\" data-aos-once=\"true\" class=\"wp-block-uagb-buttons-child uagb-buttons__outer-wrap uagb-block-f0e7de2c wp-block-button\"><div class=\"uagb-button__wrapper\"><a class=\"uagb-buttons-repeater wp-block-button__link\" aria-label=\"\" href=\"https:\/\/coach4expats.com\/wp-content\/uploads\/2025\/03\/Coach4expats-How-we-work-French.pdf\" rel=\"follow noopener\" target=\"_blank\" role=\"button\"><div class=\"uagb-button__link\">M\u00c9THODOLOGIE DE TRAVAIL<\/div><\/a><\/div><\/div>\n<\/div><\/div>\n<\/div>\n<\/div><\/div>\n\n<div class=\"wp-block-uagb-container uagb-block-0b94198b alignfull uagb-is-root-container\"><div class=\"uagb-container-inner-blocks-wrap\">\n<p class=\" has-text-align-center eplus-wrapper\"><strong>IMPORTANT : TOUTES LES R\u00c9SERVATIONS SUR CE SITE SONT EFFECTU\u00c9ES SUR LE FUSEAU HORAIRE SUIVANT : <br\/>Amsterdam CET (UTC +1)<\/strong><\/p>\n\n\n\n<div class=\"wp-block-uagb-container uagb-block-a8bea360 alignwide uagb-is-root-container\">\n<div class=\"wp-block-booknetic-booking\">[booknetic service=\u00a0\u00bb10&Prime; location=\u00a0\u00bb2&Prime;]<\/div>\n<\/div>\n<\/div><\/div>\n","protected":false},"excerpt":{"rendered":"<p>199,99 \u20ac + TVA Avantages : \u2705 Optimisation des documents cl\u00e9s : Vous voulez que votre CV, votre lettre de [&hellip;]<\/p>\n","protected":false},"author":3,"featured_media":647,"parent":0,"menu_order":0,"comment_status":"closed","ping_status":"closed","template":"","meta":{"_uag_custom_page_level_css":"","site-sidebar-layout":"default","site-content-layout":"","ast-site-content-layout":"full-width-container","site-content-style":"default","site-sidebar-style":"default","ast-global-header-display":"","ast-banner-title-visibility":"","ast-main-header-display":"","ast-hfb-above-header-display":"","ast-hfb-below-header-display":"","ast-hfb-mobile-header-display":"","site-post-title":"disabled","ast-breadcrumbs-content":"","ast-featured-img":"disabled","footer-sml-layout":"","ast-disable-related-posts":"","theme-transparent-header-meta":"","adv-header-id-meta":"","stick-header-meta":"","header-above-stick-meta":"","header-main-stick-meta":"","header-below-stick-meta":"","astra-migrate-meta-layouts":"default","ast-page-background-enabled":"default","ast-page-background-meta":{"desktop":{"background-color":"var(--ast-global-color-4)","background-image":"","background-repeat":"repeat","background-position":"center center","background-size":"auto","background-attachment":"scroll","background-type":"","background-media":"","overlay-type":"","overlay-color":"","overlay-opacity":"","overlay-gradient":""},"tablet":{"background-color":"","background-image":"","background-repeat":"repeat","background-position":"center center","background-size":"auto","background-attachment":"scroll","background-type":"","background-media":"","overlay-type":"","overlay-color":"","overlay-opacity":"","overlay-gradient":""},"mobile":{"background-color":"","background-image":"","background-repeat":"repeat","background-position":"center center","background-size":"auto","background-attachment":"scroll","background-type":"","background-media":"","overlay-type":"","overlay-color":"","overlay-opacity":"","overlay-gradient":""}},"ast-content-background-meta":{"desktop":{"background-color":"var(--ast-global-color-5)","background-image":"","background-repeat":"repeat","background-position":"center center","background-size":"auto","background-attachment":"scroll","background-type":"","background-media":"","overlay-type":"","overlay-color":"","overlay-opacity":"","overlay-gradient":""},"tablet":{"background-color":"var(--ast-global-color-5)","background-image":"","background-repeat":"repeat","background-position":"center center","background-size":"auto","background-attachment":"scroll","background-type":"","background-media":"","overlay-type":"","overlay-color":"","overlay-opacity":"","overlay-gradient":""},"mobile":{"background-color":"var(--ast-global-color-5)","background-image":"","background-repeat":"repeat","background-position":"center center","background-size":"auto","background-attachment":"scroll","background-type":"","background-media":"","overlay-type":"","overlay-color":"","overlay-opacity":"","overlay-gradient":""}},"footnotes":""},"class_list":["post-1361","page","type-page","status-publish","has-post-thumbnail","hentry"],"uagb_featured_image_src":{"full":["https:\/\/coach4expats.com\/wp-content\/uploads\/2024\/09\/mujer-tiro-medio-posando-estudio-1_edited.jpg",2000,1943,false],"thumbnail":["https:\/\/coach4expats.com\/wp-content\/uploads\/2024\/09\/mujer-tiro-medio-posando-estudio-1_edited-150x150.jpg",150,150,true],"medium":["https:\/\/coach4expats.com\/wp-content\/uploads\/2024\/09\/mujer-tiro-medio-posando-estudio-1_edited-300x291.jpg",300,291,true],"medium_large":["https:\/\/coach4expats.com\/wp-content\/uploads\/2024\/09\/mujer-tiro-medio-posando-estudio-1_edited-768x746.jpg",768,746,true],"large":["https:\/\/coach4expats.com\/wp-content\/uploads\/2024\/09\/mujer-tiro-medio-posando-estudio-1_edited-1024x995.jpg",617,600,true],"1536x1536":["https:\/\/coach4expats.com\/wp-content\/uploads\/2024\/09\/mujer-tiro-medio-posando-estudio-1_edited-1536x1492.jpg",1536,1492,true],"2048x2048":["https:\/\/coach4expats.com\/wp-content\/uploads\/2024\/09\/mujer-tiro-medio-posando-estudio-1_edited.jpg",2000,1943,false],"widget-thumbnail":["https:\/\/coach4expats.com\/wp-content\/uploads\/2024\/09\/mujer-tiro-medio-posando-estudio-1_edited-75x75.jpg",75,75,true]},"uagb_author_info":{"display_name":"Mariel Schaab","author_link":"https:\/\/coach4expats.com\/fr\/author\/mariel\/"},"uagb_comment_info":0,"uagb_excerpt":"199,99 \u20ac + TVA Avantages : \u2705 Optimisation des documents cl\u00e9s : Vous voulez que votre CV, votre lettre de [&hellip;]","_links":{"self":[{"href":"https:\/\/coach4expats.com\/fr\/wp-json\/wp\/v2\/pages\/1361","targetHints":{"allow":["GET"]}}],"collection":[{"href":"https:\/\/coach4expats.com\/fr\/wp-json\/wp\/v2\/pages"}],"about":[{"href":"https:\/\/coach4expats.com\/fr\/wp-json\/wp\/v2\/types\/page"}],"author":[{"embeddable":true,"href":"https:\/\/coach4expats.com\/fr\/wp-json\/wp\/v2\/users\/3"}],"replies":[{"embeddable":true,"href":"https:\/\/coach4expats.com\/fr\/wp-json\/wp\/v2\/comments?post=1361"}],"version-history":[{"count":5,"href":"https:\/\/coach4expats.com\/fr\/wp-json\/wp\/v2\/pages\/1361\/revisions"}],"predecessor-version":[{"id":12816,"href":"https:\/\/coach4expats.com\/fr\/wp-json\/wp\/v2\/pages\/1361\/revisions\/12816"}],"wp:featuredmedia":[{"embeddable":true,"href":"https:\/\/coach4expats.com\/fr\/wp-json\/wp\/v2\/media\/647"}],"wp:attachment":[{"href":"https:\/\/coach4expats.com\/fr\/wp-json\/wp\/v2\/media?parent=1361"}],"curies":[{"name":"wp","href":"https:\/\/api.w.org\/{rel}","templated":true}]}}