{"id":1383,"date":"2024-10-02T12:37:44","date_gmt":"2024-10-02T10:37:44","guid":{"rendered":"https:\/\/coach4expats.com\/linkedin-pour-reussir\/"},"modified":"2025-04-14T16:16:24","modified_gmt":"2025-04-14T14:16:24","slug":"linkedin-pour-reussir","status":"publish","type":"page","link":"https:\/\/coach4expats.com\/fr\/linkedin-pour-reussir\/","title":{"rendered":"LinkedIn pour r\u00e9ussir !"},"content":{"rendered":"\n<div class=\"wp-block-uagb-container uagb-block-2b5d30df alignfull uagb-is-root-container\">\n<div class=\"wp-block-uagb-container uagb-block-98f35fb6\">\n<div data-aos= \"zoom-in-up\" data-aos-duration=\"400\" data-aos-delay=\"0\" data-aos-easing=\"ease\" data-aos-once=\"true\" class=\"wp-block-uagb-info-box uagb-block-789ca1ae uagb-infobox__content-wrap  uagb-infobox-icon-above-title uagb-infobox-image-valign-top\"><div class=\"uagb-ifb-content\"><div class=\"uagb-ifb-title-wrap\"><h1 class=\"uagb-ifb-title\">LinkedIn pour r\u00e9ussir !<\/h1><\/div><p class=\"uagb-ifb-desc\">Optimisez votre <strong>profil LinkedIn<\/strong> pour vous d\u00e9marquer et augmenter votre visibilit\u00e9 aupr\u00e8s des entreprises.<\/p><\/div><\/div>\n\n\n\n<div class=\"wp-block-uagb-container uagb-block-d4fcf435\"><style>.wp-block-kadence-advancedheading.kt-adv-heading1060_b598fa-56, .wp-block-kadence-advancedheading.kt-adv-heading1060_b598fa-56[data-kb-block=\"kb-adv-heading1060_b598fa-56\"]{margin-bottom:0px;text-align:center;font-size:var(--global-kb-font-size-md, 1.25rem);font-style:normal;}.wp-block-kadence-advancedheading.kt-adv-heading1060_b598fa-56 mark.kt-highlight, .wp-block-kadence-advancedheading.kt-adv-heading1060_b598fa-56[data-kb-block=\"kb-adv-heading1060_b598fa-56\"] mark.kt-highlight{font-style:normal;color:#f76a0c;-webkit-box-decoration-break:clone;box-decoration-break:clone;padding-top:0px;padding-right:0px;padding-bottom:0px;padding-left:0px;}.wp-block-kadence-advancedheading.kt-adv-heading1060_b598fa-56 img.kb-inline-image, .wp-block-kadence-advancedheading.kt-adv-heading1060_b598fa-56[data-kb-block=\"kb-adv-heading1060_b598fa-56\"] img.kb-inline-image{width:150px;vertical-align:baseline;}@media all and (max-width: 767px){.wp-block-kadence-advancedheading.kt-adv-heading1060_b598fa-56, .wp-block-kadence-advancedheading.kt-adv-heading1060_b598fa-56[data-kb-block=\"kb-adv-heading1060_b598fa-56\"]{padding-bottom:0px;margin-bottom:0px;}}<\/style>\n<h2 class=\"kt-adv-heading1060_b598fa-56 wp-block-kadence-advancedheading has-ast-global-color-3-color has-text-color\" data-kb-block=\"kb-adv-heading1060_b598fa-56\">159,99 \u20ac + TVA<\/h2>\n<\/div>\n<\/div>\n\n\n\n<div data-aos= \"zoom-in-up\" data-aos-duration=\"400\" data-aos-delay=\"0\" data-aos-easing=\"ease\" data-aos-once=\"true\" class=\"wp-block-uagb-container uagb-block-27e6153e\"><\/div>\n<\/div>\n\n<div class=\"wp-block-uagb-container uagb-block-5b7b18c7 alignfull uagb-is-root-container\"><div class=\"uagb-container-inner-blocks-wrap\">\n<div data-aos= \"zoom-in-up\" data-aos-duration=\"400\" data-aos-delay=\"0\" data-aos-easing=\"ease\" data-aos-once=\"true\" class=\"wp-block-uagb-container uagb-block-3f7988e4\">\n<p class=\" eplus-wrapper\"><strong>Avantages :<\/strong><br\/><br\/>\u2705Strat\u00e9gies personnalis\u00e9es pour se d\u00e9marquer aupr\u00e8s des recruteurs.<br\/>Augmentation des chances d&rsquo;\u00eatre contact\u00e9 pour de nouvelles opportunit\u00e9s d&#8217;emploi.<br\/>Powering your LinkedIn profile as a tool for professional success.<br\/>Attraction des opportunit\u00e9s d&#8217;emploi que vous m\u00e9ritez.<br\/>Inclut 1 (une) session LInkedIn Professional.<br\/><br\/>Pr\u00eat \u00e0 transformer votre profil LinkedIn et \u00e0 ouvrir les portes \u00e0 de nouvelles opportunit\u00e9s de carri\u00e8re ? Rejoignez d\u00e8s maintenant notre service LINKEDIN TO TRIUMPH et d\u00e9couvrez comment vous d\u00e9marquer aupr\u00e8s des recruteurs et booster votre r\u00e9ussite professionnelle. <\/p>\n<\/div>\n\n\n\n<div class=\"wp-block-uagb-container uagb-block-a8cba11f\">\n<div class=\"wp-block-uagb-buttons uagb-buttons__outer-wrap uagb-btn__default-btn uagb-btn-tablet__default-btn uagb-btn-mobile__default-btn uagb-block-7ed226e6\"><div class=\"uagb-buttons__wrap uagb-buttons-layout-wrap \">\n<div data-aos= \"zoom-in-up\" data-aos-duration=\"400\" data-aos-delay=\"0\" data-aos-easing=\"ease\" data-aos-once=\"true\" class=\"wp-block-uagb-buttons-child uagb-buttons__outer-wrap uagb-block-79cbfca9 wp-block-button\"><div class=\"uagb-button__wrapper\"><a class=\"uagb-buttons-repeater wp-block-button__link\" aria-label=\"\" href=\"https:\/\/coach4expats.com\/wp-content\/uploads\/2025\/03\/Coach4Expats-Services-Overview-French.pdf\" rel=\"follow noopener\" target=\"_blank\" role=\"button\"><div class=\"uagb-button__link\">BROCHURE SUR LES SERVICES<\/div><\/a><\/div><\/div>\n\n\n\n<div data-aos= \"zoom-in-up\" data-aos-duration=\"400\" data-aos-delay=\"0\" data-aos-easing=\"ease\" data-aos-once=\"true\" class=\"wp-block-uagb-buttons-child uagb-buttons__outer-wrap uagb-block-73256ad6 wp-block-button\"><div class=\"uagb-button__wrapper\"><a class=\"uagb-buttons-repeater wp-block-button__link\" aria-label=\"\" href=\"https:\/\/coach4expats.com\/wp-content\/uploads\/2025\/03\/Coach4expats-How-we-work-French.pdf\" rel=\"follow noopener\" target=\"_blank\" role=\"button\"><div class=\"uagb-button__link\">M\u00c9THODOLOGIE DE TRAVAIL<\/div><\/a><\/div><\/div>\n<\/div><\/div>\n<\/div>\n<\/div><\/div>\n\n<div class=\"wp-block-uagb-container uagb-block-0b94198b alignfull uagb-is-root-container\"><div class=\"uagb-container-inner-blocks-wrap\">\n<p class=\" has-text-align-center eplus-wrapper\"><strong>IMPORTANT : TOUTES LES R\u00c9SERVATIONS SUR CE SITE SONT EFFECTU\u00c9ES SUR LE FUSEAU HORAIRE SUIVANT : <br\/>Amsterdam CET (UTC +1)<\/strong><\/p>\n\n\n\n<div class=\"wp-block-uagb-container uagb-block-a8bea360 alignwide uagb-is-root-container\">\n<div class=\"wp-block-booknetic-booking\">[booknetic service=\u00a0\u00bb7&Prime; location=\u00a0\u00bb2&Prime;]<\/div>\n<\/div>\n<\/div><\/div>\n","protected":false},"excerpt":{"rendered":"<p>159,99 \u20ac + TVA Avantages : \u2705Strat\u00e9gies personnalis\u00e9es pour se d\u00e9marquer aupr\u00e8s des recruteurs.Augmentation des chances d&rsquo;\u00eatre contact\u00e9 pour de [&hellip;]<\/p>\n","protected":false},"author":3,"featured_media":615,"parent":0,"menu_order":0,"comment_status":"closed","ping_status":"closed","template":"","meta":{"_uag_custom_page_level_css":"","site-sidebar-layout":"default","site-content-layout":"","ast-site-content-layout":"full-width-container","site-content-style":"default","site-sidebar-style":"default","ast-global-header-display":"","ast-banner-title-visibility":"","ast-main-header-display":"","ast-hfb-above-header-display":"","ast-hfb-below-header-display":"","ast-hfb-mobile-header-display":"","site-post-title":"disabled","ast-breadcrumbs-content":"","ast-featured-img":"disabled","footer-sml-layout":"","ast-disable-related-posts":"","theme-transparent-header-meta":"","adv-header-id-meta":"","stick-header-meta":"","header-above-stick-meta":"","header-main-stick-meta":"","header-below-stick-meta":"","astra-migrate-meta-layouts":"default","ast-page-background-enabled":"default","ast-page-background-meta":{"desktop":{"background-color":"var(--ast-global-color-4)","background-image":"","background-repeat":"repeat","background-position":"center center","background-size":"auto","background-attachment":"scroll","background-type":"","background-media":"","overlay-type":"","overlay-color":"","overlay-opacity":"","overlay-gradient":""},"tablet":{"background-color":"","background-image":"","background-repeat":"repeat","background-position":"center center","background-size":"auto","background-attachment":"scroll","background-type":"","background-media":"","overlay-type":"","overlay-color":"","overlay-opacity":"","overlay-gradient":""},"mobile":{"background-color":"","background-image":"","background-repeat":"repeat","background-position":"center center","background-size":"auto","background-attachment":"scroll","background-type":"","background-media":"","overlay-type":"","overlay-color":"","overlay-opacity":"","overlay-gradient":""}},"ast-content-background-meta":{"desktop":{"background-color":"var(--ast-global-color-5)","background-image":"","background-repeat":"repeat","background-position":"center center","background-size":"auto","background-attachment":"scroll","background-type":"","background-media":"","overlay-type":"","overlay-color":"","overlay-opacity":"","overlay-gradient":""},"tablet":{"background-color":"var(--ast-global-color-5)","background-image":"","background-repeat":"repeat","background-position":"center center","background-size":"auto","background-attachment":"scroll","background-type":"","background-media":"","overlay-type":"","overlay-color":"","overlay-opacity":"","overlay-gradient":""},"mobile":{"background-color":"var(--ast-global-color-5)","background-image":"","background-repeat":"repeat","background-position":"center center","background-size":"auto","background-attachment":"scroll","background-type":"","background-media":"","overlay-type":"","overlay-color":"","overlay-opacity":"","overlay-gradient":""}},"footnotes":""},"class_list":["post-1383","page","type-page","status-publish","has-post-thumbnail","hentry"],"uagb_featured_image_src":{"full":["https:\/\/coach4expats.com\/wp-content\/uploads\/2024\/09\/2024-02-12-20.41.12-www.linkedin_edited.jpg",832,534,false],"thumbnail":["https:\/\/coach4expats.com\/wp-content\/uploads\/2024\/09\/2024-02-12-20.41.12-www.linkedin_edited-150x150.jpg",150,150,true],"medium":["https:\/\/coach4expats.com\/wp-content\/uploads\/2024\/09\/2024-02-12-20.41.12-www.linkedin_edited-300x193.jpg",300,193,true],"medium_large":["https:\/\/coach4expats.com\/wp-content\/uploads\/2024\/09\/2024-02-12-20.41.12-www.linkedin_edited-768x493.jpg",768,493,true],"large":["https:\/\/coach4expats.com\/wp-content\/uploads\/2024\/09\/2024-02-12-20.41.12-www.linkedin_edited.jpg",800,513,false],"1536x1536":["https:\/\/coach4expats.com\/wp-content\/uploads\/2024\/09\/2024-02-12-20.41.12-www.linkedin_edited.jpg",832,534,false],"2048x2048":["https:\/\/coach4expats.com\/wp-content\/uploads\/2024\/09\/2024-02-12-20.41.12-www.linkedin_edited.jpg",832,534,false],"widget-thumbnail":["https:\/\/coach4expats.com\/wp-content\/uploads\/2024\/09\/2024-02-12-20.41.12-www.linkedin_edited-75x75.jpg",75,75,true]},"uagb_author_info":{"display_name":"Mariel Schaab","author_link":"https:\/\/coach4expats.com\/fr\/author\/mariel\/"},"uagb_comment_info":0,"uagb_excerpt":"159,99 \u20ac + TVA Avantages : \u2705Strat\u00e9gies personnalis\u00e9es pour se d\u00e9marquer aupr\u00e8s des recruteurs.Augmentation des chances d&rsquo;\u00eatre contact\u00e9 pour de [&hellip;]","_links":{"self":[{"href":"https:\/\/coach4expats.com\/fr\/wp-json\/wp\/v2\/pages\/1383","targetHints":{"allow":["GET"]}}],"collection":[{"href":"https:\/\/coach4expats.com\/fr\/wp-json\/wp\/v2\/pages"}],"about":[{"href":"https:\/\/coach4expats.com\/fr\/wp-json\/wp\/v2\/types\/page"}],"author":[{"embeddable":true,"href":"https:\/\/coach4expats.com\/fr\/wp-json\/wp\/v2\/users\/3"}],"replies":[{"embeddable":true,"href":"https:\/\/coach4expats.com\/fr\/wp-json\/wp\/v2\/comments?post=1383"}],"version-history":[{"count":5,"href":"https:\/\/coach4expats.com\/fr\/wp-json\/wp\/v2\/pages\/1383\/revisions"}],"predecessor-version":[{"id":12836,"href":"https:\/\/coach4expats.com\/fr\/wp-json\/wp\/v2\/pages\/1383\/revisions\/12836"}],"wp:featuredmedia":[{"embeddable":true,"href":"https:\/\/coach4expats.com\/fr\/wp-json\/wp\/v2\/media\/615"}],"wp:attachment":[{"href":"https:\/\/coach4expats.com\/fr\/wp-json\/wp\/v2\/media?parent=1383"}],"curies":[{"name":"wp","href":"https:\/\/api.w.org\/{rel}","templated":true}]}}