{"id":1411,"date":"2024-09-27T19:35:26","date_gmt":"2024-09-27T17:35:26","guid":{"rendered":"https:\/\/coach4expats.com\/politique-de-confidentialite\/"},"modified":"2026-01-15T22:11:18","modified_gmt":"2026-01-15T21:11:18","slug":"politique-de-confidentialite","status":"publish","type":"page","link":"https:\/\/coach4expats.com\/fr\/politique-de-confidentialite\/","title":{"rendered":"Politique de confidentialit\u00e9"},"content":{"rendered":"\n<div class=\"wp-block-uagb-container uagb-block-ec05ea4f alignfull uagb-is-root-container\"><div class=\"uagb-container-inner-blocks-wrap\">\n<h2 class=\"gb-headline gb-headline-6e3d3a9e gb-headline-text\">Politique de confidentialit\u00e9<\/h2>\n\n\n<style>.wp-block-kadence-advancedheading.kt-adv-heading3_d51940-11, .wp-block-kadence-advancedheading.kt-adv-heading3_d51940-11[data-kb-block=\"kb-adv-heading3_d51940-11\"]{font-size:var(--global-kb-font-size-sm, 0.9rem);font-weight:400;font-style:normal;}.wp-block-kadence-advancedheading.kt-adv-heading3_d51940-11 mark.kt-highlight, .wp-block-kadence-advancedheading.kt-adv-heading3_d51940-11[data-kb-block=\"kb-adv-heading3_d51940-11\"] mark.kt-highlight{font-style:normal;color:#f76a0c;-webkit-box-decoration-break:clone;box-decoration-break:clone;padding-top:0px;padding-right:0px;padding-bottom:0px;padding-left:0px;}.wp-block-kadence-advancedheading.kt-adv-heading3_d51940-11 img.kb-inline-image, .wp-block-kadence-advancedheading.kt-adv-heading3_d51940-11[data-kb-block=\"kb-adv-heading3_d51940-11\"] img.kb-inline-image{width:150px;vertical-align:baseline;}<\/style>\n<p class=\"kt-adv-heading3_d51940-11 wp-block-kadence-advancedheading\" data-kb-block=\"kb-adv-heading3_d51940-11\">La pr\u00e9sente politique de confidentialit\u00e9 d\u00e9crit la mani\u00e8re dont Coach4expats collecte, utilise et prot\u00e8ge vos donn\u00e9es personnelles. Tout traitement des donn\u00e9es est conforme au r\u00e8glement g\u00e9n\u00e9ral sur la protection des donn\u00e9es (RGPD) de l&rsquo;Union europ\u00e9enne.  <\/p>\n\n\n\n<p>Coach4expats, dont le si\u00e8ge social est situ\u00e9 aux Pays-Bas, est le responsable du traitement de vos informations personnelles.<br\/>\u200b<br\/><strong>1. Engagement en mati\u00e8re de protection de la vie priv\u00e9e<\/strong><br\/>Coach4expats s&rsquo;engage \u00e0 prot\u00e9ger votre vie priv\u00e9e. Vos donn\u00e9es personnelles seront trait\u00e9es avec le plus grand respect et utilis\u00e9es uniquement aux fins pour lesquelles elles ont \u00e9t\u00e9 collect\u00e9es, conform\u00e9ment aux directives \u00e9nonc\u00e9es dans la pr\u00e9sente politique de confidentialit\u00e9.<br\/> <br\/><strong>2. Modifications de la politique<\/strong><br\/>Coach4expats peut mettre \u00e0 jour cette politique, et toute modification sera publi\u00e9e sur notre site web. Vous serez \u00e9galement inform\u00e9 des changements importants.<br\/> <br\/><strong>3. Comment nous collectons les informations<\/strong><br\/>Lors de votre utilisation de notre site web, nous pouvons utiliser des cookies analytiques pour collecter des informations sur vos interactions.<br\/><br\/><strong>4. Ce que nous collectons<\/strong><br\/>Lorsque vous visitez notre site web, nous vous demandons votre consentement pour collecter des informations relatives \u00e0 votre appareil, votre navigateur et votre navigation sur le site web.<br\/><br\/><strong>5. Utilisation des donn\u00e9es<\/strong><br\/>Ces informations sont utilis\u00e9es pour analyser les tendances, g\u00e9rer le site et recueillir des donn\u00e9es d\u00e9mographiques, afin d&rsquo;am\u00e9liorer votre exp\u00e9rience sur le site web.<br\/><br\/><strong>6. Partage d&rsquo;informations<\/strong><br\/>Vos donn\u00e9es peuvent \u00eatre partag\u00e9es avec des prestataires de services tiers afin d&rsquo;am\u00e9liorer notre site web. Nous veillons au respect des lois sur la protection des donn\u00e9es par le biais d&rsquo;accords de traitement.<br\/> <br\/><strong>7. Gestion des cookies<\/strong><br\/>Vous pouvez g\u00e9rer et supprimer les cookies par le biais des param\u00e8tres de votre navigateur. Il se peut que notre syst\u00e8me ne r\u00e9ponde pas aux demandes de \u00ab\u00a0Do Not Track\u00a0\u00bb.<br\/> <br\/><strong>8. Comment nous collectons les informations<\/strong><br\/>Des informations sont collect\u00e9es lorsque vous remplissez des formulaires sur notre site web, lorsque vous soumettez volontairement des d\u00e9tails ou lorsque vous vous identifiez comme candidat potentiel par le biais de sources externes.<br\/><br\/><strong>9. Ce que nous collectons<\/strong><br\/>Nous collectons des donn\u00e9es essentielles au processus de recrutement, telles que les donn\u00e9es personnelles, la formation, les ant\u00e9c\u00e9dents professionnels et les comp\u00e9tences.<br\/><br\/><strong>10. Utilisation des donn\u00e9es<\/strong><br\/>Ces informations sont utilis\u00e9es pour \u00e9valuer votre aptitude \u00e0 occuper un emploi, obtenir des r\u00e9f\u00e9rences et vous fournir des services. Avec votre consentement, nous pouvons \u00e9galement utiliser vos donn\u00e9es \u00e0 des fins de marketing.<br\/> <br\/><strong>11. Partage de l&rsquo;information<\/strong><br\/>Vos donn\u00e9es personnelles sont trait\u00e9es au sein de l&rsquo;UE et peuvent \u00eatre partag\u00e9es avec des clients et des prestataires de services externes dans le cadre d&rsquo;accords de traitement des donn\u00e9es.<br\/><br\/><strong>12. Conservation des donn\u00e9es<\/strong><br\/>Les informations sont conserv\u00e9es pendant une p\u00e9riode d\u00e9termin\u00e9e et vous serez contact\u00e9 pour renouveler votre consentement.<br\/><br\/><strong>13. Acc\u00e8s et contr\u00f4le<\/strong><br\/>Vous avez le droit d&rsquo;acc\u00e9der \u00e0 vos donn\u00e9es personnelles, de les corriger, de les supprimer ou d&rsquo;en restreindre le traitement. Des options vous sont propos\u00e9es pour vous d\u00e9sabonner des communications marketing.<br\/> <br\/><strong>14. S\u00e9curit\u00e9<\/strong><br\/>Coach4expats assure la s\u00e9curit\u00e9 de vos informations par des mesures techniques et organisationnelles appropri\u00e9es.<br\/><strong>15. Contact<\/strong><br\/>Pour toute question ou pr\u00e9occupation relative \u00e0 la protection de la vie priv\u00e9e, veuillez nous contacter \u00e0 l&rsquo;adresse suivante : info@coach4expats.com.<\/p>\n<\/div><\/div>\n\n<p><\/p>\n","protected":false},"excerpt":{"rendered":"<p>Politique de confidentialit\u00e9 La pr\u00e9sente politique de confidentialit\u00e9 d\u00e9crit la mani\u00e8re dont Coach4expats collecte, utilise et prot\u00e8ge vos donn\u00e9es personnelles. [&hellip;]<\/p>\n","protected":false},"author":3,"featured_media":0,"parent":0,"menu_order":0,"comment_status":"closed","ping_status":"open","template":"","meta":{"_uag_custom_page_level_css":"","site-sidebar-layout":"default","site-content-layout":"","ast-site-content-layout":"narrow-width-container","site-content-style":"default","site-sidebar-style":"default","ast-global-header-display":"","ast-banner-title-visibility":"","ast-main-header-display":"","ast-hfb-above-header-display":"","ast-hfb-below-header-display":"","ast-hfb-mobile-header-display":"","site-post-title":"disabled","ast-breadcrumbs-content":"","ast-featured-img":"","footer-sml-layout":"","ast-disable-related-posts":"","theme-transparent-header-meta":"","adv-header-id-meta":"","stick-header-meta":"","header-above-stick-meta":"","header-main-stick-meta":"","header-below-stick-meta":"","astra-migrate-meta-layouts":"default","ast-page-background-enabled":"default","ast-page-background-meta":{"desktop":{"background-color":"var(--ast-global-color-4)","background-image":"","background-repeat":"repeat","background-position":"center center","background-size":"auto","background-attachment":"scroll","background-type":"","background-media":"","overlay-type":"","overlay-color":"","overlay-opacity":"","overlay-gradient":""},"tablet":{"background-color":"","background-image":"","background-repeat":"repeat","background-position":"center center","background-size":"auto","background-attachment":"scroll","background-type":"","background-media":"","overlay-type":"","overlay-color":"","overlay-opacity":"","overlay-gradient":""},"mobile":{"background-color":"","background-image":"","background-repeat":"repeat","background-position":"center center","background-size":"auto","background-attachment":"scroll","background-type":"","background-media":"","overlay-type":"","overlay-color":"","overlay-opacity":"","overlay-gradient":""}},"ast-content-background-meta":{"desktop":{"background-color":"var(--ast-global-color-5)","background-image":"","background-repeat":"repeat","background-position":"center center","background-size":"auto","background-attachment":"scroll","background-type":"","background-media":"","overlay-type":"","overlay-color":"","overlay-opacity":"","overlay-gradient":""},"tablet":{"background-color":"var(--ast-global-color-5)","background-image":"","background-repeat":"repeat","background-position":"center center","background-size":"auto","background-attachment":"scroll","background-type":"","background-media":"","overlay-type":"","overlay-color":"","overlay-opacity":"","overlay-gradient":""},"mobile":{"background-color":"var(--ast-global-color-5)","background-image":"","background-repeat":"repeat","background-position":"center center","background-size":"auto","background-attachment":"scroll","background-type":"","background-media":"","overlay-type":"","overlay-color":"","overlay-opacity":"","overlay-gradient":""}},"footnotes":""},"class_list":["post-1411","page","type-page","status-publish","hentry"],"uagb_featured_image_src":{"full":false,"thumbnail":false,"medium":false,"medium_large":false,"large":false,"1536x1536":false,"2048x2048":false,"widget-thumbnail":false},"uagb_author_info":{"display_name":"Mariel Schaab","author_link":"https:\/\/coach4expats.com\/fr\/author\/mariel\/"},"uagb_comment_info":0,"uagb_excerpt":"Politique de confidentialit\u00e9 La pr\u00e9sente politique de confidentialit\u00e9 d\u00e9crit la mani\u00e8re dont Coach4expats collecte, utilise et prot\u00e8ge vos donn\u00e9es personnelles. [&hellip;]","_links":{"self":[{"href":"https:\/\/coach4expats.com\/fr\/wp-json\/wp\/v2\/pages\/1411","targetHints":{"allow":["GET"]}}],"collection":[{"href":"https:\/\/coach4expats.com\/fr\/wp-json\/wp\/v2\/pages"}],"about":[{"href":"https:\/\/coach4expats.com\/fr\/wp-json\/wp\/v2\/types\/page"}],"author":[{"embeddable":true,"href":"https:\/\/coach4expats.com\/fr\/wp-json\/wp\/v2\/users\/3"}],"replies":[{"embeddable":true,"href":"https:\/\/coach4expats.com\/fr\/wp-json\/wp\/v2\/comments?post=1411"}],"version-history":[{"count":4,"href":"https:\/\/coach4expats.com\/fr\/wp-json\/wp\/v2\/pages\/1411\/revisions"}],"predecessor-version":[{"id":17529,"href":"https:\/\/coach4expats.com\/fr\/wp-json\/wp\/v2\/pages\/1411\/revisions\/17529"}],"wp:attachment":[{"href":"https:\/\/coach4expats.com\/fr\/wp-json\/wp\/v2\/media?parent=1411"}],"curies":[{"name":"wp","href":"https:\/\/api.w.org\/{rel}","templated":true}]}}