{"id":1431,"date":"2024-10-02T12:30:33","date_gmt":"2024-10-02T10:30:33","guid":{"rendered":"https:\/\/coach4expats.com\/argent-un-cv-qui-reussit\/"},"modified":"2025-04-14T17:08:45","modified_gmt":"2025-04-14T15:08:45","slug":"argent-un-cv-qui-reussit","status":"publish","type":"page","link":"https:\/\/coach4expats.com\/fr\/argent-un-cv-qui-reussit\/","title":{"rendered":"ARGENT : Un CV qui r\u00e9ussit !"},"content":{"rendered":"\n<div class=\"wp-block-uagb-container uagb-block-2b5d30df alignfull uagb-is-root-container\">\n<div class=\"wp-block-uagb-container uagb-block-98f35fb6\">\n<div data-aos= \"zoom-in-up\" data-aos-duration=\"400\" data-aos-delay=\"0\" data-aos-easing=\"ease\" data-aos-once=\"true\" class=\"wp-block-uagb-info-box uagb-block-789ca1ae uagb-infobox__content-wrap  uagb-infobox-icon-above-title uagb-infobox-image-valign-top\"><div class=\"uagb-ifb-content\"><div class=\"uagb-ifb-title-wrap\"><h1 class=\"uagb-ifb-title\">ARGENT :<br\/>Un CV qui r\u00e9ussit !<\/h1><\/div><p class=\"uagb-ifb-desc\">\ud83d\ude80 Optimisez votre recherche d&#8217;emploi gr\u00e2ce \u00e0 notre offre de services exclusive ! B\u00e9n\u00e9ficiez d&rsquo;un acc\u00e8s privil\u00e9gi\u00e9 \u00e0 une Masterclass sur la recherche d&#8217;emploi (pr\u00e9enregistr\u00e9e) et \u00e0 des mod\u00e8les de CV professionnels. De plus, profitez d&rsquo;un examen d\u00e9taill\u00e9 de votre CV et de votre lettre de motivation, ainsi que de s\u00e9ances personnalis\u00e9es de coaching professionnel. Acc\u00e9dez \u00e0 des ressources pr\u00e9cieuses pour les entretiens et le d\u00e9veloppement de votre r\u00e9seau.   <br\/> <br\/>Rejoignez notre communaut\u00e9 exclusive et partez \u00e0 la conqu\u00eate de votre prochain emploi de r\u00eave.<\/p><\/div><\/div>\n\n\n\n<div class=\"wp-block-uagb-container uagb-block-d4fcf435\"><style>.wp-block-kadence-advancedheading.kt-adv-heading1055_624e3f-d1, .wp-block-kadence-advancedheading.kt-adv-heading1055_624e3f-d1[data-kb-block=\"kb-adv-heading1055_624e3f-d1\"]{margin-bottom:0px;text-align:center;font-size:var(--global-kb-font-size-md, 1.25rem);font-style:normal;}.wp-block-kadence-advancedheading.kt-adv-heading1055_624e3f-d1 mark.kt-highlight, .wp-block-kadence-advancedheading.kt-adv-heading1055_624e3f-d1[data-kb-block=\"kb-adv-heading1055_624e3f-d1\"] mark.kt-highlight{font-style:normal;color:#f76a0c;-webkit-box-decoration-break:clone;box-decoration-break:clone;padding-top:0px;padding-right:0px;padding-bottom:0px;padding-left:0px;}.wp-block-kadence-advancedheading.kt-adv-heading1055_624e3f-d1 img.kb-inline-image, .wp-block-kadence-advancedheading.kt-adv-heading1055_624e3f-d1[data-kb-block=\"kb-adv-heading1055_624e3f-d1\"] img.kb-inline-image{width:150px;vertical-align:baseline;}@media all and (max-width: 767px){.wp-block-kadence-advancedheading.kt-adv-heading1055_624e3f-d1, .wp-block-kadence-advancedheading.kt-adv-heading1055_624e3f-d1[data-kb-block=\"kb-adv-heading1055_624e3f-d1\"]{padding-bottom:0px;margin-bottom:0px;}}<\/style>\n<h2 class=\"kt-adv-heading1055_624e3f-d1 wp-block-kadence-advancedheading has-ast-global-color-3-color has-text-color\" data-kb-block=\"kb-adv-heading1055_624e3f-d1\">159,99 \u20ac + TVA<\/h2>\n<\/div>\n<\/div>\n\n\n\n<div data-aos= \"zoom-in-up\" data-aos-duration=\"400\" data-aos-delay=\"0\" data-aos-easing=\"ease\" data-aos-once=\"true\" class=\"wp-block-uagb-container uagb-block-27e6153e\"><\/div>\n<\/div>\n\n<div class=\"wp-block-uagb-container uagb-block-5b7b18c7 alignfull uagb-is-root-container\"><div class=\"uagb-container-inner-blocks-wrap\">\n<div data-aos= \"zoom-in-up\" data-aos-duration=\"400\" data-aos-delay=\"0\" data-aos-easing=\"ease\" data-aos-once=\"true\" class=\"wp-block-uagb-container uagb-block-3f7988e4\">\n<p class=\" eplus-wrapper\"><strong>Avantages :<\/strong><br\/><br\/><br\/>\ud83d\udcda Acc\u00e8s \u00e0 la Masterclass sur la recherche d&#8217;emploi de 140 minutes (pr\u00e9enregistr\u00e9e, en ligne).<br\/>\ud83d\udcc4 Mod\u00e8les de CV professionnels.<br\/>\ud83d\udd04 1(une) s\u00e9ance de coaching personnalis\u00e9 en recherche d&#8217;emploi.<br\/>\ud83d\udcbc Ressources pr\u00e9cieuses pour les entretiens.<br\/>\ud83c\udf10 \u00c9largissez votre r\u00e9seau et rejoignez notre communaut\u00e9 de clients exclusive.<br\/><br\/>Pr\u00eat \u00e0 optimiser votre recherche d&#8217;emploi gr\u00e2ce \u00e0 notre offre de services exclusive SILVER ?<br\/><br\/>Inscrivez-vous d\u00e8s maintenant pour acc\u00e9der \u00e0 une Masterclass sur la recherche d&#8217;emploi et \u00e0 des mod\u00e8les de CV professionnels !<br\/><br\/><br\/><\/p>\n<\/div>\n\n\n\n<div class=\"wp-block-uagb-container uagb-block-a8cba11f\">\n<div class=\"wp-block-uagb-buttons uagb-buttons__outer-wrap uagb-btn__default-btn uagb-btn-tablet__default-btn uagb-btn-mobile__default-btn uagb-block-1750ac85\"><div class=\"uagb-buttons__wrap uagb-buttons-layout-wrap \">\n<div data-aos= \"zoom-in-up\" data-aos-duration=\"400\" data-aos-delay=\"0\" data-aos-easing=\"ease\" data-aos-once=\"true\" class=\"wp-block-uagb-buttons-child uagb-buttons__outer-wrap uagb-block-e24a0969 wp-block-button\"><div class=\"uagb-button__wrapper\"><a class=\"uagb-buttons-repeater wp-block-button__link\" aria-label=\"\" href=\"https:\/\/coach4expats.com\/wp-content\/uploads\/2025\/03\/Coach4Expats-Services-Overview-French.pdf\" rel=\"follow noopener\" target=\"_blank\" role=\"button\"><div class=\"uagb-button__link\">BROCHURE SUR LES SERVICES<\/div><\/a><\/div><\/div>\n\n\n\n<div data-aos= \"zoom-in-up\" data-aos-duration=\"400\" data-aos-delay=\"0\" data-aos-easing=\"ease\" data-aos-once=\"true\" class=\"wp-block-uagb-buttons-child uagb-buttons__outer-wrap uagb-block-8cccd948 wp-block-button\"><div class=\"uagb-button__wrapper\"><a class=\"uagb-buttons-repeater wp-block-button__link\" aria-label=\"\" href=\"https:\/\/coach4expats.com\/wp-content\/uploads\/2025\/03\/Coach4expats-How-we-work-French.pdf\" rel=\"follow noopener\" target=\"_blank\" role=\"button\"><div class=\"uagb-button__link\">M\u00c9THODOLOGIE DE TRAVAIL<\/div><\/a><\/div><\/div>\n<\/div><\/div>\n<\/div>\n<\/div><\/div>\n\n<div class=\"wp-block-uagb-container uagb-block-0b94198b alignfull uagb-is-root-container\"><div class=\"uagb-container-inner-blocks-wrap\">\n<p class=\" has-text-align-center eplus-wrapper\"><strong>IMPORTANT : TOUTES LES R\u00c9SERVATIONS SUR CE SITE SONT EFFECTU\u00c9ES DANS LE FUSEAU HORAIRE SUIVANT :<\/strong><br\/><a href=\"IMPORTANT:%20ALL%20BOOKINGS%20ON%20THIS%20WEBSITE%20ARE%20ON%20THE%20FOLLOWING%20TIME%20ZONE:\"> <\/a><strong>Amsterdam<\/strong> <strong>CET (UTC +1)<\/strong><\/p>\n\n\n\n<div class=\"wp-block-uagb-container uagb-block-a8bea360 alignwide uagb-is-root-container\">\n<div class=\"wp-block-booknetic-booking\">[booknetic service=\u00a0\u00bb5&Prime; location=\u00a0\u00bb2&Prime;]<\/div>\n<\/div>\n<\/div><\/div>\n","protected":false},"excerpt":{"rendered":"<p>159,99 \u20ac + TVA Avantages : \ud83d\udcda Acc\u00e8s \u00e0 la Masterclass sur la recherche d&#8217;emploi de 140 minutes (pr\u00e9enregistr\u00e9e, en [&hellip;]<\/p>\n","protected":false},"author":3,"featured_media":627,"parent":0,"menu_order":0,"comment_status":"closed","ping_status":"closed","template":"","meta":{"_uag_custom_page_level_css":"","site-sidebar-layout":"default","site-content-layout":"","ast-site-content-layout":"full-width-container","site-content-style":"default","site-sidebar-style":"default","ast-global-header-display":"","ast-banner-title-visibility":"","ast-main-header-display":"","ast-hfb-above-header-display":"","ast-hfb-below-header-display":"","ast-hfb-mobile-header-display":"","site-post-title":"disabled","ast-breadcrumbs-content":"","ast-featured-img":"disabled","footer-sml-layout":"","ast-disable-related-posts":"","theme-transparent-header-meta":"","adv-header-id-meta":"","stick-header-meta":"","header-above-stick-meta":"","header-main-stick-meta":"","header-below-stick-meta":"","astra-migrate-meta-layouts":"default","ast-page-background-enabled":"default","ast-page-background-meta":{"desktop":{"background-color":"var(--ast-global-color-4)","background-image":"","background-repeat":"repeat","background-position":"center center","background-size":"auto","background-attachment":"scroll","background-type":"","background-media":"","overlay-type":"","overlay-color":"","overlay-opacity":"","overlay-gradient":""},"tablet":{"background-color":"","background-image":"","background-repeat":"repeat","background-position":"center center","background-size":"auto","background-attachment":"scroll","background-type":"","background-media":"","overlay-type":"","overlay-color":"","overlay-opacity":"","overlay-gradient":""},"mobile":{"background-color":"","background-image":"","background-repeat":"repeat","background-position":"center center","background-size":"auto","background-attachment":"scroll","background-type":"","background-media":"","overlay-type":"","overlay-color":"","overlay-opacity":"","overlay-gradient":""}},"ast-content-background-meta":{"desktop":{"background-color":"var(--ast-global-color-5)","background-image":"","background-repeat":"repeat","background-position":"center center","background-size":"auto","background-attachment":"scroll","background-type":"","background-media":"","overlay-type":"","overlay-color":"","overlay-opacity":"","overlay-gradient":""},"tablet":{"background-color":"var(--ast-global-color-5)","background-image":"","background-repeat":"repeat","background-position":"center center","background-size":"auto","background-attachment":"scroll","background-type":"","background-media":"","overlay-type":"","overlay-color":"","overlay-opacity":"","overlay-gradient":""},"mobile":{"background-color":"var(--ast-global-color-5)","background-image":"","background-repeat":"repeat","background-position":"center center","background-size":"auto","background-attachment":"scroll","background-type":"","background-media":"","overlay-type":"","overlay-color":"","overlay-opacity":"","overlay-gradient":""}},"footnotes":""},"class_list":["post-1431","page","type-page","status-publish","has-post-thumbnail","hentry"],"uagb_featured_image_src":{"full":["https:\/\/coach4expats.com\/wp-content\/uploads\/2024\/09\/20230914-StudioTRIX-Coach4Expats-53-min_edited_edited_edited.jpg",2312,1795,false],"thumbnail":["https:\/\/coach4expats.com\/wp-content\/uploads\/2024\/09\/20230914-StudioTRIX-Coach4Expats-53-min_edited_edited_edited-150x150.jpg",150,150,true],"medium":["https:\/\/coach4expats.com\/wp-content\/uploads\/2024\/09\/20230914-StudioTRIX-Coach4Expats-53-min_edited_edited_edited-300x233.jpg",300,233,true],"medium_large":["https:\/\/coach4expats.com\/wp-content\/uploads\/2024\/09\/20230914-StudioTRIX-Coach4Expats-53-min_edited_edited_edited-768x596.jpg",768,596,true],"large":["https:\/\/coach4expats.com\/wp-content\/uploads\/2024\/09\/20230914-StudioTRIX-Coach4Expats-53-min_edited_edited_edited-1024x795.jpg",773,600,true],"1536x1536":["https:\/\/coach4expats.com\/wp-content\/uploads\/2024\/09\/20230914-StudioTRIX-Coach4Expats-53-min_edited_edited_edited-1536x1193.jpg",1536,1193,true],"2048x2048":["https:\/\/coach4expats.com\/wp-content\/uploads\/2024\/09\/20230914-StudioTRIX-Coach4Expats-53-min_edited_edited_edited-2048x1590.jpg",2048,1590,true],"widget-thumbnail":["https:\/\/coach4expats.com\/wp-content\/uploads\/2024\/09\/20230914-StudioTRIX-Coach4Expats-53-min_edited_edited_edited-75x75.jpg",75,75,true]},"uagb_author_info":{"display_name":"Mariel Schaab","author_link":"https:\/\/coach4expats.com\/fr\/author\/mariel\/"},"uagb_comment_info":0,"uagb_excerpt":"159,99 \u20ac + TVA Avantages : \ud83d\udcda Acc\u00e8s \u00e0 la Masterclass sur la recherche d&#8217;emploi de 140 minutes (pr\u00e9enregistr\u00e9e, en [&hellip;]","_links":{"self":[{"href":"https:\/\/coach4expats.com\/fr\/wp-json\/wp\/v2\/pages\/1431","targetHints":{"allow":["GET"]}}],"collection":[{"href":"https:\/\/coach4expats.com\/fr\/wp-json\/wp\/v2\/pages"}],"about":[{"href":"https:\/\/coach4expats.com\/fr\/wp-json\/wp\/v2\/types\/page"}],"author":[{"embeddable":true,"href":"https:\/\/coach4expats.com\/fr\/wp-json\/wp\/v2\/users\/3"}],"replies":[{"embeddable":true,"href":"https:\/\/coach4expats.com\/fr\/wp-json\/wp\/v2\/comments?post=1431"}],"version-history":[{"count":5,"href":"https:\/\/coach4expats.com\/fr\/wp-json\/wp\/v2\/pages\/1431\/revisions"}],"predecessor-version":[{"id":12873,"href":"https:\/\/coach4expats.com\/fr\/wp-json\/wp\/v2\/pages\/1431\/revisions\/12873"}],"wp:featuredmedia":[{"embeddable":true,"href":"https:\/\/coach4expats.com\/fr\/wp-json\/wp\/v2\/media\/627"}],"wp:attachment":[{"href":"https:\/\/coach4expats.com\/fr\/wp-json\/wp\/v2\/media?parent=1431"}],"curies":[{"name":"wp","href":"https:\/\/api.w.org\/{rel}","templated":true}]}}