{"id":1451,"date":"2024-10-02T12:21:48","date_gmt":"2024-10-02T10:21:48","guid":{"rendered":"https:\/\/coach4expats.com\/service-vip-la-revolution-de-la-recherche-demploi\/"},"modified":"2025-04-14T17:36:36","modified_gmt":"2025-04-14T15:36:36","slug":"service-vip-la-revolution-de-la-recherche-demploi","status":"publish","type":"page","link":"https:\/\/coach4expats.com\/fr\/service-vip-la-revolution-de-la-recherche-demploi\/","title":{"rendered":"SERVICE VIP :<br>LA R\u00c9VOLUTION DE LA RECHERCHE D&rsquo;EMPLOI"},"content":{"rendered":"\n<div class=\"wp-block-uagb-container uagb-block-2b5d30df alignfull uagb-is-root-container\">\n<div class=\"wp-block-uagb-container uagb-block-98f35fb6\">\n<div data-aos= \"zoom-in-up\" data-aos-duration=\"400\" data-aos-delay=\"0\" data-aos-easing=\"ease\" data-aos-once=\"true\" class=\"wp-block-uagb-info-box uagb-block-789ca1ae uagb-infobox__content-wrap  uagb-infobox-icon-above-title uagb-infobox-image-valign-top\"><div class=\"uagb-ifb-content\"><div class=\"uagb-ifb-title-wrap\"><h1 class=\"uagb-ifb-title\">SERVICE VIP :<br\/>JOB SEARCH REVOLUTION<\/h1><\/div><p class=\"uagb-ifb-desc\">Vous \u00eates un professionnel hautement qualifi\u00e9 et vous avez d\u00e9j\u00e0 travaill\u00e9 sur votre CV, votre LinkedIn et votre Personal Branding ? Vous souhaitez acc\u00e9der au march\u00e9 cach\u00e9 de l&#8217;emploi (qui repr\u00e9sente 80 % des postes vacants) ? <br\/><br\/>Vous cherchez d\u00e9sesp\u00e9r\u00e9ment un emploi ? Votre permis de travail est sur le point d&rsquo;expirer et vous devez le renouveler le plus rapidement possible ? Vous devez obtenir un permis de travail avant l&rsquo;expiration de votre visa touristique ?  <\/p><\/div><\/div>\n\n\n\n<div class=\"wp-block-uagb-container uagb-block-d4fcf435\"><style>.wp-block-kadence-advancedheading.kt-adv-heading1037_b589ec-ca, .wp-block-kadence-advancedheading.kt-adv-heading1037_b589ec-ca[data-kb-block=\"kb-adv-heading1037_b589ec-ca\"]{margin-bottom:0px;text-align:center;font-size:var(--global-kb-font-size-md, 1.25rem);font-style:normal;}.wp-block-kadence-advancedheading.kt-adv-heading1037_b589ec-ca mark.kt-highlight, .wp-block-kadence-advancedheading.kt-adv-heading1037_b589ec-ca[data-kb-block=\"kb-adv-heading1037_b589ec-ca\"] mark.kt-highlight{font-style:normal;color:#f76a0c;-webkit-box-decoration-break:clone;box-decoration-break:clone;padding-top:0px;padding-right:0px;padding-bottom:0px;padding-left:0px;}.wp-block-kadence-advancedheading.kt-adv-heading1037_b589ec-ca img.kb-inline-image, .wp-block-kadence-advancedheading.kt-adv-heading1037_b589ec-ca[data-kb-block=\"kb-adv-heading1037_b589ec-ca\"] img.kb-inline-image{width:150px;vertical-align:baseline;}@media all and (max-width: 767px){.wp-block-kadence-advancedheading.kt-adv-heading1037_b589ec-ca, .wp-block-kadence-advancedheading.kt-adv-heading1037_b589ec-ca[data-kb-block=\"kb-adv-heading1037_b589ec-ca\"]{padding-bottom:0px;margin-bottom:0px;}}<\/style>\n<h2 class=\"kt-adv-heading1037_b589ec-ca wp-block-kadence-advancedheading has-ast-global-color-3-color has-text-color\" data-kb-block=\"kb-adv-heading1037_b589ec-ca\">699,99 \u20ac + TVA<\/h2>\n<\/div>\n<\/div>\n\n\n\n<div data-aos= \"zoom-in-up\" data-aos-duration=\"400\" data-aos-delay=\"0\" data-aos-easing=\"ease\" data-aos-once=\"true\" class=\"wp-block-uagb-container uagb-block-27e6153e\"><\/div>\n<\/div>\n\n<div class=\"wp-block-uagb-container uagb-block-5b7b18c7 alignfull uagb-is-root-container\"><div class=\"uagb-container-inner-blocks-wrap\">\n<div data-aos= \"zoom-in-up\" data-aos-duration=\"400\" data-aos-delay=\"0\" data-aos-easing=\"ease\" data-aos-once=\"true\" class=\"wp-block-uagb-container uagb-block-3f7988e4\">\n<p class=\" eplus-wrapper\"><strong>Avantages :<\/strong><\/p>\n\n\n\n<p class=\" eplus-wrapper\">Envoyez jusqu&rsquo;\u00e0 400 courriels personnalis\u00e9s par jour \u00e0 des employeurs potentiels et \u00e0 des responsables des ressources humaines en quelques clics, de mani\u00e8re enti\u00e8rement automatis\u00e9e.<br\/>Automatiser les connexions, les messages et les interactions sur LinkedIn.<br\/>\ufe0f Acc\u00e9der au march\u00e9 cach\u00e9 de l&#8217;emploi, qui repr\u00e9sente 80 % des offres d&#8217;emploi disponibles et non publi\u00e9es.<br\/>Cr\u00e9er des s\u00e9quences d&rsquo;e-mails pour diff\u00e9rents publics, tailles et types d&rsquo;entreprises.<br\/>Recevez une assistance compl\u00e8te et un suivi pendant 1 mois pour mettre en place et personnaliser en masse des mod\u00e8les de messages afin d&rsquo;obtenir des entretiens d&#8217;embauche avec vos employeurs cibles.<\/p>\n\n\n\n<p class=\" eplus-wrapper\"><strong>\ud83e\udd1d Le plan \u00ab\u00a0Job Search Revolution\u00a0\u00bb comprend<\/strong><br\/>\u2705L&rsquo;acc\u00e8s \u00e0 1 (une) heure de cours en ligne sur la r\u00e9volution de la recherche d&#8217;emploi.<br\/>\u2705Mod\u00e8les de s\u00e9quences pour l&rsquo;automatisation.<br\/>\u27051 (une) session de coaching personnalis\u00e9 pour la mise en place et l&rsquo;ex\u00e9cution du programme.<br\/>\u27051 (un) mois de soutien et de suivi de la part de l&rsquo;\u00e9quipe Coach4Expats.<\/p>\n\n\n\n<p class=\" eplus-wrapper\">Qu&rsquo;attendez-vous pour acheter le plan de recherche d&#8217;emploi star qui changera votre fa\u00e7on de trouver un emploi ?<\/p>\n<\/div>\n\n\n\n<div class=\"wp-block-uagb-container uagb-block-a8cba11f\">\n<div class=\"wp-block-uagb-buttons uagb-buttons__outer-wrap uagb-btn__default-btn uagb-btn-tablet__default-btn uagb-btn-mobile__default-btn uagb-block-2f936aa0\"><div class=\"uagb-buttons__wrap uagb-buttons-layout-wrap \">\n<div data-aos= \"zoom-in-up\" data-aos-duration=\"400\" data-aos-delay=\"0\" data-aos-easing=\"ease\" data-aos-once=\"true\" class=\"wp-block-uagb-buttons-child uagb-buttons__outer-wrap uagb-block-199cfc48 wp-block-button\"><div class=\"uagb-button__wrapper\"><a class=\"uagb-buttons-repeater wp-block-button__link\" aria-label=\"\" href=\"https:\/\/coach4expats.com\/wp-content\/uploads\/2025\/03\/Coach4Expats-Services-Overview-French.pdf\" rel=\"follow noopener\" target=\"_blank\" role=\"button\"><div class=\"uagb-button__link\">BROCHURE SUR LES SERVICES<\/div><\/a><\/div><\/div>\n\n\n\n<div data-aos= \"zoom-in-up\" data-aos-duration=\"400\" data-aos-delay=\"0\" data-aos-easing=\"ease\" data-aos-once=\"true\" class=\"wp-block-uagb-buttons-child uagb-buttons__outer-wrap uagb-block-783d1731 wp-block-button\"><div class=\"uagb-button__wrapper\"><a class=\"uagb-buttons-repeater wp-block-button__link\" aria-label=\"\" href=\"https:\/\/coach4expats.com\/wp-content\/uploads\/2025\/03\/Coach4expats-How-we-work-French.pdf\" rel=\"follow noopener\" target=\"_blank\" role=\"button\"><div class=\"uagb-button__link\">M\u00c9THODOLOGIE DE TRAVAIL<\/div><\/a><\/div><\/div>\n<\/div><\/div>\n<\/div>\n<\/div><\/div>\n\n<div class=\"wp-block-uagb-container uagb-block-0b94198b alignfull uagb-is-root-container\"><div class=\"uagb-container-inner-blocks-wrap\">\n<p class=\" has-text-align-center eplus-wrapper\"><strong>IMPORTANT : TOUTES LES R\u00c9SERVATIONS SUR CE SITE SONT EFFECTU\u00c9ES SUR LE FUSEAU HORAIRE SUIVANT : <br\/>Amsterdam CET (UTC +1)<\/strong><\/p>\n\n\n\n<div class=\"wp-block-uagb-container uagb-block-a8bea360 alignwide uagb-is-root-container\">\n<div class=\"wp-block-booknetic-booking\">[booknetic service=\u00a0\u00bb1&Prime; location=\u00a0\u00bb2&Prime;]<\/div>\n<\/div>\n<\/div><\/div>\n","protected":false},"excerpt":{"rendered":"<p>699,99 \u20ac + TVA Avantages : Envoyez jusqu&rsquo;\u00e0 400 courriels personnalis\u00e9s par jour \u00e0 des employeurs potentiels et \u00e0 des [&hellip;]<\/p>\n","protected":false},"author":3,"featured_media":3119,"parent":0,"menu_order":0,"comment_status":"closed","ping_status":"closed","template":"","meta":{"_uag_custom_page_level_css":"","site-sidebar-layout":"default","site-content-layout":"","ast-site-content-layout":"normal-width-container","site-content-style":"default","site-sidebar-style":"default","ast-global-header-display":"","ast-banner-title-visibility":"","ast-main-header-display":"","ast-hfb-above-header-display":"","ast-hfb-below-header-display":"","ast-hfb-mobile-header-display":"","site-post-title":"disabled","ast-breadcrumbs-content":"","ast-featured-img":"disabled","footer-sml-layout":"","ast-disable-related-posts":"","theme-transparent-header-meta":"","adv-header-id-meta":"","stick-header-meta":"","header-above-stick-meta":"","header-main-stick-meta":"","header-below-stick-meta":"","astra-migrate-meta-layouts":"default","ast-page-background-enabled":"default","ast-page-background-meta":{"desktop":{"background-color":"var(--ast-global-color-4)","background-image":"","background-repeat":"repeat","background-position":"center center","background-size":"auto","background-attachment":"scroll","background-type":"","background-media":"","overlay-type":"","overlay-color":"","overlay-opacity":"","overlay-gradient":""},"tablet":{"background-color":"","background-image":"","background-repeat":"repeat","background-position":"center center","background-size":"auto","background-attachment":"scroll","background-type":"","background-media":"","overlay-type":"","overlay-color":"","overlay-opacity":"","overlay-gradient":""},"mobile":{"background-color":"","background-image":"","background-repeat":"repeat","background-position":"center center","background-size":"auto","background-attachment":"scroll","background-type":"","background-media":"","overlay-type":"","overlay-color":"","overlay-opacity":"","overlay-gradient":""}},"ast-content-background-meta":{"desktop":{"background-color":"var(--ast-global-color-5)","background-image":"","background-repeat":"repeat","background-position":"center center","background-size":"auto","background-attachment":"scroll","background-type":"","background-media":"","overlay-type":"","overlay-color":"","overlay-opacity":"","overlay-gradient":""},"tablet":{"background-color":"var(--ast-global-color-5)","background-image":"","background-repeat":"repeat","background-position":"center center","background-size":"auto","background-attachment":"scroll","background-type":"","background-media":"","overlay-type":"","overlay-color":"","overlay-opacity":"","overlay-gradient":""},"mobile":{"background-color":"var(--ast-global-color-5)","background-image":"","background-repeat":"repeat","background-position":"center center","background-size":"auto","background-attachment":"scroll","background-type":"","background-media":"","overlay-type":"","overlay-color":"","overlay-opacity":"","overlay-gradient":""}},"footnotes":""},"class_list":["post-1451","page","type-page","status-publish","has-post-thumbnail","hentry"],"uagb_featured_image_src":{"full":["https:\/\/coach4expats.com\/wp-content\/uploads\/2024\/11\/witness-the-powerful-launch-of-a-space-shuttle-amidst-massive-clouds-of-smoke-against-a-bright-sky.-73871-scaled.jpg",2560,1713,false],"thumbnail":["https:\/\/coach4expats.com\/wp-content\/uploads\/2024\/11\/witness-the-powerful-launch-of-a-space-shuttle-amidst-massive-clouds-of-smoke-against-a-bright-sky.-73871-150x150.jpg",150,150,true],"medium":["https:\/\/coach4expats.com\/wp-content\/uploads\/2024\/11\/witness-the-powerful-launch-of-a-space-shuttle-amidst-massive-clouds-of-smoke-against-a-bright-sky.-73871-300x201.jpg",300,201,true],"medium_large":["https:\/\/coach4expats.com\/wp-content\/uploads\/2024\/11\/witness-the-powerful-launch-of-a-space-shuttle-amidst-massive-clouds-of-smoke-against-a-bright-sky.-73871-768x514.jpg",768,514,true],"large":["https:\/\/coach4expats.com\/wp-content\/uploads\/2024\/11\/witness-the-powerful-launch-of-a-space-shuttle-amidst-massive-clouds-of-smoke-against-a-bright-sky.-73871-1024x685.jpg",800,535,true],"1536x1536":["https:\/\/coach4expats.com\/wp-content\/uploads\/2024\/11\/witness-the-powerful-launch-of-a-space-shuttle-amidst-massive-clouds-of-smoke-against-a-bright-sky.-73871-1536x1028.jpg",1536,1028,true],"2048x2048":["https:\/\/coach4expats.com\/wp-content\/uploads\/2024\/11\/witness-the-powerful-launch-of-a-space-shuttle-amidst-massive-clouds-of-smoke-against-a-bright-sky.-73871-2048x1370.jpg",2048,1370,true],"widget-thumbnail":["https:\/\/coach4expats.com\/wp-content\/uploads\/2024\/11\/witness-the-powerful-launch-of-a-space-shuttle-amidst-massive-clouds-of-smoke-against-a-bright-sky.-73871-75x75.jpg",75,75,true]},"uagb_author_info":{"display_name":"Mariel Schaab","author_link":"https:\/\/coach4expats.com\/fr\/author\/mariel\/"},"uagb_comment_info":0,"uagb_excerpt":"699,99 \u20ac + TVA Avantages : Envoyez jusqu&rsquo;\u00e0 400 courriels personnalis\u00e9s par jour \u00e0 des employeurs potentiels et \u00e0 des [&hellip;]","_links":{"self":[{"href":"https:\/\/coach4expats.com\/fr\/wp-json\/wp\/v2\/pages\/1451","targetHints":{"allow":["GET"]}}],"collection":[{"href":"https:\/\/coach4expats.com\/fr\/wp-json\/wp\/v2\/pages"}],"about":[{"href":"https:\/\/coach4expats.com\/fr\/wp-json\/wp\/v2\/types\/page"}],"author":[{"embeddable":true,"href":"https:\/\/coach4expats.com\/fr\/wp-json\/wp\/v2\/users\/3"}],"replies":[{"embeddable":true,"href":"https:\/\/coach4expats.com\/fr\/wp-json\/wp\/v2\/comments?post=1451"}],"version-history":[{"count":5,"href":"https:\/\/coach4expats.com\/fr\/wp-json\/wp\/v2\/pages\/1451\/revisions"}],"predecessor-version":[{"id":12889,"href":"https:\/\/coach4expats.com\/fr\/wp-json\/wp\/v2\/pages\/1451\/revisions\/12889"}],"wp:featuredmedia":[{"embeddable":true,"href":"https:\/\/coach4expats.com\/fr\/wp-json\/wp\/v2\/media\/3119"}],"wp:attachment":[{"href":"https:\/\/coach4expats.com\/fr\/wp-json\/wp\/v2\/media?parent=1451"}],"curies":[{"name":"wp","href":"https:\/\/api.w.org\/{rel}","templated":true}]}}