{"id":5600,"date":"2025-01-04T07:00:52","date_gmt":"2025-01-04T06:00:52","guid":{"rendered":"https:\/\/coach4expats.com\/soutien-a-la-recherche-demploi-des-partenaires-double-carriere\/"},"modified":"2025-04-14T16:23:55","modified_gmt":"2025-04-14T14:23:55","slug":"soutien-a-la-recherche-demploi-des-partenaires-double-carriere","status":"publish","type":"page","link":"https:\/\/coach4expats.com\/fr\/soutien-a-la-recherche-demploi-des-partenaires-double-carriere\/","title":{"rendered":"Soutien \u00e0 la recherche d&#8217;emploi des partenaires (double carri\u00e8re)"},"content":{"rendered":"\n<div class=\"wp-block-uagb-container uagb-block-2b5d30df alignfull uagb-is-root-container\"><div class=\"uagb-container-inner-blocks-wrap\">\n<div class=\"wp-block-uagb-container uagb-block-98f35fb6\">\n<div data-aos= \"fade-up\" data-aos-duration=\"400\" data-aos-delay=\"0\" data-aos-easing=\"ease\" data-aos-once=\"true\" class=\"wp-block-uagb-info-box uagb-block-789ca1ae uagb-infobox__content-wrap  uagb-infobox-icon-above-title uagb-infobox-image-valign-top\"><div class=\"uagb-ifb-content\"><div class=\"uagb-ifb-title-wrap\"><h1 class=\"uagb-ifb-title\">Soutien \u00e0 la recherche d&#8217;emploi des partenaires <br\/>(double carri\u00e8re)<\/h1><\/div><p class=\"uagb-ifb-desc\">Vous d\u00e9m\u00e9nagez dans un nouveau pays parce que votre partenaire (mari ou femme) a trouv\u00e9 un nouvel emploi \u00e0 l&rsquo;\u00e9tranger ?<br\/><br\/>Nous vous aidons \u00e0 trouver un nouvel emploi et \u00e0 vous pr\u00e9parer au nouveau march\u00e9 du travail.<\/p><\/div><\/div>\n\n\n\n<div class=\"wp-block-uagb-container uagb-block-d4fcf435\"><style>.wp-block-kadence-advancedheading.kt-adv-heading5591_0f12a1-b8, .wp-block-kadence-advancedheading.kt-adv-heading5591_0f12a1-b8[data-kb-block=\"kb-adv-heading5591_0f12a1-b8\"]{margin-bottom:0px;text-align:center;font-size:var(--global-kb-font-size-md, 1.25rem);font-style:normal;}.wp-block-kadence-advancedheading.kt-adv-heading5591_0f12a1-b8 mark.kt-highlight, .wp-block-kadence-advancedheading.kt-adv-heading5591_0f12a1-b8[data-kb-block=\"kb-adv-heading5591_0f12a1-b8\"] mark.kt-highlight{font-style:normal;color:#f76a0c;-webkit-box-decoration-break:clone;box-decoration-break:clone;padding-top:0px;padding-right:0px;padding-bottom:0px;padding-left:0px;}.wp-block-kadence-advancedheading.kt-adv-heading5591_0f12a1-b8 img.kb-inline-image, .wp-block-kadence-advancedheading.kt-adv-heading5591_0f12a1-b8[data-kb-block=\"kb-adv-heading5591_0f12a1-b8\"] img.kb-inline-image{width:150px;vertical-align:baseline;}@media all and (max-width: 767px){.wp-block-kadence-advancedheading.kt-adv-heading5591_0f12a1-b8, .wp-block-kadence-advancedheading.kt-adv-heading5591_0f12a1-b8[data-kb-block=\"kb-adv-heading5591_0f12a1-b8\"]{padding-bottom:0px;margin-bottom:0px;}}<\/style>\n<h2 class=\"kt-adv-heading5591_0f12a1-b8 wp-block-kadence-advancedheading has-ast-global-color-3-color has-text-color\" data-kb-block=\"kb-adv-heading5591_0f12a1-b8\">699,99 \u20ac + TVA<\/h2>\n<\/div>\n<\/div>\n\n\n\n<div data-aos= \"fade-up\" data-aos-duration=\"400\" data-aos-delay=\"0\" data-aos-easing=\"ease\" data-aos-once=\"true\" class=\"wp-block-uagb-container uagb-block-27e6153e\"><\/div>\n<\/div><\/div>\n\n<div class=\"wp-block-uagb-container uagb-block-5b7b18c7 alignfull uagb-is-root-container\"><div class=\"uagb-container-inner-blocks-wrap\">\n<div data-aos= \"zoom-in-up\" data-aos-duration=\"400\" data-aos-delay=\"0\" data-aos-easing=\"ease\" data-aos-once=\"true\" class=\"wp-block-uagb-container uagb-block-3f7988e4\">\n<p class=\" eplus-wrapper\">\ud83d\ude80 Acc\u00e9dez \u00e0 un programme de 3 mois qui comprend : Masterclass sur la recherche d&#8217;emploi, une communaut\u00e9 exclusive d&rsquo;expatri\u00e9s, des mod\u00e8les de CV et des \u00e9valuations professionnelles pour mettre en valeur votre profil. Rejoignez notre communaut\u00e9 exclusive et b\u00e9n\u00e9ficiez de conseils personnalis\u00e9s, de ressources pour les entretiens et d&rsquo;un r\u00e9seau. De plus, profitez d&rsquo;avantages premium tels que LinkedIn PRO et un coaching de r\u00e9orientation de carri\u00e8re.  <\/p>\n\n\n\n<p class=\" eplus-wrapper\"><strong>Avantages :<\/strong><br\/>\ud83d\udcda Acc\u00e8s \u00e0 la Masterclass sur la recherche d&#8217;emploi de 140 minutes (pr\u00e9enregistr\u00e9e, en ligne).<br\/>\ud83e\uddd1\u200d\ud83e\uddd1\u200d\ud83e\uddd2 Acc\u00e9dez \u00e0 la plus grande communaut\u00e9 d&rsquo;expatri\u00e9s au monde<br\/>\ud83e\udd1d Programme de transition et de soutien de 3 mois<br\/>\ud83d\udcc4 Mod\u00e8les de CV <br\/>\u2705 Cr\u00e9ation et r\u00e9vision de CV | Aide \u00e0 la r\u00e9daction de CV<br\/>\ud83c\udf10 Acc\u00e8s \u00e0 la communaut\u00e9 exclusive pour les clients.<br\/>Cr\u00e9ation et r\u00e9vision de lettres de motivation. <br\/>\ud83d\udcca Cr\u00e9ation et r\u00e9vision de l&rsquo;analyse de rentabilit\u00e9 <br\/>\ud83d\udcbc Session de coaching pour les entretiens et ressources pour les entretiens d&#8217;embauche.<br\/>Des ressources pour g\u00e9n\u00e9rer des r\u00e9seaux d&#8217;emploi et de contacts<br\/> LinkedIn PRO : Votre profil LinkedIn va briller !<br\/>Sessions de coaching en r\u00e9orientation de carri\u00e8re et en coaching professionnel. <br\/>Acc\u00e8s VIP Premium \u00e0 la plateforme de recherche d&#8217;emploi du futur : JOB SEARCH REVOLUTION Service. <\/p>\n\n\n\n<p class=\" eplus-wrapper\"><strong>Le plan \u00ab\u00a0Job Search Revolution\u00a0\u00bb comprend <\/strong><br\/>\u2705 L&rsquo;acc\u00e8s \u00e0 1 (une) heure de cours en ligne sur la r\u00e9volution de la recherche d&#8217;emploi.<br\/>\u2705 Mod\u00e8les de s\u00e9quences pour l&rsquo;automatisation.<br\/>\u2705 1 (une) session de coaching personnalis\u00e9 pour la mise en place et l&rsquo;ex\u00e9cution du programme.<br\/>\u2705 1 (un) mois de soutien et de suivi de la part de l&rsquo;\u00e9quipe Coach4Expats.<\/p>\n\n\n\n<p class=\" eplus-wrapper\">\u00cates-vous pr\u00eat \u00e0 transformer votre recherche d&#8217;emploi et \u00e0 atteindre de nouveaux sommets professionnels gr\u00e2ce \u00e0 notre programme exclusif de double carri\u00e8re pour les conjoints d&rsquo;expatri\u00e9s ? Embauchez maintenant et d\u00e9collez vers votre avenir professionnel ! <\/p>\n<\/div>\n\n\n\n<div class=\"wp-block-uagb-container uagb-block-a8cba11f\">\n<div class=\"wp-block-uagb-buttons uagb-buttons__outer-wrap uagb-btn__default-btn uagb-btn-tablet__default-btn uagb-btn-mobile__default-btn uagb-block-9b7f2fac\"><div class=\"uagb-buttons__wrap uagb-buttons-layout-wrap \">\n<div data-aos= \"zoom-in-up\" data-aos-duration=\"400\" data-aos-delay=\"0\" data-aos-easing=\"ease\" data-aos-once=\"true\" class=\"wp-block-uagb-buttons-child uagb-buttons__outer-wrap uagb-block-9b6df595 wp-block-button\"><div class=\"uagb-button__wrapper\"><a class=\"uagb-buttons-repeater wp-block-button__link\" aria-label=\"\" href=\"https:\/\/coach4expats.com\/wp-content\/uploads\/2025\/03\/Coach4Expats-Services-Overview-French.pdf\" rel=\"follow noopener\" target=\"_blank\" role=\"button\"><div class=\"uagb-button__link\">BROCHURE SUR LES SERVICES<\/div><\/a><\/div><\/div>\n\n\n\n<div data-aos= \"zoom-in-up\" data-aos-duration=\"400\" data-aos-delay=\"0\" data-aos-easing=\"ease\" data-aos-once=\"true\" class=\"wp-block-uagb-buttons-child uagb-buttons__outer-wrap uagb-block-e3bac896 wp-block-button\"><div class=\"uagb-button__wrapper\"><a class=\"uagb-buttons-repeater wp-block-button__link\" aria-label=\"\" href=\"https:\/\/coach4expats.com\/wp-content\/uploads\/2025\/03\/Coach4expats-How-we-work-French.pdf\" rel=\"follow noopener\" target=\"_blank\" role=\"button\"><div class=\"uagb-button__link\">M\u00c9THODOLOGIE DE TRAVAIL<\/div><\/a><\/div><\/div>\n<\/div><\/div>\n<\/div>\n<\/div><\/div>\n\n<div class=\"wp-block-uagb-container uagb-block-f26e91e5 alignfull uagb-is-root-container\">\n<div class=\"wp-block-uagb-container uagb-block-f02df754\">\n<div class=\"wp-block-uagb-advanced-heading uagb-block-04ac5cb8\"><h2 class=\"uagb-heading-text\"><strong>Programme de double carri\u00e8re : <\/strong><br\/><strong>Aide \u00e0 la recherche d&#8217;emploi pour le partenaire\/conjoint d&rsquo;expatri\u00e9 <\/strong><br\/><strong>pendant l&rsquo;installation dans un nouveau pays<\/strong><\/h2><\/div>\n\n\n\n<p class=\" eplus-wrapper\">Nous vous offrirons un soutien suppl\u00e9mentaire pour le voyage de votre conjoint\/partenaire pendant le processus de relocalisation.<br\/><br\/>Veuillez remplir ce formulaire pour \u00e9valuer votre situation. Nous vous contacterons dans les 48 heures ouvrables suivantes.<\/p>\n\n\n<p class=\"wpcf7-contact-form-not-found\"><strong>Erreur\u00a0:<\/strong> Formulaire de contact non trouv\u00e9\u00a0!<\/p>\n<\/div>\n<\/div>\n\n<div class=\"wp-block-uagb-container uagb-block-0b94198b alignfull uagb-is-root-container\"><div class=\"uagb-container-inner-blocks-wrap\">\n<p class=\" has-text-align-center eplus-wrapper\"><strong>IMPORTANT : TOUTES LES R\u00c9SERVATIONS SUR CE SITE SONT EFFECTU\u00c9ES SUR LE FUSEAU HORAIRE SUIVANT : <br\/>Amsterdam CET (UTC +1)<\/strong><\/p>\n\n\n\n<div class=\"wp-block-uagb-container uagb-block-a8bea360 alignwide uagb-is-root-container\">\n<div class=\"wp-block-booknetic-booking\">[booknetic service=\u00a0\u00bb12&Prime; location=\u00a0\u00bb2&Prime;]<\/div>\n<\/div>\n<\/div><\/div>\n","protected":false},"excerpt":{"rendered":"<p>699,99 \u20ac + TVA \ud83d\ude80 Acc\u00e9dez \u00e0 un programme de 3 mois qui comprend : Masterclass sur la recherche d&#8217;emploi, [&hellip;]<\/p>\n","protected":false},"author":3,"featured_media":5563,"parent":0,"menu_order":0,"comment_status":"closed","ping_status":"closed","template":"","meta":{"_uag_custom_page_level_css":"","site-sidebar-layout":"default","site-content-layout":"","ast-site-content-layout":"full-width-container","site-content-style":"default","site-sidebar-style":"default","ast-global-header-display":"","ast-banner-title-visibility":"","ast-main-header-display":"","ast-hfb-above-header-display":"","ast-hfb-below-header-display":"","ast-hfb-mobile-header-display":"","site-post-title":"disabled","ast-breadcrumbs-content":"","ast-featured-img":"disabled","footer-sml-layout":"","ast-disable-related-posts":"","theme-transparent-header-meta":"","adv-header-id-meta":"","stick-header-meta":"","header-above-stick-meta":"","header-main-stick-meta":"","header-below-stick-meta":"","astra-migrate-meta-layouts":"default","ast-page-background-enabled":"default","ast-page-background-meta":{"desktop":{"background-color":"var(--ast-global-color-4)","background-image":"","background-repeat":"repeat","background-position":"center center","background-size":"auto","background-attachment":"scroll","background-type":"","background-media":"","overlay-type":"","overlay-color":"","overlay-opacity":"","overlay-gradient":""},"tablet":{"background-color":"","background-image":"","background-repeat":"repeat","background-position":"center center","background-size":"auto","background-attachment":"scroll","background-type":"","background-media":"","overlay-type":"","overlay-color":"","overlay-opacity":"","overlay-gradient":""},"mobile":{"background-color":"","background-image":"","background-repeat":"repeat","background-position":"center center","background-size":"auto","background-attachment":"scroll","background-type":"","background-media":"","overlay-type":"","overlay-color":"","overlay-opacity":"","overlay-gradient":""}},"ast-content-background-meta":{"desktop":{"background-color":"var(--ast-global-color-5)","background-image":"","background-repeat":"repeat","background-position":"center center","background-size":"auto","background-attachment":"scroll","background-type":"","background-media":"","overlay-type":"","overlay-color":"","overlay-opacity":"","overlay-gradient":""},"tablet":{"background-color":"var(--ast-global-color-5)","background-image":"","background-repeat":"repeat","background-position":"center center","background-size":"auto","background-attachment":"scroll","background-type":"","background-media":"","overlay-type":"","overlay-color":"","overlay-opacity":"","overlay-gradient":""},"mobile":{"background-color":"var(--ast-global-color-5)","background-image":"","background-repeat":"repeat","background-position":"center center","background-size":"auto","background-attachment":"scroll","background-type":"","background-media":"","overlay-type":"","overlay-color":"","overlay-opacity":"","overlay-gradient":""}},"footnotes":""},"class_list":["post-5600","page","type-page","status-publish","has-post-thumbnail","hentry"],"uagb_featured_image_src":{"full":["https:\/\/coach4expats.com\/wp-content\/uploads\/2025\/01\/young-professional-with-curly-hair-collaborating-over-a-laptop-in-a-modern-workspace.-8837467-scaled.jpg",1707,2560,false],"thumbnail":["https:\/\/coach4expats.com\/wp-content\/uploads\/2025\/01\/young-professional-with-curly-hair-collaborating-over-a-laptop-in-a-modern-workspace.-8837467-150x150.jpg",150,150,true],"medium":["https:\/\/coach4expats.com\/wp-content\/uploads\/2025\/01\/young-professional-with-curly-hair-collaborating-over-a-laptop-in-a-modern-workspace.-8837467-200x300.jpg",200,300,true],"medium_large":["https:\/\/coach4expats.com\/wp-content\/uploads\/2025\/01\/young-professional-with-curly-hair-collaborating-over-a-laptop-in-a-modern-workspace.-8837467-768x1152.jpg",768,1152,true],"large":["https:\/\/coach4expats.com\/wp-content\/uploads\/2025\/01\/young-professional-with-curly-hair-collaborating-over-a-laptop-in-a-modern-workspace.-8837467-683x1024.jpg",400,600,true],"1536x1536":["https:\/\/coach4expats.com\/wp-content\/uploads\/2025\/01\/young-professional-with-curly-hair-collaborating-over-a-laptop-in-a-modern-workspace.-8837467-1024x1536.jpg",1024,1536,true],"2048x2048":["https:\/\/coach4expats.com\/wp-content\/uploads\/2025\/01\/young-professional-with-curly-hair-collaborating-over-a-laptop-in-a-modern-workspace.-8837467-1365x2048.jpg",1365,2048,true],"widget-thumbnail":["https:\/\/coach4expats.com\/wp-content\/uploads\/2025\/01\/young-professional-with-curly-hair-collaborating-over-a-laptop-in-a-modern-workspace.-8837467-75x75.jpg",75,75,true]},"uagb_author_info":{"display_name":"Mariel Schaab","author_link":"https:\/\/coach4expats.com\/fr\/author\/mariel\/"},"uagb_comment_info":0,"uagb_excerpt":"699,99 \u20ac + TVA \ud83d\ude80 Acc\u00e9dez \u00e0 un programme de 3 mois qui comprend : Masterclass sur la recherche d&#8217;emploi, [&hellip;]","_links":{"self":[{"href":"https:\/\/coach4expats.com\/fr\/wp-json\/wp\/v2\/pages\/5600","targetHints":{"allow":["GET"]}}],"collection":[{"href":"https:\/\/coach4expats.com\/fr\/wp-json\/wp\/v2\/pages"}],"about":[{"href":"https:\/\/coach4expats.com\/fr\/wp-json\/wp\/v2\/types\/page"}],"author":[{"embeddable":true,"href":"https:\/\/coach4expats.com\/fr\/wp-json\/wp\/v2\/users\/3"}],"replies":[{"embeddable":true,"href":"https:\/\/coach4expats.com\/fr\/wp-json\/wp\/v2\/comments?post=5600"}],"version-history":[{"count":5,"href":"https:\/\/coach4expats.com\/fr\/wp-json\/wp\/v2\/pages\/5600\/revisions"}],"predecessor-version":[{"id":12842,"href":"https:\/\/coach4expats.com\/fr\/wp-json\/wp\/v2\/pages\/5600\/revisions\/12842"}],"wp:featuredmedia":[{"embeddable":true,"href":"https:\/\/coach4expats.com\/fr\/wp-json\/wp\/v2\/media\/5563"}],"wp:attachment":[{"href":"https:\/\/coach4expats.com\/fr\/wp-json\/wp\/v2\/media?parent=5600"}],"curies":[{"name":"wp","href":"https:\/\/api.w.org\/{rel}","templated":true}]}}