{"id":8108,"date":"2025-02-23T19:23:03","date_gmt":"2025-02-23T18:23:03","guid":{"rendered":"https:\/\/coach4expats.com\/communaute\/"},"modified":"2025-04-14T13:08:03","modified_gmt":"2025-04-14T11:08:03","slug":"communaute","status":"publish","type":"page","link":"https:\/\/coach4expats.com\/fr\/communaute\/","title":{"rendered":"Communaut\u00e9"},"content":{"rendered":"\n<article class=\"wp-block-uagb-container uagb-block-a889a69c alignwide uagb-is-root-container\">\n<div class=\"wp-block-uagb-advanced-heading uagb-block-1fd453bd\"><h1 class=\"uagb-heading-text\">BIENVENUE DANS NOTRE COMMUNAUT\u00c9 <br\/>COACH4EXPATS<\/h1><\/div>\n\n\n\n<div data-aos= \"zoom-in-up\" data-aos-duration=\"400\" data-aos-delay=\"0\" data-aos-easing=\"ease\" data-aos-once=\"true\" class=\"wp-block-uagb-image uagb-block-f574ec91 wp-block-uagb-image--layout-default wp-block-uagb-image--effect-static wp-block-uagb-image--align-none\"><figure class=\"wp-block-uagb-image__figure\"><img decoding=\"async\" srcset=\"https:\/\/coach4expats.com\/wp-content\/uploads\/2024\/12\/2.png ,https:\/\/coach4expats.com\/wp-content\/uploads\/2024\/12\/2.png 780w, https:\/\/coach4expats.com\/wp-content\/uploads\/2024\/12\/2.png 360w\" sizes=\"auto, (max-width: 480px) 150px\" src=\"https:\/\/coach4expats.com\/wp-content\/uploads\/2024\/12\/2.png\" alt=\"2\" class=\"uag-image-4329\" width=\"500\" height=\"500\" title=\"2\" loading=\"lazy\" role=\"img\"><\/figure><\/div>\n\n\n<style>.wp-block-kadence-advancedheading.kt-adv-heading8090_7e1439-3f, .wp-block-kadence-advancedheading.kt-adv-heading8090_7e1439-3f[data-kb-block=\"kb-adv-heading8090_7e1439-3f\"]{padding-right:var(--global-kb-spacing-5xl, 10rem);padding-left:var(--global-kb-spacing-5xl, 10rem);margin-bottom:0px;text-align:left;font-size:16px;font-weight:400;font-style:normal;font-family:Poppins;}.wp-block-kadence-advancedheading.kt-adv-heading8090_7e1439-3f mark.kt-highlight, .wp-block-kadence-advancedheading.kt-adv-heading8090_7e1439-3f[data-kb-block=\"kb-adv-heading8090_7e1439-3f\"] mark.kt-highlight{font-style:normal;color:#f76a0c;-webkit-box-decoration-break:clone;box-decoration-break:clone;padding-top:0px;padding-right:0px;padding-bottom:0px;padding-left:0px;}.wp-block-kadence-advancedheading.kt-adv-heading8090_7e1439-3f img.kb-inline-image, .wp-block-kadence-advancedheading.kt-adv-heading8090_7e1439-3f[data-kb-block=\"kb-adv-heading8090_7e1439-3f\"] img.kb-inline-image{width:150px;vertical-align:baseline;}@media all and (max-width: 767px){.wp-block-kadence-advancedheading.kt-adv-heading8090_7e1439-3f, .wp-block-kadence-advancedheading.kt-adv-heading8090_7e1439-3f[data-kb-block=\"kb-adv-heading8090_7e1439-3f\"]{padding-right:0px;padding-left:0px;}}<\/style>\n<p class=\"kt-adv-heading8090_7e1439-3f wp-block-kadence-advancedheading\" data-kb-block=\"kb-adv-heading8090_7e1439-3f\">Nous r\u00e9unissons des immigr\u00e9s et des expatri\u00e9s \u00e0 la recherche d&rsquo;un accompagnement dans leur recherche d&#8217;emploi afin d&rsquo;\u00e9largir leur r\u00e9seau et leurs connaissances, de mani\u00e8re \u00e0 les aider \u00e0 trouver un emploi gratifiant et \u00e0 s&rsquo;\u00e9panouir dans leur nouvel environnement.<\/p>\n\n\n\n<div class=\"wp-block-uagb-advanced-heading uagb-block-97f5c748\"><h1 class=\"uagb-heading-text\">Pourquoi Coach4Expats ?<\/h1><\/div>\n\n\n\n<div class=\"wp-block-uagb-image uagb-block-bf4e4aa9 wp-block-uagb-image--layout-default wp-block-uagb-image--effect-zoomin wp-block-uagb-image--align-none\"><figure class=\"wp-block-uagb-image__figure\"><img decoding=\"async\" srcset=\"https:\/\/coach4expats.com\/wp-content\/uploads\/2025\/02\/image008.jpg ,https:\/\/coach4expats.com\/wp-content\/uploads\/2025\/02\/image008.jpg 780w, https:\/\/coach4expats.com\/wp-content\/uploads\/2025\/02\/image008.jpg 360w\" sizes=\"auto, (max-width: 480px) 150px\" src=\"https:\/\/coach4expats.com\/wp-content\/uploads\/2025\/02\/image008.jpg\" alt=\"Infographie de la communaut\u00e9 Coach4expats\" class=\"uag-image-6028\" width=\"602\" height=\"249\" title=\"Infographie de la communaut\u00e9 Coach4expats\" loading=\"lazy\" role=\"img\"><\/figure><\/div>\n\n\n<style>.wp-block-kadence-advancedheading.kt-adv-heading8090_ed394e-02, .wp-block-kadence-advancedheading.kt-adv-heading8090_ed394e-02[data-kb-block=\"kb-adv-heading8090_ed394e-02\"]{padding-right:var(--global-kb-spacing-5xl, 10rem);padding-left:var(--global-kb-spacing-5xl, 10rem);margin-bottom:0px;text-align:left;font-size:16px;font-weight:400;font-style:normal;font-family:Poppins;}.wp-block-kadence-advancedheading.kt-adv-heading8090_ed394e-02 mark.kt-highlight, .wp-block-kadence-advancedheading.kt-adv-heading8090_ed394e-02[data-kb-block=\"kb-adv-heading8090_ed394e-02\"] mark.kt-highlight{font-style:normal;color:#f76a0c;-webkit-box-decoration-break:clone;box-decoration-break:clone;padding-top:0px;padding-right:0px;padding-bottom:0px;padding-left:0px;}.wp-block-kadence-advancedheading.kt-adv-heading8090_ed394e-02 img.kb-inline-image, .wp-block-kadence-advancedheading.kt-adv-heading8090_ed394e-02[data-kb-block=\"kb-adv-heading8090_ed394e-02\"] img.kb-inline-image{width:150px;vertical-align:baseline;}@media all and (max-width: 767px){.wp-block-kadence-advancedheading.kt-adv-heading8090_ed394e-02, .wp-block-kadence-advancedheading.kt-adv-heading8090_ed394e-02[data-kb-block=\"kb-adv-heading8090_ed394e-02\"]{padding-right:0px;padding-left:0px;}}<\/style>\n<p class=\"kt-adv-heading8090_ed394e-02 wp-block-kadence-advancedheading\" data-kb-block=\"kb-adv-heading8090_ed394e-02\">Nous r\u00e9unissons des immigr\u00e9s et des expatri\u00e9s \u00e0 la recherche d&rsquo;un accompagnement dans leur recherche d&#8217;emploi afin d&rsquo;\u00e9largir leur r\u00e9seau et leurs connaissances, de mani\u00e8re \u00e0 les aider \u00e0 trouver un emploi gratifiant et \u00e0 s&rsquo;\u00e9panouir dans leur nouvel environnement.<\/p>\n\n\n\n<div class=\"wp-block-uagb-advanced-heading uagb-block-5b2eca14\"><h1 class=\"uagb-heading-text\">Les r\u00e9sultats que vous obtiendrez  <\/h1><\/div>\n\n\n\n<div class=\"wp-block-uagb-image uagb-block-3b1742cc wp-block-uagb-image--layout-default wp-block-uagb-image--effect-static wp-block-uagb-image--align-none\"><figure class=\"wp-block-uagb-image__figure\"><img decoding=\"async\" srcset=\"https:\/\/coach4expats.com\/wp-content\/uploads\/2025\/02\/14-1024x512.png ,https:\/\/coach4expats.com\/wp-content\/uploads\/2025\/02\/14.png 780w, https:\/\/coach4expats.com\/wp-content\/uploads\/2025\/02\/14.png 360w\" sizes=\"auto, (max-width: 480px) 150px\" src=\"https:\/\/coach4expats.com\/wp-content\/uploads\/2025\/02\/14-1024x512.png\" alt=\"\" class=\"uag-image-8530\" width=\"800\" height=\"400\" title=\"14\" loading=\"lazy\" role=\"img\"><\/figure><\/div>\n\n\n<style>.wp-block-kadence-advancedheading.kt-adv-heading8090_6d3628-28, .wp-block-kadence-advancedheading.kt-adv-heading8090_6d3628-28[data-kb-block=\"kb-adv-heading8090_6d3628-28\"]{padding-right:var(--global-kb-spacing-5xl, 10rem);padding-left:var(--global-kb-spacing-5xl, 10rem);margin-bottom:0px;text-align:left;font-size:16px;font-weight:400;font-style:normal;font-family:Poppins;}.wp-block-kadence-advancedheading.kt-adv-heading8090_6d3628-28 mark.kt-highlight, .wp-block-kadence-advancedheading.kt-adv-heading8090_6d3628-28[data-kb-block=\"kb-adv-heading8090_6d3628-28\"] mark.kt-highlight{font-style:normal;color:#f76a0c;-webkit-box-decoration-break:clone;box-decoration-break:clone;padding-top:0px;padding-right:0px;padding-bottom:0px;padding-left:0px;}.wp-block-kadence-advancedheading.kt-adv-heading8090_6d3628-28 img.kb-inline-image, .wp-block-kadence-advancedheading.kt-adv-heading8090_6d3628-28[data-kb-block=\"kb-adv-heading8090_6d3628-28\"] img.kb-inline-image{width:150px;vertical-align:baseline;}@media all and (max-width: 767px){.wp-block-kadence-advancedheading.kt-adv-heading8090_6d3628-28, .wp-block-kadence-advancedheading.kt-adv-heading8090_6d3628-28[data-kb-block=\"kb-adv-heading8090_6d3628-28\"]{padding-right:0px;padding-left:0px;}}<\/style>\n<p class=\"kt-adv-heading8090_6d3628-28 wp-block-kadence-advancedheading\" data-kb-block=\"kb-adv-heading8090_6d3628-28\">Notre communaut\u00e9, nos cours et nos adh\u00e9sions sont tr\u00e8s sp\u00e9ciaux. Nous nous concentrons sur les fa\u00e7ons dont ils peuvent faire une \u00e9norme diff\u00e9rence dans votre vie. <br\/><br\/>Voici quelques-unes des choses que vous pourrez faire en tant que membre de Coach4Expats :<\/p>\n\n\n\n<ul style=\"padding-top:0;padding-right:10rem;padding-bottom:0;padding-left:10rem\" class=\"wp-block-list uag-hide-mob\">\n<li>Vous aurez la possibilit\u00e9 d&rsquo;\u00e9largir votre r\u00e9seau professionnel, ce qui vous ouvrira des portes sur des opportunit\u00e9s d&#8217;emploi potentielles.<\/li>\n\n\n\n<li>En vous engageant avec d&rsquo;autres expatri\u00e9s et immigr\u00e9s, vous b\u00e9n\u00e9ficierez d&rsquo;un soutien \u00e9motionnel et nouerez des relations fructueuses.<\/li>\n\n\n\n<li>L&rsquo;acquisition de comp\u00e9tences en mati\u00e8re de recherche d&#8217;emploi gr\u00e2ce \u00e0 notre coaching vous permettra d&rsquo;am\u00e9liorer votre image de marque et de trouver un emploi satisfaisant.<\/li>\n<\/ul>\n\n\n\n<ul style=\"padding-top:0;padding-right:0rem;padding-bottom:0;padding-left:0rem\" class=\"wp-block-list uag-hide-desktop\">\n<li>Vous aurez la possibilit\u00e9 d&rsquo;\u00e9largir votre r\u00e9seau professionnel, ce qui vous ouvrira des portes sur des opportunit\u00e9s d&#8217;emploi potentielles.<\/li>\n\n\n\n<li>En vous engageant avec d&rsquo;autres expatri\u00e9s et immigr\u00e9s, vous b\u00e9n\u00e9ficierez d&rsquo;un soutien \u00e9motionnel et nouerez des relations fructueuses.<\/li>\n\n\n\n<li>L&rsquo;acquisition de comp\u00e9tences en mati\u00e8re de recherche d&#8217;emploi gr\u00e2ce \u00e0 notre coaching vous permettra d&rsquo;am\u00e9liorer votre image de marque et de trouver un emploi satisfaisant.<\/li>\n<\/ul>\n\n\n\n<div class=\"wp-block-uagb-advanced-heading uagb-block-55a8e0ef\"><h1 class=\"uagb-heading-text\">Si vous adh\u00e9rez aujourd&rsquo;hui \u2b50\ufe0f<\/h1><\/div>\n\n\n\n<div data-aos= \"zoom-in-up\" data-aos-duration=\"400\" data-aos-delay=\"0\" data-aos-easing=\"ease\" data-aos-once=\"true\" class=\"wp-block-uagb-container uag-hide-mob uagb-block-9236ac5d alignfull uagb-is-root-container\"><div class=\"uagb-container__video-wrap\"><\/div><div class=\"uagb-container-inner-blocks-wrap\">\n<div data-aos= \"zoom-in-up\" data-aos-duration=\"400\" data-aos-delay=\"0\" data-aos-easing=\"ease\" data-aos-once=\"true\" class=\"wp-block-uagb-container uag-hide-mob uagb-block-9301d862 alignwide uagb-is-root-container\"><div class=\"uagb-container__video-wrap\"><video autoplay=\"\" loop=\"\" muted=\"\" playsinline=\"\"><source src=\"https:\/\/coach4expats.com\/wp-content\/uploads\/2025\/01\/Timeline-2-Web-1.mp4\" type=\"video\/mp4\"\/><\/video><\/div><\/div>\n\n\n\n<div data-aos= \"zoom-in-up\" data-aos-duration=\"400\" data-aos-delay=\"0\" data-aos-easing=\"ease\" data-aos-once=\"true\" class=\"wp-block-uagb-container uagb-block-725804af\"><div class=\"uagb-container__video-wrap\"><\/div>\n<div class=\"wp-block-uagb-buttons uagb-buttons__outer-wrap uagb-btn__default-btn uagb-btn-tablet__default-btn uagb-btn-mobile__default-btn uagb-block-1fd88735\"><div class=\"uagb-buttons__wrap uagb-buttons-layout-wrap \">\n<div class=\"wp-block-uagb-buttons-child uagb-buttons__outer-wrap uagb-block-c9f48cb8 wp-block-button\"><div class=\"uagb-button__wrapper\"><a class=\"uagb-buttons-repeater wp-block-button__link\" aria-label=\"\" href=\"https:\/\/community.coach4expats.com\/\" rel=\"follow noopener\" target=\"_blank\" role=\"button\"><div class=\"uagb-button__link\">REJOIGNEZ-NOUS GRATUITEMENT<\/div><span class=\"uagb-button__icon uagb-button__icon-position-after\"><svg xmlns=\"https:\/\/www.w3.org\/2000\/svg\" viewbox=\"0 0 448 512\" aria-hidden=\"true\" focussable=\"false\"><path d=\"M438.6 278.6l-160 160C272.4 444.9 264.2 448 256 448s-16.38-3.125-22.62-9.375c-12.5-12.5-12.5-32.75 0-45.25L338.8 288H32C14.33 288 .0016 273.7 .0016 256S14.33 224 32 224h306.8l-105.4-105.4c-12.5-12.5-12.5-32.75 0-45.25s32.75-12.5 45.25 0l160 160C451.1 245.9 451.1 266.1 438.6 278.6z\"><\/path><\/svg><\/span><\/a><\/div><\/div>\n<\/div><\/div>\n<\/div>\n<\/div><\/div>\n\n\n<style>.wp-block-kadence-advancedheading.kt-adv-heading8090_a25443-1f, .wp-block-kadence-advancedheading.kt-adv-heading8090_a25443-1f[data-kb-block=\"kb-adv-heading8090_a25443-1f\"]{padding-right:var(--global-kb-spacing-5xl, 10rem);padding-left:var(--global-kb-spacing-5xl, 10rem);margin-bottom:0px;text-align:left;font-size:16px;font-weight:400;font-style:normal;font-family:Poppins;}.wp-block-kadence-advancedheading.kt-adv-heading8090_a25443-1f mark.kt-highlight, .wp-block-kadence-advancedheading.kt-adv-heading8090_a25443-1f[data-kb-block=\"kb-adv-heading8090_a25443-1f\"] mark.kt-highlight{font-style:normal;color:#f76a0c;-webkit-box-decoration-break:clone;box-decoration-break:clone;padding-top:0px;padding-right:0px;padding-bottom:0px;padding-left:0px;}.wp-block-kadence-advancedheading.kt-adv-heading8090_a25443-1f img.kb-inline-image, .wp-block-kadence-advancedheading.kt-adv-heading8090_a25443-1f[data-kb-block=\"kb-adv-heading8090_a25443-1f\"] img.kb-inline-image{width:150px;vertical-align:baseline;}@media all and (max-width: 767px){.wp-block-kadence-advancedheading.kt-adv-heading8090_a25443-1f, .wp-block-kadence-advancedheading.kt-adv-heading8090_a25443-1f[data-kb-block=\"kb-adv-heading8090_a25443-1f\"]{padding-right:0px;padding-left:0px;}}<\/style>\n<p class=\"kt-adv-heading8090_a25443-1f wp-block-kadence-advancedheading\" data-kb-block=\"kb-adv-heading8090_a25443-1f\">En rejoignant Coach4Expats aujourd&rsquo;hui, vous aurez acc\u00e8s \u00e0 notre :<\/p>\n\n\n\n<ul style=\"padding-top:0;padding-right:10rem;padding-bottom:0;padding-left:10rem\" class=\"wp-block-list uag-hide-mob\">\n<li><strong>Participation \u00e0 des cours interactifs de recherche d&#8217;emploi :<\/strong> Une activit\u00e9 pourrait impliquer que les membres s&rsquo;inscrivent et participent activement aux cours de la communaut\u00e9. Ces cours avec vid\u00e9o offrent une formation sur les techniques de recherche d&#8217;emploi, la r\u00e9daction d&rsquo;un CV et les techniques d&rsquo;entretien sp\u00e9cifiquement adapt\u00e9es aux immigrants et aux expatri\u00e9s. Cela aidera les membres \u00e0 mieux comprendre les attentes du march\u00e9 du travail et \u00e0 augmenter leurs chances de trouver un emploi.  <\/li>\n\n\n\n<li><strong>Chat en direct avec des sp\u00e9cialistes de la recherche d&#8217;emploi : <\/strong>Les membres peuvent utiliser la fonction de chat en direct pour communiquer directement avec des sp\u00e9cialistes de la recherche d&#8217;emploi. Ces sessions individuelles fournissent une orientation et des conseils personnalis\u00e9s, aidant les membres \u00e0 r\u00e9soudre instantan\u00e9ment les questions li\u00e9es \u00e0 la recherche d&#8217;emploi. Cette activit\u00e9 peut am\u00e9liorer consid\u00e9rablement la strat\u00e9gie de recherche d&#8217;emploi des membres et leur donner un avantage concurrentiel sur le march\u00e9 du travail.  <\/li>\n\n\n\n<li><strong>Participation \u00e0 des \u00e9v\u00e9nements de r\u00e9seautage :<\/strong> La participation aux \u00e9v\u00e9nements de r\u00e9seautage de la communaut\u00e9 est une activit\u00e9 qui peut donner aux membres l&rsquo;occasion d&rsquo;entrer en contact avec des professionnels du secteur, des responsables de recrutement et d&rsquo;autres expatri\u00e9s. Les avantages de cette activit\u00e9 comprennent l&rsquo;\u00e9largissement du r\u00e9seau professionnel des membres, la d\u00e9couverte d&rsquo;opportunit\u00e9s d&#8217;emploi cach\u00e9es et la possibilit\u00e9 de mettre en pratique des comp\u00e9tences de communication professionnelle dans un environnement favorable. <\/li>\n<\/ul>\n\n\n\n<ul style=\"padding-top:0;padding-right:0rem;padding-bottom:0;padding-left:0rem\" class=\"wp-block-list uag-hide-desktop\">\n<li><strong>Participation \u00e0 des cours interactifs de recherche d&#8217;emploi :<\/strong> Une activit\u00e9 pourrait impliquer que les membres s&rsquo;inscrivent et participent activement aux cours de la communaut\u00e9. Ces cours avec vid\u00e9o offrent une formation sur les techniques de recherche d&#8217;emploi, la r\u00e9daction d&rsquo;un CV et les techniques d&rsquo;entretien sp\u00e9cifiquement adapt\u00e9es aux immigrants et aux expatri\u00e9s. Cela aidera les membres \u00e0 mieux comprendre les attentes du march\u00e9 du travail et \u00e0 augmenter leurs chances de trouver un emploi.  <\/li>\n\n\n\n<li><strong>Chat en direct avec des sp\u00e9cialistes de la recherche d&#8217;emploi : <\/strong>Les membres peuvent utiliser la fonction de chat en direct pour communiquer directement avec des sp\u00e9cialistes de la recherche d&#8217;emploi. Ces sessions individuelles fournissent une orientation et des conseils personnalis\u00e9s, aidant les membres \u00e0 r\u00e9soudre instantan\u00e9ment les questions li\u00e9es \u00e0 la recherche d&#8217;emploi. Cette activit\u00e9 peut am\u00e9liorer consid\u00e9rablement la strat\u00e9gie de recherche d&#8217;emploi des membres et leur donner un avantage concurrentiel sur le march\u00e9 du travail.  <\/li>\n\n\n\n<li><strong>Participation \u00e0 des \u00e9v\u00e9nements de r\u00e9seautage :<\/strong> La participation aux \u00e9v\u00e9nements de r\u00e9seautage de la communaut\u00e9 est une activit\u00e9 qui peut donner aux membres l&rsquo;occasion d&rsquo;entrer en contact avec des professionnels du secteur, des responsables de recrutement et d&rsquo;autres expatri\u00e9s. Les avantages de cette activit\u00e9 comprennent l&rsquo;\u00e9largissement du r\u00e9seau professionnel des membres, la d\u00e9couverte d&rsquo;opportunit\u00e9s d&#8217;emploi cach\u00e9es et la possibilit\u00e9 de mettre en pratique des comp\u00e9tences de communication professionnelle dans un environnement favorable. <\/li>\n<\/ul>\n\n\n\n<div class=\"wp-block-uagb-buttons uagb-buttons__outer-wrap uagb-btn__default-btn uagb-btn-tablet__default-btn uagb-btn-mobile__default-btn uagb-block-d1e2fdd8\"><div class=\"uagb-buttons__wrap uagb-buttons-layout-wrap \">\n<div class=\"wp-block-uagb-buttons-child uagb-buttons__outer-wrap uagb-block-af559dc2 wp-block-button\"><div class=\"uagb-button__wrapper\"><a class=\"uagb-buttons-repeater wp-block-button__link\" aria-label=\"\" href=\"https:\/\/community.coach4expats.com\/\" rel=\"follow noopener\" target=\"_self\" role=\"button\"><div class=\"uagb-button__link\">REJOIGNEZ-NOUS GRATUITEMENT<\/div><\/a><\/div><\/div>\n<\/div><\/div>\n<\/article>\n","protected":false},"excerpt":{"rendered":"<p>BIENVENUE DANS NOTRE COMMUNAUT\u00c9 COACH4EXPATS Nous r\u00e9unissons des immigr\u00e9s et des expatri\u00e9s \u00e0 la recherche d&rsquo;un accompagnement dans leur recherche [&hellip;]<\/p>\n","protected":false},"author":3,"featured_media":0,"parent":0,"menu_order":0,"comment_status":"closed","ping_status":"closed","template":"","meta":{"_uag_custom_page_level_css":"","site-sidebar-layout":"default","site-content-layout":"","ast-site-content-layout":"","site-content-style":"default","site-sidebar-style":"default","ast-global-header-display":"","ast-banner-title-visibility":"","ast-main-header-display":"","ast-hfb-above-header-display":"","ast-hfb-below-header-display":"","ast-hfb-mobile-header-display":"","site-post-title":"disabled","ast-breadcrumbs-content":"","ast-featured-img":"","footer-sml-layout":"","ast-disable-related-posts":"","theme-transparent-header-meta":"","adv-header-id-meta":"","stick-header-meta":"","header-above-stick-meta":"","header-main-stick-meta":"","header-below-stick-meta":"","astra-migrate-meta-layouts":"default","ast-page-background-enabled":"default","ast-page-background-meta":{"desktop":{"background-color":"var(--ast-global-color-4)","background-image":"","background-repeat":"repeat","background-position":"center center","background-size":"auto","background-attachment":"scroll","background-type":"","background-media":"","overlay-type":"","overlay-color":"","overlay-opacity":"","overlay-gradient":""},"tablet":{"background-color":"","background-image":"","background-repeat":"repeat","background-position":"center center","background-size":"auto","background-attachment":"scroll","background-type":"","background-media":"","overlay-type":"","overlay-color":"","overlay-opacity":"","overlay-gradient":""},"mobile":{"background-color":"","background-image":"","background-repeat":"repeat","background-position":"center center","background-size":"auto","background-attachment":"scroll","background-type":"","background-media":"","overlay-type":"","overlay-color":"","overlay-opacity":"","overlay-gradient":""}},"ast-content-background-meta":{"desktop":{"background-color":"var(--ast-global-color-5)","background-image":"","background-repeat":"repeat","background-position":"center center","background-size":"auto","background-attachment":"scroll","background-type":"","background-media":"","overlay-type":"","overlay-color":"","overlay-opacity":"","overlay-gradient":""},"tablet":{"background-color":"var(--ast-global-color-5)","background-image":"","background-repeat":"repeat","background-position":"center center","background-size":"auto","background-attachment":"scroll","background-type":"","background-media":"","overlay-type":"","overlay-color":"","overlay-opacity":"","overlay-gradient":""},"mobile":{"background-color":"var(--ast-global-color-5)","background-image":"","background-repeat":"repeat","background-position":"center center","background-size":"auto","background-attachment":"scroll","background-type":"","background-media":"","overlay-type":"","overlay-color":"","overlay-opacity":"","overlay-gradient":""}},"footnotes":""},"class_list":["post-8108","page","type-page","status-publish","hentry"],"uagb_featured_image_src":{"full":false,"thumbnail":false,"medium":false,"medium_large":false,"large":false,"1536x1536":false,"2048x2048":false,"widget-thumbnail":false},"uagb_author_info":{"display_name":"Mariel Schaab","author_link":"https:\/\/coach4expats.com\/fr\/author\/mariel\/"},"uagb_comment_info":0,"uagb_excerpt":"BIENVENUE DANS NOTRE COMMUNAUT\u00c9 COACH4EXPATS Nous r\u00e9unissons des immigr\u00e9s et des expatri\u00e9s \u00e0 la recherche d&rsquo;un accompagnement dans leur recherche [&hellip;]","_links":{"self":[{"href":"https:\/\/coach4expats.com\/fr\/wp-json\/wp\/v2\/pages\/8108","targetHints":{"allow":["GET"]}}],"collection":[{"href":"https:\/\/coach4expats.com\/fr\/wp-json\/wp\/v2\/pages"}],"about":[{"href":"https:\/\/coach4expats.com\/fr\/wp-json\/wp\/v2\/types\/page"}],"author":[{"embeddable":true,"href":"https:\/\/coach4expats.com\/fr\/wp-json\/wp\/v2\/users\/3"}],"replies":[{"embeddable":true,"href":"https:\/\/coach4expats.com\/fr\/wp-json\/wp\/v2\/comments?post=8108"}],"version-history":[{"count":3,"href":"https:\/\/coach4expats.com\/fr\/wp-json\/wp\/v2\/pages\/8108\/revisions"}],"predecessor-version":[{"id":9131,"href":"https:\/\/coach4expats.com\/fr\/wp-json\/wp\/v2\/pages\/8108\/revisions\/9131"}],"wp:attachment":[{"href":"https:\/\/coach4expats.com\/fr\/wp-json\/wp\/v2\/media?parent=8108"}],"curies":[{"name":"wp","href":"https:\/\/api.w.org\/{rel}","templated":true}]}}