{"id":926,"date":"2024-09-28T02:41:47","date_gmt":"2024-09-28T00:41:47","guid":{"rendered":"https:\/\/coach4expats.com\/blog\/"},"modified":"2025-04-02T04:03:45","modified_gmt":"2025-04-02T02:03:45","slug":"blog","status":"publish","type":"page","link":"https:\/\/coach4expats.com\/fr\/blog\/","title":{"rendered":"Blog"},"content":{"rendered":"\n<div data-aos= \"zoom-in-up\" data-aos-duration=\"400\" data-aos-delay=\"0\" data-aos-easing=\"ease\" data-aos-once=\"true\" class=\"wp-block-uagb-container uagb-block-627207a1 alignfull uagb-is-root-container\"><div class=\"uagb-container-inner-blocks-wrap\">\n<div class=\"wp-block-uagb-container uagb-block-7ab2b5e8\">\n<div class=\"wp-block-uagb-advanced-heading uagb-block-6cab3146\"><h4 class=\"uagb-heading-text\">L&rsquo;Expat Insider : <br\/>Votre guide pour vivre, travailler et prosp\u00e9rer \u00e0 l&rsquo;\u00e9tranger<\/h4><\/div>\n\n\n<style>.wp-block-kadence-advancedheading.kt-adv-heading118_5ffc9e-d3, .wp-block-kadence-advancedheading.kt-adv-heading118_5ffc9e-d3[data-kb-block=\"kb-adv-heading118_5ffc9e-d3\"]{padding-right:var(--global-kb-spacing-md, 2rem);padding-left:var(--global-kb-spacing-md, 2rem);text-align:center;font-size:var(--global-kb-font-size-sm, 0.9rem);font-weight:400;font-style:normal;font-family:Poppins;}.wp-block-kadence-advancedheading.kt-adv-heading118_5ffc9e-d3 mark.kt-highlight, .wp-block-kadence-advancedheading.kt-adv-heading118_5ffc9e-d3[data-kb-block=\"kb-adv-heading118_5ffc9e-d3\"] mark.kt-highlight{font-style:normal;color:#f76a0c;-webkit-box-decoration-break:clone;box-decoration-break:clone;padding-top:0px;padding-right:0px;padding-bottom:0px;padding-left:0px;}.wp-block-kadence-advancedheading.kt-adv-heading118_5ffc9e-d3 img.kb-inline-image, .wp-block-kadence-advancedheading.kt-adv-heading118_5ffc9e-d3[data-kb-block=\"kb-adv-heading118_5ffc9e-d3\"] img.kb-inline-image{width:150px;vertical-align:baseline;}<\/style>\n<h2 class=\"kt-adv-heading118_5ffc9e-d3 wp-block-kadence-advancedheading\" data-kb-block=\"kb-adv-heading118_5ffc9e-d3\">Obtenez des astuces d&rsquo;initi\u00e9s, des conseils d&rsquo;experts et des exp\u00e9riences de premi\u00e8re main pour que votre voyage d&rsquo;expatriation se d\u00e9roule sans heurts et soit enrichissant.  <br\/>De l&rsquo;installation \u00e0 la construction d&rsquo;une carri\u00e8re \u00e0 l&rsquo;\u00e9tranger, nous vous accompagnons \u00e0 chaque \u00e9tape.<\/h2>\n<\/div>\n\n\n\n<div class=\"wp-block-uagb-container uagb-block-a5dcc527\"><style>.kb-lottie-container118_65e6b0-4e dotlottie-player{max-width:auto;}<\/style><div class=\"kb-lottie-container kb-lottie-container118_65e6b0-4e\"><dotlottie-player loop=\"true\" speed=\"1\" autoplay=\"true\" mode=\"normal\" src=\"https:\/\/lottie.host\/68191273-cbba-449a-b824-6c752333147e\/NUVGdMXHw8.lottie\"\n\t\t\t\t\t\t\tid=\"kb-lottie-player118_65e6b0-4e\"\n\t\t\t\t\t\t><\/dotlottie-player><\/div><\/div>\n<\/div><\/div>\n<div class=\"gb-container gb-container-53e5aa51\">\n<div class=\"gb-container gb-container-f9589925\">\n\n<div class=\"gb-grid-wrapper gb-grid-wrapper-80c0a915 gb-query-loop-wrapper\">\n<div class=\"gb-grid-column gb-grid-column-2e95d351 gb-query-loop-item post-18551 post type-post status-publish format-standard hentry category-articles-de-blog\"><div class=\"gb-container gb-container-2e95d351\">\n\n\n<h2 class=\"gb-headline gb-headline-a4f6210c gb-headline-text\"><a href=\"https:\/\/coach4expats.com\/fr\/post\/comprendre-les-contrats-de-travail-aux-pays-bas-un-guide-complet-5\/\">Comprendre les contrats de travail aux Pays-Bas : Un guide complet<\/a><\/h2>\n\n<div class=\"gb-headline gb-headline-c97a8a00 gb-headline-text\">Cost of Living 2026: Spain vs Portugal vs Greece (and the New Cheap Expat Hubs) For years, Southern Europe has [&hellip;]<\/div>\n<\/div><\/div>\n\n<div class=\"gb-grid-column gb-grid-column-2e95d351 gb-query-loop-item post-18117 post type-post status-publish format-standard has-post-thumbnail hentry category-articles-de-blog\"><div class=\"gb-container gb-container-2e95d351\">\n<figure class=\"gb-block-image gb-block-image-3a8770b0\"><a href=\"https:\/\/coach4expats.com\/fr\/post\/comprendre-les-contrats-de-travail-aux-pays-bas-un-guide-complet-4\/\"><img loading=\"lazy\" decoding=\"async\" width=\"2048\" height=\"1151\" src=\"https:\/\/coach4expats.com\/wp-content\/uploads\/2026\/03\/Cost-of-Living-2026-Spain-vs-Portugal-vs-Greece.jpg\" class=\"gb-image-3a8770b0\" alt=\"Cost of Living 2026 Spain vs Portugal vs Greece\" srcset=\"https:\/\/coach4expats.com\/wp-content\/uploads\/2026\/03\/Cost-of-Living-2026-Spain-vs-Portugal-vs-Greece.jpg 2048w, https:\/\/coach4expats.com\/wp-content\/uploads\/2026\/03\/Cost-of-Living-2026-Spain-vs-Portugal-vs-Greece-300x169.jpg 300w, https:\/\/coach4expats.com\/wp-content\/uploads\/2026\/03\/Cost-of-Living-2026-Spain-vs-Portugal-vs-Greece-800x450.jpg 800w, https:\/\/coach4expats.com\/wp-content\/uploads\/2026\/03\/Cost-of-Living-2026-Spain-vs-Portugal-vs-Greece-768x432.jpg 768w, https:\/\/coach4expats.com\/wp-content\/uploads\/2026\/03\/Cost-of-Living-2026-Spain-vs-Portugal-vs-Greece-1536x863.jpg 1536w\" sizes=\"auto, (max-width: 2048px) 100vw, 2048px\" \/><\/a><\/figure>\n\n<h2 class=\"gb-headline gb-headline-a4f6210c gb-headline-text\"><a href=\"https:\/\/coach4expats.com\/fr\/post\/comprendre-les-contrats-de-travail-aux-pays-bas-un-guide-complet-4\/\">Comprendre les contrats de travail aux Pays-Bas : Un guide complet<\/a><\/h2>\n\n<div class=\"gb-headline gb-headline-c97a8a00 gb-headline-text\">Remote work shrinking by 2026? How expats and digital nomads can protect themselves if employers push return\u2011to\u2011office Remote work is [&hellip;]<\/div>\n<\/div><\/div>\n\n<div class=\"gb-grid-column gb-grid-column-2e95d351 gb-query-loop-item post-17815 post type-post status-publish format-standard has-post-thumbnail hentry category-articles-de-blog\"><div class=\"gb-container gb-container-2e95d351\">\n<figure class=\"gb-block-image gb-block-image-3a8770b0\"><a href=\"https:\/\/coach4expats.com\/fr\/post\/comprendre-les-contrats-de-travail-aux-pays-bas-un-guide-complet-3\/\"><img loading=\"lazy\" decoding=\"async\" width=\"2048\" height=\"1365\" src=\"https:\/\/coach4expats.com\/wp-content\/uploads\/2026\/02\/Remote-work-shrinking.jpg\" class=\"gb-image-3a8770b0\" alt=\"Remote work shrinking\" srcset=\"https:\/\/coach4expats.com\/wp-content\/uploads\/2026\/02\/Remote-work-shrinking.jpg 2048w, https:\/\/coach4expats.com\/wp-content\/uploads\/2026\/02\/Remote-work-shrinking-300x200.jpg 300w, https:\/\/coach4expats.com\/wp-content\/uploads\/2026\/02\/Remote-work-shrinking-800x533.jpg 800w, https:\/\/coach4expats.com\/wp-content\/uploads\/2026\/02\/Remote-work-shrinking-768x512.jpg 768w, https:\/\/coach4expats.com\/wp-content\/uploads\/2026\/02\/Remote-work-shrinking-1536x1024.jpg 1536w\" sizes=\"auto, (max-width: 2048px) 100vw, 2048px\" \/><\/a><\/figure>\n\n<h2 class=\"gb-headline gb-headline-a4f6210c gb-headline-text\"><a href=\"https:\/\/coach4expats.com\/fr\/post\/comprendre-les-contrats-de-travail-aux-pays-bas-un-guide-complet-3\/\">Comprendre les contrats de travail aux Pays-Bas : Un guide complet<\/a><\/h2>\n\n<div class=\"gb-headline gb-headline-c97a8a00 gb-headline-text\">The Great Global Upskill: Free and Low-Cost AI Certification Programs That Land International Jobs. The world is hungry for AI [&hellip;]<\/div>\n<\/div><\/div>\n\n<div class=\"gb-grid-column gb-grid-column-2e95d351 gb-query-loop-item post-17211 post type-post status-publish format-standard has-post-thumbnail hentry category-articles-de-blog\"><div class=\"gb-container gb-container-2e95d351\">\n<figure class=\"gb-block-image gb-block-image-3a8770b0\"><a href=\"https:\/\/coach4expats.com\/fr\/post\/comprendre-les-contrats-de-travail-aux-pays-bas-un-guide-complet-2\/\"><img loading=\"lazy\" decoding=\"async\" width=\"1500\" height=\"1000\" src=\"https:\/\/coach4expats.com\/wp-content\/uploads\/2026\/01\/The-Great-Global-Upskill.jpg\" class=\"gb-image-3a8770b0\" alt=\"The Great Global Upskill\" srcset=\"https:\/\/coach4expats.com\/wp-content\/uploads\/2026\/01\/The-Great-Global-Upskill.jpg 1500w, https:\/\/coach4expats.com\/wp-content\/uploads\/2026\/01\/The-Great-Global-Upskill-300x200.jpg 300w, https:\/\/coach4expats.com\/wp-content\/uploads\/2026\/01\/The-Great-Global-Upskill-800x533.jpg 800w, https:\/\/coach4expats.com\/wp-content\/uploads\/2026\/01\/The-Great-Global-Upskill-768x512.jpg 768w\" sizes=\"auto, (max-width: 1500px) 100vw, 1500px\" \/><\/a><\/figure>\n\n<h2 class=\"gb-headline gb-headline-a4f6210c gb-headline-text\"><a href=\"https:\/\/coach4expats.com\/fr\/post\/comprendre-les-contrats-de-travail-aux-pays-bas-un-guide-complet-2\/\">Comprendre les contrats de travail aux Pays-Bas : Un guide complet<\/a><\/h2>\n\n<div class=\"gb-headline gb-headline-c97a8a00 gb-headline-text\">Europe Travel Changes: What Expats Need to Know About the New Digital Border System There are moments in life when [&hellip;]<\/div>\n<\/div><\/div>\n\n<div class=\"gb-grid-column gb-grid-column-2e95d351 gb-query-loop-item post-17055 post type-post status-publish format-standard has-post-thumbnail hentry category-articles-de-blog\"><div class=\"gb-container gb-container-2e95d351\">\n<figure class=\"gb-block-image gb-block-image-3a8770b0\"><a href=\"https:\/\/coach4expats.com\/fr\/post\/comprendre-les-contrats-de-travail-aux-pays-bas-un-guide-complet\/\"><img loading=\"lazy\" decoding=\"async\" width=\"2048\" height=\"1367\" src=\"https:\/\/coach4expats.com\/wp-content\/uploads\/2025\/11\/New-Digital-Border-System.jpg\" class=\"gb-image-3a8770b0\" alt=\"New Digital Border System\" srcset=\"https:\/\/coach4expats.com\/wp-content\/uploads\/2025\/11\/New-Digital-Border-System.jpg 2048w, https:\/\/coach4expats.com\/wp-content\/uploads\/2025\/11\/New-Digital-Border-System-300x200.jpg 300w, https:\/\/coach4expats.com\/wp-content\/uploads\/2025\/11\/New-Digital-Border-System-800x534.jpg 800w, https:\/\/coach4expats.com\/wp-content\/uploads\/2025\/11\/New-Digital-Border-System-768x513.jpg 768w, https:\/\/coach4expats.com\/wp-content\/uploads\/2025\/11\/New-Digital-Border-System-1536x1025.jpg 1536w\" sizes=\"auto, (max-width: 2048px) 100vw, 2048px\" \/><\/a><\/figure>\n\n<h2 class=\"gb-headline gb-headline-a4f6210c gb-headline-text\"><a href=\"https:\/\/coach4expats.com\/fr\/post\/comprendre-les-contrats-de-travail-aux-pays-bas-un-guide-complet\/\">Comprendre les contrats de travail aux Pays-Bas : Un guide complet<\/a><\/h2>\n\n<div class=\"gb-headline gb-headline-c97a8a00 gb-headline-text\">Comprendre les contrats de travail aux Pays-Bas : Un guide complet Commencer un nouvel emploi est toujours un m\u00e9lange d&rsquo;excitation [&hellip;]<\/div>\n<\/div><\/div>\n\n<div class=\"gb-grid-column gb-grid-column-2e95d351 gb-query-loop-item post-15916 post type-post status-publish format-standard has-post-thumbnail hentry category-articles-de-blog\"><div class=\"gb-container gb-container-2e95d351\">\n<figure class=\"gb-block-image gb-block-image-3a8770b0\"><a href=\"https:\/\/coach4expats.com\/fr\/post\/travailler-au-dela-des-cultures-comment-communiquer-eviter-les-malentendus-et-construire-des-equipes-solides-15\/\"><img loading=\"lazy\" decoding=\"async\" width=\"1500\" height=\"1000\" src=\"https:\/\/coach4expats.com\/wp-content\/uploads\/2025\/11\/Understanding-Work-Contracts-in-the-Netherlands.jpg\" class=\"gb-image-3a8770b0\" alt=\"Understanding Work Contracts in the Netherlands\" srcset=\"https:\/\/coach4expats.com\/wp-content\/uploads\/2025\/11\/Understanding-Work-Contracts-in-the-Netherlands.jpg 1500w, https:\/\/coach4expats.com\/wp-content\/uploads\/2025\/11\/Understanding-Work-Contracts-in-the-Netherlands-300x200.jpg 300w, https:\/\/coach4expats.com\/wp-content\/uploads\/2025\/11\/Understanding-Work-Contracts-in-the-Netherlands-800x533.jpg 800w, https:\/\/coach4expats.com\/wp-content\/uploads\/2025\/11\/Understanding-Work-Contracts-in-the-Netherlands-768x512.jpg 768w\" sizes=\"auto, (max-width: 1500px) 100vw, 1500px\" \/><\/a><\/figure>\n\n<h2 class=\"gb-headline gb-headline-a4f6210c gb-headline-text\"><a href=\"https:\/\/coach4expats.com\/fr\/post\/travailler-au-dela-des-cultures-comment-communiquer-eviter-les-malentendus-et-construire-des-equipes-solides-15\/\">Comprendre les contrats de travail aux Pays-Bas : Un guide complet<\/a><\/h2>\n\n<div class=\"gb-headline gb-headline-c97a8a00 gb-headline-text\">Comprendre les contrats de travail aux Pays-Bas : Un guide complet Commencer un nouvel emploi est toujours un m\u00e9lange d&rsquo;excitation [&hellip;]<\/div>\n<\/div><\/div>\n\n<div class=\"gb-grid-column gb-grid-column-2e95d351 gb-query-loop-item post-15817 post type-post status-publish format-standard has-post-thumbnail hentry category-articles-de-blog\"><div class=\"gb-container gb-container-2e95d351\">\n<figure class=\"gb-block-image gb-block-image-3a8770b0\"><a href=\"https:\/\/coach4expats.com\/fr\/post\/travailler-au-dela-des-cultures-comment-communiquer-eviter-les-malentendus-et-construire-des-equipes-solides-14\/\"><img loading=\"lazy\" decoding=\"async\" width=\"1920\" height=\"1080\" src=\"https:\/\/coach4expats.com\/wp-content\/uploads\/2025\/10\/Reverse-Hiring-and-Get-Noticed-by-Employers-Abroad.png\" class=\"gb-image-3a8770b0\" alt=\"Reverse Hiring and Get Noticed by Employers Abroad\" srcset=\"https:\/\/coach4expats.com\/wp-content\/uploads\/2025\/10\/Reverse-Hiring-and-Get-Noticed-by-Employers-Abroad.png 1920w, https:\/\/coach4expats.com\/wp-content\/uploads\/2025\/10\/Reverse-Hiring-and-Get-Noticed-by-Employers-Abroad-300x169.png 300w, https:\/\/coach4expats.com\/wp-content\/uploads\/2025\/10\/Reverse-Hiring-and-Get-Noticed-by-Employers-Abroad-800x450.png 800w, https:\/\/coach4expats.com\/wp-content\/uploads\/2025\/10\/Reverse-Hiring-and-Get-Noticed-by-Employers-Abroad-768x432.png 768w, https:\/\/coach4expats.com\/wp-content\/uploads\/2025\/10\/Reverse-Hiring-and-Get-Noticed-by-Employers-Abroad-1536x864.png 1536w\" sizes=\"auto, (max-width: 1920px) 100vw, 1920px\" \/><\/a><\/figure>\n\n<h2 class=\"gb-headline gb-headline-a4f6210c gb-headline-text\"><a href=\"https:\/\/coach4expats.com\/fr\/post\/travailler-au-dela-des-cultures-comment-communiquer-eviter-les-malentendus-et-construire-des-equipes-solides-14\/\">Fatigu\u00e9 des demandes d&#8217;emploi ? Essayez l&#8217;embauche invers\u00e9e et faites-vous remarquer par les employeurs \u00e0 l&rsquo;\u00e9tranger.<\/a><\/h2>\n\n<div class=\"gb-headline gb-headline-c97a8a00 gb-headline-text\">Fatigu\u00e9 des demandes d&#8217;emploi ? Essayez l&#8217;embauche invers\u00e9e et faites-vous remarquer par les employeurs \u00e0 l&rsquo;\u00e9tranger. Cette situation vous est [&hellip;]<\/div>\n<\/div><\/div>\n\n<div class=\"gb-grid-column gb-grid-column-2e95d351 gb-query-loop-item post-15709 post type-post status-publish format-standard has-post-thumbnail hentry category-articles-de-blog\"><div class=\"gb-container gb-container-2e95d351\">\n<figure class=\"gb-block-image gb-block-image-3a8770b0\"><a href=\"https:\/\/coach4expats.com\/fr\/post\/travailler-au-dela-des-cultures-comment-communiquer-eviter-les-malentendus-et-construire-des-equipes-solides-13\/\"><img loading=\"lazy\" decoding=\"async\" width=\"1500\" height=\"1000\" src=\"https:\/\/coach4expats.com\/wp-content\/uploads\/2025\/10\/Pension-Plans-for-Expats-in-Europe.jpg\" class=\"gb-image-3a8770b0\" alt=\"Pension Plans for Expats in Europe\" srcset=\"https:\/\/coach4expats.com\/wp-content\/uploads\/2025\/10\/Pension-Plans-for-Expats-in-Europe.jpg 1500w, https:\/\/coach4expats.com\/wp-content\/uploads\/2025\/10\/Pension-Plans-for-Expats-in-Europe-300x200.jpg 300w, https:\/\/coach4expats.com\/wp-content\/uploads\/2025\/10\/Pension-Plans-for-Expats-in-Europe-800x533.jpg 800w, https:\/\/coach4expats.com\/wp-content\/uploads\/2025\/10\/Pension-Plans-for-Expats-in-Europe-768x512.jpg 768w\" sizes=\"auto, (max-width: 1500px) 100vw, 1500px\" \/><\/a><\/figure>\n\n<h2 class=\"gb-headline gb-headline-a4f6210c gb-headline-text\"><a href=\"https:\/\/coach4expats.com\/fr\/post\/travailler-au-dela-des-cultures-comment-communiquer-eviter-les-malentendus-et-construire-des-equipes-solides-13\/\">R\u00e9gimes de pension pour les expatri\u00e9s en Europe : comment assurer votre avenir<\/a><\/h2>\n\n<div class=\"gb-headline gb-headline-c97a8a00 gb-headline-text\">R\u00e9gimes de pension pour les expatri\u00e9s en Europe : comment assurer votre avenir Lorsque Maria a quitt\u00e9 Chicago pour s&rsquo;installer [&hellip;]<\/div>\n<\/div><\/div>\n\n<div class=\"gb-grid-column gb-grid-column-2e95d351 gb-query-loop-item post-15312 post type-post status-publish format-standard has-post-thumbnail hentry category-articles-de-blog\"><div class=\"gb-container gb-container-2e95d351\">\n<figure class=\"gb-block-image gb-block-image-3a8770b0\"><a href=\"https:\/\/coach4expats.com\/fr\/post\/travailler-au-dela-des-cultures-comment-communiquer-eviter-les-malentendus-et-construire-des-equipes-solides-12\/\"><img loading=\"lazy\" decoding=\"async\" width=\"1640\" height=\"924\" src=\"https:\/\/coach4expats.com\/wp-content\/uploads\/2025\/10\/Expat-or-Digital-Nomad.png\" class=\"gb-image-3a8770b0\" alt=\"Expat or Digital Nomad\" srcset=\"https:\/\/coach4expats.com\/wp-content\/uploads\/2025\/10\/Expat-or-Digital-Nomad.png 1640w, https:\/\/coach4expats.com\/wp-content\/uploads\/2025\/10\/Expat-or-Digital-Nomad-300x169.png 300w, https:\/\/coach4expats.com\/wp-content\/uploads\/2025\/10\/Expat-or-Digital-Nomad-800x451.png 800w, https:\/\/coach4expats.com\/wp-content\/uploads\/2025\/10\/Expat-or-Digital-Nomad-768x433.png 768w, https:\/\/coach4expats.com\/wp-content\/uploads\/2025\/10\/Expat-or-Digital-Nomad-1536x865.png 1536w\" sizes=\"auto, (max-width: 1640px) 100vw, 1640px\" \/><\/a><\/figure>\n\n<h2 class=\"gb-headline gb-headline-a4f6210c gb-headline-text\"><a href=\"https:\/\/coach4expats.com\/fr\/post\/travailler-au-dela-des-cultures-comment-communiquer-eviter-les-malentendus-et-construire-des-equipes-solides-12\/\">Expatri\u00e9 ou nomade num\u00e9rique ? Les principales diff\u00e9rences \u00e0 conna\u00eetre avant de partir \u00e0 l&rsquo;\u00e9tranger en 2026<\/a><\/h2>\n\n<div class=\"gb-headline gb-headline-c97a8a00 gb-headline-text\">Expatri\u00e9 ou nomade num\u00e9rique ? Les principales diff\u00e9rences \u00e0 conna\u00eetre avant de partir \u00e0 l&rsquo;\u00e9tranger en 2026 Vous h\u00e9sitez entre [&hellip;]<\/div>\n<\/div><\/div>\n\n<div class=\"gb-grid-column gb-grid-column-2e95d351 gb-query-loop-item post-15174 post type-post status-publish format-standard has-post-thumbnail hentry category-articles-de-blog\"><div class=\"gb-container gb-container-2e95d351\">\n<figure class=\"gb-block-image gb-block-image-3a8770b0\"><a href=\"https:\/\/coach4expats.com\/fr\/post\/travailler-au-dela-des-cultures-comment-communiquer-eviter-les-malentendus-et-construire-des-equipes-solides-11\/\"><img loading=\"lazy\" decoding=\"async\" width=\"1500\" height=\"1000\" src=\"https:\/\/coach4expats.com\/wp-content\/uploads\/2025\/09\/Global-Mobility-Trends-2026.png\" class=\"gb-image-3a8770b0\" alt=\"Global Mobility Trends 2026\" srcset=\"https:\/\/coach4expats.com\/wp-content\/uploads\/2025\/09\/Global-Mobility-Trends-2026.png 1500w, https:\/\/coach4expats.com\/wp-content\/uploads\/2025\/09\/Global-Mobility-Trends-2026-300x200.png 300w, https:\/\/coach4expats.com\/wp-content\/uploads\/2025\/09\/Global-Mobility-Trends-2026-800x533.png 800w, https:\/\/coach4expats.com\/wp-content\/uploads\/2025\/09\/Global-Mobility-Trends-2026-768x512.png 768w\" sizes=\"auto, (max-width: 1500px) 100vw, 1500px\" \/><\/a><\/figure>\n\n<h2 class=\"gb-headline gb-headline-a4f6210c gb-headline-text\"><a href=\"https:\/\/coach4expats.com\/fr\/post\/travailler-au-dela-des-cultures-comment-communiquer-eviter-les-malentendus-et-construire-des-equipes-solides-11\/\">Tendances mondiales de la mobilit\u00e9 2026 : des lieux de vie abordables et accueillants<\/a><\/h2>\n\n<div class=\"gb-headline gb-headline-c97a8a00 gb-headline-text\">Tendances mondiales de la mobilit\u00e9 2026 : des lieux de vie abordables et accueillants Lorsque les Nguyen ont atterri \u00e0 [&hellip;]<\/div>\n<\/div><\/div>\n<\/div>\n\n<div class=\"gb-container gb-container-bb1e4613 gb-query-loop-pagination\">\n\n\n<span class=\"gb-button gb-button-cb7d6de5 gb-button-text page-numbers gb-block-is-current\" aria-current=\"page\">1<\/span><a class=\"gb-button gb-button-cb7d6de5 gb-button-text page-numbers\" href=\"?query-d9115f00-page=2\">2<\/a><a class=\"gb-button gb-button-cb7d6de5 gb-button-text page-numbers\" href=\"?query-d9115f00-page=3\">3<\/a><span class=\"gb-button gb-button-cb7d6de5 gb-button-text page-numbers dots\">\u2026<\/span><a class=\"gb-button gb-button-cb7d6de5 gb-button-text page-numbers\" href=\"?query-d9115f00-page=7\">7<\/a>\n\n<a class=\"gb-button gb-button-9e0aaeea gb-button-text\" href=\"\/fr\/wp-json\/wp\/v2\/pages\/926?query-d9115f00-page=2\">Suivant<\/a>\n<\/div>\n\n<\/div>\n<\/div>","protected":false},"excerpt":{"rendered":"<p>L&rsquo;Expat Insider : Votre guide pour vivre, travailler et prosp\u00e9rer \u00e0 l&rsquo;\u00e9tranger Obtenez des astuces d&rsquo;initi\u00e9s, des conseils d&rsquo;experts et [&hellip;]<\/p>\n","protected":false},"author":3,"featured_media":2622,"parent":0,"menu_order":0,"comment_status":"closed","ping_status":"closed","template":"","meta":{"_uag_custom_page_level_css":"","site-sidebar-layout":"default","site-content-layout":"","ast-site-content-layout":"","site-content-style":"default","site-sidebar-style":"default","ast-global-header-display":"","ast-banner-title-visibility":"","ast-main-header-display":"","ast-hfb-above-header-display":"","ast-hfb-below-header-display":"","ast-hfb-mobile-header-display":"","site-post-title":"disabled","ast-breadcrumbs-content":"","ast-featured-img":"disabled","footer-sml-layout":"","ast-disable-related-posts":"","theme-transparent-header-meta":"","adv-header-id-meta":"","stick-header-meta":"","header-above-stick-meta":"","header-main-stick-meta":"","header-below-stick-meta":"","astra-migrate-meta-layouts":"default","ast-page-background-enabled":"default","ast-page-background-meta":{"desktop":{"background-color":"var(--ast-global-color-4)","background-image":"","background-repeat":"repeat","background-position":"center center","background-size":"auto","background-attachment":"scroll","background-type":"","background-media":"","overlay-type":"","overlay-color":"","overlay-opacity":"","overlay-gradient":""},"tablet":{"background-color":"","background-image":"","background-repeat":"repeat","background-position":"center center","background-size":"auto","background-attachment":"scroll","background-type":"","background-media":"","overlay-type":"","overlay-color":"","overlay-opacity":"","overlay-gradient":""},"mobile":{"background-color":"","background-image":"","background-repeat":"repeat","background-position":"center center","background-size":"auto","background-attachment":"scroll","background-type":"","background-media":"","overlay-type":"","overlay-color":"","overlay-opacity":"","overlay-gradient":""}},"ast-content-background-meta":{"desktop":{"background-color":"var(--ast-global-color-5)","background-image":"","background-repeat":"repeat","background-position":"center center","background-size":"auto","background-attachment":"scroll","background-type":"","background-media":"","overlay-type":"","overlay-color":"","overlay-opacity":"","overlay-gradient":""},"tablet":{"background-color":"var(--ast-global-color-5)","background-image":"","background-repeat":"repeat","background-position":"center center","background-size":"auto","background-attachment":"scroll","background-type":"","background-media":"","overlay-type":"","overlay-color":"","overlay-opacity":"","overlay-gradient":""},"mobile":{"background-color":"var(--ast-global-color-5)","background-image":"","background-repeat":"repeat","background-position":"center center","background-size":"auto","background-attachment":"scroll","background-type":"","background-media":"","overlay-type":"","overlay-color":"","overlay-opacity":"","overlay-gradient":""}},"footnotes":""},"class_list":["post-926","page","type-page","status-publish","has-post-thumbnail","hentry"],"uagb_featured_image_src":{"full":["https:\/\/coach4expats.com\/wp-content\/uploads\/2024\/10\/map-illustration-269790-scaled.jpg",2560,1703,false],"thumbnail":["https:\/\/coach4expats.com\/wp-content\/uploads\/2024\/10\/map-illustration-269790-150x150.jpg",150,150,true],"medium":["https:\/\/coach4expats.com\/wp-content\/uploads\/2024\/10\/map-illustration-269790-300x200.jpg",300,200,true],"medium_large":["https:\/\/coach4expats.com\/wp-content\/uploads\/2024\/10\/map-illustration-269790-768x511.jpg",768,511,true],"large":["https:\/\/coach4expats.com\/wp-content\/uploads\/2024\/10\/map-illustration-269790-1024x681.jpg",800,532,true],"1536x1536":["https:\/\/coach4expats.com\/wp-content\/uploads\/2024\/10\/map-illustration-269790-1536x1022.jpg",1536,1022,true],"2048x2048":["https:\/\/coach4expats.com\/wp-content\/uploads\/2024\/10\/map-illustration-269790-2048x1363.jpg",2048,1363,true],"widget-thumbnail":["https:\/\/coach4expats.com\/wp-content\/uploads\/2024\/10\/map-illustration-269790-75x75.jpg",75,75,true]},"uagb_author_info":{"display_name":"Mariel Schaab","author_link":"https:\/\/coach4expats.com\/fr\/author\/mariel\/"},"uagb_comment_info":0,"uagb_excerpt":"L&rsquo;Expat Insider : Votre guide pour vivre, travailler et prosp\u00e9rer \u00e0 l&rsquo;\u00e9tranger Obtenez des astuces d&rsquo;initi\u00e9s, des conseils d&rsquo;experts et [&hellip;]","_links":{"self":[{"href":"https:\/\/coach4expats.com\/fr\/wp-json\/wp\/v2\/pages\/926","targetHints":{"allow":["GET"]}}],"collection":[{"href":"https:\/\/coach4expats.com\/fr\/wp-json\/wp\/v2\/pages"}],"about":[{"href":"https:\/\/coach4expats.com\/fr\/wp-json\/wp\/v2\/types\/page"}],"author":[{"embeddable":true,"href":"https:\/\/coach4expats.com\/fr\/wp-json\/wp\/v2\/users\/3"}],"replies":[{"embeddable":true,"href":"https:\/\/coach4expats.com\/fr\/wp-json\/wp\/v2\/comments?post=926"}],"version-history":[{"count":5,"href":"https:\/\/coach4expats.com\/fr\/wp-json\/wp\/v2\/pages\/926\/revisions"}],"predecessor-version":[{"id":8612,"href":"https:\/\/coach4expats.com\/fr\/wp-json\/wp\/v2\/pages\/926\/revisions\/8612"}],"wp:featuredmedia":[{"embeddable":true,"href":"https:\/\/coach4expats.com\/fr\/wp-json\/wp\/v2\/media\/2622"}],"wp:attachment":[{"href":"https:\/\/coach4expats.com\/fr\/wp-json\/wp\/v2\/media?parent=926"}],"curies":[{"name":"wp","href":"https:\/\/api.w.org\/{rel}","templated":true}]}}