{"id":956,"date":"2024-09-30T22:05:03","date_gmt":"2024-09-30T20:05:03","guid":{"rendered":"https:\/\/coach4expats.com\/service-vip-job-search-revolution\/"},"modified":"2025-04-14T13:57:59","modified_gmt":"2025-04-14T11:57:59","slug":"service-vip-job-search-revolution","status":"publish","type":"page","link":"https:\/\/coach4expats.com\/fr\/service-vip-job-search-revolution\/","title":{"rendered":"DIAMANT : Un paquet sp\u00e9cial pour vous !"},"content":{"rendered":"\n<div class=\"wp-block-uagb-container uagb-block-2b5d30df alignfull uagb-is-root-container\">\n<div class=\"wp-block-uagb-container uagb-block-98f35fb6\">\n<div data-aos= \"zoom-in-up\" data-aos-duration=\"400\" data-aos-delay=\"0\" data-aos-easing=\"ease\" data-aos-once=\"true\" class=\"wp-block-uagb-info-box uagb-block-789ca1ae uagb-infobox__content-wrap  uagb-infobox-icon-above-title uagb-infobox-image-valign-top\"><div class=\"uagb-ifb-content\"><div class=\"uagb-ifb-title-wrap\"><h1 class=\"uagb-ifb-title\">DIAMANT :<br\/>Pack sp\u00e9cial pour vous !<\/h1><\/div><p class=\"uagb-ifb-desc\">Boostez votre recherche d&#8217;emploi avec notre offre exclusive. <br\/><br\/>Acc\u00e9dez \u00e0 une Masterclass sur la recherche d&#8217;emploi, \u00e0 des mod\u00e8les de CV et \u00e0 des \u00e9valuations professionnelles pour mettre en valeur votre profil. Rejoignez notre communaut\u00e9 exclusive et b\u00e9n\u00e9ficiez de conseils personnalis\u00e9s, de ressources pour les entretiens et d&rsquo;un r\u00e9seau. De plus, profitez d&rsquo;avantages premium tels que LinkedIn PRO et un coaching de r\u00e9orientation de carri\u00e8re.  <\/p><\/div><\/div>\n\n\n\n<div class=\"wp-block-uagb-container uagb-block-d4fcf435\"><style>.wp-block-kadence-advancedheading.kt-adv-heading763_35e66f-ca, .wp-block-kadence-advancedheading.kt-adv-heading763_35e66f-ca[data-kb-block=\"kb-adv-heading763_35e66f-ca\"]{margin-bottom:0px;text-align:center;font-size:var(--global-kb-font-size-md, 1.25rem);font-style:normal;}.wp-block-kadence-advancedheading.kt-adv-heading763_35e66f-ca mark.kt-highlight, .wp-block-kadence-advancedheading.kt-adv-heading763_35e66f-ca[data-kb-block=\"kb-adv-heading763_35e66f-ca\"] mark.kt-highlight{font-style:normal;color:#f76a0c;-webkit-box-decoration-break:clone;box-decoration-break:clone;padding-top:0px;padding-right:0px;padding-bottom:0px;padding-left:0px;}.wp-block-kadence-advancedheading.kt-adv-heading763_35e66f-ca img.kb-inline-image, .wp-block-kadence-advancedheading.kt-adv-heading763_35e66f-ca[data-kb-block=\"kb-adv-heading763_35e66f-ca\"] img.kb-inline-image{width:150px;vertical-align:baseline;}@media all and (max-width: 767px){.wp-block-kadence-advancedheading.kt-adv-heading763_35e66f-ca, .wp-block-kadence-advancedheading.kt-adv-heading763_35e66f-ca[data-kb-block=\"kb-adv-heading763_35e66f-ca\"]{padding-bottom:0px;margin-bottom:0px;}}<\/style>\n<h2 class=\"kt-adv-heading763_35e66f-ca wp-block-kadence-advancedheading has-ast-global-color-3-color has-text-color\" data-kb-block=\"kb-adv-heading763_35e66f-ca\">699,99 \u20ac + TVA<\/h2>\n<\/div>\n<\/div>\n\n\n\n<div data-aos= \"zoom-in-up\" data-aos-duration=\"400\" data-aos-delay=\"0\" data-aos-easing=\"ease\" data-aos-once=\"true\" class=\"wp-block-uagb-container uagb-block-27e6153e\"><\/div>\n<\/div>\n\n<div class=\"wp-block-uagb-container uagb-block-5b7b18c7 alignfull uagb-is-root-container\"><div class=\"uagb-container-inner-blocks-wrap\">\n<div data-aos= \"zoom-in-up\" data-aos-duration=\"400\" data-aos-delay=\"0\" data-aos-easing=\"ease\" data-aos-once=\"true\" class=\"wp-block-uagb-container uagb-block-3f7988e4\">\n<p class=\" eplus-wrapper\"><strong>Avantages :<\/strong><br\/><br\/>\ud83d\udcda Acc\u00e8s \u00e0 la Masterclass sur la recherche d&#8217;emploi de 140 minutes (pr\u00e9enregistr\u00e9e, en ligne).<br\/>\ud83d\udcc4 Mod\u00e8les de CV <br\/>\u2705 Cr\u00e9ation et r\u00e9vision de CV <br\/>\ud83c\udf10 Acc\u00e8s \u00e0 la communaut\u00e9 exclusive des clients.<br\/>\ud83d\udcdd Cr\u00e9ation et r\u00e9vision de la Lettre de motivation. <br\/>\ud83d\udcca Cr\u00e9ation et r\u00e9vision du Business Case <br\/>\ud83e\udd1d 4 (quatre) sessions de coaching de carri\u00e8re personnalis\u00e9<br\/>\ud83d\udcbc Session de coaching d&rsquo;entretien et ressources pour les entretiens d&#8217;embauche.<br\/>\ud83e\udd1d Ressources pour g\u00e9n\u00e9rer des r\u00e9seaux d&#8217;emploi et de contacts<br\/>\ud83d\udd0d LinkedIn PRO : Votre profil LinkedIn va briller !<br\/>\ud83d\udd04 Sessions de coaching de r\u00e9orientation de carri\u00e8re et de coaching professionnel. <br\/>\ud83d\ude80 Acc\u00e8s VIP Premium \u00e0 la plateforme de recherche d&#8217;emploi du futur : Service JOB SEARCH REVOLUTION. <br\/><br\/><strong>Le plan \u00a0\u00bb Job Search Revolution \u00a0\u00bb comprend : <\/strong><br\/>\u2705Acc\u00e8s \u00e0 1 (une) heure de cours en ligne sur la r\u00e9volution de la recherche d&#8217;emploi.<br\/>\u2705Mod\u00e8les de s\u00e9quence pour l&rsquo;automatisation.<br\/>\u27051 (une) session de coaching personnalis\u00e9 pour la mise en place et l&rsquo;ex\u00e9cution du programme.<br\/>\u27051 (un) mois de soutien et de suivi de la part de l&rsquo;\u00e9quipe Coach4Expats.<\/p>\n<\/div>\n\n\n\n<div class=\"wp-block-uagb-container uagb-block-a8cba11f\">\n<div class=\"wp-block-uagb-buttons uagb-buttons__outer-wrap uagb-btn__default-btn uagb-btn-tablet__default-btn uagb-btn-mobile__default-btn uagb-block-17c25f61\"><div class=\"uagb-buttons__wrap uagb-buttons-layout-wrap \">\n<div data-aos= \"zoom-in-up\" data-aos-duration=\"400\" data-aos-delay=\"0\" data-aos-easing=\"ease\" data-aos-once=\"true\" class=\"wp-block-uagb-buttons-child uagb-buttons__outer-wrap uagb-block-ffa77910 wp-block-button\"><div class=\"uagb-button__wrapper\"><a class=\"uagb-buttons-repeater wp-block-button__link\" aria-label=\"\" href=\"https:\/\/coach4expats.com\/wp-content\/uploads\/2025\/03\/Coach4Expats-Services-Overview-French.pdf\" rel=\"follow noopener\" target=\"_blank\" role=\"button\"><div class=\"uagb-button__link\">BROCHURE SUR LES SERVICES<\/div><\/a><\/div><\/div>\n\n\n\n<div data-aos= \"zoom-in-up\" data-aos-duration=\"400\" data-aos-delay=\"0\" data-aos-easing=\"ease\" data-aos-once=\"true\" class=\"wp-block-uagb-buttons-child uagb-buttons__outer-wrap uagb-block-ead62866 wp-block-button\"><div class=\"uagb-button__wrapper\"><a class=\"uagb-buttons-repeater wp-block-button__link\" aria-label=\"\" href=\"https:\/\/coach4expats.com\/wp-content\/uploads\/2025\/03\/Coach4expats-How-we-work-French.pdf\" rel=\"follow noopener\" target=\"_blank\" role=\"button\"><div class=\"uagb-button__link\">M\u00c9THODOLOGIE DE TRAVAIL<\/div><\/a><\/div><\/div>\n<\/div><\/div>\n<\/div>\n<\/div><\/div>\n\n<div class=\"wp-block-uagb-container uagb-block-0b94198b alignfull uagb-is-root-container\"><div class=\"uagb-container-inner-blocks-wrap\">\n<p class=\" has-text-align-center eplus-wrapper\"><strong>IMPORTANT : TOUTES LES R\u00c9SERVATIONS SUR CE SITE SONT EFFECTU\u00c9ES SUR LE FUSEAU HORAIRE SUIVANT : <br\/>Amsterdam CET (UTC +1)<\/strong><\/p>\n\n\n\n<div class=\"wp-block-uagb-container uagb-block-a8bea360 alignwide uagb-is-root-container\">\n<div class=\"wp-block-booknetic-booking\">[booknetic service=\u00a0\u00bb2&Prime; location=\u00a0\u00bb2&Prime;]<\/div>\n<\/div>\n<\/div><\/div>\n","protected":false},"excerpt":{"rendered":"<p>699,99 \u20ac + TVA Avantages : \ud83d\udcda Acc\u00e8s \u00e0 la Masterclass sur la recherche d&#8217;emploi de 140 minutes (pr\u00e9enregistr\u00e9e, en [&hellip;]<\/p>\n","protected":false},"author":3,"featured_media":635,"parent":0,"menu_order":0,"comment_status":"closed","ping_status":"closed","template":"","meta":{"_uag_custom_page_level_css":"","site-sidebar-layout":"default","site-content-layout":"","ast-site-content-layout":"full-width-container","site-content-style":"default","site-sidebar-style":"default","ast-global-header-display":"","ast-banner-title-visibility":"","ast-main-header-display":"","ast-hfb-above-header-display":"","ast-hfb-below-header-display":"","ast-hfb-mobile-header-display":"","site-post-title":"disabled","ast-breadcrumbs-content":"","ast-featured-img":"disabled","footer-sml-layout":"","ast-disable-related-posts":"","theme-transparent-header-meta":"","adv-header-id-meta":"","stick-header-meta":"","header-above-stick-meta":"","header-main-stick-meta":"","header-below-stick-meta":"","astra-migrate-meta-layouts":"default","ast-page-background-enabled":"default","ast-page-background-meta":{"desktop":{"background-color":"var(--ast-global-color-4)","background-image":"","background-repeat":"repeat","background-position":"center center","background-size":"auto","background-attachment":"scroll","background-type":"","background-media":"","overlay-type":"","overlay-color":"","overlay-opacity":"","overlay-gradient":""},"tablet":{"background-color":"","background-image":"","background-repeat":"repeat","background-position":"center center","background-size":"auto","background-attachment":"scroll","background-type":"","background-media":"","overlay-type":"","overlay-color":"","overlay-opacity":"","overlay-gradient":""},"mobile":{"background-color":"","background-image":"","background-repeat":"repeat","background-position":"center center","background-size":"auto","background-attachment":"scroll","background-type":"","background-media":"","overlay-type":"","overlay-color":"","overlay-opacity":"","overlay-gradient":""}},"ast-content-background-meta":{"desktop":{"background-color":"var(--ast-global-color-5)","background-image":"","background-repeat":"repeat","background-position":"center center","background-size":"auto","background-attachment":"scroll","background-type":"","background-media":"","overlay-type":"","overlay-color":"","overlay-opacity":"","overlay-gradient":""},"tablet":{"background-color":"var(--ast-global-color-5)","background-image":"","background-repeat":"repeat","background-position":"center center","background-size":"auto","background-attachment":"scroll","background-type":"","background-media":"","overlay-type":"","overlay-color":"","overlay-opacity":"","overlay-gradient":""},"mobile":{"background-color":"var(--ast-global-color-5)","background-image":"","background-repeat":"repeat","background-position":"center center","background-size":"auto","background-attachment":"scroll","background-type":"","background-media":"","overlay-type":"","overlay-color":"","overlay-opacity":"","overlay-gradient":""}},"footnotes":""},"class_list":["post-956","page","type-page","status-publish","has-post-thumbnail","hentry"],"uagb_featured_image_src":{"full":["https:\/\/coach4expats.com\/wp-content\/uploads\/2024\/09\/20230914-StudioTRIX-Coach4Expats-93_edited.jpg",1024,915,false],"thumbnail":["https:\/\/coach4expats.com\/wp-content\/uploads\/2024\/09\/20230914-StudioTRIX-Coach4Expats-93_edited-150x150.jpg",150,150,true],"medium":["https:\/\/coach4expats.com\/wp-content\/uploads\/2024\/09\/20230914-StudioTRIX-Coach4Expats-93_edited-300x268.jpg",300,268,true],"medium_large":["https:\/\/coach4expats.com\/wp-content\/uploads\/2024\/09\/20230914-StudioTRIX-Coach4Expats-93_edited-768x686.jpg",768,686,true],"large":["https:\/\/coach4expats.com\/wp-content\/uploads\/2024\/09\/20230914-StudioTRIX-Coach4Expats-93_edited.jpg",671,600,false],"1536x1536":["https:\/\/coach4expats.com\/wp-content\/uploads\/2024\/09\/20230914-StudioTRIX-Coach4Expats-93_edited.jpg",1024,915,false],"2048x2048":["https:\/\/coach4expats.com\/wp-content\/uploads\/2024\/09\/20230914-StudioTRIX-Coach4Expats-93_edited.jpg",1024,915,false],"widget-thumbnail":["https:\/\/coach4expats.com\/wp-content\/uploads\/2024\/09\/20230914-StudioTRIX-Coach4Expats-93_edited-75x75.jpg",75,75,true]},"uagb_author_info":{"display_name":"Mariel Schaab","author_link":"https:\/\/coach4expats.com\/fr\/author\/mariel\/"},"uagb_comment_info":0,"uagb_excerpt":"699,99 \u20ac + TVA Avantages : \ud83d\udcda Acc\u00e8s \u00e0 la Masterclass sur la recherche d&#8217;emploi de 140 minutes (pr\u00e9enregistr\u00e9e, en [&hellip;]","_links":{"self":[{"href":"https:\/\/coach4expats.com\/fr\/wp-json\/wp\/v2\/pages\/956","targetHints":{"allow":["GET"]}}],"collection":[{"href":"https:\/\/coach4expats.com\/fr\/wp-json\/wp\/v2\/pages"}],"about":[{"href":"https:\/\/coach4expats.com\/fr\/wp-json\/wp\/v2\/types\/page"}],"author":[{"embeddable":true,"href":"https:\/\/coach4expats.com\/fr\/wp-json\/wp\/v2\/users\/3"}],"replies":[{"embeddable":true,"href":"https:\/\/coach4expats.com\/fr\/wp-json\/wp\/v2\/comments?post=956"}],"version-history":[{"count":5,"href":"https:\/\/coach4expats.com\/fr\/wp-json\/wp\/v2\/pages\/956\/revisions"}],"predecessor-version":[{"id":12759,"href":"https:\/\/coach4expats.com\/fr\/wp-json\/wp\/v2\/pages\/956\/revisions\/12759"}],"wp:featuredmedia":[{"embeddable":true,"href":"https:\/\/coach4expats.com\/fr\/wp-json\/wp\/v2\/media\/635"}],"wp:attachment":[{"href":"https:\/\/coach4expats.com\/fr\/wp-json\/wp\/v2\/media?parent=956"}],"curies":[{"name":"wp","href":"https:\/\/api.w.org\/{rel}","templated":true}]}}