{"id":1375,"date":"2024-10-02T12:58:34","date_gmt":"2024-10-02T10:58:34","guid":{"rendered":"https:\/\/coach4expats.com\/job-advies-lokale-arbeidsmarkten-arbeidsovereenkomsten-en-arbeidsgeschillen\/"},"modified":"2025-04-14T15:47:22","modified_gmt":"2025-04-14T13:47:22","slug":"job-advies-lokale-arbeidsmarkten-arbeidsovereenkomsten-en-arbeidsgeschillen","status":"publish","type":"page","link":"https:\/\/coach4expats.com\/nl\/job-advies-lokale-arbeidsmarkten-arbeidsovereenkomsten-en-arbeidsgeschillen\/","title":{"rendered":"Job Advies: Lokale arbeidsmarkten, arbeidsovereenkomsten en arbeidsgeschillen"},"content":{"rendered":"\n<div class=\"wp-block-uagb-container uagb-block-2b5d30df alignfull uagb-is-root-container\">\n<div class=\"wp-block-uagb-container uagb-block-98f35fb6\">\n<div data-aos= \"zoom-in-up\" data-aos-duration=\"400\" data-aos-delay=\"0\" data-aos-easing=\"ease\" data-aos-once=\"true\" class=\"wp-block-uagb-info-box uagb-block-789ca1ae uagb-infobox__content-wrap  uagb-infobox-icon-above-title uagb-infobox-image-valign-top\"><div class=\"uagb-ifb-content\"><div class=\"uagb-ifb-title-wrap\"><h1 class=\"uagb-ifb-title\">Job Advies:<br\/>Lokale arbeidsmarkten, arbeidsovereenkomsten en arbeidsgeschillen<\/h1><\/div><p class=\"uagb-ifb-desc\">Krijg toegang tot onze gespecialiseerde adviesdiensten op het gebied van onderhandeling over arbeidscontracten en arbeidsgeschillen!<br\/><br\/>Met meer dan 15 jaar ervaring in Human Resources en internationaal arbeidsrecht bieden we je gespecialiseerde diensten om te onderhandelen over arbeidscontracten, arbeidsvoorwaarden en conflicten op de werkvloer te beheersen.<\/p><\/div><\/div>\n\n\n\n<div class=\"wp-block-uagb-container uagb-block-d4fcf435\"><style>.wp-block-kadence-advancedheading.kt-adv-heading1071_47ac0c-9f, .wp-block-kadence-advancedheading.kt-adv-heading1071_47ac0c-9f[data-kb-block=\"kb-adv-heading1071_47ac0c-9f\"]{margin-bottom:0px;text-align:center;font-size:var(--global-kb-font-size-md, 1.25rem);font-style:normal;}.wp-block-kadence-advancedheading.kt-adv-heading1071_47ac0c-9f mark.kt-highlight, .wp-block-kadence-advancedheading.kt-adv-heading1071_47ac0c-9f[data-kb-block=\"kb-adv-heading1071_47ac0c-9f\"] mark.kt-highlight{font-style:normal;color:#f76a0c;-webkit-box-decoration-break:clone;box-decoration-break:clone;padding-top:0px;padding-right:0px;padding-bottom:0px;padding-left:0px;}.wp-block-kadence-advancedheading.kt-adv-heading1071_47ac0c-9f img.kb-inline-image, .wp-block-kadence-advancedheading.kt-adv-heading1071_47ac0c-9f[data-kb-block=\"kb-adv-heading1071_47ac0c-9f\"] img.kb-inline-image{width:150px;vertical-align:baseline;}@media all and (max-width: 767px){.wp-block-kadence-advancedheading.kt-adv-heading1071_47ac0c-9f, .wp-block-kadence-advancedheading.kt-adv-heading1071_47ac0c-9f[data-kb-block=\"kb-adv-heading1071_47ac0c-9f\"]{padding-bottom:0px;margin-bottom:0px;}}<\/style>\n<h2 class=\"kt-adv-heading1071_47ac0c-9f wp-block-kadence-advancedheading has-ast-global-color-3-color has-text-color\" data-kb-block=\"kb-adv-heading1071_47ac0c-9f\">\u20ac 99,99 + BTW<\/h2>\n<\/div>\n<\/div>\n\n\n\n<div data-aos= \"zoom-in-up\" data-aos-duration=\"400\" data-aos-delay=\"0\" data-aos-easing=\"ease\" data-aos-once=\"true\" class=\"wp-block-uagb-container uagb-block-27e6153e\"><\/div>\n<\/div>\n\n<div class=\"wp-block-uagb-container uagb-block-5b7b18c7 alignfull uagb-is-root-container\"><div class=\"uagb-container-inner-blocks-wrap\">\n<div data-aos= \"zoom-in-up\" data-aos-duration=\"400\" data-aos-delay=\"0\" data-aos-easing=\"ease\" data-aos-once=\"true\" class=\"wp-block-uagb-container uagb-block-3f7988e4\">\n<p class=\" eplus-wrapper\"><strong>Voordelen:<\/strong><br\/><br\/>\ud83c\udfaf Arbeidsovereenkomsten en salarisonderhandelingen: Krijg gespecialiseerd advies over arbeidscontracten en arbeidsgeschillen om optimale aanwervingsvoorwaarden te garanderen.<br\/>\ud83e\udd1d\ud83c\udffc Conflicten: We geven je een eerste advies zodat je weet hoe je moet omgaan met arbeidsconflicten om jezelf adequaat te positioneren in situaties met managers en\/of bedrijven.<br\/><br\/>Internationaal arbeidsrecht: We hebben kennis van en ervaring met internationale arbeidswetgeving: Europa (Nederland, Spanje, Duitsland, Frankrijk, Verenigd Koninkrijk, Ierland, Itali\u00eb, Polen, Noorwegen, Finland, Denemarken, Zweden, Zwitserland, Oostenrijk en meer), Midden-Oosten, Afrika, Latijns-Amerika en Noord-Amerika, Azi\u00eb (China, India, Japan) en Oceani\u00eb (Australi\u00eb en Nieuw-Zeeland).<br\/><br\/>Ben je klaar om je arbeidsvoorwaarden te verbeteren en te onderhandelen over je arbeidscontract en salaris? <br\/><br\/>Doe een sessie met ons!<\/p>\n<\/div>\n\n\n\n<div class=\"wp-block-uagb-container uagb-block-a8cba11f\">\n<div class=\"wp-block-uagb-buttons uagb-buttons__outer-wrap uagb-btn__default-btn uagb-btn-tablet__default-btn uagb-btn-mobile__default-btn uagb-block-dbf3683d\"><div class=\"uagb-buttons__wrap uagb-buttons-layout-wrap \">\n<div data-aos= \"zoom-in-up\" data-aos-duration=\"400\" data-aos-delay=\"0\" data-aos-easing=\"ease\" data-aos-once=\"true\" class=\"wp-block-uagb-buttons-child uagb-buttons__outer-wrap uagb-block-6c4ab333 wp-block-button\"><div class=\"uagb-button__wrapper\"><a class=\"uagb-buttons-repeater wp-block-button__link\" aria-label=\"\" href=\"https:\/\/coach4expats.com\/wp-content\/uploads\/2025\/03\/Coach4Expats-Services-Overview-Dutch.pdf\" rel=\"follow noopener\" target=\"_blank\" role=\"button\"><div class=\"uagb-button__link\">DIENSTENBROCHURE<\/div><\/a><\/div><\/div>\n\n\n\n<div data-aos= \"zoom-in-up\" data-aos-duration=\"400\" data-aos-delay=\"0\" data-aos-easing=\"ease\" data-aos-once=\"true\" class=\"wp-block-uagb-buttons-child uagb-buttons__outer-wrap uagb-block-501b4097 wp-block-button\"><div class=\"uagb-button__wrapper\"><a class=\"uagb-buttons-repeater wp-block-button__link\" aria-label=\"\" href=\"https:\/\/coach4expats.com\/wp-content\/uploads\/2025\/03\/Coach4expats-How-we-work-Dutch.pdf\" rel=\"follow noopener\" target=\"_blank\" role=\"button\"><div class=\"uagb-button__link\">WERKMETHODE<\/div><\/a><\/div><\/div>\n<\/div><\/div>\n<\/div>\n<\/div><\/div>\n\n<div class=\"wp-block-uagb-container uagb-block-0b94198b alignfull uagb-is-root-container\"><div class=\"uagb-container-inner-blocks-wrap\">\n<p class=\" has-text-align-center eplus-wrapper\"><strong>BELANGRIJK: ALLE BOEKINGEN OP DEZE WEBSITE ZIJN IN DE VOLGENDE TIJDZONE: <br\/>Amsterdam CET (UTC +1)<\/strong><\/p>\n\n\n\n<div class=\"wp-block-uagb-container uagb-block-a8bea360 alignwide uagb-is-root-container\">\n<div class=\"wp-block-booknetic-booking\">[booknetic service=&#8221;14&#8243; location=&#8221;2&#8243;]<\/div>\n<\/div>\n<\/div><\/div>\n\n<p class=\" eplus-wrapper\"><\/p>\n","protected":false},"excerpt":{"rendered":"<p>\u20ac 99,99 + BTW Voordelen: \ud83c\udfaf Arbeidsovereenkomsten en salarisonderhandelingen: Krijg gespecialiseerd advies over arbeidscontracten en arbeidsgeschillen om optimale aanwervingsvoorwaarden te [&hellip;]<\/p>\n","protected":false},"author":3,"featured_media":1080,"parent":0,"menu_order":0,"comment_status":"closed","ping_status":"closed","template":"","meta":{"_uag_custom_page_level_css":"","site-sidebar-layout":"default","site-content-layout":"","ast-site-content-layout":"full-width-container","site-content-style":"default","site-sidebar-style":"default","ast-global-header-display":"","ast-banner-title-visibility":"","ast-main-header-display":"","ast-hfb-above-header-display":"","ast-hfb-below-header-display":"","ast-hfb-mobile-header-display":"","site-post-title":"disabled","ast-breadcrumbs-content":"","ast-featured-img":"disabled","footer-sml-layout":"","ast-disable-related-posts":"","theme-transparent-header-meta":"","adv-header-id-meta":"","stick-header-meta":"","header-above-stick-meta":"","header-main-stick-meta":"","header-below-stick-meta":"","astra-migrate-meta-layouts":"default","ast-page-background-enabled":"default","ast-page-background-meta":{"desktop":{"background-color":"var(--ast-global-color-4)","background-image":"","background-repeat":"repeat","background-position":"center center","background-size":"auto","background-attachment":"scroll","background-type":"","background-media":"","overlay-type":"","overlay-color":"","overlay-opacity":"","overlay-gradient":""},"tablet":{"background-color":"","background-image":"","background-repeat":"repeat","background-position":"center center","background-size":"auto","background-attachment":"scroll","background-type":"","background-media":"","overlay-type":"","overlay-color":"","overlay-opacity":"","overlay-gradient":""},"mobile":{"background-color":"","background-image":"","background-repeat":"repeat","background-position":"center center","background-size":"auto","background-attachment":"scroll","background-type":"","background-media":"","overlay-type":"","overlay-color":"","overlay-opacity":"","overlay-gradient":""}},"ast-content-background-meta":{"desktop":{"background-color":"var(--ast-global-color-5)","background-image":"","background-repeat":"repeat","background-position":"center center","background-size":"auto","background-attachment":"scroll","background-type":"","background-media":"","overlay-type":"","overlay-color":"","overlay-opacity":"","overlay-gradient":""},"tablet":{"background-color":"var(--ast-global-color-5)","background-image":"","background-repeat":"repeat","background-position":"center center","background-size":"auto","background-attachment":"scroll","background-type":"","background-media":"","overlay-type":"","overlay-color":"","overlay-opacity":"","overlay-gradient":""},"mobile":{"background-color":"var(--ast-global-color-5)","background-image":"","background-repeat":"repeat","background-position":"center center","background-size":"auto","background-attachment":"scroll","background-type":"","background-media":"","overlay-type":"","overlay-color":"","overlay-opacity":"","overlay-gradient":""}},"footnotes":""},"class_list":["post-1375","page","type-page","status-publish","has-post-thumbnail","hentry"],"uagb_featured_image_src":{"full":["https:\/\/coach4expats.com\/wp-content\/uploads\/2024\/10\/external-file_edited-scaled.jpg",2560,1707,false],"thumbnail":["https:\/\/coach4expats.com\/wp-content\/uploads\/2024\/10\/external-file_edited-150x150.jpg",150,150,true],"medium":["https:\/\/coach4expats.com\/wp-content\/uploads\/2024\/10\/external-file_edited-300x200.jpg",300,200,true],"medium_large":["https:\/\/coach4expats.com\/wp-content\/uploads\/2024\/10\/external-file_edited-768x512.jpg",768,512,true],"large":["https:\/\/coach4expats.com\/wp-content\/uploads\/2024\/10\/external-file_edited-1024x683.jpg",800,534,true],"1536x1536":["https:\/\/coach4expats.com\/wp-content\/uploads\/2024\/10\/external-file_edited-1536x1024.jpg",1536,1024,true],"2048x2048":["https:\/\/coach4expats.com\/wp-content\/uploads\/2024\/10\/external-file_edited-2048x1365.jpg",2048,1365,true],"widget-thumbnail":["https:\/\/coach4expats.com\/wp-content\/uploads\/2024\/10\/external-file_edited-75x75.jpg",75,75,true]},"uagb_author_info":{"display_name":"Mariel Schaab","author_link":"https:\/\/coach4expats.com\/nl\/author\/mariel\/"},"uagb_comment_info":0,"uagb_excerpt":"\u20ac 99,99 + BTW Voordelen: \ud83c\udfaf Arbeidsovereenkomsten en salarisonderhandelingen: Krijg gespecialiseerd advies over arbeidscontracten en arbeidsgeschillen om optimale aanwervingsvoorwaarden te [&hellip;]","_links":{"self":[{"href":"https:\/\/coach4expats.com\/nl\/wp-json\/wp\/v2\/pages\/1375","targetHints":{"allow":["GET"]}}],"collection":[{"href":"https:\/\/coach4expats.com\/nl\/wp-json\/wp\/v2\/pages"}],"about":[{"href":"https:\/\/coach4expats.com\/nl\/wp-json\/wp\/v2\/types\/page"}],"author":[{"embeddable":true,"href":"https:\/\/coach4expats.com\/nl\/wp-json\/wp\/v2\/users\/3"}],"replies":[{"embeddable":true,"href":"https:\/\/coach4expats.com\/nl\/wp-json\/wp\/v2\/comments?post=1375"}],"version-history":[{"count":5,"href":"https:\/\/coach4expats.com\/nl\/wp-json\/wp\/v2\/pages\/1375\/revisions"}],"predecessor-version":[{"id":12824,"href":"https:\/\/coach4expats.com\/nl\/wp-json\/wp\/v2\/pages\/1375\/revisions\/12824"}],"wp:featuredmedia":[{"embeddable":true,"href":"https:\/\/coach4expats.com\/nl\/wp-json\/wp\/v2\/media\/1080"}],"wp:attachment":[{"href":"https:\/\/coach4expats.com\/nl\/wp-json\/wp\/v2\/media?parent=1375"}],"curies":[{"name":"wp","href":"https:\/\/api.w.org\/{rel}","templated":true}]}}