{"id":1160,"date":"2024-10-02T12:45:43","date_gmt":"2024-10-02T10:45:43","guid":{"rendered":"https:\/\/coach4expats.com\/coaching-de-negocios-capacitando-o-sucesso-dos-negocios\/"},"modified":"2025-04-14T12:07:32","modified_gmt":"2025-04-14T10:07:32","slug":"coaching-de-negocios-capacitando-o-sucesso-dos-negocios","status":"publish","type":"page","link":"https:\/\/coach4expats.com\/pt-br\/coaching-de-negocios-capacitando-o-sucesso-dos-negocios\/","title":{"rendered":"Coaching de neg\u00f3cios: capacitando o sucesso dos neg\u00f3cios"},"content":{"rendered":"\n<div class=\"wp-block-uagb-container uagb-block-2b5d30df alignfull uagb-is-root-container\">\n<div class=\"wp-block-uagb-container uagb-block-98f35fb6\">\n<div data-aos= \"zoom-in-up\" data-aos-duration=\"400\" data-aos-delay=\"0\" data-aos-easing=\"ease\" data-aos-once=\"true\" class=\"wp-block-uagb-info-box uagb-block-789ca1ae uagb-infobox__content-wrap  uagb-infobox-icon-above-title uagb-infobox-image-valign-top\"><div class=\"uagb-ifb-content\"><div class=\"uagb-ifb-title-wrap\"><h1 class=\"uagb-ifb-title\">Coaching de neg\u00f3cios:<br\/>Capacita\u00e7\u00e3o para o sucesso nos neg\u00f3cios<\/h1><\/div><p class=\"uagb-ifb-desc\">Libere seu potencial on-line! <br\/>Transforme sua jornada digital com nossos servi\u00e7os de consultoria especializada em Marketing Digital e Personal Branding!<\/p><\/div><\/div>\n<\/div>\n\n\n\n<div data-aos= \"zoom-in-up\" data-aos-duration=\"400\" data-aos-delay=\"0\" data-aos-easing=\"ease\" data-aos-once=\"true\" class=\"wp-block-uagb-container uagb-block-27e6153e\"><\/div>\n<\/div>\n\n<div class=\"wp-block-uagb-container uagb-block-5b7b18c7 alignfull uagb-is-root-container\"><div class=\"uagb-container-inner-blocks-wrap\">\n<div data-aos= \"zoom-in-up\" data-aos-duration=\"400\" data-aos-delay=\"0\" data-aos-easing=\"ease\" data-aos-once=\"true\" class=\"wp-block-uagb-container uagb-block-3f7988e4\">\n<p class=\" eplus-wrapper\"><strong>O que oferecemos a voc\u00ea:<br\/><\/strong><br\/>\u2705 <strong>Identifica\u00e7\u00e3o de nicho de mercado \ud83d\udd0d &#8211; Identifique oportunidades lucrativas em seu setor.<\/strong> <br\/>\u2705 <strong>Estrat\u00e9gia de neg\u00f3cios e desenvolvimento de neg\u00f3cios \ud83d\udcc8<\/strong> &#8211; Desenvolva um roteiro para o crescimento sustent\u00e1vel e o sucesso.<br\/>\u2705 <strong>Plano de marketing digital \ud83d\udcf1<\/strong> &#8211; Elabore uma estrat\u00e9gia para aumentar sua presen\u00e7a e envolvimento on-line.<br\/>\u2705 <strong>Branding profissional \ud83c\udfa8<\/strong> &#8211; Crie uma identidade de marca memor\u00e1vel e impactante.<br\/>\u2705 <strong>Otimiza\u00e7\u00e3o do LinkedIn \ud83d\udcbc<\/strong> &#8211; Crie um perfil poderoso no LinkedIn para atrair oportunidades.<br\/>\u2705 <strong>Design de m\u00eddia social e estrat\u00e9gia de conte\u00fado \ud83d\udcdd<\/strong> &#8211; Crie conte\u00fado envolvente que se conecte com seu p\u00fablico.<br\/>\u2705 <strong>Gera\u00e7\u00e3o e automa\u00e7\u00e3o de<\/strong> leads <strong> \ud83d\udcca &#8211; Simplifique os processos de captura e nutri\u00e7\u00e3o de leads.<\/strong> <br\/>\u2705 <strong>Design do site \ud83c\udf10<\/strong> &#8211; Crie um site profissional e f\u00e1cil de usar.<br\/>\u2705 <strong>Desenvolvimento de portf\u00f3lio \ud83d\udcc2<\/strong> &#8211; Mostre seu trabalho e sua experi\u00eancia de forma eficaz.<br\/>\u2705 <strong>Aspectos legais e conformidade \u2696\ufe0f<\/strong> &#8211; Garanta que sua empresa atenda a todos os requisitos legais.<br\/>\u2705 <strong>Orienta\u00e7\u00e3o tribut\u00e1ria \ud83d\udcb0<\/strong> &#8211; Navegue pelas normas tribut\u00e1rias e otimize suas finan\u00e7as.<br\/>\u2705 <strong>CV &amp; Cover Letters \ud83d\udcc4<\/strong> &#8211; Crie curr\u00edculos e cartas de apresenta\u00e7\u00e3o convincentes para voc\u00ea conseguir o emprego dos seus sonhos.<br\/>\u2705 <strong>Oportunidades para freelancers e interinos \ud83d\udd74\ufe0f<\/strong> &#8211; Explore op\u00e7\u00f5es de trabalho flex\u00edveis e gratificantes.<br\/> <br\/>Experi\u00eancia global: Trazemos percep\u00e7\u00f5es profundas dos mercados internacionais da Europa, das Am\u00e9ricas, da \u00c1sia, da \u00c1frica e da Oceania.<br\/>Pronto para aumentar sua presen\u00e7a digital?<br\/>Marque uma sess\u00e3o conosco para:<br\/>Expandir sua presen\u00e7a on-line<br\/>Criar uma marca pessoal atraente<br\/>Gerar tr\u00e1fego direcionado e convers\u00f5es<br\/>Maximizar o envolvimento do p\u00fablico<br\/>.<br\/>Vamos aumentar sua presen\u00e7a on-line juntos!<\/p>\n<\/div>\n\n\n\n<div class=\"wp-block-uagb-container uagb-block-a8cba11f\">\n<div class=\"wp-block-uagb-buttons uagb-buttons__outer-wrap uagb-btn__default-btn uagb-btn-tablet__default-btn uagb-btn-mobile__default-btn uagb-block-b5f167a3\"><div class=\"uagb-buttons__wrap uagb-buttons-layout-wrap \">\n<div data-aos= \"zoom-in-up\" data-aos-duration=\"400\" data-aos-delay=\"0\" data-aos-easing=\"ease\" data-aos-once=\"true\" class=\"wp-block-uagb-buttons-child uagb-buttons__outer-wrap uagb-block-fb9b16ce wp-block-button\"><div class=\"uagb-button__wrapper\"><a class=\"uagb-buttons-repeater wp-block-button__link\" aria-label=\"\" href=\"https:\/\/coach4expats.com\/wp-content\/uploads\/2025\/03\/Coach4Expats-Services-Overview-Portuguese.pdf\" rel=\"follow noopener\" target=\"_blank\" role=\"button\"><div class=\"uagb-button__link\">FOLHETO DE SERVI\u00c7OS<\/div><\/a><\/div><\/div>\n\n\n\n<div data-aos= \"zoom-in-up\" data-aos-duration=\"400\" data-aos-delay=\"0\" data-aos-easing=\"ease\" data-aos-once=\"true\" class=\"wp-block-uagb-buttons-child uagb-buttons__outer-wrap uagb-block-c2d9b6d9 wp-block-button\"><div class=\"uagb-button__wrapper\"><a class=\"uagb-buttons-repeater wp-block-button__link\" aria-label=\"\" href=\"https:\/\/coach4expats.com\/wp-content\/uploads\/2025\/03\/Coach4expats-How-we-work-Portuguese.pdf\" rel=\"follow noopener\" target=\"_blank\" role=\"button\"><div class=\"uagb-button__link\">METODOLOGIA DE TRABALHO<\/div><\/a><\/div><\/div>\n<\/div><\/div>\n<\/div>\n<\/div><\/div>\n\n<div class=\"wp-block-uagb-container uagb-block-f01df71e alignfull uagb-is-root-container\"><div class=\"uagb-container-inner-blocks-wrap\">\n<div class=\"wp-block-uagb-advanced-heading uagb-block-012b1ec3\"><h2 class=\"uagb-heading-text\">Cita\u00e7\u00e3o<\/h2><\/div>\n\n\n<p class=\"wpcf7-contact-form-not-found\"><strong>Erro:<\/strong> Formul\u00e1rio de contato n\u00e3o encontrado.<\/p>\n<\/div><\/div>\n","protected":false},"excerpt":{"rendered":"<p>O que oferecemos a voc\u00ea:\u2705 Identifica\u00e7\u00e3o de nicho de mercado \ud83d\udd0d &#8211; Identifique oportunidades lucrativas em seu setor. \u2705 Estrat\u00e9gia [&hellip;]<\/p>\n","protected":false},"author":3,"featured_media":1131,"parent":0,"menu_order":0,"comment_status":"closed","ping_status":"closed","template":"","meta":{"_uag_custom_page_level_css":"","site-sidebar-layout":"default","site-content-layout":"","ast-site-content-layout":"full-width-container","site-content-style":"default","site-sidebar-style":"default","ast-global-header-display":"","ast-banner-title-visibility":"","ast-main-header-display":"","ast-hfb-above-header-display":"","ast-hfb-below-header-display":"","ast-hfb-mobile-header-display":"","site-post-title":"disabled","ast-breadcrumbs-content":"","ast-featured-img":"disabled","footer-sml-layout":"","ast-disable-related-posts":"","theme-transparent-header-meta":"","adv-header-id-meta":"","stick-header-meta":"","header-above-stick-meta":"","header-main-stick-meta":"","header-below-stick-meta":"","astra-migrate-meta-layouts":"default","ast-page-background-enabled":"default","ast-page-background-meta":{"desktop":{"background-color":"var(--ast-global-color-4)","background-image":"","background-repeat":"repeat","background-position":"center center","background-size":"auto","background-attachment":"scroll","background-type":"","background-media":"","overlay-type":"","overlay-color":"","overlay-opacity":"","overlay-gradient":""},"tablet":{"background-color":"","background-image":"","background-repeat":"repeat","background-position":"center center","background-size":"auto","background-attachment":"scroll","background-type":"","background-media":"","overlay-type":"","overlay-color":"","overlay-opacity":"","overlay-gradient":""},"mobile":{"background-color":"","background-image":"","background-repeat":"repeat","background-position":"center center","background-size":"auto","background-attachment":"scroll","background-type":"","background-media":"","overlay-type":"","overlay-color":"","overlay-opacity":"","overlay-gradient":""}},"ast-content-background-meta":{"desktop":{"background-color":"var(--ast-global-color-5)","background-image":"","background-repeat":"repeat","background-position":"center center","background-size":"auto","background-attachment":"scroll","background-type":"","background-media":"","overlay-type":"","overlay-color":"","overlay-opacity":"","overlay-gradient":""},"tablet":{"background-color":"var(--ast-global-color-5)","background-image":"","background-repeat":"repeat","background-position":"center center","background-size":"auto","background-attachment":"scroll","background-type":"","background-media":"","overlay-type":"","overlay-color":"","overlay-opacity":"","overlay-gradient":""},"mobile":{"background-color":"var(--ast-global-color-5)","background-image":"","background-repeat":"repeat","background-position":"center center","background-size":"auto","background-attachment":"scroll","background-type":"","background-media":"","overlay-type":"","overlay-color":"","overlay-opacity":"","overlay-gradient":""}},"footnotes":""},"class_list":["post-1160","page","type-page","status-publish","has-post-thumbnail","hentry"],"uagb_featured_image_src":{"full":["https:\/\/coach4expats.com\/wp-content\/uploads\/2024\/09\/Working-Together_edited_edited-scaled.jpg",2560,1707,false],"thumbnail":["https:\/\/coach4expats.com\/wp-content\/uploads\/2024\/09\/Working-Together_edited_edited-150x150.jpg",150,150,true],"medium":["https:\/\/coach4expats.com\/wp-content\/uploads\/2024\/09\/Working-Together_edited_edited-300x200.jpg",300,200,true],"medium_large":["https:\/\/coach4expats.com\/wp-content\/uploads\/2024\/09\/Working-Together_edited_edited-768x512.jpg",768,512,true],"large":["https:\/\/coach4expats.com\/wp-content\/uploads\/2024\/09\/Working-Together_edited_edited-1024x683.jpg",800,534,true],"1536x1536":["https:\/\/coach4expats.com\/wp-content\/uploads\/2024\/09\/Working-Together_edited_edited-1536x1024.jpg",1536,1024,true],"2048x2048":["https:\/\/coach4expats.com\/wp-content\/uploads\/2024\/09\/Working-Together_edited_edited-2048x1365.jpg",2048,1365,true],"widget-thumbnail":["https:\/\/coach4expats.com\/wp-content\/uploads\/2024\/09\/Working-Together_edited_edited-75x75.jpg",75,75,true]},"uagb_author_info":{"display_name":"Mariel Schaab","author_link":"https:\/\/coach4expats.com\/pt-br\/author\/mariel\/"},"uagb_comment_info":0,"uagb_excerpt":"O que oferecemos a voc\u00ea:\u2705 Identifica\u00e7\u00e3o de nicho de mercado \ud83d\udd0d &#8211; Identifique oportunidades lucrativas em seu setor. \u2705 Estrat\u00e9gia [&hellip;]","_links":{"self":[{"href":"https:\/\/coach4expats.com\/pt-br\/wp-json\/wp\/v2\/pages\/1160","targetHints":{"allow":["GET"]}}],"collection":[{"href":"https:\/\/coach4expats.com\/pt-br\/wp-json\/wp\/v2\/pages"}],"about":[{"href":"https:\/\/coach4expats.com\/pt-br\/wp-json\/wp\/v2\/types\/page"}],"author":[{"embeddable":true,"href":"https:\/\/coach4expats.com\/pt-br\/wp-json\/wp\/v2\/users\/3"}],"replies":[{"embeddable":true,"href":"https:\/\/coach4expats.com\/pt-br\/wp-json\/wp\/v2\/comments?post=1160"}],"version-history":[{"count":5,"href":"https:\/\/coach4expats.com\/pt-br\/wp-json\/wp\/v2\/pages\/1160\/revisions"}],"predecessor-version":[{"id":12711,"href":"https:\/\/coach4expats.com\/pt-br\/wp-json\/wp\/v2\/pages\/1160\/revisions\/12711"}],"wp:featuredmedia":[{"embeddable":true,"href":"https:\/\/coach4expats.com\/pt-br\/wp-json\/wp\/v2\/media\/1131"}],"wp:attachment":[{"href":"https:\/\/coach4expats.com\/pt-br\/wp-json\/wp\/v2\/media?parent=1160"}],"curies":[{"name":"wp","href":"https:\/\/api.w.org\/{rel}","templated":true}]}}