{"id":1248,"date":"2024-09-27T21:05:56","date_gmt":"2024-09-27T19:05:56","guid":{"rendered":"https:\/\/coach4expats.com\/contato\/"},"modified":"2025-04-14T13:10:28","modified_gmt":"2025-04-14T11:10:28","slug":"contato","status":"publish","type":"page","link":"https:\/\/coach4expats.com\/pt-br\/contato\/","title":{"rendered":"Contato"},"content":{"rendered":"\n<div class=\"wp-block-uagb-container uagb-block-43c09d3b alignfull uagb-is-root-container\"><div class=\"uagb-container__shape uagb-container__shape-bottom uagb-container__invert\" data-negative=\"false\"><svg xmlns=\"https:\/\/www.w3.org\/2000\/svg\" viewBox=\"0 0 1000 100\" preserveAspectRatio=\"none\"><path class=\"uagb-container__shape-fill\" d=\"M0,0c0,0,0,6,0,6.7c0,18,240.2,93.6,615.2,92.6C989.8,98.5,1000,25,1000,6.7c0-0.7,0-6.7,0-6.7H0z\"><\/path><\/svg><\/div><div class=\"uagb-container-inner-blocks-wrap\">\n<div class=\"wp-block-uagb-container uagb-block-21fb03f5\"><style>.kb-lottie-container106_4538bc-2f dotlottie-player{max-width:auto;}<\/style><div class=\"kb-lottie-container kb-lottie-container106_4538bc-2f\"><dotlottie-player loop=\"true\" speed=\"1\" autoplay=\"true\" mode=\"normal\" src=\"https:\/\/lottie.host\/2c19feb3-c0d3-4880-9a30-a3216ec54e44\/RGmKdKgVSf.lottie\"\n\t\t\t\t\t\t\tid=\"kb-lottie-player106_4538bc-2f\"\n\t\t\t\t\t\t><\/dotlottie-player><\/div><\/div>\n\n\n\n<div class=\"wp-block-uagb-container uagb-block-7ce65bb5\">\n<div class=\"wp-block-uagb-advanced-heading uagb-block-c1df49ee\"><h2 class=\"uagb-heading-text\">Entre em contato conosco<\/h2><\/div>\n\n\n\n<div class=\"wpcf7 no-js\" id=\"wpcf7-f8006-o1\" lang=\"pt-BR\" dir=\"ltr\" data-wpcf7-id=\"8006\">\n<div class=\"screen-reader-response\"><p role=\"status\" aria-live=\"polite\" aria-atomic=\"true\"><\/p> <ul><\/ul><\/div>\n<form action=\"\/pt-br\/wp-json\/wp\/v2\/pages\/1248#wpcf7-f8006-o1\" method=\"post\" class=\"wpcf7-form init\" aria-label=\"Formul\u00e1rios de contato\" enctype=\"multipart\/form-data\" novalidate=\"novalidate\" data-status=\"init\">\n<fieldset class=\"hidden-fields-container\"><input type=\"hidden\" name=\"_wpcf7\" value=\"8006\" \/><input type=\"hidden\" name=\"_wpcf7_version\" value=\"6.1.5\" \/><input type=\"hidden\" name=\"_wpcf7_locale\" value=\"pt_BR\" \/><input type=\"hidden\" name=\"_wpcf7_unit_tag\" value=\"wpcf7-f8006-o1\" \/><input type=\"hidden\" name=\"_wpcf7_container_post\" value=\"0\" \/><input type=\"hidden\" name=\"_wpcf7_posted_data_hash\" value=\"\" \/><input type=\"hidden\" name=\"_wpcf7_recaptcha_response\" value=\"\" \/>\n<\/fieldset>\n<p><label> Nome<br \/>\n<span class=\"wpcf7-form-control-wrap\" data-name=\"your-name\"><input size=\"40\" maxlength=\"400\" class=\"wpcf7-form-control wpcf7-text wpcf7-validates-as-required\" autocomplete=\"name\" aria-required=\"true\" aria-invalid=\"false\" value=\"\" type=\"text\" name=\"your-name\" \/><\/span> <\/label>\n<\/p>\n<p><label> E-mail<br \/>\n<span class=\"wpcf7-form-control-wrap\" data-name=\"your-email\"><input size=\"40\" maxlength=\"400\" class=\"wpcf7-form-control wpcf7-email wpcf7-validates-as-required wpcf7-text wpcf7-validates-as-email\" autocomplete=\"email\" aria-required=\"true\" aria-invalid=\"false\" value=\"\" type=\"email\" name=\"your-email\" \/><\/span> <\/label>\n<\/p>\n<p><label> \u00c1reas de foco | Indique em que voc\u00ea acha que seu parceiro precisa de mais apoio <\/label><br \/>\n<span class=\"wpcf7-form-control-wrap\" data-name=\"area-focus\"><span class=\"wpcf7-form-control wpcf7-checkbox wpcf7-validates-as-required\"><span class=\"wpcf7-list-item first\"><label><input type=\"checkbox\" name=\"area-focus[]\" value=\"Acesso a uma comunidade de expatriados\" \/><span class=\"wpcf7-list-item-label\">Acesso a uma comunidade de expatriados<\/span><\/label><\/span><span class=\"wpcf7-list-item\"><label><input type=\"checkbox\" name=\"area-focus[]\" value=\"Compreens\u00e3o do mercado de trabalho\" \/><span class=\"wpcf7-list-item-label\">Compreens\u00e3o do mercado de trabalho<\/span><\/label><\/span><span class=\"wpcf7-list-item\"><label><input type=\"checkbox\" name=\"area-focus[]\" value=\"Negocia\u00e7\u00e3o de ofertas de emprego\" \/><span class=\"wpcf7-list-item-label\">Negocia\u00e7\u00e3o de ofertas de emprego<\/span><\/label><\/span><span class=\"wpcf7-list-item\"><label><input type=\"checkbox\" name=\"area-focus[]\" value=\"Elabora\u00e7\u00e3o de curr\u00edculo\" \/><span class=\"wpcf7-list-item-label\">Elabora\u00e7\u00e3o de curr\u00edculo<\/span><\/label><\/span><span class=\"wpcf7-list-item\"><label><input type=\"checkbox\" name=\"area-focus[]\" value=\"Marca pessoal e otimiza\u00e7\u00e3o do LinkedIn Entrevistas simuladas Rede de contatos profissionais Portf\u00f3lio profissional Conversas claras\" \/><span class=\"wpcf7-list-item-label\">Marca pessoal e otimiza\u00e7\u00e3o do LinkedIn Entrevistas simuladas Rede de contatos profissionais Portf\u00f3lio profissional Conversas claras<\/span><\/label><\/span><span class=\"wpcf7-list-item\"><label><input type=\"checkbox\" name=\"area-focus[]\" value=\"Entrevistas simuladas\" \/><span class=\"wpcf7-list-item-label\">Entrevistas simuladas<\/span><\/label><\/span><span class=\"wpcf7-list-item\"><label><input type=\"checkbox\" name=\"area-focus[]\" value=\"Networking profissional\" \/><span class=\"wpcf7-list-item-label\">Networking profissional<\/span><\/label><\/span><span class=\"wpcf7-list-item\"><label><input type=\"checkbox\" name=\"area-focus[]\" value=\"Portf\u00f3lio profissional\" \/><span class=\"wpcf7-list-item-label\">Portf\u00f3lio profissional<\/span><\/label><\/span><span class=\"wpcf7-list-item\"><label><input type=\"checkbox\" name=\"area-focus[]\" value=\"Clarity conversations\" \/><span class=\"wpcf7-list-item-label\">Clarity conversations<\/span><\/label><\/span><span class=\"wpcf7-list-item\"><label><input type=\"checkbox\" name=\"area-focus[]\" value=\"Ferramentas de IA para busca de emprego\" \/><span class=\"wpcf7-list-item-label\">Ferramentas de IA para busca de emprego<\/span><\/label><\/span><span class=\"wpcf7-list-item\"><label><input type=\"checkbox\" name=\"area-focus[]\" value=\"Upskilling \/ Reskilling ap\u00f3s uma pausa na carreira\" \/><span class=\"wpcf7-list-item-label\">Upskilling \/ Reskilling ap\u00f3s uma pausa na carreira<\/span><\/label><\/span><span class=\"wpcf7-list-item\"><label><input type=\"checkbox\" name=\"area-focus[]\" value=\"Como entrar em contato com empregadores e recrutadores\" \/><span class=\"wpcf7-list-item-label\">Como entrar em contato com empregadores e recrutadores<\/span><\/label><\/span><span class=\"wpcf7-list-item\"><label><input type=\"checkbox\" name=\"area-focus[]\" value=\"Reda\u00e7\u00e3o de cartas de apresenta\u00e7\u00e3o\" \/><span class=\"wpcf7-list-item-label\">Reda\u00e7\u00e3o de cartas de apresenta\u00e7\u00e3o<\/span><\/label><\/span><span class=\"wpcf7-list-item\"><label><input type=\"checkbox\" name=\"area-focus[]\" value=\"Quero automatizar minha busca de emprego\" \/><span class=\"wpcf7-list-item-label\">Quero automatizar minha busca de emprego<\/span><\/label><\/span><span class=\"wpcf7-list-item last\"><label><input type=\"checkbox\" name=\"area-focus[]\" value=\"Sou um executivo de n\u00edvel de diretoria \/ diretor administrativo \/ C-level. Preciso de apoio especial, considerando minha senioridade.\" \/><span class=\"wpcf7-list-item-label\">Sou um executivo de n\u00edvel de diretoria \/ diretor administrativo \/ C-level. Preciso de apoio especial, considerando minha senioridade.<\/span><\/label><\/span><\/span><\/span>\n<\/p>\n<p><label> Assunto<br \/>\n<span class=\"wpcf7-form-control-wrap\" data-name=\"your-subject\"><input size=\"40\" maxlength=\"400\" class=\"wpcf7-form-control wpcf7-text wpcf7-validates-as-required\" aria-required=\"true\" aria-invalid=\"false\" value=\"\" type=\"text\" name=\"your-subject\" \/><\/span> <\/label>\n<\/p>\n<p><label> Mensagem<br \/>\n<span class=\"wpcf7-form-control-wrap\" data-name=\"your-message\"><textarea cols=\"40\" rows=\"10\" maxlength=\"2000\" class=\"wpcf7-form-control wpcf7-textarea wpcf7-validates-as-required\" aria-required=\"true\" aria-invalid=\"false\" name=\"your-message\"><\/textarea><\/span> <\/label>\n<\/p>\n<p><label> Envie-nos seu curr\u00edculo!<br \/>\n<span class=\"wpcf7-form-control-wrap\" data-name=\"resume-cv\"><input size=\"40\" class=\"wpcf7-form-control wpcf7-file\" accept=\".pdf,.docx\" aria-invalid=\"false\" type=\"file\" name=\"resume-cv\" \/><\/span> <\/label>\n<\/p>\n<p><input class=\"wpcf7-form-control wpcf7-submit has-spinner\" type=\"submit\" value=\"Enviar\" \/>\n<\/p><input type='hidden' class='wpcf7-pum' value='{\"closepopup\":false,\"closedelay\":0,\"openpopup\":false,\"openpopup_id\":0}' \/><div class=\"wpcf7-response-output\" aria-hidden=\"true\"><\/div>\n<\/form>\n<\/div>\n\n<\/div>\n<\/div><\/div>\n\n<p><\/p>\n","protected":false},"excerpt":{"rendered":"<p>Entre em contato conosco<\/p>\n","protected":false},"author":3,"featured_media":2983,"parent":0,"menu_order":0,"comment_status":"closed","ping_status":"closed","template":"","meta":{"_uag_custom_page_level_css":"","site-sidebar-layout":"default","site-content-layout":"","ast-site-content-layout":"","site-content-style":"default","site-sidebar-style":"default","ast-global-header-display":"","ast-banner-title-visibility":"","ast-main-header-display":"","ast-hfb-above-header-display":"","ast-hfb-below-header-display":"","ast-hfb-mobile-header-display":"","site-post-title":"disabled","ast-breadcrumbs-content":"","ast-featured-img":"disabled","footer-sml-layout":"","ast-disable-related-posts":"","theme-transparent-header-meta":"","adv-header-id-meta":"","stick-header-meta":"","header-above-stick-meta":"","header-main-stick-meta":"","header-below-stick-meta":"","astra-migrate-meta-layouts":"default","ast-page-background-enabled":"default","ast-page-background-meta":{"desktop":{"background-color":"var(--ast-global-color-4)","background-image":"","background-repeat":"repeat","background-position":"center center","background-size":"auto","background-attachment":"scroll","background-type":"","background-media":"","overlay-type":"","overlay-color":"","overlay-opacity":"","overlay-gradient":""},"tablet":{"background-color":"","background-image":"","background-repeat":"repeat","background-position":"center center","background-size":"auto","background-attachment":"scroll","background-type":"","background-media":"","overlay-type":"","overlay-color":"","overlay-opacity":"","overlay-gradient":""},"mobile":{"background-color":"","background-image":"","background-repeat":"repeat","background-position":"center center","background-size":"auto","background-attachment":"scroll","background-type":"","background-media":"","overlay-type":"","overlay-color":"","overlay-opacity":"","overlay-gradient":""}},"ast-content-background-meta":{"desktop":{"background-color":"var(--ast-global-color-5)","background-image":"","background-repeat":"repeat","background-position":"center center","background-size":"auto","background-attachment":"scroll","background-type":"","background-media":"","overlay-type":"","overlay-color":"","overlay-opacity":"","overlay-gradient":""},"tablet":{"background-color":"var(--ast-global-color-5)","background-image":"","background-repeat":"repeat","background-position":"center center","background-size":"auto","background-attachment":"scroll","background-type":"","background-media":"","overlay-type":"","overlay-color":"","overlay-opacity":"","overlay-gradient":""},"mobile":{"background-color":"var(--ast-global-color-5)","background-image":"","background-repeat":"repeat","background-position":"center center","background-size":"auto","background-attachment":"scroll","background-type":"","background-media":"","overlay-type":"","overlay-color":"","overlay-opacity":"","overlay-gradient":""}},"footnotes":""},"class_list":["post-1248","page","type-page","status-publish","has-post-thumbnail","hentry"],"uagb_featured_image_src":{"full":["https:\/\/coach4expats.com\/wp-content\/uploads\/2024\/10\/job-application-hiring-document-form-concept-scaled.jpg",2560,2143,false],"thumbnail":["https:\/\/coach4expats.com\/wp-content\/uploads\/2024\/10\/job-application-hiring-document-form-concept-150x150.jpg",150,150,true],"medium":["https:\/\/coach4expats.com\/wp-content\/uploads\/2024\/10\/job-application-hiring-document-form-concept-300x251.jpg",300,251,true],"medium_large":["https:\/\/coach4expats.com\/wp-content\/uploads\/2024\/10\/job-application-hiring-document-form-concept-768x643.jpg",768,643,true],"large":["https:\/\/coach4expats.com\/wp-content\/uploads\/2024\/10\/job-application-hiring-document-form-concept-1024x857.jpg",717,600,true],"1536x1536":["https:\/\/coach4expats.com\/wp-content\/uploads\/2024\/10\/job-application-hiring-document-form-concept-1536x1286.jpg",1536,1286,true],"2048x2048":["https:\/\/coach4expats.com\/wp-content\/uploads\/2024\/10\/job-application-hiring-document-form-concept-2048x1714.jpg",2048,1714,true],"widget-thumbnail":["https:\/\/coach4expats.com\/wp-content\/uploads\/2024\/10\/job-application-hiring-document-form-concept-75x75.jpg",75,75,true]},"uagb_author_info":{"display_name":"Mariel Schaab","author_link":"https:\/\/coach4expats.com\/pt-br\/author\/mariel\/"},"uagb_comment_info":0,"uagb_excerpt":"Entre em contato conosco","_links":{"self":[{"href":"https:\/\/coach4expats.com\/pt-br\/wp-json\/wp\/v2\/pages\/1248","targetHints":{"allow":["GET"]}}],"collection":[{"href":"https:\/\/coach4expats.com\/pt-br\/wp-json\/wp\/v2\/pages"}],"about":[{"href":"https:\/\/coach4expats.com\/pt-br\/wp-json\/wp\/v2\/types\/page"}],"author":[{"embeddable":true,"href":"https:\/\/coach4expats.com\/pt-br\/wp-json\/wp\/v2\/users\/3"}],"replies":[{"embeddable":true,"href":"https:\/\/coach4expats.com\/pt-br\/wp-json\/wp\/v2\/comments?post=1248"}],"version-history":[{"count":5,"href":"https:\/\/coach4expats.com\/pt-br\/wp-json\/wp\/v2\/pages\/1248\/revisions"}],"predecessor-version":[{"id":12746,"href":"https:\/\/coach4expats.com\/pt-br\/wp-json\/wp\/v2\/pages\/1248\/revisions\/12746"}],"wp:featuredmedia":[{"embeddable":true,"href":"https:\/\/coach4expats.com\/pt-br\/wp-json\/wp\/v2\/media\/2983"}],"wp:attachment":[{"href":"https:\/\/coach4expats.com\/pt-br\/wp-json\/wp\/v2\/media?parent=1248"}],"curies":[{"name":"wp","href":"https:\/\/api.w.org\/{rel}","templated":true}]}}