{"id":1254,"date":"2024-10-02T02:31:59","date_gmt":"2024-10-02T00:31:59","guid":{"rendered":"https:\/\/coach4expats.com\/cookies\/"},"modified":"2025-04-14T13:26:19","modified_gmt":"2025-04-14T11:26:19","slug":"cookies","status":"publish","type":"page","link":"https:\/\/coach4expats.com\/pt-br\/cookies\/","title":{"rendered":"Cookies"},"content":{"rendered":"\n<div class=\"wp-block-uagb-container uagb-block-ec05ea4f alignfull uagb-is-root-container\"><div class=\"uagb-container-inner-blocks-wrap\">\n<h2 class=\"gb-headline gb-headline-6e3d3a9e gb-headline-text\">Cookies<\/h2>\n\n\n<style>.wp-block-kadence-advancedheading.kt-adv-heading1001_81a6c3-85, .wp-block-kadence-advancedheading.kt-adv-heading1001_81a6c3-85[data-kb-block=\"kb-adv-heading1001_81a6c3-85\"]{font-size:var(--global-kb-font-size-sm, 0.9rem);font-weight:400;font-style:normal;}.wp-block-kadence-advancedheading.kt-adv-heading1001_81a6c3-85 mark.kt-highlight, .wp-block-kadence-advancedheading.kt-adv-heading1001_81a6c3-85[data-kb-block=\"kb-adv-heading1001_81a6c3-85\"] mark.kt-highlight{font-style:normal;color:#f76a0c;-webkit-box-decoration-break:clone;box-decoration-break:clone;padding-top:0px;padding-right:0px;padding-bottom:0px;padding-left:0px;}.wp-block-kadence-advancedheading.kt-adv-heading1001_81a6c3-85 img.kb-inline-image, .wp-block-kadence-advancedheading.kt-adv-heading1001_81a6c3-85[data-kb-block=\"kb-adv-heading1001_81a6c3-85\"] img.kb-inline-image{width:150px;vertical-align:baseline;}<\/style>\n<p class=\"kt-adv-heading1001_81a6c3-85 wp-block-kadence-advancedheading\" data-kb-block=\"kb-adv-heading1001_81a6c3-85\"><strong>1. Introdu\u00e7\u00e3o<\/strong><br\/>Este site usa cookies. Ao usar este site e concordar com nossas pol\u00edticas, voc\u00ea est\u00e1 consentindo com o uso de cookies de acordo com os termos desta pol\u00edtica.<br\/> <br\/><strong>2. O que s\u00e3o cookies?<\/strong><br\/>Cookies s\u00e3o pequenos arquivos de texto que s\u00e3o armazenados no seu dispositivo quando voc\u00ea visita um site. Eles s\u00e3o amplamente usados para fazer com que os sites funcionem ou trabalhem com mais efici\u00eancia, bem como para fornecer informa\u00e7\u00f5es aos propriet\u00e1rios do site.<br\/> <br\/><strong>3. Como usamos cookies?<\/strong><br\/>Usamos cookies por v\u00e1rios motivos, incluindo:<br\/>Melhorar a funcionalidade e o desempenho do site.<br\/>Fornecer an\u00e1lises e estat\u00edsticas an\u00f4nimas.<br\/>Personalizar sua experi\u00eancia de navega\u00e7\u00e3o.<br\/><strong>4. Tipos de cookies que usamos<\/strong><br\/>Cookies essenciais: Necess\u00e1rios para a opera\u00e7\u00e3o b\u00e1sica do site.<br\/>Cookies de desempenho: Ajudam-nos a entender como voc\u00ea interage com o site, analisando informa\u00e7\u00f5es an\u00f4nimas.<br\/>Cookies de funcionalidade: Usados para lembrar suas prefer\u00eancias e melhorar sua experi\u00eancia de usu\u00e1rio.<br\/><br\/><strong>5. Controle de cookies<\/strong><br\/>Voc\u00ea pode controlar e\/ou excluir cookies de acordo com suas prefer\u00eancias. Consulte as configura\u00e7\u00f5es do seu navegador para gerenciar os cookies.<br\/> <br\/><strong>6. Altera\u00e7\u00f5es na pol\u00edtica de cookies<\/strong><br\/>Reservamo-nos o direito de atualizar esta pol\u00edtica de cookies a qualquer momento. Quaisquer altera\u00e7\u00f5es significativas ser\u00e3o notificadas por meio do site.<br\/> <br\/><strong>7. Contato<\/strong><br\/>Se tiver alguma d\u00favida sobre nossa pol\u00edtica de cookies, n\u00e3o hesite em entrar em contato conosco pelo e-mail <strong><a href=\"mailto:info@coach4expats.com\">info@coach4expats.com<\/a><\/strong>.<br\/><br\/>Data da \u00faltima atualiza\u00e7\u00e3o: 01\/01\/2024<\/p>\n<\/div><\/div>\n\n<p><\/p>\n","protected":false},"excerpt":{"rendered":"<p>Cookies 1. Introdu\u00e7\u00e3oEste site usa cookies. Ao usar este site e concordar com nossas pol\u00edticas, voc\u00ea est\u00e1 consentindo com o [&hellip;]<\/p>\n","protected":false},"author":3,"featured_media":0,"parent":0,"menu_order":0,"comment_status":"closed","ping_status":"open","template":"","meta":{"_uag_custom_page_level_css":"","site-sidebar-layout":"default","site-content-layout":"","ast-site-content-layout":"narrow-width-container","site-content-style":"default","site-sidebar-style":"default","ast-global-header-display":"","ast-banner-title-visibility":"","ast-main-header-display":"","ast-hfb-above-header-display":"","ast-hfb-below-header-display":"","ast-hfb-mobile-header-display":"","site-post-title":"disabled","ast-breadcrumbs-content":"","ast-featured-img":"","footer-sml-layout":"","ast-disable-related-posts":"","theme-transparent-header-meta":"","adv-header-id-meta":"","stick-header-meta":"","header-above-stick-meta":"","header-main-stick-meta":"","header-below-stick-meta":"","astra-migrate-meta-layouts":"default","ast-page-background-enabled":"default","ast-page-background-meta":{"desktop":{"background-color":"var(--ast-global-color-4)","background-image":"","background-repeat":"repeat","background-position":"center center","background-size":"auto","background-attachment":"scroll","background-type":"","background-media":"","overlay-type":"","overlay-color":"","overlay-opacity":"","overlay-gradient":""},"tablet":{"background-color":"","background-image":"","background-repeat":"repeat","background-position":"center center","background-size":"auto","background-attachment":"scroll","background-type":"","background-media":"","overlay-type":"","overlay-color":"","overlay-opacity":"","overlay-gradient":""},"mobile":{"background-color":"","background-image":"","background-repeat":"repeat","background-position":"center center","background-size":"auto","background-attachment":"scroll","background-type":"","background-media":"","overlay-type":"","overlay-color":"","overlay-opacity":"","overlay-gradient":""}},"ast-content-background-meta":{"desktop":{"background-color":"var(--ast-global-color-5)","background-image":"","background-repeat":"repeat","background-position":"center center","background-size":"auto","background-attachment":"scroll","background-type":"","background-media":"","overlay-type":"","overlay-color":"","overlay-opacity":"","overlay-gradient":""},"tablet":{"background-color":"var(--ast-global-color-5)","background-image":"","background-repeat":"repeat","background-position":"center center","background-size":"auto","background-attachment":"scroll","background-type":"","background-media":"","overlay-type":"","overlay-color":"","overlay-opacity":"","overlay-gradient":""},"mobile":{"background-color":"var(--ast-global-color-5)","background-image":"","background-repeat":"repeat","background-position":"center center","background-size":"auto","background-attachment":"scroll","background-type":"","background-media":"","overlay-type":"","overlay-color":"","overlay-opacity":"","overlay-gradient":""}},"footnotes":""},"class_list":["post-1254","page","type-page","status-publish","hentry"],"uagb_featured_image_src":{"full":false,"thumbnail":false,"medium":false,"medium_large":false,"large":false,"1536x1536":false,"2048x2048":false,"widget-thumbnail":false},"uagb_author_info":{"display_name":"Mariel Schaab","author_link":"https:\/\/coach4expats.com\/pt-br\/author\/mariel\/"},"uagb_comment_info":0,"uagb_excerpt":"Cookies 1. Introdu\u00e7\u00e3oEste site usa cookies. Ao usar este site e concordar com nossas pol\u00edticas, voc\u00ea est\u00e1 consentindo com o [&hellip;]","_links":{"self":[{"href":"https:\/\/coach4expats.com\/pt-br\/wp-json\/wp\/v2\/pages\/1254","targetHints":{"allow":["GET"]}}],"collection":[{"href":"https:\/\/coach4expats.com\/pt-br\/wp-json\/wp\/v2\/pages"}],"about":[{"href":"https:\/\/coach4expats.com\/pt-br\/wp-json\/wp\/v2\/types\/page"}],"author":[{"embeddable":true,"href":"https:\/\/coach4expats.com\/pt-br\/wp-json\/wp\/v2\/users\/3"}],"replies":[{"embeddable":true,"href":"https:\/\/coach4expats.com\/pt-br\/wp-json\/wp\/v2\/comments?post=1254"}],"version-history":[{"count":4,"href":"https:\/\/coach4expats.com\/pt-br\/wp-json\/wp\/v2\/pages\/1254\/revisions"}],"predecessor-version":[{"id":12750,"href":"https:\/\/coach4expats.com\/pt-br\/wp-json\/wp\/v2\/pages\/1254\/revisions\/12750"}],"wp:attachment":[{"href":"https:\/\/coach4expats.com\/pt-br\/wp-json\/wp\/v2\/media?parent=1254"}],"curies":[{"name":"wp","href":"https:\/\/api.w.org\/{rel}","templated":true}]}}