{"id":1284,"date":"2024-10-02T12:28:35","date_gmt":"2024-10-02T10:28:35","guid":{"rendered":"https:\/\/coach4expats.com\/gold-impulsione-sua-carreira\/"},"modified":"2025-04-14T14:22:41","modified_gmt":"2025-04-14T12:22:41","slug":"gold-impulsione-sua-carreira","status":"publish","type":"page","link":"https:\/\/coach4expats.com\/pt-br\/gold-impulsione-sua-carreira\/","title":{"rendered":"GOLD: Impulsione sua carreira!"},"content":{"rendered":"\n<div class=\"wp-block-uagb-container uagb-block-2b5d30df alignfull uagb-is-root-container\">\n<div class=\"wp-block-uagb-container uagb-block-98f35fb6\">\n<div data-aos= \"zoom-in-up\" data-aos-duration=\"400\" data-aos-delay=\"0\" data-aos-easing=\"ease\" data-aos-once=\"true\" class=\"wp-block-uagb-info-box uagb-block-789ca1ae uagb-infobox__content-wrap  uagb-infobox-icon-above-title uagb-infobox-image-valign-top\"><div class=\"uagb-ifb-content\"><div class=\"uagb-ifb-title-wrap\"><h1 class=\"uagb-ifb-title\"><a href=\"GOLD:%20Boost%20your%20career!\">GOLD: <\/a><br\/>Impulsione sua carreira!<\/h1><\/div><p class=\"uagb-ifb-desc\">Acelere sua busca de emprego com nossa oferta exclusiva!<br\/><br\/>Tenha acesso a uma Masterclass de Busca de Emprego (pr\u00e9-gravada), modelos de CV e avalia\u00e7\u00f5es profissionais para destacar seu perfil. Junte-se \u00e0 nossa comunidade exclusiva de clientes e receba orienta\u00e7\u00e3o personalizada, avalia\u00e7\u00f5es de especialistas e acesso a recursos especializados. Al\u00e9m disso, participe de sess\u00f5es personalizadas de orienta\u00e7\u00e3o profissional e acesse recursos valiosos para preparar voc\u00ea para entrevistas e gerar redes de contatos.    <\/p><\/div><\/div>\n\n\n\n<div class=\"wp-block-uagb-container uagb-block-d4fcf435\"><style>.wp-block-kadence-advancedheading.kt-adv-heading1051_0518de-a7, .wp-block-kadence-advancedheading.kt-adv-heading1051_0518de-a7[data-kb-block=\"kb-adv-heading1051_0518de-a7\"]{margin-bottom:0px;text-align:center;font-size:var(--global-kb-font-size-md, 1.25rem);font-style:normal;}.wp-block-kadence-advancedheading.kt-adv-heading1051_0518de-a7 mark.kt-highlight, .wp-block-kadence-advancedheading.kt-adv-heading1051_0518de-a7[data-kb-block=\"kb-adv-heading1051_0518de-a7\"] mark.kt-highlight{font-style:normal;color:#f76a0c;-webkit-box-decoration-break:clone;box-decoration-break:clone;padding-top:0px;padding-right:0px;padding-bottom:0px;padding-left:0px;}.wp-block-kadence-advancedheading.kt-adv-heading1051_0518de-a7 img.kb-inline-image, .wp-block-kadence-advancedheading.kt-adv-heading1051_0518de-a7[data-kb-block=\"kb-adv-heading1051_0518de-a7\"] img.kb-inline-image{width:150px;vertical-align:baseline;}@media all and (max-width: 767px){.wp-block-kadence-advancedheading.kt-adv-heading1051_0518de-a7, .wp-block-kadence-advancedheading.kt-adv-heading1051_0518de-a7[data-kb-block=\"kb-adv-heading1051_0518de-a7\"]{padding-bottom:0px;margin-bottom:0px;}}<\/style>\n<h2 class=\"kt-adv-heading1051_0518de-a7 wp-block-kadence-advancedheading has-ast-global-color-3-color has-text-color\" data-kb-block=\"kb-adv-heading1051_0518de-a7\">289,99 EUROS + IVA<\/h2>\n<\/div>\n<\/div>\n\n\n\n<div data-aos= \"zoom-in-up\" data-aos-duration=\"400\" data-aos-delay=\"0\" data-aos-easing=\"ease\" data-aos-once=\"true\" class=\"wp-block-uagb-container uagb-block-27e6153e\"><\/div>\n<\/div>\n\n<div class=\"wp-block-uagb-container uagb-block-5b7b18c7 alignfull uagb-is-root-container\"><div class=\"uagb-container-inner-blocks-wrap\">\n<div data-aos= \"zoom-in-up\" data-aos-duration=\"400\" data-aos-delay=\"0\" data-aos-easing=\"ease\" data-aos-once=\"true\" class=\"wp-block-uagb-container uagb-block-3f7988e4\">\n<p class=\" eplus-wrapper\"><strong>Benefits:<\/strong><br\/><br\/>Acesso \u00e0 Masterclass de Busca de Emprego de 140 minutos (pr\u00e9-gravada, on-line).<br\/>Modelos de CV e avalia\u00e7\u00f5es de especialistas para destacar seu perfil.<br\/>Participa\u00e7\u00e3o em 2 (duas) sess\u00f5es de coaching personalizadas.<br\/>Acesso a recursos valiosos para entrevistas e networking.<br\/>Participe de nossa comunidade exclusiva para clientes e receba orienta\u00e7\u00e3o personalizada.<br\/>Recursos espec\u00edficos e ferramentas adicionais adaptados \u00e0s suas necessidades profissionais.<br\/><br\/>N\u00e3o perca a oportunidade de participar de nossa comunidade exclusiva e receber aconselhamento personalizado, al\u00e9m de ferramentas adaptadas \u00e0s suas necessidades profissionais! Voc\u00ea tem coragem de dar o pr\u00f3ximo passo em sua carreira? <\/p>\n<\/div>\n\n\n\n<div class=\"wp-block-uagb-container uagb-block-a8cba11f\">\n<div class=\"wp-block-uagb-buttons uagb-buttons__outer-wrap uagb-btn__default-btn uagb-btn-tablet__default-btn uagb-btn-mobile__default-btn uagb-block-8021155c\"><div class=\"uagb-buttons__wrap uagb-buttons-layout-wrap \">\n<div data-aos= \"zoom-in-up\" data-aos-duration=\"400\" data-aos-delay=\"0\" data-aos-easing=\"ease\" data-aos-once=\"true\" class=\"wp-block-uagb-buttons-child uagb-buttons__outer-wrap uagb-block-518bc486 wp-block-button\"><div class=\"uagb-button__wrapper\"><a class=\"uagb-buttons-repeater wp-block-button__link\" aria-label=\"\" href=\"https:\/\/coach4expats.com\/wp-content\/uploads\/2025\/03\/Coach4Expats-Services-Overview-Portuguese.pdf\" rel=\"follow noopener\" target=\"_blank\" role=\"button\"><div class=\"uagb-button__link\">FOLHETO DE SERVI\u00c7OS<\/div><\/a><\/div><\/div>\n\n\n\n<div data-aos= \"zoom-in-up\" data-aos-duration=\"400\" data-aos-delay=\"0\" data-aos-easing=\"ease\" data-aos-once=\"true\" class=\"wp-block-uagb-buttons-child uagb-buttons__outer-wrap uagb-block-d3b6eb1c wp-block-button\"><div class=\"uagb-button__wrapper\"><a class=\"uagb-buttons-repeater wp-block-button__link\" aria-label=\"\" href=\"https:\/\/coach4expats.com\/wp-content\/uploads\/2025\/03\/Coach4expats-How-we-work-Portuguese.pdf\" rel=\"follow noopener\" target=\"_blank\" role=\"button\"><div class=\"uagb-button__link\">METODOLOGIA DE TRABALHO<\/div><\/a><\/div><\/div>\n<\/div><\/div>\n<\/div>\n<\/div><\/div>\n\n<div class=\"wp-block-uagb-container uagb-block-0b94198b alignfull uagb-is-root-container\"><div class=\"uagb-container-inner-blocks-wrap\">\n<p class=\" has-text-align-center eplus-wrapper\"><strong>IMPORTANTE: TODAS AS RESERVAS NESTE SITE S\u00c3O FEITAS NO SEGUINTE FUSO HOR\u00c1RIO: <\/strong><br\/><strong>Amsterd\u00e3 CET (UTC +1)<\/strong><\/p>\n\n\n\n<div class=\"wp-block-uagb-container uagb-block-a8bea360 alignwide uagb-is-root-container\">\n<div class=\"wp-block-booknetic-booking\">[booknetic service=&#8221;4&#8243; location=&#8221;2&#8243;]<\/div>\n<\/div>\n<\/div><\/div>\n","protected":false},"excerpt":{"rendered":"<p>289,99 EUROS + IVA Benefits: Acesso \u00e0 Masterclass de Busca de Emprego de 140 minutos (pr\u00e9-gravada, on-line).Modelos de CV e [&hellip;]<\/p>\n","protected":false},"author":3,"featured_media":1121,"parent":0,"menu_order":0,"comment_status":"closed","ping_status":"closed","template":"","meta":{"_uag_custom_page_level_css":"","site-sidebar-layout":"default","site-content-layout":"","ast-site-content-layout":"full-width-container","site-content-style":"default","site-sidebar-style":"default","ast-global-header-display":"","ast-banner-title-visibility":"","ast-main-header-display":"","ast-hfb-above-header-display":"","ast-hfb-below-header-display":"","ast-hfb-mobile-header-display":"","site-post-title":"disabled","ast-breadcrumbs-content":"","ast-featured-img":"disabled","footer-sml-layout":"","ast-disable-related-posts":"","theme-transparent-header-meta":"","adv-header-id-meta":"","stick-header-meta":"","header-above-stick-meta":"","header-main-stick-meta":"","header-below-stick-meta":"","astra-migrate-meta-layouts":"default","ast-page-background-enabled":"default","ast-page-background-meta":{"desktop":{"background-color":"var(--ast-global-color-4)","background-image":"","background-repeat":"repeat","background-position":"center center","background-size":"auto","background-attachment":"scroll","background-type":"","background-media":"","overlay-type":"","overlay-color":"","overlay-opacity":"","overlay-gradient":""},"tablet":{"background-color":"","background-image":"","background-repeat":"repeat","background-position":"center center","background-size":"auto","background-attachment":"scroll","background-type":"","background-media":"","overlay-type":"","overlay-color":"","overlay-opacity":"","overlay-gradient":""},"mobile":{"background-color":"","background-image":"","background-repeat":"repeat","background-position":"center center","background-size":"auto","background-attachment":"scroll","background-type":"","background-media":"","overlay-type":"","overlay-color":"","overlay-opacity":"","overlay-gradient":""}},"ast-content-background-meta":{"desktop":{"background-color":"var(--ast-global-color-5)","background-image":"","background-repeat":"repeat","background-position":"center center","background-size":"auto","background-attachment":"scroll","background-type":"","background-media":"","overlay-type":"","overlay-color":"","overlay-opacity":"","overlay-gradient":""},"tablet":{"background-color":"var(--ast-global-color-5)","background-image":"","background-repeat":"repeat","background-position":"center center","background-size":"auto","background-attachment":"scroll","background-type":"","background-media":"","overlay-type":"","overlay-color":"","overlay-opacity":"","overlay-gradient":""},"mobile":{"background-color":"var(--ast-global-color-5)","background-image":"","background-repeat":"repeat","background-position":"center center","background-size":"auto","background-attachment":"scroll","background-type":"","background-media":"","overlay-type":"","overlay-color":"","overlay-opacity":"","overlay-gradient":""}},"footnotes":""},"class_list":["post-1284","page","type-page","status-publish","has-post-thumbnail","hentry"],"uagb_featured_image_src":{"full":["https:\/\/coach4expats.com\/wp-content\/uploads\/2024\/09\/20230914-StudioTRIX-Coach4Expats-3_edited.jpg",1024,683,false],"thumbnail":["https:\/\/coach4expats.com\/wp-content\/uploads\/2024\/09\/20230914-StudioTRIX-Coach4Expats-3_edited-150x150.jpg",150,150,true],"medium":["https:\/\/coach4expats.com\/wp-content\/uploads\/2024\/09\/20230914-StudioTRIX-Coach4Expats-3_edited-300x200.jpg",300,200,true],"medium_large":["https:\/\/coach4expats.com\/wp-content\/uploads\/2024\/09\/20230914-StudioTRIX-Coach4Expats-3_edited-768x512.jpg",768,512,true],"large":["https:\/\/coach4expats.com\/wp-content\/uploads\/2024\/09\/20230914-StudioTRIX-Coach4Expats-3_edited.jpg",800,534,false],"1536x1536":["https:\/\/coach4expats.com\/wp-content\/uploads\/2024\/09\/20230914-StudioTRIX-Coach4Expats-3_edited.jpg",1024,683,false],"2048x2048":["https:\/\/coach4expats.com\/wp-content\/uploads\/2024\/09\/20230914-StudioTRIX-Coach4Expats-3_edited.jpg",1024,683,false],"widget-thumbnail":["https:\/\/coach4expats.com\/wp-content\/uploads\/2024\/09\/20230914-StudioTRIX-Coach4Expats-3_edited-75x75.jpg",75,75,true]},"uagb_author_info":{"display_name":"Mariel Schaab","author_link":"https:\/\/coach4expats.com\/pt-br\/author\/mariel\/"},"uagb_comment_info":0,"uagb_excerpt":"289,99 EUROS + IVA Benefits: Acesso \u00e0 Masterclass de Busca de Emprego de 140 minutos (pr\u00e9-gravada, on-line).Modelos de CV e [&hellip;]","_links":{"self":[{"href":"https:\/\/coach4expats.com\/pt-br\/wp-json\/wp\/v2\/pages\/1284","targetHints":{"allow":["GET"]}}],"collection":[{"href":"https:\/\/coach4expats.com\/pt-br\/wp-json\/wp\/v2\/pages"}],"about":[{"href":"https:\/\/coach4expats.com\/pt-br\/wp-json\/wp\/v2\/types\/page"}],"author":[{"embeddable":true,"href":"https:\/\/coach4expats.com\/pt-br\/wp-json\/wp\/v2\/users\/3"}],"replies":[{"embeddable":true,"href":"https:\/\/coach4expats.com\/pt-br\/wp-json\/wp\/v2\/comments?post=1284"}],"version-history":[{"count":5,"href":"https:\/\/coach4expats.com\/pt-br\/wp-json\/wp\/v2\/pages\/1284\/revisions"}],"predecessor-version":[{"id":12765,"href":"https:\/\/coach4expats.com\/pt-br\/wp-json\/wp\/v2\/pages\/1284\/revisions\/12765"}],"wp:featuredmedia":[{"embeddable":true,"href":"https:\/\/coach4expats.com\/pt-br\/wp-json\/wp\/v2\/media\/1121"}],"wp:attachment":[{"href":"https:\/\/coach4expats.com\/pt-br\/wp-json\/wp\/v2\/media?parent=1284"}],"curies":[{"name":"wp","href":"https:\/\/api.w.org\/{rel}","templated":true}]}}