{"id":1319,"date":"2024-10-02T13:00:56","date_gmt":"2024-10-02T11:00:56","guid":{"rendered":"https:\/\/coach4expats.com\/em-busca-de-seu-primeiro-emprego\/"},"modified":"2025-04-14T15:29:00","modified_gmt":"2025-04-14T13:29:00","slug":"em-busca-de-seu-primeiro-emprego","status":"publish","type":"page","link":"https:\/\/coach4expats.com\/pt-br\/em-busca-de-seu-primeiro-emprego\/","title":{"rendered":"Em busca de seu primeiro emprego"},"content":{"rendered":"\n<div class=\"wp-block-uagb-container uagb-block-2b5d30df alignfull uagb-is-root-container\">\n<div class=\"wp-block-uagb-container uagb-block-98f35fb6\">\n<div data-aos= \"zoom-in-up\" data-aos-duration=\"400\" data-aos-delay=\"0\" data-aos-easing=\"ease\" data-aos-once=\"true\" class=\"wp-block-uagb-info-box uagb-block-789ca1ae uagb-infobox__content-wrap  uagb-infobox-icon-above-title uagb-infobox-image-valign-top\"><div class=\"uagb-ifb-content\"><div class=\"uagb-ifb-title-wrap\"><h1 class=\"uagb-ifb-title\">Em busca de seu primeiro emprego<\/h1><\/div><p class=\"uagb-ifb-desc\">Voc\u00ea est\u00e1 pronto para dar o primeiro passo rumo a uma carreira de sucesso? Com nosso novo servi\u00e7o abrangente, fornecemos as ferramentas e o suporte de que voc\u00ea precisa para se destacar no competitivo mundo do trabalho. <\/p><\/div><\/div>\n\n\n\n<div class=\"wp-block-uagb-container uagb-block-d4fcf435\"><style>.wp-block-kadence-advancedheading.kt-adv-heading1078_d877d2-8e, .wp-block-kadence-advancedheading.kt-adv-heading1078_d877d2-8e[data-kb-block=\"kb-adv-heading1078_d877d2-8e\"]{margin-bottom:0px;text-align:center;font-size:var(--global-kb-font-size-md, 1.25rem);font-style:normal;}.wp-block-kadence-advancedheading.kt-adv-heading1078_d877d2-8e mark.kt-highlight, .wp-block-kadence-advancedheading.kt-adv-heading1078_d877d2-8e[data-kb-block=\"kb-adv-heading1078_d877d2-8e\"] mark.kt-highlight{font-style:normal;color:#f76a0c;-webkit-box-decoration-break:clone;box-decoration-break:clone;padding-top:0px;padding-right:0px;padding-bottom:0px;padding-left:0px;}.wp-block-kadence-advancedheading.kt-adv-heading1078_d877d2-8e img.kb-inline-image, .wp-block-kadence-advancedheading.kt-adv-heading1078_d877d2-8e[data-kb-block=\"kb-adv-heading1078_d877d2-8e\"] img.kb-inline-image{width:150px;vertical-align:baseline;}@media all and (max-width: 767px){.wp-block-kadence-advancedheading.kt-adv-heading1078_d877d2-8e, .wp-block-kadence-advancedheading.kt-adv-heading1078_d877d2-8e[data-kb-block=\"kb-adv-heading1078_d877d2-8e\"]{padding-bottom:0px;margin-bottom:0px;}}<\/style>\n<h2 class=\"kt-adv-heading1078_d877d2-8e wp-block-kadence-advancedheading has-ast-global-color-3-color has-text-color\" data-kb-block=\"kb-adv-heading1078_d877d2-8e\">\u20ac199,99 + IVA<\/h2>\n<\/div>\n<\/div>\n\n\n\n<div data-aos= \"zoom-in-up\" data-aos-duration=\"400\" data-aos-delay=\"0\" data-aos-easing=\"ease\" data-aos-once=\"true\" class=\"wp-block-uagb-container uagb-block-27e6153e\"><\/div>\n<\/div>\n\n<div class=\"wp-block-uagb-container uagb-block-5b7b18c7 alignfull uagb-is-root-container\"><div class=\"uagb-container-inner-blocks-wrap\">\n<div data-aos= \"zoom-in-up\" data-aos-duration=\"400\" data-aos-delay=\"0\" data-aos-easing=\"ease\" data-aos-once=\"true\" class=\"wp-block-uagb-container uagb-block-3f7988e4\">\n<p class=\" eplus-wrapper\"><strong>Benefits:<\/strong><br\/><br\/>\u2705 Otimiza\u00e7\u00e3o de documentos importantes: Voc\u00ea quer que seu curr\u00edculo, carta de apresenta\u00e7\u00e3o e perfil do LinkedIn se destaquem dos demais? Nossa equipe de especialistas ajudar\u00e1 voc\u00ea a aperfei\u00e7oar cada detalhe, apresentando sua experi\u00eancia e habilidades de forma impactante. <br\/><br\/>Domine as mais recentes ferramentas de busca de emprego baseadas em IA com nosso treinamento avan\u00e7ado.<br\/><br\/>Saiba como usar a tecnologia a seu favor e se destacar no mercado de trabalho atual.<br\/><br\/>\ud83c\udfaf Coaching personalizado para entrevistas: Voc\u00ea est\u00e1 nervoso com a sua pr\u00f3xima entrevista? N\u00e3o se preocupe, estamos aqui para ajudar. Receba orienta\u00e7\u00e3o personalizada de nossos instrutores para brilhar em cada entrevista e deixar uma impress\u00e3o duradoura.  <br\/><br\/>\ud83d\udcbc Desenvolvimento de compet\u00eancias essenciais: Capacite sua carreira com habilidades que s\u00e3o indispens\u00e1veis no local de trabalho atual. De habilidades de comunica\u00e7\u00e3o a lideran\u00e7a, forneceremos as ferramentas de que voc\u00ea precisa para ter sucesso em qualquer ambiente profissional. <br\/><br\/>\ud83d\udd04 Inclui 2 sess\u00f5es de coaching de carreira e nossa Masterclass: Busca de Emprego no Exterior!<br\/><br\/> Quando voc\u00ea se juntar\u00e1 a n\u00f3s para otimizar seu curr\u00edculo, dominar as mais recentes ferramentas de busca de emprego, receber orienta\u00e7\u00e3o personalizada para entrevistas e desenvolver compet\u00eancias essenciais? O sucesso de sua carreira come\u00e7a aqui! <\/p>\n<\/div>\n\n\n\n<div class=\"wp-block-uagb-container uagb-block-a8cba11f\">\n<div class=\"wp-block-uagb-buttons uagb-buttons__outer-wrap uagb-btn__default-btn uagb-btn-tablet__default-btn uagb-btn-mobile__default-btn uagb-block-17309c3e\"><div class=\"uagb-buttons__wrap uagb-buttons-layout-wrap \">\n<div data-aos= \"zoom-in-up\" data-aos-duration=\"400\" data-aos-delay=\"0\" data-aos-easing=\"ease\" data-aos-once=\"true\" class=\"wp-block-uagb-buttons-child uagb-buttons__outer-wrap uagb-block-97e9bc55 wp-block-button\"><div class=\"uagb-button__wrapper\"><a class=\"uagb-buttons-repeater wp-block-button__link\" aria-label=\"\" href=\"https:\/\/coach4expats.com\/wp-content\/uploads\/2025\/03\/Coach4Expats-Services-Overview-Portuguese.pdf\" rel=\"follow noopener\" target=\"_blank\" role=\"button\"><div class=\"uagb-button__link\">FOLHETO DE SERVI\u00c7OS<\/div><\/a><\/div><\/div>\n\n\n\n<div data-aos= \"zoom-in-up\" data-aos-duration=\"400\" data-aos-delay=\"0\" data-aos-easing=\"ease\" data-aos-once=\"true\" class=\"wp-block-uagb-buttons-child uagb-buttons__outer-wrap uagb-block-f0e7de2c wp-block-button\"><div class=\"uagb-button__wrapper\"><a class=\"uagb-buttons-repeater wp-block-button__link\" aria-label=\"\" href=\"https:\/\/coach4expats.com\/wp-content\/uploads\/2025\/03\/Coach4expats-How-we-work-Portuguese.pdf\" rel=\"follow noopener\" target=\"_blank\" role=\"button\"><div class=\"uagb-button__link\">METODOLOGIA DE TRABALHO<\/div><\/a><\/div><\/div>\n<\/div><\/div>\n<\/div>\n<\/div><\/div>\n\n<div class=\"wp-block-uagb-container uagb-block-0b94198b alignfull uagb-is-root-container\"><div class=\"uagb-container-inner-blocks-wrap\">\n<p class=\" has-text-align-center eplus-wrapper\"><strong>IMPORTANTE: TODAS AS RESERVAS NESTE SITE S\u00c3O FEITAS NO SEGUINTE FUSO HOR\u00c1RIO: <br\/>Amsterd\u00e3 CET (UTC +1)<\/strong><\/p>\n\n\n\n<div class=\"wp-block-uagb-container uagb-block-a8bea360 alignwide uagb-is-root-container\">\n<div class=\"wp-block-booknetic-booking\">[booknetic service=&#8221;10&#8243; location=&#8221;2&#8243;]<\/div>\n<\/div>\n<\/div><\/div>\n","protected":false},"excerpt":{"rendered":"<p>\u20ac199,99 + IVA Benefits: \u2705 Otimiza\u00e7\u00e3o de documentos importantes: Voc\u00ea quer que seu curr\u00edculo, carta de apresenta\u00e7\u00e3o e perfil do [&hellip;]<\/p>\n","protected":false},"author":3,"featured_media":1128,"parent":0,"menu_order":0,"comment_status":"closed","ping_status":"closed","template":"","meta":{"_uag_custom_page_level_css":"","site-sidebar-layout":"default","site-content-layout":"","ast-site-content-layout":"full-width-container","site-content-style":"default","site-sidebar-style":"default","ast-global-header-display":"","ast-banner-title-visibility":"","ast-main-header-display":"","ast-hfb-above-header-display":"","ast-hfb-below-header-display":"","ast-hfb-mobile-header-display":"","site-post-title":"disabled","ast-breadcrumbs-content":"","ast-featured-img":"disabled","footer-sml-layout":"","ast-disable-related-posts":"","theme-transparent-header-meta":"","adv-header-id-meta":"","stick-header-meta":"","header-above-stick-meta":"","header-main-stick-meta":"","header-below-stick-meta":"","astra-migrate-meta-layouts":"default","ast-page-background-enabled":"default","ast-page-background-meta":{"desktop":{"background-color":"var(--ast-global-color-4)","background-image":"","background-repeat":"repeat","background-position":"center center","background-size":"auto","background-attachment":"scroll","background-type":"","background-media":"","overlay-type":"","overlay-color":"","overlay-opacity":"","overlay-gradient":""},"tablet":{"background-color":"","background-image":"","background-repeat":"repeat","background-position":"center center","background-size":"auto","background-attachment":"scroll","background-type":"","background-media":"","overlay-type":"","overlay-color":"","overlay-opacity":"","overlay-gradient":""},"mobile":{"background-color":"","background-image":"","background-repeat":"repeat","background-position":"center center","background-size":"auto","background-attachment":"scroll","background-type":"","background-media":"","overlay-type":"","overlay-color":"","overlay-opacity":"","overlay-gradient":""}},"ast-content-background-meta":{"desktop":{"background-color":"var(--ast-global-color-5)","background-image":"","background-repeat":"repeat","background-position":"center center","background-size":"auto","background-attachment":"scroll","background-type":"","background-media":"","overlay-type":"","overlay-color":"","overlay-opacity":"","overlay-gradient":""},"tablet":{"background-color":"var(--ast-global-color-5)","background-image":"","background-repeat":"repeat","background-position":"center center","background-size":"auto","background-attachment":"scroll","background-type":"","background-media":"","overlay-type":"","overlay-color":"","overlay-opacity":"","overlay-gradient":""},"mobile":{"background-color":"var(--ast-global-color-5)","background-image":"","background-repeat":"repeat","background-position":"center center","background-size":"auto","background-attachment":"scroll","background-type":"","background-media":"","overlay-type":"","overlay-color":"","overlay-opacity":"","overlay-gradient":""}},"footnotes":""},"class_list":["post-1319","page","type-page","status-publish","has-post-thumbnail","hentry"],"uagb_featured_image_src":{"full":["https:\/\/coach4expats.com\/wp-content\/uploads\/2024\/09\/mujer-tiro-medio-posando-estudio-1_edited.jpg",2000,1943,false],"thumbnail":["https:\/\/coach4expats.com\/wp-content\/uploads\/2024\/09\/mujer-tiro-medio-posando-estudio-1_edited-150x150.jpg",150,150,true],"medium":["https:\/\/coach4expats.com\/wp-content\/uploads\/2024\/09\/mujer-tiro-medio-posando-estudio-1_edited-300x291.jpg",300,291,true],"medium_large":["https:\/\/coach4expats.com\/wp-content\/uploads\/2024\/09\/mujer-tiro-medio-posando-estudio-1_edited-768x746.jpg",768,746,true],"large":["https:\/\/coach4expats.com\/wp-content\/uploads\/2024\/09\/mujer-tiro-medio-posando-estudio-1_edited-1024x995.jpg",617,600,true],"1536x1536":["https:\/\/coach4expats.com\/wp-content\/uploads\/2024\/09\/mujer-tiro-medio-posando-estudio-1_edited-1536x1492.jpg",1536,1492,true],"2048x2048":["https:\/\/coach4expats.com\/wp-content\/uploads\/2024\/09\/mujer-tiro-medio-posando-estudio-1_edited.jpg",2000,1943,false],"widget-thumbnail":["https:\/\/coach4expats.com\/wp-content\/uploads\/2024\/09\/mujer-tiro-medio-posando-estudio-1_edited-75x75.jpg",75,75,true]},"uagb_author_info":{"display_name":"Mariel Schaab","author_link":"https:\/\/coach4expats.com\/pt-br\/author\/mariel\/"},"uagb_comment_info":0,"uagb_excerpt":"\u20ac199,99 + IVA Benefits: \u2705 Otimiza\u00e7\u00e3o de documentos importantes: Voc\u00ea quer que seu curr\u00edculo, carta de apresenta\u00e7\u00e3o e perfil do [&hellip;]","_links":{"self":[{"href":"https:\/\/coach4expats.com\/pt-br\/wp-json\/wp\/v2\/pages\/1319","targetHints":{"allow":["GET"]}}],"collection":[{"href":"https:\/\/coach4expats.com\/pt-br\/wp-json\/wp\/v2\/pages"}],"about":[{"href":"https:\/\/coach4expats.com\/pt-br\/wp-json\/wp\/v2\/types\/page"}],"author":[{"embeddable":true,"href":"https:\/\/coach4expats.com\/pt-br\/wp-json\/wp\/v2\/users\/3"}],"replies":[{"embeddable":true,"href":"https:\/\/coach4expats.com\/pt-br\/wp-json\/wp\/v2\/comments?post=1319"}],"version-history":[{"count":5,"href":"https:\/\/coach4expats.com\/pt-br\/wp-json\/wp\/v2\/pages\/1319\/revisions"}],"predecessor-version":[{"id":12814,"href":"https:\/\/coach4expats.com\/pt-br\/wp-json\/wp\/v2\/pages\/1319\/revisions\/12814"}],"wp:featuredmedia":[{"embeddable":true,"href":"https:\/\/coach4expats.com\/pt-br\/wp-json\/wp\/v2\/media\/1128"}],"wp:attachment":[{"href":"https:\/\/coach4expats.com\/pt-br\/wp-json\/wp\/v2\/media?parent=1319"}],"curies":[{"name":"wp","href":"https:\/\/api.w.org\/{rel}","templated":true}]}}