{"id":1407,"date":"2024-09-27T19:35:26","date_gmt":"2024-09-27T17:35:26","guid":{"rendered":"https:\/\/coach4expats.com\/privacidade\/"},"modified":"2026-01-12T18:46:50","modified_gmt":"2026-01-12T17:46:50","slug":"privacidade","status":"publish","type":"page","link":"https:\/\/coach4expats.com\/pt-br\/privacidade\/","title":{"rendered":"Privacy Policy"},"content":{"rendered":"\n<div class=\"wp-block-uagb-container uagb-block-ec05ea4f alignfull uagb-is-root-container\"><div class=\"uagb-container-inner-blocks-wrap\">\n<h2 class=\"gb-headline gb-headline-6e3d3a9e gb-headline-text\">Privacy Policy<\/h2>\n\n\n<style>.wp-block-kadence-advancedheading.kt-adv-heading3_d51940-11, .wp-block-kadence-advancedheading.kt-adv-heading3_d51940-11[data-kb-block=\"kb-adv-heading3_d51940-11\"]{font-size:var(--global-kb-font-size-sm, 0.9rem);font-weight:400;font-style:normal;}.wp-block-kadence-advancedheading.kt-adv-heading3_d51940-11 mark.kt-highlight, .wp-block-kadence-advancedheading.kt-adv-heading3_d51940-11[data-kb-block=\"kb-adv-heading3_d51940-11\"] mark.kt-highlight{font-style:normal;color:#f76a0c;-webkit-box-decoration-break:clone;box-decoration-break:clone;padding-top:0px;padding-right:0px;padding-bottom:0px;padding-left:0px;}.wp-block-kadence-advancedheading.kt-adv-heading3_d51940-11 img.kb-inline-image, .wp-block-kadence-advancedheading.kt-adv-heading3_d51940-11[data-kb-block=\"kb-adv-heading3_d51940-11\"] img.kb-inline-image{width:150px;vertical-align:baseline;}<\/style>\n<p class=\"kt-adv-heading3_d51940-11 wp-block-kadence-advancedheading\" data-kb-block=\"kb-adv-heading3_d51940-11\">Esta Pol\u00edtica de Privacidade fala sobre como a Coach4expats recolhe, usa e protege os teus dados pessoais. Todo o processamento de dados segue o Regulamento Geral sobre a Prote\u00e7\u00e3o de Dados (RGPD) da Uni\u00e3o Europeia.  <\/p>\n\n\n\n<p>A Coach4expats, com sede na Holanda, \u00e9 a respons\u00e1vel pelo tratamento das suas informa\u00e7\u00f5es pessoais.<br\/>\u200b<br\/><strong>1. Compromisso com a privacidade<\/strong><br\/>A Coach4expats est\u00e1 empenhada em proteger a sua privacidade. Seus dados pessoais ser\u00e3o tratados com o m\u00e1ximo respeito e usados somente para os fins para os quais foram coletados, seguindo as diretrizes estabelecidas nesta pol\u00edtica de privacidade.<br\/> <br\/><strong>2. Altera\u00e7\u00f5es \u00e0 Pol\u00edtica<\/strong><br\/>A Coach4expats poder\u00e1 atualizar esta pol\u00edtica, e quaisquer altera\u00e7\u00f5es ser\u00e3o publicadas em nosso site. Voc\u00ea tamb\u00e9m ser\u00e1 notificado sobre altera\u00e7\u00f5es significativas.<br\/> <br\/><strong>3. Como coletamos informa\u00e7\u00f5es<\/strong><br\/>Ao usar nosso site, podemos usar cookies anal\u00edticos para coletar informa\u00e7\u00f5es sobre suas intera\u00e7\u00f5es.<br\/><br\/><strong>4. O que coletamos<\/strong><br\/>Quando voc\u00ea acessa nosso site, solicitamos seu consentimento para coletar informa\u00e7\u00f5es relacionadas ao seu dispositivo, navegador e navega\u00e7\u00e3o no site.<br\/><br\/><strong>5. Uso de dados<\/strong><br\/>Essas informa\u00e7\u00f5es s\u00e3o usadas para analisar tend\u00eancias, gerenciar o site e coletar dados demogr\u00e1ficos, melhorando sua experi\u00eancia no site.<br\/><br\/><strong>6. Compartilhamento de informa\u00e7\u00f5es<\/strong><br\/>Seus dados podem ser compartilhados com provedores de servi\u00e7os terceirizados para melhorar nosso site. Garantimos a conformidade com as leis de prote\u00e7\u00e3o de dados por meio de contratos de processamento.<br\/> <br\/><strong>7. Gerenciamento de<\/strong> cookies<br\/>Voc\u00ea pode gerenciar e excluir cookies por meio das configura\u00e7\u00f5es de seu navegador. Nosso sistema pode n\u00e3o responder \u00e0s solicita\u00e7\u00f5es de n\u00e3o rastreamento.<br\/> <br\/><strong>8. Como coletamos informa\u00e7\u00f5es<\/strong><br\/>As informa\u00e7\u00f5es s\u00e3o coletadas quando voc\u00ea preenche formul\u00e1rios em nosso site, envia voluntariamente detalhes ou se identifica como candidato em potencial por meio de fontes externas.<br\/><br\/><strong>9. O que coletamos<\/strong><br\/>Coletamos dados essenciais para o processo de recrutamento, como detalhes pessoais, educa\u00e7\u00e3o, hist\u00f3rico profissional e habilidades.<br\/><br\/><strong>10. Uso dos dados<\/strong><br\/>Essas informa\u00e7\u00f5es s\u00e3o usadas para avaliar sua adequa\u00e7\u00e3o a um emprego, obter refer\u00eancias e fornecer servi\u00e7os a voc\u00ea. Com o seu consentimento, tamb\u00e9m poderemos usar seus dados para fins de marketing.<br\/> <br\/><strong>11. Compartilhamento de informa\u00e7\u00f5es<\/strong><br\/>Seus dados pessoais s\u00e3o processados dentro da Uni\u00e3o Europeia e podem ser compartilhados com clientes e prestadores de servi\u00e7os externos de acordo com contratos de processamento de dados.<br\/><br\/><strong>12. Reten\u00e7\u00e3o de dados<\/strong><br\/>As informa\u00e7\u00f5es s\u00e3o retidas por um per\u00edodo espec\u00edfico e voc\u00ea ser\u00e1 contatado para renovar seu consentimento.<br\/><br\/><strong>13. Acesso e controle<\/strong><br\/>Voc\u00ea tem o direito de acessar, corrigir, excluir ou restringir o processamento de seus dados pessoais. Voc\u00ea tem op\u00e7\u00f5es para cancelar a assinatura de comunica\u00e7\u00f5es de marketing.<br\/> <br\/><strong>14. Seguran\u00e7a<\/strong><br\/>A Coach4expats garante a seguran\u00e7a de suas informa\u00e7\u00f5es por meio de medidas t\u00e9cnicas e organizacionais apropriadas.<br\/><br\/><strong>15. Contact<\/strong><br\/>For privacy-related inquiries or concerns, please contact us at info@coach4expats.com.<\/p>\n<\/div><\/div>\n\n<p><\/p>\n","protected":false},"excerpt":{"rendered":"<p>Privacy Policy Esta Pol\u00edtica de Privacidade fala sobre como a Coach4expats recolhe, usa e protege os teus dados pessoais. Todo [&hellip;]<\/p>\n","protected":false},"author":3,"featured_media":0,"parent":0,"menu_order":0,"comment_status":"closed","ping_status":"open","template":"","meta":{"_uag_custom_page_level_css":"","site-sidebar-layout":"default","site-content-layout":"","ast-site-content-layout":"narrow-width-container","site-content-style":"default","site-sidebar-style":"default","ast-global-header-display":"","ast-banner-title-visibility":"","ast-main-header-display":"","ast-hfb-above-header-display":"","ast-hfb-below-header-display":"","ast-hfb-mobile-header-display":"","site-post-title":"disabled","ast-breadcrumbs-content":"","ast-featured-img":"","footer-sml-layout":"","ast-disable-related-posts":"","theme-transparent-header-meta":"","adv-header-id-meta":"","stick-header-meta":"","header-above-stick-meta":"","header-main-stick-meta":"","header-below-stick-meta":"","astra-migrate-meta-layouts":"default","ast-page-background-enabled":"default","ast-page-background-meta":{"desktop":{"background-color":"var(--ast-global-color-4)","background-image":"","background-repeat":"repeat","background-position":"center center","background-size":"auto","background-attachment":"scroll","background-type":"","background-media":"","overlay-type":"","overlay-color":"","overlay-opacity":"","overlay-gradient":""},"tablet":{"background-color":"","background-image":"","background-repeat":"repeat","background-position":"center center","background-size":"auto","background-attachment":"scroll","background-type":"","background-media":"","overlay-type":"","overlay-color":"","overlay-opacity":"","overlay-gradient":""},"mobile":{"background-color":"","background-image":"","background-repeat":"repeat","background-position":"center center","background-size":"auto","background-attachment":"scroll","background-type":"","background-media":"","overlay-type":"","overlay-color":"","overlay-opacity":"","overlay-gradient":""}},"ast-content-background-meta":{"desktop":{"background-color":"var(--ast-global-color-5)","background-image":"","background-repeat":"repeat","background-position":"center center","background-size":"auto","background-attachment":"scroll","background-type":"","background-media":"","overlay-type":"","overlay-color":"","overlay-opacity":"","overlay-gradient":""},"tablet":{"background-color":"var(--ast-global-color-5)","background-image":"","background-repeat":"repeat","background-position":"center center","background-size":"auto","background-attachment":"scroll","background-type":"","background-media":"","overlay-type":"","overlay-color":"","overlay-opacity":"","overlay-gradient":""},"mobile":{"background-color":"var(--ast-global-color-5)","background-image":"","background-repeat":"repeat","background-position":"center center","background-size":"auto","background-attachment":"scroll","background-type":"","background-media":"","overlay-type":"","overlay-color":"","overlay-opacity":"","overlay-gradient":""}},"footnotes":""},"class_list":["post-1407","page","type-page","status-publish","hentry"],"uagb_featured_image_src":{"full":false,"thumbnail":false,"medium":false,"medium_large":false,"large":false,"1536x1536":false,"2048x2048":false,"widget-thumbnail":false},"uagb_author_info":{"display_name":"Mariel Schaab","author_link":"https:\/\/coach4expats.com\/pt-br\/author\/mariel\/"},"uagb_comment_info":0,"uagb_excerpt":"Privacy Policy Esta Pol\u00edtica de Privacidade fala sobre como a Coach4expats recolhe, usa e protege os teus dados pessoais. Todo [&hellip;]","_links":{"self":[{"href":"https:\/\/coach4expats.com\/pt-br\/wp-json\/wp\/v2\/pages\/1407","targetHints":{"allow":["GET"]}}],"collection":[{"href":"https:\/\/coach4expats.com\/pt-br\/wp-json\/wp\/v2\/pages"}],"about":[{"href":"https:\/\/coach4expats.com\/pt-br\/wp-json\/wp\/v2\/types\/page"}],"author":[{"embeddable":true,"href":"https:\/\/coach4expats.com\/pt-br\/wp-json\/wp\/v2\/users\/3"}],"replies":[{"embeddable":true,"href":"https:\/\/coach4expats.com\/pt-br\/wp-json\/wp\/v2\/comments?post=1407"}],"version-history":[{"count":6,"href":"https:\/\/coach4expats.com\/pt-br\/wp-json\/wp\/v2\/pages\/1407\/revisions"}],"predecessor-version":[{"id":17503,"href":"https:\/\/coach4expats.com\/pt-br\/wp-json\/wp\/v2\/pages\/1407\/revisions\/17503"}],"wp:attachment":[{"href":"https:\/\/coach4expats.com\/pt-br\/wp-json\/wp\/v2\/media?parent=1407"}],"curies":[{"name":"wp","href":"https:\/\/api.w.org\/{rel}","templated":true}]}}