{"id":1417,"date":"2024-10-02T02:39:04","date_gmt":"2024-10-02T00:39:04","guid":{"rendered":"https:\/\/coach4expats.com\/reembolso\/"},"modified":"2025-04-14T16:40:13","modified_gmt":"2025-04-14T14:40:13","slug":"reembolso","status":"publish","type":"page","link":"https:\/\/coach4expats.com\/pt-br\/reembolso\/","title":{"rendered":"Reembolso"},"content":{"rendered":"\n<div class=\"wp-block-uagb-container uagb-block-ec05ea4f alignfull uagb-is-root-container\"><div class=\"uagb-container-inner-blocks-wrap\">\n<h2 class=\"gb-headline gb-headline-6e3d3a9e gb-headline-text\">Reembolso<\/h2>\n\n\n<style>.wp-block-kadence-advancedheading.kt-adv-heading1000_8ee076-23, .wp-block-kadence-advancedheading.kt-adv-heading1000_8ee076-23[data-kb-block=\"kb-adv-heading1000_8ee076-23\"]{font-size:var(--global-kb-font-size-sm, 0.9rem);font-weight:400;font-style:normal;}.wp-block-kadence-advancedheading.kt-adv-heading1000_8ee076-23 mark.kt-highlight, .wp-block-kadence-advancedheading.kt-adv-heading1000_8ee076-23[data-kb-block=\"kb-adv-heading1000_8ee076-23\"] mark.kt-highlight{font-style:normal;color:#f76a0c;-webkit-box-decoration-break:clone;box-decoration-break:clone;padding-top:0px;padding-right:0px;padding-bottom:0px;padding-left:0px;}.wp-block-kadence-advancedheading.kt-adv-heading1000_8ee076-23 img.kb-inline-image, .wp-block-kadence-advancedheading.kt-adv-heading1000_8ee076-23[data-kb-block=\"kb-adv-heading1000_8ee076-23\"] img.kb-inline-image{width:150px;vertical-align:baseline;}<\/style>\n<p class=\"kt-adv-heading1000_8ee076-23 wp-block-kadence-advancedheading\" data-kb-block=\"kb-adv-heading1000_8ee076-23\">Todas as devolu\u00e7\u00f5es devem ser feitas em at\u00e9 14 dias ap\u00f3s a data da compra on-line. Para devolver um item comprado em nossa loja on-line, envie um e-mail para o atendimento ao cliente em info@coach4expats.com para obter um n\u00famero de autoriza\u00e7\u00e3o de devolu\u00e7\u00e3o de mercadoria (RMA). Assim que voc\u00ea receber um n\u00famero de RMA, envie o comprovante de compra para o e-mail fornecido. Aguarde pelo menos 6 dias a partir do recebimento do item para processar a devolu\u00e7\u00e3o. Os reembolsos podem levar de 1 a 2 ciclos de faturamento para aparecer no extrato do seu cart\u00e3o de cr\u00e9dito, dependendo da empresa do cart\u00e3o de cr\u00e9dito. Voc\u00ea ser\u00e1 notificado por e-mail quando a sua devolu\u00e7\u00e3o for processada.<br\/><br\/> Se voc\u00ea tiver alguma d\u00favida sobre a nossa pol\u00edtica de devolu\u00e7\u00e3o para compras on-line, entre em contato conosco pelo telefone: +31 6 1463 0463 ou <strong><a href=\"mailto:info@coach4expats.com\">info@coach4expats.com<\/a><\/strong>.     <\/p>\n<\/div><\/div>\n\n<p><\/p>\n","protected":false},"excerpt":{"rendered":"<p>Reembolso Todas as devolu\u00e7\u00f5es devem ser feitas em at\u00e9 14 dias ap\u00f3s a data da compra on-line. Para devolver um [&hellip;]<\/p>\n","protected":false},"author":3,"featured_media":0,"parent":0,"menu_order":0,"comment_status":"closed","ping_status":"open","template":"","meta":{"_uag_custom_page_level_css":"","site-sidebar-layout":"default","site-content-layout":"","ast-site-content-layout":"normal-width-container","site-content-style":"default","site-sidebar-style":"default","ast-global-header-display":"","ast-banner-title-visibility":"","ast-main-header-display":"","ast-hfb-above-header-display":"","ast-hfb-below-header-display":"","ast-hfb-mobile-header-display":"","site-post-title":"disabled","ast-breadcrumbs-content":"","ast-featured-img":"","footer-sml-layout":"","ast-disable-related-posts":"","theme-transparent-header-meta":"","adv-header-id-meta":"","stick-header-meta":"","header-above-stick-meta":"","header-main-stick-meta":"","header-below-stick-meta":"","astra-migrate-meta-layouts":"default","ast-page-background-enabled":"default","ast-page-background-meta":{"desktop":{"background-color":"var(--ast-global-color-4)","background-image":"","background-repeat":"repeat","background-position":"center center","background-size":"auto","background-attachment":"scroll","background-type":"","background-media":"","overlay-type":"","overlay-color":"","overlay-opacity":"","overlay-gradient":""},"tablet":{"background-color":"","background-image":"","background-repeat":"repeat","background-position":"center center","background-size":"auto","background-attachment":"scroll","background-type":"","background-media":"","overlay-type":"","overlay-color":"","overlay-opacity":"","overlay-gradient":""},"mobile":{"background-color":"","background-image":"","background-repeat":"repeat","background-position":"center center","background-size":"auto","background-attachment":"scroll","background-type":"","background-media":"","overlay-type":"","overlay-color":"","overlay-opacity":"","overlay-gradient":""}},"ast-content-background-meta":{"desktop":{"background-color":"var(--ast-global-color-5)","background-image":"","background-repeat":"repeat","background-position":"center center","background-size":"auto","background-attachment":"scroll","background-type":"","background-media":"","overlay-type":"","overlay-color":"","overlay-opacity":"","overlay-gradient":""},"tablet":{"background-color":"var(--ast-global-color-5)","background-image":"","background-repeat":"repeat","background-position":"center center","background-size":"auto","background-attachment":"scroll","background-type":"","background-media":"","overlay-type":"","overlay-color":"","overlay-opacity":"","overlay-gradient":""},"mobile":{"background-color":"var(--ast-global-color-5)","background-image":"","background-repeat":"repeat","background-position":"center center","background-size":"auto","background-attachment":"scroll","background-type":"","background-media":"","overlay-type":"","overlay-color":"","overlay-opacity":"","overlay-gradient":""}},"footnotes":""},"class_list":["post-1417","page","type-page","status-publish","hentry"],"uagb_featured_image_src":{"full":false,"thumbnail":false,"medium":false,"medium_large":false,"large":false,"1536x1536":false,"2048x2048":false,"widget-thumbnail":false},"uagb_author_info":{"display_name":"Mariel Schaab","author_link":"https:\/\/coach4expats.com\/pt-br\/author\/mariel\/"},"uagb_comment_info":0,"uagb_excerpt":"Reembolso Todas as devolu\u00e7\u00f5es devem ser feitas em at\u00e9 14 dias ap\u00f3s a data da compra on-line. Para devolver um [&hellip;]","_links":{"self":[{"href":"https:\/\/coach4expats.com\/pt-br\/wp-json\/wp\/v2\/pages\/1417","targetHints":{"allow":["GET"]}}],"collection":[{"href":"https:\/\/coach4expats.com\/pt-br\/wp-json\/wp\/v2\/pages"}],"about":[{"href":"https:\/\/coach4expats.com\/pt-br\/wp-json\/wp\/v2\/types\/page"}],"author":[{"embeddable":true,"href":"https:\/\/coach4expats.com\/pt-br\/wp-json\/wp\/v2\/users\/3"}],"replies":[{"embeddable":true,"href":"https:\/\/coach4expats.com\/pt-br\/wp-json\/wp\/v2\/comments?post=1417"}],"version-history":[{"count":4,"href":"https:\/\/coach4expats.com\/pt-br\/wp-json\/wp\/v2\/pages\/1417\/revisions"}],"predecessor-version":[{"id":12852,"href":"https:\/\/coach4expats.com\/pt-br\/wp-json\/wp\/v2\/pages\/1417\/revisions\/12852"}],"wp:attachment":[{"href":"https:\/\/coach4expats.com\/pt-br\/wp-json\/wp\/v2\/media?parent=1417"}],"curies":[{"name":"wp","href":"https:\/\/api.w.org\/{rel}","templated":true}]}}