{"id":1427,"date":"2024-10-02T12:30:33","date_gmt":"2024-10-02T10:30:33","guid":{"rendered":"https:\/\/coach4expats.com\/prata-tenha-um-curriculo-de-sucesso\/"},"modified":"2025-04-14T17:08:51","modified_gmt":"2025-04-14T15:08:51","slug":"prata-tenha-um-curriculo-de-sucesso","status":"publish","type":"page","link":"https:\/\/coach4expats.com\/pt-br\/prata-tenha-um-curriculo-de-sucesso\/","title":{"rendered":"PRATA: Tenha um curr\u00edculo de sucesso!"},"content":{"rendered":"\n<div class=\"wp-block-uagb-container uagb-block-2b5d30df alignfull uagb-is-root-container\">\n<div class=\"wp-block-uagb-container uagb-block-98f35fb6\">\n<div data-aos= \"zoom-in-up\" data-aos-duration=\"400\" data-aos-delay=\"0\" data-aos-easing=\"ease\" data-aos-once=\"true\" class=\"wp-block-uagb-info-box uagb-block-789ca1ae uagb-infobox__content-wrap  uagb-infobox-icon-above-title uagb-infobox-image-valign-top\"><div class=\"uagb-ifb-content\"><div class=\"uagb-ifb-title-wrap\"><h1 class=\"uagb-ifb-title\">PRATA:<br\/>Tenha um curr\u00edculo de sucesso!<\/h1><\/div><p class=\"uagb-ifb-desc\">\ud83d\ude80 Otimize sua busca de emprego com nosso pacote de servi\u00e7os exclusivos! Voc\u00ea ter\u00e1 acesso privilegiado a uma Masterclass de Busca de Emprego (pr\u00e9-gravada) e a modelos de curr\u00edculos profissionais. Al\u00e9m disso, aproveite as vantagens de revis\u00f5es detalhadas de curr\u00edculos e cartas de apresenta\u00e7\u00e3o, bem como sess\u00f5es personalizadas de orienta\u00e7\u00e3o profissional. Acesse recursos valiosos para fazer entrevistas e criar sua rede de contatos.   <br\/> <br\/>Junte-se \u00e0 nossa comunidade exclusiva e decole para o pr\u00f3ximo emprego dos seus sonhos.<\/p><\/div><\/div>\n\n\n\n<div class=\"wp-block-uagb-container uagb-block-d4fcf435\"><style>.wp-block-kadence-advancedheading.kt-adv-heading1055_624e3f-d1, .wp-block-kadence-advancedheading.kt-adv-heading1055_624e3f-d1[data-kb-block=\"kb-adv-heading1055_624e3f-d1\"]{margin-bottom:0px;text-align:center;font-size:var(--global-kb-font-size-md, 1.25rem);font-style:normal;}.wp-block-kadence-advancedheading.kt-adv-heading1055_624e3f-d1 mark.kt-highlight, .wp-block-kadence-advancedheading.kt-adv-heading1055_624e3f-d1[data-kb-block=\"kb-adv-heading1055_624e3f-d1\"] mark.kt-highlight{font-style:normal;color:#f76a0c;-webkit-box-decoration-break:clone;box-decoration-break:clone;padding-top:0px;padding-right:0px;padding-bottom:0px;padding-left:0px;}.wp-block-kadence-advancedheading.kt-adv-heading1055_624e3f-d1 img.kb-inline-image, .wp-block-kadence-advancedheading.kt-adv-heading1055_624e3f-d1[data-kb-block=\"kb-adv-heading1055_624e3f-d1\"] img.kb-inline-image{width:150px;vertical-align:baseline;}@media all and (max-width: 767px){.wp-block-kadence-advancedheading.kt-adv-heading1055_624e3f-d1, .wp-block-kadence-advancedheading.kt-adv-heading1055_624e3f-d1[data-kb-block=\"kb-adv-heading1055_624e3f-d1\"]{padding-bottom:0px;margin-bottom:0px;}}<\/style>\n<h2 class=\"kt-adv-heading1055_624e3f-d1 wp-block-kadence-advancedheading has-ast-global-color-3-color has-text-color\" data-kb-block=\"kb-adv-heading1055_624e3f-d1\">\u20ac159,99 + IVA<\/h2>\n<\/div>\n<\/div>\n\n\n\n<div data-aos= \"zoom-in-up\" data-aos-duration=\"400\" data-aos-delay=\"0\" data-aos-easing=\"ease\" data-aos-once=\"true\" class=\"wp-block-uagb-container uagb-block-27e6153e\"><\/div>\n<\/div>\n\n<div class=\"wp-block-uagb-container uagb-block-5b7b18c7 alignfull uagb-is-root-container\"><div class=\"uagb-container-inner-blocks-wrap\">\n<div data-aos= \"zoom-in-up\" data-aos-duration=\"400\" data-aos-delay=\"0\" data-aos-easing=\"ease\" data-aos-once=\"true\" class=\"wp-block-uagb-container uagb-block-3f7988e4\">\n<p class=\" eplus-wrapper\"><strong>Benef\u00edcios:<\/strong><br\/><br\/>\ud83d\udcda Acesso \u00e0 Masterclass de Busca de Emprego de 140 minutos (pr\u00e9-gravada, on-line).<br\/>\ud83d\udcc4 Modelos de curr\u00edculo profissional.<br\/>\ud83d\udd04 1 (uma) sess\u00e3o personalizada de orienta\u00e7\u00e3o profissional.<br\/>\ud83d\udcbc Recursos valiosos para entrevistas.<br\/>\ud83c\udf10 Expandir sua rede e participar de nossa comunidade exclusiva de clientes.<br\/>Pronto para otimizar sua busca de emprego com nosso exclusivo pacote de servi\u00e7os SILVER?<br\/>Inscreva-se agora para ter acesso a uma Masterclass de Busca de Emprego e a modelos de curr\u00edculos profissionais!<\/p>\n<\/div>\n\n\n\n<div class=\"wp-block-uagb-container uagb-block-a8cba11f\">\n<div class=\"wp-block-uagb-buttons uagb-buttons__outer-wrap uagb-btn__default-btn uagb-btn-tablet__default-btn uagb-btn-mobile__default-btn uagb-block-1750ac85\"><div class=\"uagb-buttons__wrap uagb-buttons-layout-wrap \">\n<div data-aos= \"zoom-in-up\" data-aos-duration=\"400\" data-aos-delay=\"0\" data-aos-easing=\"ease\" data-aos-once=\"true\" class=\"wp-block-uagb-buttons-child uagb-buttons__outer-wrap uagb-block-e24a0969 wp-block-button\"><div class=\"uagb-button__wrapper\"><a class=\"uagb-buttons-repeater wp-block-button__link\" aria-label=\"\" href=\"https:\/\/coach4expats.com\/wp-content\/uploads\/2025\/03\/Coach4Expats-Services-Overview-Portuguese.pdf\" rel=\"follow noopener\" target=\"_blank\" role=\"button\"><div class=\"uagb-button__link\">FOLHETO DE SERVI\u00c7OS<\/div><\/a><\/div><\/div>\n\n\n\n<div data-aos= \"zoom-in-up\" data-aos-duration=\"400\" data-aos-delay=\"0\" data-aos-easing=\"ease\" data-aos-once=\"true\" class=\"wp-block-uagb-buttons-child uagb-buttons__outer-wrap uagb-block-8cccd948 wp-block-button\"><div class=\"uagb-button__wrapper\"><a class=\"uagb-buttons-repeater wp-block-button__link\" aria-label=\"\" href=\"https:\/\/coach4expats.com\/wp-content\/uploads\/2025\/03\/Coach4expats-How-we-work-Portuguese.pdf\" rel=\"follow noopener\" target=\"_blank\" role=\"button\"><div class=\"uagb-button__link\">METODOLOGIA DE TRABALHO<\/div><\/a><\/div><\/div>\n<\/div><\/div>\n<\/div>\n<\/div><\/div>\n\n<div class=\"wp-block-uagb-container uagb-block-0b94198b alignfull uagb-is-root-container\"><div class=\"uagb-container-inner-blocks-wrap\">\n<p class=\" has-text-align-center eplus-wrapper\"><strong>IMPORTANTE: TODAS AS RESERVAS NESTE SITE S\u00c3O FEITAS NO SEGUINTE FUSO HOR\u00c1RIO:<\/strong><br\/><a href=\"IMPORTANT:%20ALL%20BOOKINGS%20ON%20THIS%20WEBSITE%20ARE%20ON%20THE%20FOLLOWING%20TIME%20ZONE:\"> <\/a><strong>Amsterd\u00e3<\/strong> <strong>CET (UTC +1)<\/strong><\/p>\n\n\n\n<div class=\"wp-block-uagb-container uagb-block-a8bea360 alignwide uagb-is-root-container\">\n<div class=\"wp-block-booknetic-booking\">[booknetic service=&#8221;5&#8243; location=&#8221;2&#8243;]<\/div>\n<\/div>\n<\/div><\/div>\n","protected":false},"excerpt":{"rendered":"<p>\u20ac159,99 + IVA Benef\u00edcios: \ud83d\udcda Acesso \u00e0 Masterclass de Busca de Emprego de 140 minutos (pr\u00e9-gravada, on-line).\ud83d\udcc4 Modelos de curr\u00edculo [&hellip;]<\/p>\n","protected":false},"author":3,"featured_media":1123,"parent":0,"menu_order":0,"comment_status":"closed","ping_status":"closed","template":"","meta":{"_uag_custom_page_level_css":"","site-sidebar-layout":"default","site-content-layout":"","ast-site-content-layout":"full-width-container","site-content-style":"default","site-sidebar-style":"default","ast-global-header-display":"","ast-banner-title-visibility":"","ast-main-header-display":"","ast-hfb-above-header-display":"","ast-hfb-below-header-display":"","ast-hfb-mobile-header-display":"","site-post-title":"disabled","ast-breadcrumbs-content":"","ast-featured-img":"disabled","footer-sml-layout":"","ast-disable-related-posts":"","theme-transparent-header-meta":"","adv-header-id-meta":"","stick-header-meta":"","header-above-stick-meta":"","header-main-stick-meta":"","header-below-stick-meta":"","astra-migrate-meta-layouts":"default","ast-page-background-enabled":"default","ast-page-background-meta":{"desktop":{"background-color":"var(--ast-global-color-4)","background-image":"","background-repeat":"repeat","background-position":"center center","background-size":"auto","background-attachment":"scroll","background-type":"","background-media":"","overlay-type":"","overlay-color":"","overlay-opacity":"","overlay-gradient":""},"tablet":{"background-color":"","background-image":"","background-repeat":"repeat","background-position":"center center","background-size":"auto","background-attachment":"scroll","background-type":"","background-media":"","overlay-type":"","overlay-color":"","overlay-opacity":"","overlay-gradient":""},"mobile":{"background-color":"","background-image":"","background-repeat":"repeat","background-position":"center center","background-size":"auto","background-attachment":"scroll","background-type":"","background-media":"","overlay-type":"","overlay-color":"","overlay-opacity":"","overlay-gradient":""}},"ast-content-background-meta":{"desktop":{"background-color":"var(--ast-global-color-5)","background-image":"","background-repeat":"repeat","background-position":"center center","background-size":"auto","background-attachment":"scroll","background-type":"","background-media":"","overlay-type":"","overlay-color":"","overlay-opacity":"","overlay-gradient":""},"tablet":{"background-color":"var(--ast-global-color-5)","background-image":"","background-repeat":"repeat","background-position":"center center","background-size":"auto","background-attachment":"scroll","background-type":"","background-media":"","overlay-type":"","overlay-color":"","overlay-opacity":"","overlay-gradient":""},"mobile":{"background-color":"var(--ast-global-color-5)","background-image":"","background-repeat":"repeat","background-position":"center center","background-size":"auto","background-attachment":"scroll","background-type":"","background-media":"","overlay-type":"","overlay-color":"","overlay-opacity":"","overlay-gradient":""}},"footnotes":""},"class_list":["post-1427","page","type-page","status-publish","has-post-thumbnail","hentry"],"uagb_featured_image_src":{"full":["https:\/\/coach4expats.com\/wp-content\/uploads\/2024\/09\/20230914-StudioTRIX-Coach4Expats-53-min_edited_edited_edited.jpg",2312,1795,false],"thumbnail":["https:\/\/coach4expats.com\/wp-content\/uploads\/2024\/09\/20230914-StudioTRIX-Coach4Expats-53-min_edited_edited_edited-150x150.jpg",150,150,true],"medium":["https:\/\/coach4expats.com\/wp-content\/uploads\/2024\/09\/20230914-StudioTRIX-Coach4Expats-53-min_edited_edited_edited-300x233.jpg",300,233,true],"medium_large":["https:\/\/coach4expats.com\/wp-content\/uploads\/2024\/09\/20230914-StudioTRIX-Coach4Expats-53-min_edited_edited_edited-768x596.jpg",768,596,true],"large":["https:\/\/coach4expats.com\/wp-content\/uploads\/2024\/09\/20230914-StudioTRIX-Coach4Expats-53-min_edited_edited_edited-1024x795.jpg",773,600,true],"1536x1536":["https:\/\/coach4expats.com\/wp-content\/uploads\/2024\/09\/20230914-StudioTRIX-Coach4Expats-53-min_edited_edited_edited-1536x1193.jpg",1536,1193,true],"2048x2048":["https:\/\/coach4expats.com\/wp-content\/uploads\/2024\/09\/20230914-StudioTRIX-Coach4Expats-53-min_edited_edited_edited-2048x1590.jpg",2048,1590,true],"widget-thumbnail":["https:\/\/coach4expats.com\/wp-content\/uploads\/2024\/09\/20230914-StudioTRIX-Coach4Expats-53-min_edited_edited_edited-75x75.jpg",75,75,true]},"uagb_author_info":{"display_name":"Mariel Schaab","author_link":"https:\/\/coach4expats.com\/pt-br\/author\/mariel\/"},"uagb_comment_info":0,"uagb_excerpt":"\u20ac159,99 + IVA Benef\u00edcios: \ud83d\udcda Acesso \u00e0 Masterclass de Busca de Emprego de 140 minutos (pr\u00e9-gravada, on-line).\ud83d\udcc4 Modelos de curr\u00edculo [&hellip;]","_links":{"self":[{"href":"https:\/\/coach4expats.com\/pt-br\/wp-json\/wp\/v2\/pages\/1427","targetHints":{"allow":["GET"]}}],"collection":[{"href":"https:\/\/coach4expats.com\/pt-br\/wp-json\/wp\/v2\/pages"}],"about":[{"href":"https:\/\/coach4expats.com\/pt-br\/wp-json\/wp\/v2\/types\/page"}],"author":[{"embeddable":true,"href":"https:\/\/coach4expats.com\/pt-br\/wp-json\/wp\/v2\/users\/3"}],"replies":[{"embeddable":true,"href":"https:\/\/coach4expats.com\/pt-br\/wp-json\/wp\/v2\/comments?post=1427"}],"version-history":[{"count":5,"href":"https:\/\/coach4expats.com\/pt-br\/wp-json\/wp\/v2\/pages\/1427\/revisions"}],"predecessor-version":[{"id":12877,"href":"https:\/\/coach4expats.com\/pt-br\/wp-json\/wp\/v2\/pages\/1427\/revisions\/12877"}],"wp:featuredmedia":[{"embeddable":true,"href":"https:\/\/coach4expats.com\/pt-br\/wp-json\/wp\/v2\/media\/1123"}],"wp:attachment":[{"href":"https:\/\/coach4expats.com\/pt-br\/wp-json\/wp\/v2\/media?parent=1427"}],"curies":[{"name":"wp","href":"https:\/\/api.w.org\/{rel}","templated":true}]}}