{"id":1447,"date":"2024-10-02T12:21:48","date_gmt":"2024-10-02T10:21:48","guid":{"rendered":"https:\/\/coach4expats.com\/servico-viprevolucao-na-busca-de-emprego\/"},"modified":"2025-04-14T17:32:08","modified_gmt":"2025-04-14T15:32:08","slug":"servico-viprevolucao-na-busca-de-emprego","status":"publish","type":"page","link":"https:\/\/coach4expats.com\/pt-br\/servico-viprevolucao-na-busca-de-emprego\/","title":{"rendered":"SERVI\u00c7O VIP:<br>REVOLU\u00c7\u00c3O NA BUSCA DE EMPREGO"},"content":{"rendered":"\n<div class=\"wp-block-uagb-container uagb-block-2b5d30df alignfull uagb-is-root-container\">\n<div class=\"wp-block-uagb-container uagb-block-98f35fb6\">\n<div data-aos= \"zoom-in-up\" data-aos-duration=\"400\" data-aos-delay=\"0\" data-aos-easing=\"ease\" data-aos-once=\"true\" class=\"wp-block-uagb-info-box uagb-block-789ca1ae uagb-infobox__content-wrap  uagb-infobox-icon-above-title uagb-infobox-image-valign-top\"><div class=\"uagb-ifb-content\"><div class=\"uagb-ifb-title-wrap\"><h1 class=\"uagb-ifb-title\">SERVI\u00c7O VIP:<br\/>REVOLU\u00c7\u00c3O NA BUSCA DE EMPREGO<\/h1><\/div><p class=\"uagb-ifb-desc\">Voc\u00ea \u00e9 um profissional altamente qualificado e j\u00e1 trabalhou em seu curr\u00edculo, LinkedIn e Personal Branding? Voc\u00ea quer acessar o mercado de trabalho oculto (que responde por 80% das vagas reais)? <br\/><br\/>Voc\u00ea est\u00e1 desesperado por um emprego? Sua permiss\u00e3o de trabalho est\u00e1 prestes a expirar e voc\u00ea precisa renovar o patroc\u00ednio o mais r\u00e1pido poss\u00edvel? Voc\u00ea precisa obter uma permiss\u00e3o de trabalho antes do vencimento do seu visto de turista?  <\/p><\/div><\/div>\n\n\n\n<div class=\"wp-block-uagb-container uagb-block-d4fcf435\"><style>.wp-block-kadence-advancedheading.kt-adv-heading1037_b589ec-ca, .wp-block-kadence-advancedheading.kt-adv-heading1037_b589ec-ca[data-kb-block=\"kb-adv-heading1037_b589ec-ca\"]{margin-bottom:0px;text-align:center;font-size:var(--global-kb-font-size-md, 1.25rem);font-style:normal;}.wp-block-kadence-advancedheading.kt-adv-heading1037_b589ec-ca mark.kt-highlight, .wp-block-kadence-advancedheading.kt-adv-heading1037_b589ec-ca[data-kb-block=\"kb-adv-heading1037_b589ec-ca\"] mark.kt-highlight{font-style:normal;color:#f76a0c;-webkit-box-decoration-break:clone;box-decoration-break:clone;padding-top:0px;padding-right:0px;padding-bottom:0px;padding-left:0px;}.wp-block-kadence-advancedheading.kt-adv-heading1037_b589ec-ca img.kb-inline-image, .wp-block-kadence-advancedheading.kt-adv-heading1037_b589ec-ca[data-kb-block=\"kb-adv-heading1037_b589ec-ca\"] img.kb-inline-image{width:150px;vertical-align:baseline;}@media all and (max-width: 767px){.wp-block-kadence-advancedheading.kt-adv-heading1037_b589ec-ca, .wp-block-kadence-advancedheading.kt-adv-heading1037_b589ec-ca[data-kb-block=\"kb-adv-heading1037_b589ec-ca\"]{padding-bottom:0px;margin-bottom:0px;}}<\/style>\n<h2 class=\"kt-adv-heading1037_b589ec-ca wp-block-kadence-advancedheading has-ast-global-color-3-color has-text-color\" data-kb-block=\"kb-adv-heading1037_b589ec-ca\">699,99 EUROS + IVA<\/h2>\n<\/div>\n<\/div>\n\n\n\n<div data-aos= \"zoom-in-up\" data-aos-duration=\"400\" data-aos-delay=\"0\" data-aos-easing=\"ease\" data-aos-once=\"true\" class=\"wp-block-uagb-container uagb-block-27e6153e\"><\/div>\n<\/div>\n\n<div class=\"wp-block-uagb-container uagb-block-5b7b18c7 alignfull uagb-is-root-container\"><div class=\"uagb-container-inner-blocks-wrap\">\n<div data-aos= \"zoom-in-up\" data-aos-duration=\"400\" data-aos-delay=\"0\" data-aos-easing=\"ease\" data-aos-once=\"true\" class=\"wp-block-uagb-container uagb-block-3f7988e4\">\n<p class=\" eplus-wrapper\"><strong>Benefits:<\/strong><\/p>\n\n\n\n<p class=\" eplus-wrapper\">Envie at\u00e9 400 e-mails personalizados por dia para poss\u00edveis empregadores e gerentes de RH com apenas alguns cliques, totalmente automatizados.Envie at\u00e9 400 e-mails personalizados por dia para poss\u00edveis empregadores e gerentes de RH com apenas alguns cliques, totalmente automatizados.<br\/>Automatize conex\u00f5es, mensagens e intera\u00e7\u00f5es no LinkedIn.<br\/>\ufe0f Acesse o mercado de trabalho oculto, que representa 80% das vagas dispon\u00edveis e n\u00e3o publicadas.<br\/>Criar sequ\u00eancias de e-mail para diferentes p\u00fablicos, tamanhos e tipos de empresas.<br\/>Receba suporte e acompanhamento completos por 1 m\u00eas para configurar e personalizar em massa as mensagens modelo para garantir entrevistas de emprego com seus empregadores-alvo.<\/p>\n\n\n\n<p class=\" eplus-wrapper\">\ud83e\udd1d <strong>O plano &#8216;Job Search Revolution&#8217; inclui:<\/strong><br\/>\u2705Acesso a 1 (uma) hora de curso online de configura\u00e7\u00e3o do Job Search Revolution.<br\/>\u2705Modelos de sequ\u00eancia para automa\u00e7\u00e3o.<br\/>\u27051 (uma) sess\u00e3o personalizada de job coaching para configura\u00e7\u00e3o e execu\u00e7\u00e3o do programa.<br\/>\u27051 (um) m\u00eas de suporte e acompanhamento da equipe Coach4Expats.<\/p>\n\n\n\n<p class=\" eplus-wrapper\">O que est\u00e1 esperando para adquirir o plano de busca de emprego que mudar\u00e1 sua maneira de encontrar um emprego?<\/p>\n<\/div>\n\n\n\n<div class=\"wp-block-uagb-container uagb-block-a8cba11f\">\n<div class=\"wp-block-uagb-buttons uagb-buttons__outer-wrap uagb-btn__default-btn uagb-btn-tablet__default-btn uagb-btn-mobile__default-btn uagb-block-2f936aa0\"><div class=\"uagb-buttons__wrap uagb-buttons-layout-wrap \">\n<div data-aos= \"zoom-in-up\" data-aos-duration=\"400\" data-aos-delay=\"0\" data-aos-easing=\"ease\" data-aos-once=\"true\" class=\"wp-block-uagb-buttons-child uagb-buttons__outer-wrap uagb-block-199cfc48 wp-block-button\"><div class=\"uagb-button__wrapper\"><a class=\"uagb-buttons-repeater wp-block-button__link\" aria-label=\"\" href=\"https:\/\/coach4expats.com\/wp-content\/uploads\/2025\/03\/Coach4Expats-Services-Overview-Portuguese.pdf\" rel=\"follow noopener\" target=\"_blank\" role=\"button\"><div class=\"uagb-button__link\">FOLHETO DE SERVI\u00c7OS<\/div><\/a><\/div><\/div>\n\n\n\n<div data-aos= \"zoom-in-up\" data-aos-duration=\"400\" data-aos-delay=\"0\" data-aos-easing=\"ease\" data-aos-once=\"true\" class=\"wp-block-uagb-buttons-child uagb-buttons__outer-wrap uagb-block-783d1731 wp-block-button\"><div class=\"uagb-button__wrapper\"><a class=\"uagb-buttons-repeater wp-block-button__link\" aria-label=\"\" href=\"https:\/\/coach4expats.com\/wp-content\/uploads\/2025\/03\/Coach4expats-How-we-work-Portuguese.pdf\" rel=\"follow noopener\" target=\"_blank\" role=\"button\"><div class=\"uagb-button__link\">METODOLOGIA DE TRABALHO<\/div><\/a><\/div><\/div>\n<\/div><\/div>\n<\/div>\n<\/div><\/div>\n\n<div class=\"wp-block-uagb-container uagb-block-0b94198b alignfull uagb-is-root-container\"><div class=\"uagb-container-inner-blocks-wrap\">\n<p class=\" has-text-align-center eplus-wrapper\"><strong>IMPORTANTE: TODAS AS RESERVAS NESTE SITE S\u00c3O FEITAS NO SEGUINTE FUSO HOR\u00c1RIO: <br\/>Amsterd\u00e3 CET (UTC +1)<\/strong><\/p>\n\n\n\n<div class=\"wp-block-uagb-container uagb-block-a8bea360 alignwide uagb-is-root-container\">\n<div class=\"wp-block-booknetic-booking\">[booknetic service=&#8221;1&#8243; location=&#8221;2&#8243;]<\/div>\n<\/div>\n<\/div><\/div>\n","protected":false},"excerpt":{"rendered":"<p>699,99 EUROS + IVA Benefits: Envie at\u00e9 400 e-mails personalizados por dia para poss\u00edveis empregadores e gerentes de RH com [&hellip;]<\/p>\n","protected":false},"author":3,"featured_media":3121,"parent":0,"menu_order":0,"comment_status":"closed","ping_status":"closed","template":"","meta":{"_uag_custom_page_level_css":"","site-sidebar-layout":"default","site-content-layout":"","ast-site-content-layout":"normal-width-container","site-content-style":"default","site-sidebar-style":"default","ast-global-header-display":"","ast-banner-title-visibility":"","ast-main-header-display":"","ast-hfb-above-header-display":"","ast-hfb-below-header-display":"","ast-hfb-mobile-header-display":"","site-post-title":"disabled","ast-breadcrumbs-content":"","ast-featured-img":"disabled","footer-sml-layout":"","ast-disable-related-posts":"","theme-transparent-header-meta":"","adv-header-id-meta":"","stick-header-meta":"","header-above-stick-meta":"","header-main-stick-meta":"","header-below-stick-meta":"","astra-migrate-meta-layouts":"default","ast-page-background-enabled":"default","ast-page-background-meta":{"desktop":{"background-color":"var(--ast-global-color-4)","background-image":"","background-repeat":"repeat","background-position":"center center","background-size":"auto","background-attachment":"scroll","background-type":"","background-media":"","overlay-type":"","overlay-color":"","overlay-opacity":"","overlay-gradient":""},"tablet":{"background-color":"","background-image":"","background-repeat":"repeat","background-position":"center center","background-size":"auto","background-attachment":"scroll","background-type":"","background-media":"","overlay-type":"","overlay-color":"","overlay-opacity":"","overlay-gradient":""},"mobile":{"background-color":"","background-image":"","background-repeat":"repeat","background-position":"center center","background-size":"auto","background-attachment":"scroll","background-type":"","background-media":"","overlay-type":"","overlay-color":"","overlay-opacity":"","overlay-gradient":""}},"ast-content-background-meta":{"desktop":{"background-color":"var(--ast-global-color-5)","background-image":"","background-repeat":"repeat","background-position":"center center","background-size":"auto","background-attachment":"scroll","background-type":"","background-media":"","overlay-type":"","overlay-color":"","overlay-opacity":"","overlay-gradient":""},"tablet":{"background-color":"var(--ast-global-color-5)","background-image":"","background-repeat":"repeat","background-position":"center center","background-size":"auto","background-attachment":"scroll","background-type":"","background-media":"","overlay-type":"","overlay-color":"","overlay-opacity":"","overlay-gradient":""},"mobile":{"background-color":"var(--ast-global-color-5)","background-image":"","background-repeat":"repeat","background-position":"center center","background-size":"auto","background-attachment":"scroll","background-type":"","background-media":"","overlay-type":"","overlay-color":"","overlay-opacity":"","overlay-gradient":""}},"footnotes":""},"class_list":["post-1447","page","type-page","status-publish","has-post-thumbnail","hentry"],"uagb_featured_image_src":{"full":["https:\/\/coach4expats.com\/wp-content\/uploads\/2024\/11\/witness-the-powerful-launch-of-a-space-shuttle-amidst-massive-clouds-of-smoke-against-a-bright-sky.-73871-scaled.jpg",2560,1713,false],"thumbnail":["https:\/\/coach4expats.com\/wp-content\/uploads\/2024\/11\/witness-the-powerful-launch-of-a-space-shuttle-amidst-massive-clouds-of-smoke-against-a-bright-sky.-73871-150x150.jpg",150,150,true],"medium":["https:\/\/coach4expats.com\/wp-content\/uploads\/2024\/11\/witness-the-powerful-launch-of-a-space-shuttle-amidst-massive-clouds-of-smoke-against-a-bright-sky.-73871-300x201.jpg",300,201,true],"medium_large":["https:\/\/coach4expats.com\/wp-content\/uploads\/2024\/11\/witness-the-powerful-launch-of-a-space-shuttle-amidst-massive-clouds-of-smoke-against-a-bright-sky.-73871-768x514.jpg",768,514,true],"large":["https:\/\/coach4expats.com\/wp-content\/uploads\/2024\/11\/witness-the-powerful-launch-of-a-space-shuttle-amidst-massive-clouds-of-smoke-against-a-bright-sky.-73871-1024x685.jpg",800,535,true],"1536x1536":["https:\/\/coach4expats.com\/wp-content\/uploads\/2024\/11\/witness-the-powerful-launch-of-a-space-shuttle-amidst-massive-clouds-of-smoke-against-a-bright-sky.-73871-1536x1028.jpg",1536,1028,true],"2048x2048":["https:\/\/coach4expats.com\/wp-content\/uploads\/2024\/11\/witness-the-powerful-launch-of-a-space-shuttle-amidst-massive-clouds-of-smoke-against-a-bright-sky.-73871-2048x1370.jpg",2048,1370,true],"widget-thumbnail":["https:\/\/coach4expats.com\/wp-content\/uploads\/2024\/11\/witness-the-powerful-launch-of-a-space-shuttle-amidst-massive-clouds-of-smoke-against-a-bright-sky.-73871-75x75.jpg",75,75,true]},"uagb_author_info":{"display_name":"Mariel Schaab","author_link":"https:\/\/coach4expats.com\/pt-br\/author\/mariel\/"},"uagb_comment_info":0,"uagb_excerpt":"699,99 EUROS + IVA Benefits: Envie at\u00e9 400 e-mails personalizados por dia para poss\u00edveis empregadores e gerentes de RH com [&hellip;]","_links":{"self":[{"href":"https:\/\/coach4expats.com\/pt-br\/wp-json\/wp\/v2\/pages\/1447","targetHints":{"allow":["GET"]}}],"collection":[{"href":"https:\/\/coach4expats.com\/pt-br\/wp-json\/wp\/v2\/pages"}],"about":[{"href":"https:\/\/coach4expats.com\/pt-br\/wp-json\/wp\/v2\/types\/page"}],"author":[{"embeddable":true,"href":"https:\/\/coach4expats.com\/pt-br\/wp-json\/wp\/v2\/users\/3"}],"replies":[{"embeddable":true,"href":"https:\/\/coach4expats.com\/pt-br\/wp-json\/wp\/v2\/comments?post=1447"}],"version-history":[{"count":5,"href":"https:\/\/coach4expats.com\/pt-br\/wp-json\/wp\/v2\/pages\/1447\/revisions"}],"predecessor-version":[{"id":12888,"href":"https:\/\/coach4expats.com\/pt-br\/wp-json\/wp\/v2\/pages\/1447\/revisions\/12888"}],"wp:featuredmedia":[{"embeddable":true,"href":"https:\/\/coach4expats.com\/pt-br\/wp-json\/wp\/v2\/media\/3121"}],"wp:attachment":[{"href":"https:\/\/coach4expats.com\/pt-br\/wp-json\/wp\/v2\/media?parent=1447"}],"curies":[{"name":"wp","href":"https:\/\/api.w.org\/{rel}","templated":true}]}}