{"id":5598,"date":"2025-01-04T07:00:52","date_gmt":"2025-01-04T06:00:52","guid":{"rendered":"https:\/\/coach4expats.com\/suporte-a-busca-de-emprego-para-parceiros-carreira-dupla\/"},"modified":"2025-04-14T16:22:35","modified_gmt":"2025-04-14T14:22:35","slug":"suporte-a-busca-de-emprego-para-parceiros-carreira-dupla","status":"publish","type":"page","link":"https:\/\/coach4expats.com\/pt-br\/suporte-a-busca-de-emprego-para-parceiros-carreira-dupla\/","title":{"rendered":"Suporte \u00e0 busca de emprego para parceiros (carreira dupla)"},"content":{"rendered":"\n<div class=\"wp-block-uagb-container uagb-block-2b5d30df alignfull uagb-is-root-container\"><div class=\"uagb-container-inner-blocks-wrap\">\n<div class=\"wp-block-uagb-container uagb-block-98f35fb6\">\n<div data-aos= \"fade-up\" data-aos-duration=\"400\" data-aos-delay=\"0\" data-aos-easing=\"ease\" data-aos-once=\"true\" class=\"wp-block-uagb-info-box uagb-block-789ca1ae uagb-infobox__content-wrap  uagb-infobox-icon-above-title uagb-infobox-image-valign-top\"><div class=\"uagb-ifb-content\"><div class=\"uagb-ifb-title-wrap\"><h1 class=\"uagb-ifb-title\">Suporte \u00e0 busca de emprego do parceiro <br\/>(carreira dupla)<\/h1><\/div><p class=\"uagb-ifb-desc\">Voc\u00ea est\u00e1 se mudando para um novo pa\u00eds porque seu parceiro (marido ou esposa) conseguiu um novo emprego no exterior?<br\/><br\/>Ajudamos voc\u00ea a fazer a transi\u00e7\u00e3o para conseguir um novo emprego e a se preparar para o novo mercado de trabalho.<\/p><\/div><\/div>\n\n\n\n<div class=\"wp-block-uagb-container uagb-block-d4fcf435\"><style>.wp-block-kadence-advancedheading.kt-adv-heading5591_0f12a1-b8, .wp-block-kadence-advancedheading.kt-adv-heading5591_0f12a1-b8[data-kb-block=\"kb-adv-heading5591_0f12a1-b8\"]{margin-bottom:0px;text-align:center;font-size:var(--global-kb-font-size-md, 1.25rem);font-style:normal;}.wp-block-kadence-advancedheading.kt-adv-heading5591_0f12a1-b8 mark.kt-highlight, .wp-block-kadence-advancedheading.kt-adv-heading5591_0f12a1-b8[data-kb-block=\"kb-adv-heading5591_0f12a1-b8\"] mark.kt-highlight{font-style:normal;color:#f76a0c;-webkit-box-decoration-break:clone;box-decoration-break:clone;padding-top:0px;padding-right:0px;padding-bottom:0px;padding-left:0px;}.wp-block-kadence-advancedheading.kt-adv-heading5591_0f12a1-b8 img.kb-inline-image, .wp-block-kadence-advancedheading.kt-adv-heading5591_0f12a1-b8[data-kb-block=\"kb-adv-heading5591_0f12a1-b8\"] img.kb-inline-image{width:150px;vertical-align:baseline;}@media all and (max-width: 767px){.wp-block-kadence-advancedheading.kt-adv-heading5591_0f12a1-b8, .wp-block-kadence-advancedheading.kt-adv-heading5591_0f12a1-b8[data-kb-block=\"kb-adv-heading5591_0f12a1-b8\"]{padding-bottom:0px;margin-bottom:0px;}}<\/style>\n<h2 class=\"kt-adv-heading5591_0f12a1-b8 wp-block-kadence-advancedheading has-ast-global-color-3-color has-text-color\" data-kb-block=\"kb-adv-heading5591_0f12a1-b8\">699,99 EUROS + IVA<\/h2>\n<\/div>\n<\/div>\n\n\n\n<div data-aos= \"fade-up\" data-aos-duration=\"400\" data-aos-delay=\"0\" data-aos-easing=\"ease\" data-aos-once=\"true\" class=\"wp-block-uagb-container uagb-block-27e6153e\"><\/div>\n<\/div><\/div>\n\n<div class=\"wp-block-uagb-container uagb-block-5b7b18c7 alignfull uagb-is-root-container\"><div class=\"uagb-container-inner-blocks-wrap\">\n<div data-aos= \"zoom-in-up\" data-aos-duration=\"400\" data-aos-delay=\"0\" data-aos-easing=\"ease\" data-aos-once=\"true\" class=\"wp-block-uagb-container uagb-block-3f7988e4\">\n<p class=\" eplus-wrapper\">\ud83d\ude80 Tenha acesso a um programa de 3 meses que inclui: Masterclass de busca de emprego, uma comunidade exclusiva de expatriados, modelos de CV e avalia\u00e7\u00f5es profissionais para destacar seu perfil. Junte-se \u00e0 nossa comunidade exclusiva e receba orienta\u00e7\u00e3o personalizada, recursos para entrevistas e networking. Al\u00e9m disso, aproveite os benef\u00edcios premium, como o LinkedIn PRO e o treinamento de reorienta\u00e7\u00e3o de carreira.  <\/p>\n\n\n\n<p class=\" eplus-wrapper\"><strong>Benef\u00edcios:<\/strong><br\/>\ud83d\udcda Acesso \u00e0 Masterclass de Busca de Emprego de 140 minutos (pr\u00e9-gravada, on-line).<br\/>\ud83e\uddd1\u200d\ud83e\uddd1\u200d\ud83e\uddd2 Acesso \u00e0 maior comunidade de expatriados do mundo<br\/>\ud83e\udd1d Programa de transi\u00e7\u00e3o e suporte de 3 meses<br\/>\ud83d\udcc4 Modelos de CV <br\/>\u2705 Cria\u00e7\u00e3o e revis\u00f5es de CV | Suporte para reda\u00e7\u00e3o de CV<br\/>\ud83c\udf10 Acesso \u00e0 comunidade exclusiva para clientes.<br\/>Cria\u00e7\u00e3o e revis\u00e3o de cartas motivacionais. <br\/>\ud83d\udcca Cria\u00e7\u00e3o e revis\u00e3o do Business Case <br\/>\ud83d\udcbc Sess\u00e3o de treinamento para entrevistas e recursos para entrevistas de emprego.<br\/>Recursos para gerar redes de trabalho e redes de contatos<br\/>LinkedIn PRO: Seu perfil no LinkedIn vai brilhar!<br\/>Sess\u00f5es de coaching de reorienta\u00e7\u00e3o de carreira e coaching vocacional. <br\/>Acesso VIP Premium \u00e0 plataforma de busca de empregos do futuro: Servi\u00e7o JOB SEARCH REVOLUTION. <\/p>\n\n\n\n<p class=\" eplus-wrapper\"><strong>O plano &#8220;Revolu\u00e7\u00e3o na Busca de Emprego&#8221; inclui: <\/strong><br\/>\u2705 Acesso a 1 (uma) hora de curso on-line de configura\u00e7\u00e3o do Job Search Revolution.<br\/>\u2705 Modelos de sequ\u00eancia para automa\u00e7\u00e3o.<br\/>\u2705 1 (uma) sess\u00e3o personalizada de orienta\u00e7\u00e3o profissional para configura\u00e7\u00e3o e execu\u00e7\u00e3o do programa.<br\/>\u2705 1 (um) m\u00eas de suporte e acompanhamento da equipe do Coach4Expats.<\/p>\n\n\n\n<p class=\" eplus-wrapper\">Voc\u00ea est\u00e1 pronto para transformar sua busca de emprego e alcan\u00e7ar novos patamares profissionais com nosso exclusivo programa Dual Career para c\u00f4njuges expatriados? Contrate agora e decole em dire\u00e7\u00e3o ao futuro de sua carreira! <\/p>\n<\/div>\n\n\n\n<div class=\"wp-block-uagb-container uagb-block-a8cba11f\">\n<div class=\"wp-block-uagb-buttons uagb-buttons__outer-wrap uagb-btn__default-btn uagb-btn-tablet__default-btn uagb-btn-mobile__default-btn uagb-block-9b7f2fac\"><div class=\"uagb-buttons__wrap uagb-buttons-layout-wrap \">\n<div data-aos= \"zoom-in-up\" data-aos-duration=\"400\" data-aos-delay=\"0\" data-aos-easing=\"ease\" data-aos-once=\"true\" class=\"wp-block-uagb-buttons-child uagb-buttons__outer-wrap uagb-block-9b6df595 wp-block-button\"><div class=\"uagb-button__wrapper\"><a class=\"uagb-buttons-repeater wp-block-button__link\" aria-label=\"\" href=\"https:\/\/coach4expats.com\/wp-content\/uploads\/2025\/03\/Coach4Expats-Services-Overview-Portuguese.pdf\" rel=\"follow noopener\" target=\"_blank\" role=\"button\"><div class=\"uagb-button__link\">FOLHETO DE SERVI\u00c7OS<\/div><\/a><\/div><\/div>\n\n\n\n<div data-aos= \"zoom-in-up\" data-aos-duration=\"400\" data-aos-delay=\"0\" data-aos-easing=\"ease\" data-aos-once=\"true\" class=\"wp-block-uagb-buttons-child uagb-buttons__outer-wrap uagb-block-e3bac896 wp-block-button\"><div class=\"uagb-button__wrapper\"><a class=\"uagb-buttons-repeater wp-block-button__link\" aria-label=\"\" href=\"https:\/\/coach4expats.com\/wp-content\/uploads\/2025\/03\/Coach4expats-How-we-work-Portuguese.pdf\" rel=\"follow noopener\" target=\"_blank\" role=\"button\"><div class=\"uagb-button__link\">METODOLOGIA DE TRABALHO<\/div><\/a><\/div><\/div>\n<\/div><\/div>\n<\/div>\n<\/div><\/div>\n\n<div class=\"wp-block-uagb-container uagb-block-f26e91e5 alignfull uagb-is-root-container\">\n<div class=\"wp-block-uagb-container uagb-block-f02df754\">\n<div class=\"wp-block-uagb-advanced-heading uagb-block-04ac5cb8\"><h2 class=\"uagb-heading-text\"><strong>Programa de Carreira Dupla: <\/strong><br\/><strong>Apoio na busca de emprego para o parceiro\/c\u00f4njuge expatriado <\/strong><br\/><strong>durante a mudan\u00e7a para um novo pa\u00eds<\/strong><\/h2><\/div>\n\n\n\n<p class=\" eplus-wrapper\">Ofereceremos a voc\u00ea mais apoio na jornada do seu c\u00f4njuge\/parceiro durante o processo de realoca\u00e7\u00e3o.<br\/><br\/>Preencha este formul\u00e1rio para avaliarmos a sua situa\u00e7\u00e3o. Entraremos em contato com voc\u00ea nas pr\u00f3ximas 48 horas \u00fateis.<\/p>\n\n\n<p class=\"wpcf7-contact-form-not-found\"><strong>Erro:<\/strong> Formul\u00e1rio de contato n\u00e3o encontrado.<\/p>\n<\/div>\n<\/div>\n\n<div class=\"wp-block-uagb-container uagb-block-0b94198b alignfull uagb-is-root-container\"><div class=\"uagb-container-inner-blocks-wrap\">\n<p class=\" has-text-align-center eplus-wrapper\"><strong>IMPORTANTE: TODAS AS RESERVAS NESTE SITE S\u00c3O FEITAS NO SEGUINTE FUSO HOR\u00c1RIO: <br\/>Amsterd\u00e3 CET (UTC +1)<\/strong><\/p>\n\n\n\n<div class=\"wp-block-uagb-container uagb-block-a8bea360 alignwide uagb-is-root-container\">\n<div class=\"wp-block-booknetic-booking\">[booknetic service=&#8221;12&#8243; location=&#8221;2&#8243;]<\/div>\n<\/div>\n<\/div><\/div>\n","protected":false},"excerpt":{"rendered":"<p>699,99 EUROS + IVA \ud83d\ude80 Tenha acesso a um programa de 3 meses que inclui: Masterclass de busca de emprego, [&hellip;]<\/p>\n","protected":false},"author":3,"featured_media":5565,"parent":0,"menu_order":0,"comment_status":"closed","ping_status":"closed","template":"","meta":{"_uag_custom_page_level_css":"","site-sidebar-layout":"default","site-content-layout":"","ast-site-content-layout":"full-width-container","site-content-style":"default","site-sidebar-style":"default","ast-global-header-display":"","ast-banner-title-visibility":"","ast-main-header-display":"","ast-hfb-above-header-display":"","ast-hfb-below-header-display":"","ast-hfb-mobile-header-display":"","site-post-title":"disabled","ast-breadcrumbs-content":"","ast-featured-img":"disabled","footer-sml-layout":"","ast-disable-related-posts":"","theme-transparent-header-meta":"","adv-header-id-meta":"","stick-header-meta":"","header-above-stick-meta":"","header-main-stick-meta":"","header-below-stick-meta":"","astra-migrate-meta-layouts":"default","ast-page-background-enabled":"default","ast-page-background-meta":{"desktop":{"background-color":"var(--ast-global-color-4)","background-image":"","background-repeat":"repeat","background-position":"center center","background-size":"auto","background-attachment":"scroll","background-type":"","background-media":"","overlay-type":"","overlay-color":"","overlay-opacity":"","overlay-gradient":""},"tablet":{"background-color":"","background-image":"","background-repeat":"repeat","background-position":"center center","background-size":"auto","background-attachment":"scroll","background-type":"","background-media":"","overlay-type":"","overlay-color":"","overlay-opacity":"","overlay-gradient":""},"mobile":{"background-color":"","background-image":"","background-repeat":"repeat","background-position":"center center","background-size":"auto","background-attachment":"scroll","background-type":"","background-media":"","overlay-type":"","overlay-color":"","overlay-opacity":"","overlay-gradient":""}},"ast-content-background-meta":{"desktop":{"background-color":"var(--ast-global-color-5)","background-image":"","background-repeat":"repeat","background-position":"center center","background-size":"auto","background-attachment":"scroll","background-type":"","background-media":"","overlay-type":"","overlay-color":"","overlay-opacity":"","overlay-gradient":""},"tablet":{"background-color":"var(--ast-global-color-5)","background-image":"","background-repeat":"repeat","background-position":"center center","background-size":"auto","background-attachment":"scroll","background-type":"","background-media":"","overlay-type":"","overlay-color":"","overlay-opacity":"","overlay-gradient":""},"mobile":{"background-color":"var(--ast-global-color-5)","background-image":"","background-repeat":"repeat","background-position":"center center","background-size":"auto","background-attachment":"scroll","background-type":"","background-media":"","overlay-type":"","overlay-color":"","overlay-opacity":"","overlay-gradient":""}},"footnotes":""},"class_list":["post-5598","page","type-page","status-publish","has-post-thumbnail","hentry"],"uagb_featured_image_src":{"full":["https:\/\/coach4expats.com\/wp-content\/uploads\/2025\/01\/young-professional-with-curly-hair-collaborating-over-a-laptop-in-a-modern-workspace.-8837467-scaled.jpg",1707,2560,false],"thumbnail":["https:\/\/coach4expats.com\/wp-content\/uploads\/2025\/01\/young-professional-with-curly-hair-collaborating-over-a-laptop-in-a-modern-workspace.-8837467-150x150.jpg",150,150,true],"medium":["https:\/\/coach4expats.com\/wp-content\/uploads\/2025\/01\/young-professional-with-curly-hair-collaborating-over-a-laptop-in-a-modern-workspace.-8837467-200x300.jpg",200,300,true],"medium_large":["https:\/\/coach4expats.com\/wp-content\/uploads\/2025\/01\/young-professional-with-curly-hair-collaborating-over-a-laptop-in-a-modern-workspace.-8837467-768x1152.jpg",768,1152,true],"large":["https:\/\/coach4expats.com\/wp-content\/uploads\/2025\/01\/young-professional-with-curly-hair-collaborating-over-a-laptop-in-a-modern-workspace.-8837467-683x1024.jpg",400,600,true],"1536x1536":["https:\/\/coach4expats.com\/wp-content\/uploads\/2025\/01\/young-professional-with-curly-hair-collaborating-over-a-laptop-in-a-modern-workspace.-8837467-1024x1536.jpg",1024,1536,true],"2048x2048":["https:\/\/coach4expats.com\/wp-content\/uploads\/2025\/01\/young-professional-with-curly-hair-collaborating-over-a-laptop-in-a-modern-workspace.-8837467-1365x2048.jpg",1365,2048,true],"widget-thumbnail":["https:\/\/coach4expats.com\/wp-content\/uploads\/2025\/01\/young-professional-with-curly-hair-collaborating-over-a-laptop-in-a-modern-workspace.-8837467-75x75.jpg",75,75,true]},"uagb_author_info":{"display_name":"Mariel Schaab","author_link":"https:\/\/coach4expats.com\/pt-br\/author\/mariel\/"},"uagb_comment_info":0,"uagb_excerpt":"699,99 EUROS + IVA \ud83d\ude80 Tenha acesso a um programa de 3 meses que inclui: Masterclass de busca de emprego, [&hellip;]","_links":{"self":[{"href":"https:\/\/coach4expats.com\/pt-br\/wp-json\/wp\/v2\/pages\/5598","targetHints":{"allow":["GET"]}}],"collection":[{"href":"https:\/\/coach4expats.com\/pt-br\/wp-json\/wp\/v2\/pages"}],"about":[{"href":"https:\/\/coach4expats.com\/pt-br\/wp-json\/wp\/v2\/types\/page"}],"author":[{"embeddable":true,"href":"https:\/\/coach4expats.com\/pt-br\/wp-json\/wp\/v2\/users\/3"}],"replies":[{"embeddable":true,"href":"https:\/\/coach4expats.com\/pt-br\/wp-json\/wp\/v2\/comments?post=5598"}],"version-history":[{"count":5,"href":"https:\/\/coach4expats.com\/pt-br\/wp-json\/wp\/v2\/pages\/5598\/revisions"}],"predecessor-version":[{"id":12839,"href":"https:\/\/coach4expats.com\/pt-br\/wp-json\/wp\/v2\/pages\/5598\/revisions\/12839"}],"wp:featuredmedia":[{"embeddable":true,"href":"https:\/\/coach4expats.com\/pt-br\/wp-json\/wp\/v2\/media\/5565"}],"wp:attachment":[{"href":"https:\/\/coach4expats.com\/pt-br\/wp-json\/wp\/v2\/media?parent=5598"}],"curies":[{"name":"wp","href":"https:\/\/api.w.org\/{rel}","templated":true}]}}