{"id":8112,"date":"2025-02-23T19:23:03","date_gmt":"2025-02-23T18:23:03","guid":{"rendered":"https:\/\/coach4expats.com\/comunidade\/"},"modified":"2025-04-14T13:02:47","modified_gmt":"2025-04-14T11:02:47","slug":"comunidade","status":"publish","type":"page","link":"https:\/\/coach4expats.com\/pt-br\/comunidade\/","title":{"rendered":"Comunidade"},"content":{"rendered":"\n<article class=\"wp-block-uagb-container uagb-block-a889a69c alignwide uagb-is-root-container\">\n<div class=\"wp-block-uagb-advanced-heading uagb-block-1fd453bd\"><h1 class=\"uagb-heading-text\">BEM-VINDO \u00c0 NOSSA COMUNIDADE <br\/>COACH4EXPATS<\/h1><\/div>\n\n\n\n<div data-aos= \"zoom-in-up\" data-aos-duration=\"400\" data-aos-delay=\"0\" data-aos-easing=\"ease\" data-aos-once=\"true\" class=\"wp-block-uagb-image uagb-block-f574ec91 wp-block-uagb-image--layout-default wp-block-uagb-image--effect-static wp-block-uagb-image--align-none\"><figure class=\"wp-block-uagb-image__figure\"><img decoding=\"async\" srcset=\"https:\/\/coach4expats.com\/wp-content\/uploads\/2024\/12\/2.png ,https:\/\/coach4expats.com\/wp-content\/uploads\/2024\/12\/2.png 780w, https:\/\/coach4expats.com\/wp-content\/uploads\/2024\/12\/2.png 360w\" sizes=\"auto, (max-width: 480px) 150px\" src=\"https:\/\/coach4expats.com\/wp-content\/uploads\/2024\/12\/2.png\" alt=\"2\" class=\"uag-image-4329\" width=\"500\" height=\"500\" title=\"2\" loading=\"lazy\" role=\"img\"><\/figure><\/div>\n\n\n<style>.wp-block-kadence-advancedheading.kt-adv-heading8090_7e1439-3f, .wp-block-kadence-advancedheading.kt-adv-heading8090_7e1439-3f[data-kb-block=\"kb-adv-heading8090_7e1439-3f\"]{padding-right:var(--global-kb-spacing-5xl, 10rem);padding-left:var(--global-kb-spacing-5xl, 10rem);margin-bottom:0px;text-align:left;font-size:16px;font-weight:400;font-style:normal;font-family:Poppins;}.wp-block-kadence-advancedheading.kt-adv-heading8090_7e1439-3f mark.kt-highlight, .wp-block-kadence-advancedheading.kt-adv-heading8090_7e1439-3f[data-kb-block=\"kb-adv-heading8090_7e1439-3f\"] mark.kt-highlight{font-style:normal;color:#f76a0c;-webkit-box-decoration-break:clone;box-decoration-break:clone;padding-top:0px;padding-right:0px;padding-bottom:0px;padding-left:0px;}.wp-block-kadence-advancedheading.kt-adv-heading8090_7e1439-3f img.kb-inline-image, .wp-block-kadence-advancedheading.kt-adv-heading8090_7e1439-3f[data-kb-block=\"kb-adv-heading8090_7e1439-3f\"] img.kb-inline-image{width:150px;vertical-align:baseline;}@media all and (max-width: 767px){.wp-block-kadence-advancedheading.kt-adv-heading8090_7e1439-3f, .wp-block-kadence-advancedheading.kt-adv-heading8090_7e1439-3f[data-kb-block=\"kb-adv-heading8090_7e1439-3f\"]{padding-right:0px;padding-left:0px;}}<\/style>\n<p class=\"kt-adv-heading8090_7e1439-3f wp-block-kadence-advancedheading\" data-kb-block=\"kb-adv-heading8090_7e1439-3f\">Reunimos imigrantes e expatriados que buscam orienta\u00e7\u00e3o na busca de emprego para expandir sua rede de contatos e conhecimento, de modo que possamos ajud\u00e1-los a garantir um emprego satisfat\u00f3rio e a prosperar em seu novo ambiente.<\/p>\n\n\n\n<div class=\"wp-block-uagb-advanced-heading uagb-block-97f5c748\"><h1 class=\"uagb-heading-text\">Por que a Coach4Expats?<\/h1><\/div>\n\n\n\n<div class=\"wp-block-uagb-image uagb-block-bf4e4aa9 wp-block-uagb-image--layout-default wp-block-uagb-image--effect-zoomin wp-block-uagb-image--align-none\"><figure class=\"wp-block-uagb-image__figure\"><img decoding=\"async\" srcset=\"https:\/\/coach4expats.com\/wp-content\/uploads\/2025\/02\/image008.jpg ,https:\/\/coach4expats.com\/wp-content\/uploads\/2025\/02\/image008.jpg 780w, https:\/\/coach4expats.com\/wp-content\/uploads\/2025\/02\/image008.jpg 360w\" sizes=\"auto, (max-width: 480px) 150px\" src=\"https:\/\/coach4expats.com\/wp-content\/uploads\/2025\/02\/image008.jpg\" alt=\"Infogr\u00e1fico da comunidade Coach4expats\" class=\"uag-image-6028\" width=\"602\" height=\"249\" title=\"Infogr\u00e1fico da comunidade Coach4expats\" loading=\"lazy\" role=\"img\"><\/figure><\/div>\n\n\n<style>.wp-block-kadence-advancedheading.kt-adv-heading8090_ed394e-02, .wp-block-kadence-advancedheading.kt-adv-heading8090_ed394e-02[data-kb-block=\"kb-adv-heading8090_ed394e-02\"]{padding-right:var(--global-kb-spacing-5xl, 10rem);padding-left:var(--global-kb-spacing-5xl, 10rem);margin-bottom:0px;text-align:left;font-size:16px;font-weight:400;font-style:normal;font-family:Poppins;}.wp-block-kadence-advancedheading.kt-adv-heading8090_ed394e-02 mark.kt-highlight, .wp-block-kadence-advancedheading.kt-adv-heading8090_ed394e-02[data-kb-block=\"kb-adv-heading8090_ed394e-02\"] mark.kt-highlight{font-style:normal;color:#f76a0c;-webkit-box-decoration-break:clone;box-decoration-break:clone;padding-top:0px;padding-right:0px;padding-bottom:0px;padding-left:0px;}.wp-block-kadence-advancedheading.kt-adv-heading8090_ed394e-02 img.kb-inline-image, .wp-block-kadence-advancedheading.kt-adv-heading8090_ed394e-02[data-kb-block=\"kb-adv-heading8090_ed394e-02\"] img.kb-inline-image{width:150px;vertical-align:baseline;}@media all and (max-width: 767px){.wp-block-kadence-advancedheading.kt-adv-heading8090_ed394e-02, .wp-block-kadence-advancedheading.kt-adv-heading8090_ed394e-02[data-kb-block=\"kb-adv-heading8090_ed394e-02\"]{padding-right:0px;padding-left:0px;}}<\/style>\n<p class=\"kt-adv-heading8090_ed394e-02 wp-block-kadence-advancedheading\" data-kb-block=\"kb-adv-heading8090_ed394e-02\">Reunimos imigrantes e expatriados que buscam orienta\u00e7\u00e3o na busca de emprego para expandir sua rede de contatos e conhecimento, de modo que possamos ajud\u00e1-los a garantir um emprego satisfat\u00f3rio e a prosperar em seu novo ambiente.<\/p>\n\n\n\n<div class=\"wp-block-uagb-advanced-heading uagb-block-5b2eca14\"><h1 class=\"uagb-heading-text\">Os resultados que voc\u00ea obter\u00e1  <\/h1><\/div>\n\n\n\n<div class=\"wp-block-uagb-image uagb-block-3b1742cc wp-block-uagb-image--layout-default wp-block-uagb-image--effect-static wp-block-uagb-image--align-none\"><figure class=\"wp-block-uagb-image__figure\"><img decoding=\"async\" srcset=\"https:\/\/coach4expats.com\/wp-content\/uploads\/2025\/02\/14-1024x512.png ,https:\/\/coach4expats.com\/wp-content\/uploads\/2025\/02\/14.png 780w, https:\/\/coach4expats.com\/wp-content\/uploads\/2025\/02\/14.png 360w\" sizes=\"auto, (max-width: 480px) 150px\" src=\"https:\/\/coach4expats.com\/wp-content\/uploads\/2025\/02\/14-1024x512.png\" alt=\"\" class=\"uag-image-8530\" width=\"800\" height=\"400\" title=\"14\" loading=\"lazy\" role=\"img\"><\/figure><\/div>\n\n\n<style>.wp-block-kadence-advancedheading.kt-adv-heading8090_6d3628-28, .wp-block-kadence-advancedheading.kt-adv-heading8090_6d3628-28[data-kb-block=\"kb-adv-heading8090_6d3628-28\"]{padding-right:var(--global-kb-spacing-5xl, 10rem);padding-left:var(--global-kb-spacing-5xl, 10rem);margin-bottom:0px;text-align:left;font-size:16px;font-weight:400;font-style:normal;font-family:Poppins;}.wp-block-kadence-advancedheading.kt-adv-heading8090_6d3628-28 mark.kt-highlight, .wp-block-kadence-advancedheading.kt-adv-heading8090_6d3628-28[data-kb-block=\"kb-adv-heading8090_6d3628-28\"] mark.kt-highlight{font-style:normal;color:#f76a0c;-webkit-box-decoration-break:clone;box-decoration-break:clone;padding-top:0px;padding-right:0px;padding-bottom:0px;padding-left:0px;}.wp-block-kadence-advancedheading.kt-adv-heading8090_6d3628-28 img.kb-inline-image, .wp-block-kadence-advancedheading.kt-adv-heading8090_6d3628-28[data-kb-block=\"kb-adv-heading8090_6d3628-28\"] img.kb-inline-image{width:150px;vertical-align:baseline;}@media all and (max-width: 767px){.wp-block-kadence-advancedheading.kt-adv-heading8090_6d3628-28, .wp-block-kadence-advancedheading.kt-adv-heading8090_6d3628-28[data-kb-block=\"kb-adv-heading8090_6d3628-28\"]{padding-right:0px;padding-left:0px;}}<\/style>\n<p class=\"kt-adv-heading8090_6d3628-28 wp-block-kadence-advancedheading\" data-kb-block=\"kb-adv-heading8090_6d3628-28\">Nossa comunidade, cursos e associa\u00e7\u00f5es s\u00e3o muito especiais. Estamos concentrados nas maneiras pelas quais isso far\u00e1 uma enorme diferen\u00e7a em sua vida. <br\/><br\/>Aqui est\u00e3o algumas das coisas que voc\u00ea poder\u00e1 fazer como membro do Coach4Expats:<\/p>\n\n\n\n<ul style=\"padding-top:0;padding-right:10rem;padding-bottom:0;padding-left:10rem\" class=\"wp-block-list uag-hide-mob\">\n<li>Voc\u00ea poder\u00e1 expandir sua rede profissional, abrindo portas para poss\u00edveis oportunidades de emprego.<\/li>\n\n\n\n<li>Ao interagir com outros expatriados e imigrantes, voc\u00ea obter\u00e1 apoio emocional e construir\u00e1 relacionamentos significativos.<\/li>\n\n\n\n<li>O desenvolvimento de habilidades de busca de emprego por meio de nosso treinamento aumentar\u00e1 sua capacidade de comercializa\u00e7\u00e3o, ajudando a garantir um emprego satisfat\u00f3rio.<\/li>\n<\/ul>\n\n\n\n<ul style=\"padding-top:0;padding-right:0rem;padding-bottom:0;padding-left:0rem\" class=\"wp-block-list uag-hide-desktop\">\n<li>Voc\u00ea poder\u00e1 expandir sua rede profissional, abrindo portas para poss\u00edveis oportunidades de emprego.<\/li>\n\n\n\n<li>Ao interagir com outros expatriados e imigrantes, voc\u00ea obter\u00e1 apoio emocional e construir\u00e1 relacionamentos significativos.<\/li>\n\n\n\n<li>O desenvolvimento de habilidades de busca de emprego por meio de nosso treinamento aumentar\u00e1 sua capacidade de comercializa\u00e7\u00e3o, ajudando a garantir um emprego satisfat\u00f3rio.<\/li>\n<\/ul>\n\n\n\n<div class=\"wp-block-uagb-advanced-heading uagb-block-55a8e0ef\"><h1 class=\"uagb-heading-text\">Quando voc\u00ea se associa hoje \u2b50\ufe0f<\/h1><\/div>\n\n\n\n<div data-aos= \"zoom-in-up\" data-aos-duration=\"400\" data-aos-delay=\"0\" data-aos-easing=\"ease\" data-aos-once=\"true\" class=\"wp-block-uagb-container uag-hide-mob uagb-block-9236ac5d alignfull uagb-is-root-container\"><div class=\"uagb-container__video-wrap\"><\/div><div class=\"uagb-container-inner-blocks-wrap\">\n<div data-aos= \"zoom-in-up\" data-aos-duration=\"400\" data-aos-delay=\"0\" data-aos-easing=\"ease\" data-aos-once=\"true\" class=\"wp-block-uagb-container uag-hide-mob uagb-block-9301d862 alignwide uagb-is-root-container\"><div class=\"uagb-container__video-wrap\"><video autoplay=\"\" loop=\"\" muted=\"\" playsinline=\"\"><source src=\"https:\/\/coach4expats.com\/wp-content\/uploads\/2025\/01\/Timeline-2-Web-1.mp4\" type=\"video\/mp4\"\/><\/video><\/div><\/div>\n\n\n\n<div data-aos= \"zoom-in-up\" data-aos-duration=\"400\" data-aos-delay=\"0\" data-aos-easing=\"ease\" data-aos-once=\"true\" class=\"wp-block-uagb-container uagb-block-725804af\"><div class=\"uagb-container__video-wrap\"><\/div>\n<div class=\"wp-block-uagb-buttons uagb-buttons__outer-wrap uagb-btn__default-btn uagb-btn-tablet__default-btn uagb-btn-mobile__default-btn uagb-block-1fd88735\"><div class=\"uagb-buttons__wrap uagb-buttons-layout-wrap \">\n<div class=\"wp-block-uagb-buttons-child uagb-buttons__outer-wrap uagb-block-c9f48cb8 wp-block-button\"><div class=\"uagb-button__wrapper\"><a class=\"uagb-buttons-repeater wp-block-button__link\" aria-label=\"\" href=\"https:\/\/community.coach4expats.com\/\" rel=\"follow noopener\" target=\"_blank\" role=\"button\"><div class=\"uagb-button__link\">CADASTRE-SE GRATUITAMENTE<\/div><span class=\"uagb-button__icon uagb-button__icon-position-after\"><svg xmlns=\"https:\/\/www.w3.org\/2000\/svg\" viewbox=\"0 0 448 512\" aria-hidden=\"true\" focussable=\"false\"><path d=\"M438.6 278.6l-160 160C272.4 444.9 264.2 448 256 448s-16.38-3.125-22.62-9.375c-12.5-12.5-12.5-32.75 0-45.25L338.8 288H32C14.33 288 .0016 273.7 .0016 256S14.33 224 32 224h306.8l-105.4-105.4c-12.5-12.5-12.5-32.75 0-45.25s32.75-12.5 45.25 0l160 160C451.1 245.9 451.1 266.1 438.6 278.6z\"><\/path><\/svg><\/span><\/a><\/div><\/div>\n<\/div><\/div>\n<\/div>\n<\/div><\/div>\n\n\n<style>.wp-block-kadence-advancedheading.kt-adv-heading8090_a25443-1f, .wp-block-kadence-advancedheading.kt-adv-heading8090_a25443-1f[data-kb-block=\"kb-adv-heading8090_a25443-1f\"]{padding-right:var(--global-kb-spacing-5xl, 10rem);padding-left:var(--global-kb-spacing-5xl, 10rem);margin-bottom:0px;text-align:left;font-size:16px;font-weight:400;font-style:normal;font-family:Poppins;}.wp-block-kadence-advancedheading.kt-adv-heading8090_a25443-1f mark.kt-highlight, .wp-block-kadence-advancedheading.kt-adv-heading8090_a25443-1f[data-kb-block=\"kb-adv-heading8090_a25443-1f\"] mark.kt-highlight{font-style:normal;color:#f76a0c;-webkit-box-decoration-break:clone;box-decoration-break:clone;padding-top:0px;padding-right:0px;padding-bottom:0px;padding-left:0px;}.wp-block-kadence-advancedheading.kt-adv-heading8090_a25443-1f img.kb-inline-image, .wp-block-kadence-advancedheading.kt-adv-heading8090_a25443-1f[data-kb-block=\"kb-adv-heading8090_a25443-1f\"] img.kb-inline-image{width:150px;vertical-align:baseline;}@media all and (max-width: 767px){.wp-block-kadence-advancedheading.kt-adv-heading8090_a25443-1f, .wp-block-kadence-advancedheading.kt-adv-heading8090_a25443-1f[data-kb-block=\"kb-adv-heading8090_a25443-1f\"]{padding-right:0px;padding-left:0px;}}<\/style>\n<p class=\"kt-adv-heading8090_a25443-1f wp-block-kadence-advancedheading\" data-kb-block=\"kb-adv-heading8090_a25443-1f\">Ao se associar ao Coach4Expats hoje, voc\u00ea ter\u00e1 acesso ao nosso site:<\/p>\n\n\n\n<ul style=\"padding-top:0;padding-right:10rem;padding-bottom:0;padding-left:10rem\" class=\"wp-block-list uag-hide-mob\">\n<li><strong>Participa\u00e7\u00e3o em cursos interativos de busca de emprego:<\/strong> Uma atividade poderia envolver a inscri\u00e7\u00e3o e a participa\u00e7\u00e3o ativa dos membros nos cursos da comunidade. Esses cursos com v\u00eddeo oferecem treinamento em t\u00e9cnicas de busca de emprego, elabora\u00e7\u00e3o de curr\u00edculo e habilidades de entrevista especificamente adaptadas a imigrantes e expatriados. Isso ajudar\u00e1 os membros a entender melhor as expectativas do mercado de trabalho e aumentar\u00e1 suas chances de conseguir emprego.  <\/li>\n\n\n\n<li><strong>Bate-papo ao vivo com especialistas em busca de emprego: <\/strong>Os membros podem utilizar o recurso de bate-papo ao vivo para se comunicar diretamente com especialistas em busca de emprego. Essas sess\u00f5es individuais oferecem orienta\u00e7\u00e3o e aconselhamento personalizados, ajudando os membros a resolver instantaneamente as d\u00favidas relacionadas \u00e0 busca de emprego. Essa atividade tem o potencial de aprimorar significativamente a estrat\u00e9gia de busca de emprego dos membros e dar a eles uma vantagem competitiva no mercado de trabalho.  <\/li>\n\n\n\n<li><strong>Participa\u00e7\u00e3o em eventos de networking:<\/strong> Participar dos eventos de networking da comunidade \u00e9 uma atividade que pode proporcionar aos membros a oportunidade de se conectar com profissionais do setor, gerentes de contrata\u00e7\u00e3o e outros expatriados. Os benef\u00edcios dessa atividade incluem a expans\u00e3o da rede profissional dos membros, o aprendizado sobre oportunidades de emprego ocultas e a chance de praticar habilidades de comunica\u00e7\u00e3o profissional em um ambiente de apoio. Ao se envolver com outros expatriados e imigrantes, voc\u00ea obter\u00e1 apoio emocional e construir\u00e1 relacionamentos significativos. <\/li>\n<\/ul>\n\n\n\n<ul style=\"padding-top:0;padding-right:0rem;padding-bottom:0;padding-left:0rem\" class=\"wp-block-list uag-hide-desktop\">\n<li><strong>Participa\u00e7\u00e3o em cursos interativos de busca de emprego:<\/strong> Uma atividade poderia envolver a inscri\u00e7\u00e3o e a participa\u00e7\u00e3o ativa dos membros nos cursos da comunidade. Esses cursos com v\u00eddeo oferecem treinamento em t\u00e9cnicas de busca de emprego, elabora\u00e7\u00e3o de curr\u00edculo e habilidades de entrevista especificamente adaptadas a imigrantes e expatriados. Isso ajudar\u00e1 os membros a entender melhor as expectativas do mercado de trabalho e aumentar\u00e1 suas chances de conseguir emprego.  <\/li>\n\n\n\n<li><strong>Bate-papo ao vivo com especialistas em busca de emprego: <\/strong>Os membros podem utilizar o recurso de bate-papo ao vivo para se comunicar diretamente com especialistas em busca de emprego. Essas sess\u00f5es individuais oferecem orienta\u00e7\u00e3o e aconselhamento personalizados, ajudando os membros a resolver instantaneamente as d\u00favidas relacionadas \u00e0 busca de emprego. Essa atividade tem o potencial de aprimorar significativamente a estrat\u00e9gia de busca de emprego dos membros e dar a eles uma vantagem competitiva no mercado de trabalho.  <\/li>\n\n\n\n<li><strong>Participa\u00e7\u00e3o em eventos de networking:<\/strong> Participar dos eventos de networking da comunidade \u00e9 uma atividade que pode proporcionar aos membros a oportunidade de se conectar com profissionais do setor, gerentes de contrata\u00e7\u00e3o e outros expatriados. Os benef\u00edcios dessa atividade incluem a expans\u00e3o da rede profissional dos membros, o aprendizado sobre oportunidades de emprego ocultas e a chance de praticar habilidades de comunica\u00e7\u00e3o profissional em um ambiente de apoio. Ao se envolver com outros expatriados e imigrantes, voc\u00ea obter\u00e1 apoio emocional e construir\u00e1 relacionamentos significativos. <\/li>\n<\/ul>\n\n\n\n<div class=\"wp-block-uagb-buttons uagb-buttons__outer-wrap uagb-btn__default-btn uagb-btn-tablet__default-btn uagb-btn-mobile__default-btn uagb-block-d1e2fdd8\"><div class=\"uagb-buttons__wrap uagb-buttons-layout-wrap \">\n<div class=\"wp-block-uagb-buttons-child uagb-buttons__outer-wrap uagb-block-af559dc2 wp-block-button\"><div class=\"uagb-button__wrapper\"><a class=\"uagb-buttons-repeater wp-block-button__link\" aria-label=\"\" href=\"https:\/\/community.coach4expats.com\/\" rel=\"follow noopener\" target=\"_self\" role=\"button\"><div class=\"uagb-button__link\">CADASTRE-SE GRATUITAMENTE<\/div><\/a><\/div><\/div>\n<\/div><\/div>\n<\/article>\n","protected":false},"excerpt":{"rendered":"<p>BEM-VINDO \u00c0 NOSSA COMUNIDADE COACH4EXPATS Reunimos imigrantes e expatriados que buscam orienta\u00e7\u00e3o na busca de emprego para expandir sua rede [&hellip;]<\/p>\n","protected":false},"author":3,"featured_media":0,"parent":0,"menu_order":0,"comment_status":"closed","ping_status":"closed","template":"","meta":{"_uag_custom_page_level_css":"","site-sidebar-layout":"default","site-content-layout":"","ast-site-content-layout":"","site-content-style":"default","site-sidebar-style":"default","ast-global-header-display":"","ast-banner-title-visibility":"","ast-main-header-display":"","ast-hfb-above-header-display":"","ast-hfb-below-header-display":"","ast-hfb-mobile-header-display":"","site-post-title":"disabled","ast-breadcrumbs-content":"","ast-featured-img":"","footer-sml-layout":"","ast-disable-related-posts":"","theme-transparent-header-meta":"","adv-header-id-meta":"","stick-header-meta":"","header-above-stick-meta":"","header-main-stick-meta":"","header-below-stick-meta":"","astra-migrate-meta-layouts":"default","ast-page-background-enabled":"default","ast-page-background-meta":{"desktop":{"background-color":"var(--ast-global-color-4)","background-image":"","background-repeat":"repeat","background-position":"center center","background-size":"auto","background-attachment":"scroll","background-type":"","background-media":"","overlay-type":"","overlay-color":"","overlay-opacity":"","overlay-gradient":""},"tablet":{"background-color":"","background-image":"","background-repeat":"repeat","background-position":"center center","background-size":"auto","background-attachment":"scroll","background-type":"","background-media":"","overlay-type":"","overlay-color":"","overlay-opacity":"","overlay-gradient":""},"mobile":{"background-color":"","background-image":"","background-repeat":"repeat","background-position":"center center","background-size":"auto","background-attachment":"scroll","background-type":"","background-media":"","overlay-type":"","overlay-color":"","overlay-opacity":"","overlay-gradient":""}},"ast-content-background-meta":{"desktop":{"background-color":"var(--ast-global-color-5)","background-image":"","background-repeat":"repeat","background-position":"center center","background-size":"auto","background-attachment":"scroll","background-type":"","background-media":"","overlay-type":"","overlay-color":"","overlay-opacity":"","overlay-gradient":""},"tablet":{"background-color":"var(--ast-global-color-5)","background-image":"","background-repeat":"repeat","background-position":"center center","background-size":"auto","background-attachment":"scroll","background-type":"","background-media":"","overlay-type":"","overlay-color":"","overlay-opacity":"","overlay-gradient":""},"mobile":{"background-color":"var(--ast-global-color-5)","background-image":"","background-repeat":"repeat","background-position":"center center","background-size":"auto","background-attachment":"scroll","background-type":"","background-media":"","overlay-type":"","overlay-color":"","overlay-opacity":"","overlay-gradient":""}},"footnotes":""},"class_list":["post-8112","page","type-page","status-publish","hentry"],"uagb_featured_image_src":{"full":false,"thumbnail":false,"medium":false,"medium_large":false,"large":false,"1536x1536":false,"2048x2048":false,"widget-thumbnail":false},"uagb_author_info":{"display_name":"Mariel Schaab","author_link":"https:\/\/coach4expats.com\/pt-br\/author\/mariel\/"},"uagb_comment_info":0,"uagb_excerpt":"BEM-VINDO \u00c0 NOSSA COMUNIDADE COACH4EXPATS Reunimos imigrantes e expatriados que buscam orienta\u00e7\u00e3o na busca de emprego para expandir sua rede [&hellip;]","_links":{"self":[{"href":"https:\/\/coach4expats.com\/pt-br\/wp-json\/wp\/v2\/pages\/8112","targetHints":{"allow":["GET"]}}],"collection":[{"href":"https:\/\/coach4expats.com\/pt-br\/wp-json\/wp\/v2\/pages"}],"about":[{"href":"https:\/\/coach4expats.com\/pt-br\/wp-json\/wp\/v2\/types\/page"}],"author":[{"embeddable":true,"href":"https:\/\/coach4expats.com\/pt-br\/wp-json\/wp\/v2\/users\/3"}],"replies":[{"embeddable":true,"href":"https:\/\/coach4expats.com\/pt-br\/wp-json\/wp\/v2\/comments?post=8112"}],"version-history":[{"count":3,"href":"https:\/\/coach4expats.com\/pt-br\/wp-json\/wp\/v2\/pages\/8112\/revisions"}],"predecessor-version":[{"id":9132,"href":"https:\/\/coach4expats.com\/pt-br\/wp-json\/wp\/v2\/pages\/8112\/revisions\/9132"}],"wp:attachment":[{"href":"https:\/\/coach4expats.com\/pt-br\/wp-json\/wp\/v2\/media?parent=8112"}],"curies":[{"name":"wp","href":"https:\/\/api.w.org\/{rel}","templated":true}]}}